{"id":10496,"date":"2018-02-13T13:43:22","date_gmt":"2018-02-13T12:43:22","guid":{"rendered":"http:\/\/semmelweis.hu\/jogigfoig\/?page_id=10496"},"modified":"2022-09-13T10:45:49","modified_gmt":"2022-09-13T08:45:49","slug":"testuletek","status":"publish","type":"page","link":"https:\/\/semmelweis.hu\/jogigfoig\/testuletek\/","title":{"rendered":"Test\u00fcletek"},"content":{"rendered":"<ul>\n<li><a href=\"https:\/\/semmelweis.hu\/jogigfoig\/testuletek\/szenatus\/\">Szen\u00e1tus<\/a><\/li>\n<li><strong><a href=\"https:\/\/semmelweis.hu\/jogigfoig\/testuletek\/jogszabaly-altal-meghatarozott-testuletek\/\">Jogszab\u00e1ly \u00e1ltal meghat\u00e1rozott test\u00fcletek<\/a><\/strong>\n<ul>\n<li><a href=\"https:\/\/semmelweis.hu\/jogigfoig\/testuletek\/jogszabaly-altal-meghatarozott-testuletek\/semmelweis-egyetem-kozhasznusagi-felugyelobizottsag\/\">Semmelweis Egyetem K\u00f6zhaszn\u00fas\u00e1gi Fel\u00fcgyel\u0151bizotts\u00e1g<\/a><\/li>\n<\/ul>\n<\/li>\n<li><strong>\u00c1lland\u00f3 Bizotts\u00e1gok<\/strong>\n<ul>\n<li><a href=\"https:\/\/semmelweis.hu\/jogigfoig\/testuletek\/allando-bizottsagok\/semmelweis-egyetem-regionalis-intezmenyi-tudomanyos-es-kutatasetikai-bizottsag\/\" target=\"_blank\" rel=\"noopener\">Semmelweis Egyetem Region\u00e1lis, Int\u00e9zm\u00e9nyi Tudom\u00e1nyos \u00e9s Kutat\u00e1setikai Bizotts\u00e1g<\/a><\/li>\n<li><a href=\"https:\/\/semmelweis.hu\/jogigfoig\/testuletek\/allando-bizottsagok\/egyetemi-eselyegyenlosegi-bizottsag\/\">Egyetemi Es\u00e9lyegyenl\u0151s\u00e9gi Bizotts\u00e1g<\/a><\/li>\n<li><a href=\"https:\/\/semmelweis.hu\/jogigfoig\/testuletek\/allando-bizottsagok\/egyetemi-etikai-bizottsag\/\">Egyetemi Etikai Bizotts\u00e1g<\/a><\/li>\n<li><a href=\"https:\/\/semmelweis.hu\/bizottsagok\/allando-bizottsagok\/egyetem-egeszere-feladat-es-hataskorrel-rendelkezo-bizottsagok\/felulbiralati-bizottsag\/\">Fel\u00fclb\u00edr\u00e1lati Bizotts\u00e1g<\/a><\/li>\n<li><a href=\"https:\/\/semmelweis.hu\/jogigfoig\/testuletek\/allando-bizottsagok\/gyogyszerterapias-bizottsag\/\">Gy\u00f3gyszerter\u00e1pi\u00e1s, Antibiotikum \u00e9s Infekci\u00f3kontroll Bizotts\u00e1g<\/a><\/li>\n<li><a href=\"https:\/\/semmelweis.hu\/jogigfoig\/testuletek\/allando-bizottsagok\/habilitacios-bizottsag\/\">Habilit\u00e1ci\u00f3s Bizotts\u00e1g<\/a><\/li>\n<li><a href=\"https:\/\/semmelweis.hu\/jogigfoig\/testuletek\/allando-bizottsagok\/hallgatok-szocialis-es-eselyegyenlosegi-ugyeivel-foglalkozo-bizottsag\/\">Hallgat\u00f3k Szoci\u00e1lis \u00e9s Es\u00e9lyegyenl\u0151s\u00e9gi \u00dcgyeivel Foglalkoz\u00f3 Bizotts\u00e1g<\/a><\/li>\n<li><a href=\"https:\/\/semmelweis.hu\/jogigfoig\/testuletek\/allando-bizottsagok\/kulso-kutatasi-munkakat-velemenyezo-bizottsag\/\">K\u00fcls\u0151 Kutat\u00e1si Munk\u00e1kat V\u00e9lem\u00e9nyez\u0151 Bizotts\u00e1g<\/a><\/li>\n<li><a href=\"https:\/\/semmelweis.hu\/jogigfoig\/testuletek\/allando-bizottsagok\/minosegfejlesztesi-es-minosegertekelo-bizottsag\/\">Min\u0151s\u00e9gfejleszt\u00e9si \u00e9s Min\u0151s\u00e9g\u00e9rt\u00e9kel\u0151 Bizotts\u00e1g<\/a><\/li>\n<li><a href=\"https:\/\/semmelweis.hu\/jogigfoig\/testuletek\/allando-bizottsagok\/minosegfejlesztesi-tanacs\/\">Min\u0151s\u00e9gfejleszt\u00e9si Tan\u00e1cs<\/a><\/li>\n<li><a href=\"https:\/\/semmelweis.hu\/jogigfoig\/testuletek\/allando-bizottsagok\/professzorok-semmelweis-kollegiuma\/\">Professzorok Semmelweis Koll\u00e9giuma<\/a><\/li>\n<li><a href=\"https:\/\/semmelweis.hu\/jogigfoig\/testuletek\/allando-bizottsagok\/semmelweis-egyetem-munkahelyi-es-allatjoleti-bizottsag\/\">Semmelweis Egyetem Munkahelyi \u00e9s \u00c1llatj\u00f3l\u00e9ti Bizotts\u00e1g<\/a><\/li>\n<li><a href=\"https:\/\/semmelweis.hu\/jogigfoig\/testuletek\/allando-bizottsagok\/tudomanyos-tanacs\/\">Tudom\u00e1nyos Tan\u00e1cs<\/a><\/li>\n<\/ul>\n<\/li>\n<li><strong>Kari Bizotts\u00e1gok<\/strong>\n<ul>\n<li><a href=\"https:\/\/semmelweis.hu\/jogigfoig\/testuletek\/kari-bizottsagok\/altalanos-orvostudomanyi-kar\/\">\u00c1ltal\u00e1nos Orvostudom\u00e1nyi Kar<\/a><\/li>\n<li><a href=\"https:\/\/semmelweis.hu\/jogigfoig\/testuletek\/kari-bizottsagok\/egeszsegtudomanyi-kar\/\">Eg\u00e9szs\u00e9gtudom\u00e1nyi Kar<\/a><\/li>\n<li><a href=\"https:\/\/semmelweis.hu\/jogigfoig\/testuletek\/kari-bizottsagok\/egeszsegugyi-kozszolgalati-kar\/\">Eg\u00e9szs\u00e9g\u00fcgyi K\u00f6zszolg\u00e1lati Kar<\/a><\/li>\n<li><a href=\"https:\/\/semmelweis.hu\/jogigfoig\/testuletek\/kari-bizottsagok\/fogorvostudomanyi-kar\/\">Fogorvostudom\u00e1nyi Kar<\/a><\/li>\n<li><a href=\"https:\/\/semmelweis.hu\/jogigfoig\/testuletek\/kari-bizottsagok\/gyogyszeresztudomanyi-kar\/\">Gy\u00f3gyszer\u00e9sztudom\u00e1nyi Kar<\/a><\/li>\n<li><a href=\"https:\/\/semmelweis.hu\/jogigfoig\/testuletek\/kari-bizottsagok\/peto-andras-kar\/\">Pet\u0151 Andr\u00e1s Kar<\/a><\/li>\n<\/ul>\n<\/li>\n<li><a href=\"https:\/\/semmelweis.hu\/jogigfoig\/testuletek\/konzisztorium\/\">Konziszt\u00f3rium (arch\u00edv)<\/a><\/li>\n<\/ul>\n","protected":false},"excerpt":{"rendered":"<p><a href=\"https:\/\/semmelweis.hu\/jogigfoig\/testuletek\/szenatus\/\">Szen\u00e1tus<\/a><br \/>\n<a href=\"https:\/\/semmelweis.hu\/jogigfoig\/testuletek\/jogszabaly-altal-meghatarozott-testuletek\/\">Jogszab\u00e1ly \u00e1ltal meghat\u00e1rozott test\u00fcletek<\/a><\/p>\n<p><a href=\"https:\/\/semmelweis.hu\/jogigfoig\/testuletek\/jogszabaly-altal-meghatarozott-testuletek\/semmelweis-egyetem-kozhasznusagi-felugyelobizottsag\/\">Semmelweis Egyetem K\u00f6zhaszn\u00fas\u00e1gi Fel\u00fcgyel\u0151bizotts\u00e1g<\/a><\/p>\n<p>\u00c1lland\u00f3 Bizotts\u00e1gok<\/p>\n<p><a href=\"https:\/\/semmelweis.hu\/jogigfoig\/testuletek\/allando-bizottsagok\/semmelweis-egyetem-regionalis-intezmenyi-tudomanyos-es-kutatasetikai-bizottsag\/\" target=\"_blank\" rel=\"noopener\">Semmelweis Egyetem Region\u00e1lis, Int\u00e9zm\u00e9nyi Tudom\u00e1nyos \u00e9s Kutat\u00e1setikai Bizotts\u00e1g<\/a><br \/>\n<a href=\"https:\/\/semmelweis.hu\/jogigfoig\/testuletek\/allando-bizottsagok\/egyetemi-eselyegyenlosegi-bizottsag\/\">Egyetemi Es\u00e9lyegyenl\u0151s\u00e9gi Bizotts\u00e1g<\/a><br \/>\n<a href=\"https:\/\/semmelweis.hu\/jogigfoig\/testuletek\/allando-bizottsagok\/egyetemi-etikai-bizottsag\/\">Egyetemi Etikai Bizotts\u00e1g<\/a><br \/>\n<a href=\"https:\/\/semmelweis.hu\/bizottsagok\/allando-bizottsagok\/egyetem-egeszere-feladat-es-hataskorrel-rendelkezo-bizottsagok\/felulbiralati-bizottsag\/\">Fel\u00fclb\u00edr\u00e1lati Bizotts\u00e1g<\/a><br \/>\n<a href=\"https:\/\/semmelweis.hu\/jogigfoig\/testuletek\/allando-bizottsagok\/gyogyszerterapias-bizottsag\/\">Gy\u00f3gyszerter\u00e1pi\u00e1s, Antibiotikum \u00e9s Infekci\u00f3kontroll Bizotts\u00e1g<\/a><br \/>\n<a href=\"https:\/\/semmelweis.hu\/jogigfoig\/testuletek\/allando-bizottsagok\/habilitacios-bizottsag\/\">Habilit\u00e1ci\u00f3s Bizotts\u00e1g<\/a><br \/>\n<a href=\"https:\/\/semmelweis.hu\/jogigfoig\/testuletek\/allando-bizottsagok\/hallgatok-szocialis-es-eselyegyenlosegi-ugyeivel-foglalkozo-bizottsag\/\">Hallgat\u00f3k Szoci\u00e1lis \u00e9s Es\u00e9lyegyenl\u0151s\u00e9gi \u00dcgyeivel Foglalkoz\u00f3 Bizotts\u00e1g<\/a><br \/>\n<a href=\"https:\/\/semmelweis.hu\/jogigfoig\/testuletek\/allando-bizottsagok\/kulso-kutatasi-munkakat-velemenyezo-bizottsag\/\">K\u00fcls\u0151 Kutat\u00e1si Munk\u00e1kat V\u00e9lem\u00e9nyez\u0151 Bizotts\u00e1g<\/a><br \/>\n<a href=\"https:\/\/semmelweis.hu\/jogigfoig\/testuletek\/allando-bizottsagok\/minosegfejlesztesi-es-minosegertekelo-bizottsag\/\">Min\u0151s\u00e9gfejleszt\u00e9si \u00e9s Min\u0151s\u00e9g\u00e9rt\u00e9kel\u0151 Bizotts\u00e1g<\/a><br \/>\n<a href=\"https:\/\/semmelweis.hu\/jogigfoig\/testuletek\/allando-bizottsagok\/minosegfejlesztesi-tanacs\/\">Min\u0151s\u00e9gfejleszt\u00e9si Tan\u00e1cs<\/a><br \/>\n<a href=\"https:\/\/semmelweis.hu\/jogigfoig\/testuletek\/allando-bizottsagok\/professzorok-semmelweis-kollegiuma\/\">Professzorok Semmelweis Koll\u00e9giuma<\/a><br \/>\n<a href=\"https:\/\/semmelweis.hu\/jogigfoig\/testuletek\/allando-bizottsagok\/semmelweis-egyetem-munkahelyi-es-allatjoleti-bizottsag\/\">Semmelweis Egyetem Munkahelyi \u00e9s \u00c1llatj\u00f3l\u00e9ti Bizotts\u00e1g<\/a><br \/>\n<a href=\"https:\/\/semmelweis.hu\/jogigfoig\/testuletek\/allando-bizottsagok\/tudomanyos-tanacs\/\">Tudom\u00e1nyos Tan\u00e1cs<\/a><\/p>\n<p>Kari Bizotts\u00e1gok<\/p>\n<p><a href=\"https:\/\/semmelweis.hu\/jogigfoig\/testuletek\/kari-bizottsagok\/altalanos-orvostudomanyi-kar\/\">\u00c1ltal\u00e1nos Orvostudom\u00e1nyi Kar<\/a><br \/>\n<a href=\"https:\/\/semmelweis.hu\/jogigfoig\/testuletek\/kari-bizottsagok\/egeszsegtudomanyi-kar\/\">Eg\u00e9szs\u00e9gtudom\u00e1nyi Kar<\/a><br \/>\n<a href=\"https:\/\/semmelweis.hu\/jogigfoig\/testuletek\/kari-bizottsagok\/egeszsegugyi-kozszolgalati-kar\/\">Eg\u00e9szs\u00e9g\u00fcgyi K\u00f6zszolg\u00e1lati Kar<\/a><br \/>\n<a href=\"https:\/\/semmelweis.hu\/jogigfoig\/testuletek\/kari-bizottsagok\/fogorvostudomanyi-kar\/\">Fogorvostudom\u00e1nyi Kar<\/a><br \/>\n<a href=\"https:\/\/semmelweis.hu\/jogigfoig\/testuletek\/kari-bizottsagok\/gyogyszeresztudomanyi-kar\/\">Gy\u00f3gyszer\u00e9sztudom\u00e1nyi Kar<\/a><br \/>\n<a href=\"https:\/\/semmelweis.hu\/jogigfoig\/testuletek\/kari-bizottsagok\/peto-andras-kar\/\">Pet\u0151 Andr\u00e1s Kar<\/a><\/p>\n<p><a href=\"https:\/\/semmelweis.hu\/jogigfoig\/testuletek\/konzisztorium\/\">Konziszt\u00f3rium (arch\u00edv)<\/a><\/p>\n","protected":false},"author":12,"featured_media":0,"parent":0,"menu_order":2,"comment_status":"closed","ping_status":"closed","template":"","meta":{"_acf_changed":false,"footnotes":""},"categories":[],"tags":[],"class_list":["post-10496","page","type-page","status-publish","hentry"],"acf":[],"_links":{"self":[{"href":"https:\/\/semmelweis.hu\/jogigfoig\/wp-json\/wp\/v2\/pages\/10496","targetHints":{"allow":["GET"]}}],"collection":[{"href":"https:\/\/semmelweis.hu\/jogigfoig\/wp-json\/wp\/v2\/pages"}],"about":[{"href":"https:\/\/semmelweis.hu\/jogigfoig\/wp-json\/wp\/v2\/types\/page"}],"author":[{"embeddable":true,"href":"https:\/\/semmelweis.hu\/jogigfoig\/wp-json\/wp\/v2\/users\/12"}],"replies":[{"embeddable":true,"href":"https:\/\/semmelweis.hu\/jogigfoig\/wp-json\/wp\/v2\/comments?post=10496"}],"version-history":[{"count":10,"href":"https:\/\/semmelweis.hu\/jogigfoig\/wp-json\/wp\/v2\/pages\/10496\/revisions"}],"predecessor-version":[{"id":84802,"href":"https:\/\/semmelweis.hu\/jogigfoig\/wp-json\/wp\/v2\/pages\/10496\/revisions\/84802"}],"wp:attachment":[{"href":"https:\/\/semmelweis.hu\/jogigfoig\/wp-json\/wp\/v2\/media?parent=10496"}],"wp:term":[{"taxonomy":"category","embeddable":true,"href":"https:\/\/semmelweis.hu\/jogigfoig\/wp-json\/wp\/v2\/categories?post=10496"},{"taxonomy":"post_tag","embeddable":true,"href":"https:\/\/semmelweis.hu\/jogigfoig\/wp-json\/wp\/v2\/tags?post=10496"}],"curies":[{"name":"wp","href":"https:\/\/api.w.org\/{rel}","templated":true}]}}