{"id":104593,"date":"2026-02-09T16:00:14","date_gmt":"2026-02-09T15:00:14","guid":{"rendered":"https:\/\/semmelweis.hu\/jogigfoig\/?page_id=104593"},"modified":"2026-02-16T15:47:35","modified_gmt":"2026-02-16T14:47:35","slug":"2026-januar-29","status":"publish","type":"page","link":"https:\/\/semmelweis.hu\/jogigfoig\/testuletek\/szenatus\/2026-evi-szenatusi-hatarozatok\/2026-januar-29\/","title":{"rendered":"2026. janu\u00e1r 29."},"content":{"rendered":"<p style=\"text-align: justify\"><a href=\"https:\/\/semmelweis.hu\/jogigfoig\/files\/2026\/02\/1_2026_TJSZ-es-DSZ-modositas.pdf\">A Semmelweis Egyetem Szen\u00e1tus\u00e1nak 1\/2026. (I.29.) sz\u00e1m\u00fa hat\u00e1rozata a Szervezeti \u00e9s M\u0171k\u00f6d\u00e9si Szab\u00e1lyzat III. K\u00f6nyv Hallgat\u00f3i k\u00f6vetelm\u00e9nyrendszer III.4. R\u00e9sz T\u00e9r\u00edt\u00e9si \u00e9s Juttat\u00e1si Szab\u00e1lyzat \u00e9s III.3. R\u00e9sz Doktori Szab\u00e1lyzat egyes rendelkez\u00e9seinek m\u00f3dos\u00edt\u00e1s\u00e1r\u00f3l<\/a><\/p>\n<p style=\"text-align: justify\"><a href=\"https:\/\/semmelweis.hu\/jogigfoig\/files\/2026\/02\/1_2026_1-sz-melleklet.pdf\">A Semmelweis Egyetem Szen\u00e1tus\u00e1nak 1\/2026. (I.29.) sz\u00e1m\u00fa hat\u00e1rozata a Szervezeti \u00e9s M\u0171k\u00f6d\u00e9si Szab\u00e1lyzat III. K\u00f6nyv Hallgat\u00f3i k\u00f6vetelm\u00e9nyrendszer III.4. R\u00e9sz T\u00e9r\u00edt\u00e9si \u00e9s Juttat\u00e1si Szab\u00e1lyzat \u00e9s III.3. R\u00e9sz Doktori Szab\u00e1lyzat egyes rendelkez\u00e9seinek m\u00f3dos\u00edt\u00e1s\u00e1r\u00f3l &#8211; 1. sz\u00e1m\u00fa mell\u00e9klet<\/a><\/p>\n<p style=\"text-align: justify\"><a href=\"https:\/\/semmelweis.hu\/jogigfoig\/files\/2026\/02\/1_2026_2-sz-melleklet_HOK-egyetertes.pdf\">A Semmelweis Egyetem Szen\u00e1tus\u00e1nak 1\/2026. (I.29.) sz\u00e1m\u00fa hat\u00e1rozata a Szervezeti \u00e9s M\u0171k\u00f6d\u00e9si Szab\u00e1lyzat III. K\u00f6nyv Hallgat\u00f3i k\u00f6vetelm\u00e9nyrendszer III.4. R\u00e9sz T\u00e9r\u00edt\u00e9si \u00e9s Juttat\u00e1si Szab\u00e1lyzat \u00e9s III.3. R\u00e9sz Doktori Szab\u00e1lyzat egyes rendelkez\u00e9seinek m\u00f3dos\u00edt\u00e1s\u00e1r\u00f3l &#8211; Hallgat\u00f3 \u00d6nkorm\u00e1nyzat egyet\u00e9rt\u00e9s<\/a><\/p>\n<p><a href=\"https:\/\/semmelweis.hu\/jogigfoig\/files\/2026\/02\/6_II.-12_egyetertesi-jog-_SZMSZ-es-melleklet.pdf\">A Semmelweis Egyetem Szen\u00e1tus\u00e1nak 1\/2026. (I.29.) sz\u00e1m\u00fa hat\u00e1rozata a Szervezeti \u00e9s M\u0171k\u00f6d\u00e9si Szab\u00e1lyzat III. K\u00f6nyv Hallgat\u00f3i k\u00f6vetelm\u00e9nyrendszer III.4. R\u00e9sz T\u00e9r\u00edt\u00e9si \u00e9s Juttat\u00e1si Szab\u00e1lyzat \u00e9s III.3. R\u00e9sz Doktori Szab\u00e1lyzat egyes rendelkez\u00e9seinek m\u00f3dos\u00edt\u00e1s\u00e1r\u00f3l &#8211; Doktorandusz \u00d6nkorm\u00e1nyzat egyet\u00e9rt\u00e9s<\/a><\/p>\n<p style=\"text-align: justify\"><a href=\"https:\/\/semmelweis.hu\/jogigfoig\/files\/2026\/02\/2_2026_TVSZ-modositas.pdf\">A Semmelweis Egyetem Szen\u00e1tus\u00e1nak 2\/2026. (I.29.) sz\u00e1m\u00fa hat\u00e1rozata a Szervezeti \u00e9s M\u0171k\u00f6d\u00e9si Szab\u00e1lyzat III. K\u00f6nyv Hallgat\u00f3i k\u00f6vetelm\u00e9nyrendszer III.2. R\u00e9sz Tanulm\u00e1nyi \u00e9s Vizsgaszab\u00e1lyzat egyes rendelkez\u00e9s\u00e9nek m\u00f3dos\u00edt\u00e1s\u00e1r\u00f3l\u00a0<\/a><\/p>\n<p style=\"text-align: justify\"><a href=\"https:\/\/semmelweis.hu\/jogigfoig\/files\/2026\/02\/2_2026_1-sz-melleklet.pdf\">A Semmelweis Egyetem Szen\u00e1tus\u00e1nak 2\/2026. (I.29.) sz\u00e1m\u00fa hat\u00e1rozata a Szervezeti \u00e9s M\u0171k\u00f6d\u00e9si Szab\u00e1lyzat III. K\u00f6nyv Hallgat\u00f3i k\u00f6vetelm\u00e9nyrendszer III.2. R\u00e9sz Tanulm\u00e1nyi \u00e9s Vizsgaszab\u00e1lyzat egyes rendelkez\u00e9s\u00e9nek m\u00f3dos\u00edt\u00e1s\u00e1r\u00f3l &#8211; 1. sz\u00e1m\u00fa mell\u00e9klet<\/a><\/p>\n<p style=\"text-align: justify\"><a href=\"https:\/\/semmelweis.hu\/jogigfoig\/files\/2026\/02\/2_2026_2-sz-melleklet_HOK-egyetertes.pdf\">A Semmelweis Egyetem Szen\u00e1tus\u00e1nak 2\/2026. (I.29.) sz\u00e1m\u00fa hat\u00e1rozata a Szervezeti \u00e9s M\u0171k\u00f6d\u00e9si Szab\u00e1lyzat III. K\u00f6nyv Hallgat\u00f3i k\u00f6vetelm\u00e9nyrendszer III.2. R\u00e9sz Tanulm\u00e1nyi \u00e9s Vizsgaszab\u00e1lyzat egyes rendelkez\u00e9s\u00e9nek m\u00f3dos\u00edt\u00e1s\u00e1r\u00f3l &#8211; Hallgat\u00f3i \u00d6nkorm\u00e1nyzat egyet\u00e9rt\u00e9s<\/a><\/p>\n<p style=\"text-align: justify\"><a href=\"https:\/\/semmelweis.hu\/jogigfoig\/files\/2026\/02\/3_2026_Jo-Tanulo_Jo-Sportolo.pdf\">A Semmelweis Egyetem Szen\u00e1tus\u00e1nak 3\/2026. (I.29.) sz\u00e1m\u00fa hat\u00e1rozata a \u201eJ\u00f3 tanul\u00f3 \u2013 j\u00f3 sportol\u00f3\u201d kit\u00fcntet\u0151 c\u00edmek oda\u00edt\u00e9l\u00e9s\u00e9r\u0151l<\/a><\/p>\n<p style=\"text-align: justify\"><a href=\"https:\/\/semmelweis.hu\/jogigfoig\/files\/2026\/02\/4_2026_Surgossegi-Orvostan-Oxiologia-Tanszeki-Csoport-beolvadas.pdf\">A Semmelweis Egyetem Szen\u00e1tus\u00e1nak 4\/2026. (I.29.) sz\u00e1m\u00fa hat\u00e1rozata a S\u00fcrg\u0151ss\u00e9gi Orvostan-Oxiol\u00f3gia Tansz\u00e9ki Csoport S\u00fcrg\u0151ss\u00e9gi Orvostani Klinik\u00e1ba val\u00f3 beolvad\u00e1ssal t\u00f6rt\u00e9n\u0151 megsz\u0171ntet\u00e9s\u00e9r\u0151l<\/a><\/p>\n<p style=\"text-align: justify\"><a href=\"https:\/\/semmelweis.hu\/jogigfoig\/files\/2026\/02\/5_2026_AOK-szabvallak.pdf\">A Semmelweis Egyetem Szen\u00e1tus\u00e1nak 5\/2026. (I.29.) sz\u00e1m\u00fa hat\u00e1rozata a \u201eKlinikai belgy\u00f3gy\u00e1szat a gyakorlatban\u201d, a \u201eKlinikai hematol\u00f3gia \u00e9s hemoszt\u00e1zis a gyakorlatban\u201d, valamint az &#8222;Alv\u00e1sf\u00fcgg\u0151 l\u00e9gz\u00e9szavarok&#8221; \u00faj, szabadon v\u00e1laszthat\u00f3 t\u00e1rgyak bevezet\u00e9s\u00e9r\u0151l a 2025\/2026. tan\u00e9v tavaszi f\u00e9l\u00e9v\u00e9t\u0151l<\/a><\/p>\n<p style=\"text-align: justify\"><a href=\"https:\/\/semmelweis.hu\/jogigfoig\/files\/2026\/02\/6A_2026_FOK-mintatanterv-modositas.pdf\">A Semmelweis Egyetem Szen\u00e1tus\u00e1nak 6\/A\/2026. (I.29.) sz\u00e1m\u00fa hat\u00e1rozata a Fogorvostudom\u00e1nyi Kar digit\u00e1lis fog\u00e1szati tervez\u00e9s alapszak mintatanterv\u00e9nek m\u00f3dos\u00edt\u00e1s\u00e1r\u00f3l<\/a><\/p>\n<p style=\"text-align: justify\"><a href=\"https:\/\/semmelweis.hu\/jogigfoig\/files\/2026\/02\/6B_2026_FOK-mintatanterv-modositas_akkreditacio.pdf\">A Semmelweis Egyetem Szen\u00e1tus\u00e1nak 6\/B\/2026. (I.29.) sz\u00e1m\u00fa hat\u00e1rozata a Fogorvostudom\u00e1nyi Kar digit\u00e1lis fog\u00e1szati tervez\u00e9s alapszak m\u00f3dos\u00edtott mintatanterv\u00e9nek Magyar Fels\u0151oktat\u00e1si Akkredit\u00e1ci\u00f3s Bizotts\u00e1ghoz t\u00f6rt\u00e9n\u0151 beny\u00fajt\u00e1s\u00e1r\u00f3l<\/a><\/p>\n<p style=\"text-align: justify\"><a href=\"https:\/\/semmelweis.hu\/jogigfoig\/files\/2026\/02\/7_2026_EKK-rendszerszemleletu-pszicho-MSc-mintatanterv-modositas.pdf\">A Semmelweis Egyetem Szen\u00e1tus\u00e1nak 7\/2026. (I.29.) sz\u00e1m\u00fa hat\u00e1rozata az Eg\u00e9szs\u00e9g\u00fcgyi K\u00f6zszolg\u00e1lati Kar Ment\u00e1lhigi\u00e9n\u00e9 Int\u00e9zet rendszerszeml\u00e9let\u0171 pszichol\u00f3gia mesterk\u00e9pz\u00e9si szak mintatanterv\u00e9nek m\u00f3dos\u00edt\u00e1s\u00e1r\u00f3l<\/a><\/p>\n<p style=\"text-align: justify\"><a href=\"https:\/\/semmelweis.hu\/jogigfoig\/files\/2026\/02\/8_2026_EKK-akkreditacios-eljaras.pdf\">A Semmelweis Egyetem Szen\u00e1tus\u00e1nak 8\/2026. (I.29.) sz\u00e1m\u00fa hat\u00e1rozata az eg\u00e9szs\u00e9g\u00fcgyi adattudom\u00e1ny \u00e9s az eg\u00e9szs\u00e9g\u00fcgyi-min\u0151s\u00e9g\u00fcgyi \u00e9s betegbiztons\u00e1gi menedzsment mesterk\u00e9pz\u00e9si szakok akkredit\u00e1ci\u00f3s anyag\u00e1nak MAB r\u00e9sz\u00e9re t\u00f6rt\u00e9n\u0151 beny\u00fajt\u00e1s\u00e1r\u00f3l \u00e9s ezzel egy\u00fctt a k\u00e9pz\u00e9s\u00e9rt\u00e9kel\u00e9si elj\u00e1r\u00e1s megind\u00edt\u00e1s\u00e1r\u00f3l<\/a><\/p>\n<p style=\"text-align: justify\"><a href=\"https:\/\/semmelweis.hu\/jogigfoig\/files\/2026\/02\/9_SzMSz-modositas.pdf\">A Semmelweis Egyetem\u00a0Szen\u00e1tus\u00e1nak\u00a09\/2026. (I.29.) sz\u00e1m\u00fa hat\u00e1rozata\u00a0a Szervezeti \u00e9s M\u0171k\u00f6d\u00e9si Szab\u00e1lyzat egyes rendelkez\u00e9seinek m\u00f3dos\u00edt\u00e1s\u00e1r\u00f3l<\/a><\/p>\n<p style=\"text-align: justify\"><a href=\"https:\/\/semmelweis.hu\/jogigfoig\/files\/2026\/02\/9_2026_1-sz-melleklet.pdf\">A Semmelweis Egyetem Szen\u00e1tus\u00e1nak 9\/2026. (I.29.) sz\u00e1m\u00fa hat\u00e1rozata a Szervezeti \u00e9s M\u0171k\u00f6d\u00e9si Szab\u00e1lyzat egyes rendelkez\u00e9seinek m\u00f3dos\u00edt\u00e1s\u00e1r\u00f3l &#8211; 1. sz\u00e1m\u00fa mell\u00e9klet<\/a><\/p>\n<p style=\"text-align: justify\"><a href=\"https:\/\/semmelweis.hu\/jogigfoig\/files\/2026\/02\/9_2026_2-sz-melleklet.pdf\">A Semmelweis Egyetem Szen\u00e1tus\u00e1nak 9\/2026. (I.29.) sz\u00e1m\u00fa hat\u00e1rozata a Szervezeti \u00e9s M\u0171k\u00f6d\u00e9si Szab\u00e1lyzat egyes rendelkez\u00e9seinek m\u00f3dos\u00edt\u00e1s\u00e1r\u00f3l &#8211; 2. sz\u00e1m\u00fa mell\u00e9klet<\/a><\/p>\n<p style=\"text-align: justify\"><a href=\"https:\/\/semmelweis.hu\/jogigfoig\/files\/2026\/02\/10_2026_aktualis-vezetoi-oktatoi-kutatoi-palyazatok.pdf\">A Semmelweis Egyetem Szen\u00e1tus\u00e1nak 10\/2026. (I.29.) sz\u00e1m\u00fa hat\u00e1rozata az aktu\u00e1lis vezet\u0151i, valamint oktat\u00f3i-kutat\u00f3i p\u00e1ly\u00e1zatok v\u00e9lem\u00e9nyez\u00e9s\u00e9r\u0151l<\/a><\/p>\n<p style=\"text-align: justify\"><a href=\"https:\/\/semmelweis.hu\/jogigfoig\/files\/2026\/02\/11_2026_egyes-kituntetesre-vonatkozo-szabalyzati-rendelkezesek-modositasarol.pdf\">A Semmelweis Egyetem Szen\u00e1tus\u00e1nak 11\/2026. (I.29.) sz\u00e1m\u00fa hat\u00e1rozata az egyes kit\u00fcntet\u00e9sre vonatkoz\u00f3 szab\u00e1lyzati rendelkez\u00e9sek m\u00f3dos\u00edt\u00e1s\u00e1r\u00f3l<\/a><\/p>\n<p style=\"text-align: justify\"><a href=\"https:\/\/semmelweis.hu\/jogigfoig\/files\/2026\/02\/11_2026_1-sz-melleklet.pdf\">A Semmelweis Egyetem Szen\u00e1tus\u00e1nak 11\/2026. (I.29.) sz\u00e1m\u00fa hat\u00e1rozata az egyes kit\u00fcntet\u00e9sre vonatkoz\u00f3 szab\u00e1lyzati rendelkez\u00e9sek m\u00f3dos\u00edt\u00e1s\u00e1r\u00f3l &#8211; 1. sz\u00e1m\u00fa mell\u00e9klet<\/a><\/p>\n<p style=\"text-align: justify\"><a href=\"https:\/\/semmelweis.hu\/jogigfoig\/files\/2026\/02\/11_2026_2-sz-melleklet_DOK-egyetertes.pdf\">A Semmelweis Egyetem Szen\u00e1tus\u00e1nak 11\/2026. (I.29.) sz\u00e1m\u00fa hat\u00e1rozata az egyes kit\u00fcntet\u00e9sre vonatkoz\u00f3 szab\u00e1lyzati rendelkez\u00e9sek m\u00f3dos\u00edt\u00e1s\u00e1r\u00f3l &#8211; Doktorandusz \u00d6nkorm\u00e1nyzat egyet\u00e9rt\u00e9s<\/a><\/p>\n<p style=\"text-align: justify\"><a href=\"https:\/\/semmelweis.hu\/jogigfoig\/files\/2026\/02\/12_2026_sportegeszsegugyi-szervezo-tandija.pdf\">A Semmelweis Egyetem Szen\u00e1tus\u00e1nak 12\/2026. (I.29.) sz\u00e1m\u00fa hat\u00e1rozata az Eg\u00e9szs\u00e9g\u00fcgyi szervez\u0151 szak (BSc) \u2013 Sporteg\u00e9szs\u00e9g\u00fcgyi szervez\u0151 specializ\u00e1ci\u00f3 tand\u00edj\u00e1nak meg\u00e1llap\u00edt\u00e1s\u00e1r\u00f3l<\/a><\/p>\n","protected":false},"excerpt":{"rendered":"<p><a href=\"https:\/\/semmelweis.hu\/jogigfoig\/files\/2026\/02\/1_2026_TJSZ-es-DSZ-modositas.pdf\">A Semmelweis Egyetem Szen\u00e1tus\u00e1nak 1\/2026. (I.29.) sz\u00e1m\u00fa hat\u00e1rozata a Szervezeti \u00e9s M\u0171k\u00f6d\u00e9si Szab\u00e1lyzat III. K\u00f6nyv Hallgat\u00f3i k\u00f6vetelm\u00e9nyrendszer III.4. R\u00e9sz T\u00e9r\u00edt\u00e9si \u00e9s Juttat\u00e1si Szab\u00e1lyzat \u00e9s III.3. R\u00e9sz Doktori Szab\u00e1lyzat egyes rendelkez\u00e9seinek m\u00f3dos\u00edt\u00e1s\u00e1r\u00f3l<\/a><br \/>\n<a href=\"https:\/\/semmelweis.hu\/jogigfoig\/files\/2026\/02\/1_2026_1-sz-melleklet.pdf\">A Semmelweis Egyetem Szen\u00e1tus\u00e1nak 1\/2026. (I.29.) sz\u00e1m\u00fa hat\u00e1rozata a Szervezeti \u00e9s M\u0171k\u00f6d\u00e9si Szab\u00e1lyzat III. K\u00f6nyv Hallgat\u00f3i k\u00f6vetelm\u00e9nyrendszer III.4. R\u00e9sz T\u00e9r\u00edt\u00e9si \u00e9s Juttat\u00e1si Szab\u00e1lyzat \u00e9s III.3. R\u00e9sz Doktori Szab\u00e1lyzat egyes rendelkez\u00e9seinek m\u00f3dos\u00edt\u00e1s\u00e1r\u00f3l &#8211; 1. sz\u00e1m\u00fa mell\u00e9klet<\/a><br \/>\n<a href=\"https:\/\/semmelweis.hu\/jogigfoig\/files\/2026\/02\/1_2026_2-sz-melleklet_HOK-egyetertes.pdf\">A Semmelweis Egyetem Szen\u00e1tus\u00e1nak 1\/2026. (I.29.) sz\u00e1m\u00fa hat\u00e1rozata a Szervezeti \u00e9s M\u0171k\u00f6d\u00e9si Szab\u00e1lyzat III. K\u00f6nyv Hallgat\u00f3i k\u00f6vetelm\u00e9nyrendszer III.4. R\u00e9sz T\u00e9r\u00edt\u00e9si \u00e9s Juttat\u00e1si Szab\u00e1lyzat \u00e9s III.3. R\u00e9sz Doktori Szab\u00e1lyzat egyes rendelkez\u00e9seinek m\u00f3dos\u00edt\u00e1s\u00e1r\u00f3l &#8211; Hallgat\u00f3 \u00d6nkorm\u00e1nyzat egyet\u00e9rt\u00e9s<\/a><br \/>\n<a href=\"https:\/\/semmelweis.hu\/jogigfoig\/files\/2026\/02\/6_II.-12_egyetertesi-jog-_SZMSZ-es-melleklet.pdf\">A Semmelweis Egyetem Szen\u00e1tus\u00e1nak 1\/2026. (I.29.) sz\u00e1m\u00fa hat\u00e1rozata a Szervezeti \u00e9s M\u0171k\u00f6d\u00e9si Szab\u00e1lyzat III. K\u00f6nyv Hallgat\u00f3i k\u00f6vetelm\u00e9nyrendszer III.4. R\u00e9sz T\u00e9r\u00edt\u00e9si \u00e9s Juttat\u00e1si Szab\u00e1lyzat \u00e9s III.3. R\u00e9sz Doktori Szab\u00e1lyzat egyes rendelkez\u00e9seinek m\u00f3dos\u00edt\u00e1s\u00e1r\u00f3l &#8211; Doktorandusz \u00d6nkorm\u00e1nyzat egyet\u00e9rt\u00e9s<\/a><br \/>\n<a href=\"https:\/\/semmelweis.hu\/jogigfoig\/files\/2026\/02\/2_2026_TVSZ-modositas.pdf\">A Semmelweis Egyetem Szen\u00e1tus\u00e1nak 2\/2026. (I.29.) sz\u00e1m\u00fa hat\u00e1rozata a Szervezeti \u00e9s M\u0171k\u00f6d\u00e9si Szab\u00e1lyzat III. K\u00f6nyv Hallgat\u00f3i k\u00f6vetelm\u00e9nyrendszer III.2. R\u00e9sz Tanulm\u00e1nyi \u00e9s Vizsgaszab\u00e1lyzat egyes rendelkez\u00e9s\u00e9nek m\u00f3dos\u00edt\u00e1s\u00e1r\u00f3l\u00a0<\/a><br \/>\n<a href=\"https:\/\/semmelweis.hu\/jogigfoig\/files\/2026\/02\/2_2026_1-sz-melleklet.pdf\">A Semmelweis Egyetem Szen\u00e1tus\u00e1nak 2\/2026. (I.29.) sz\u00e1m\u00fa hat\u00e1rozata a Szervezeti \u00e9s M\u0171k\u00f6d\u00e9si Szab\u00e1lyzat III. K\u00f6nyv Hallgat\u00f3i k\u00f6vetelm\u00e9nyrendszer III.2. R\u00e9sz Tanulm\u00e1nyi \u00e9s Vizsgaszab\u00e1lyzat egyes rendelkez\u00e9s\u00e9nek m\u00f3dos\u00edt\u00e1s\u00e1r\u00f3l &#8211; 1. sz\u00e1m\u00fa mell\u00e9klet<\/a><br \/>\n<a href=\"https:\/\/semmelweis.hu\/jogigfoig\/files\/2026\/02\/2_2026_2-sz-melleklet_HOK-egyetertes.pdf\">A Semmelweis Egyetem Szen\u00e1tus\u00e1nak 2\/2026. (I.29.) sz\u00e1m\u00fa hat\u00e1rozata a Szervezeti \u00e9s M\u0171k\u00f6d\u00e9si Szab\u00e1lyzat III. K\u00f6nyv Hallgat\u00f3i k\u00f6vetelm\u00e9nyrendszer III.2. R\u00e9sz Tanulm\u00e1nyi \u00e9s Vizsgaszab\u00e1lyzat egyes rendelkez\u00e9s\u00e9nek m\u00f3dos\u00edt\u00e1s\u00e1r\u00f3l &#8211; Hallgat\u00f3i \u00d6nkorm\u00e1nyzat egyet\u00e9rt\u00e9s<\/a><br \/>\n<a href=\"https:\/\/semmelweis.hu\/jogigfoig\/files\/2026\/02\/3_2026_Jo-Tanulo_Jo-Sportolo.pdf\">A Semmelweis Egyetem Szen\u00e1tus\u00e1nak 3\/2026. (I.29.) sz\u00e1m\u00fa hat\u00e1rozata a \u201eJ\u00f3 tanul\u00f3 \u2013 j\u00f3 sportol\u00f3\u201d kit\u00fcntet\u0151 c\u00edmek oda\u00edt\u00e9l\u00e9s\u00e9r\u0151l<\/a><br \/>\n<a href=\"https:\/\/semmelweis.hu\/jogigfoig\/files\/2026\/02\/4_2026_Surgossegi-Orvostan-Oxiologia-Tanszeki-Csoport-beolvadas.pdf\">A Semmelweis Egyetem Szen\u00e1tus\u00e1nak 4\/2026. (I.29.) sz\u00e1m\u00fa hat\u00e1rozata a S\u00fcrg\u0151ss\u00e9gi Orvostan-Oxiol\u00f3gia Tansz\u00e9ki Csoport S\u00fcrg\u0151ss\u00e9gi Orvostani Klinik\u00e1ba val\u00f3 beolvad\u00e1ssal t\u00f6rt\u00e9n\u0151 megsz\u0171ntet\u00e9s\u00e9r\u0151l<\/a><br \/>\n<a href=\"https:\/\/semmelweis.hu\/jogigfoig\/files\/2026\/02\/5_2026_AOK-szabvallak.pdf\">A Semmelweis Egyetem Szen\u00e1tus\u00e1nak 5\/2026. (I.29.) sz\u00e1m\u00fa hat\u00e1rozata a \u201eKlinikai belgy\u00f3gy\u00e1szat a gyakorlatban\u201d, a \u201eKlinikai hematol\u00f3gia \u00e9s hemoszt\u00e1zis a gyakorlatban\u201d, valamint az &#8222;Alv\u00e1sf\u00fcgg\u0151 l\u00e9gz\u00e9szavarok&#8221; \u00faj, szabadon v\u00e1laszthat\u00f3 t\u00e1rgyak bevezet\u00e9s\u00e9r\u0151l a 2025\/2026. tan\u00e9v tavaszi f\u00e9l\u00e9v\u00e9t\u0151l<\/a><br \/>\n<a href=\"https:\/\/semmelweis.hu\/jogigfoig\/files\/2026\/02\/6A_2026_FOK-mintatanterv-modositas.pdf\">A Semmelweis Egyetem Szen\u00e1tus\u00e1nak 6\/A\/2026. (I.29.) sz\u00e1m\u00fa hat\u00e1rozata a Fogorvostudom\u00e1nyi Kar digit\u00e1lis fog\u00e1szati tervez\u00e9s alapszak mintatanterv\u00e9nek m\u00f3dos\u00edt\u00e1s\u00e1r\u00f3l<\/a><br \/>\n<a href=\"https:\/\/semmelweis.hu\/jogigfoig\/files\/2026\/02\/6B_2026_FOK-mintatanterv-modositas_akkreditacio.pdf\">A Semmelweis Egyetem Szen\u00e1tus\u00e1nak 6\/B\/2026. (I.29.) sz\u00e1m\u00fa hat\u00e1rozata a Fogorvostudom\u00e1nyi Kar digit\u00e1lis fog\u00e1szati tervez\u00e9s alapszak m\u00f3dos\u00edtott mintatanterv\u00e9nek Magyar Fels\u0151oktat\u00e1si Akkredit\u00e1ci\u00f3s Bizotts\u00e1ghoz t\u00f6rt\u00e9n\u0151 beny\u00fajt\u00e1s\u00e1r\u00f3l<\/a><br \/>\n<a href=\"https:\/\/semmelweis.hu\/jogigfoig\/files\/2026\/02\/7_2026_EKK-rendszerszemleletu-pszicho-MSc-mintatanterv-modositas.pdf\">A Semmelweis Egyetem Szen\u00e1tus\u00e1nak 7\/2026. (I.29.) sz\u00e1m\u00fa hat\u00e1rozata az Eg\u00e9szs\u00e9g\u00fcgyi K\u00f6zszolg\u00e1lati Kar Ment\u00e1lhigi\u00e9n\u00e9 Int\u00e9zet rendszerszeml\u00e9let\u0171 pszichol\u00f3gia mesterk\u00e9pz\u00e9si szak mintatanterv\u00e9nek m\u00f3dos\u00edt\u00e1s\u00e1r\u00f3l<\/a><br \/>\n<a href=\"https:\/\/semmelweis.hu\/jogigfoig\/files\/2026\/02\/8_2026_EKK-akkreditacios-eljaras.pdf\">A Semmelweis Egyetem Szen\u00e1tus\u00e1nak 8\/2026. (I.29.) sz\u00e1m\u00fa hat\u00e1rozata az eg\u00e9szs\u00e9g\u00fcgyi adattudom\u00e1ny \u00e9s az eg\u00e9szs\u00e9g\u00fcgyi-min\u0151s\u00e9g\u00fcgyi \u00e9s betegbiztons\u00e1gi menedzsment mesterk\u00e9pz\u00e9si szakok akkredit\u00e1ci\u00f3s anyag\u00e1nak MAB r\u00e9sz\u00e9re t\u00f6rt\u00e9n\u0151 beny\u00fajt\u00e1s\u00e1r\u00f3l \u00e9s ezzel egy\u00fctt a k\u00e9pz\u00e9s\u00e9rt\u00e9kel\u00e9si elj\u00e1r\u00e1s megind\u00edt\u00e1s\u00e1r\u00f3l<\/a><br \/>\n<a href=\"https:\/\/semmelweis.hu\/jogigfoig\/files\/2026\/02\/9_SzMSz-modositas.pdf\">A Semmelweis Egyetem\u00a0Szen\u00e1tus\u00e1nak\u00a09\/2026. (I.29.) sz\u00e1m\u00fa hat\u00e1rozata\u00a0a Szervezeti \u00e9s M\u0171k\u00f6d\u00e9si Szab\u00e1lyzat egyes rendelkez\u00e9seinek m\u00f3dos\u00edt\u00e1s\u00e1r\u00f3l<\/a><br \/>\n<a href=\"https:\/\/semmelweis.hu\/jogigfoig\/files\/2026\/02\/9_2026_1-sz-melleklet.pdf\">A Semmelweis Egyetem Szen\u00e1tus\u00e1nak 9\/2026. (I.29.) sz\u00e1m\u00fa hat\u00e1rozata a Szervezeti \u00e9s M\u0171k\u00f6d\u00e9si Szab\u00e1lyzat egyes rendelkez\u00e9seinek m\u00f3dos\u00edt\u00e1s\u00e1r\u00f3l &#8211; 1. sz\u00e1m\u00fa mell\u00e9klet<\/a><br \/>\n<a href=\"https:\/\/semmelweis.hu\/jogigfoig\/files\/2026\/02\/9_2026_2-sz-melleklet.pdf\">A Semmelweis Egyetem Szen\u00e1tus\u00e1nak 9\/2026. (I.29.) sz\u00e1m\u00fa hat\u00e1rozata a Szervezeti \u00e9s M\u0171k\u00f6d\u00e9si Szab\u00e1lyzat egyes rendelkez\u00e9seinek m\u00f3dos\u00edt\u00e1s\u00e1r\u00f3l &#8211; 2. sz\u00e1m\u00fa mell\u00e9klet<\/a><br \/>\n<a href=\"https:\/\/semmelweis.hu\/jogigfoig\/files\/2026\/02\/10_2026_aktualis-vezetoi-oktatoi-kutatoi-palyazatok.pdf\">A Semmelweis Egyetem Szen\u00e1tus\u00e1nak 10\/2026. (I.29.) sz\u00e1m\u00fa hat\u00e1rozata az aktu\u00e1lis vezet\u0151i, valamint oktat\u00f3i-kutat\u00f3i p\u00e1ly\u00e1zatok v\u00e9lem\u00e9nyez\u00e9s\u00e9r\u0151l<\/a><br \/>\n<a href=\"https:\/\/semmelweis.hu\/jogigfoig\/files\/2026\/02\/11_2026_egyes-kituntetesre-vonatkozo-szabalyzati-rendelkezesek-modositasarol.pdf\">A Semmelweis Egyetem Szen\u00e1tus\u00e1nak 11\/2026. (I.29.) sz\u00e1m\u00fa hat\u00e1rozata az egyes kit\u00fcntet\u00e9sre vonatkoz\u00f3 szab\u00e1lyzati rendelkez\u00e9sek m\u00f3dos\u00edt\u00e1s\u00e1r\u00f3l<\/a><br \/>\n<a href=\"https:\/\/semmelweis.hu\/jogigfoig\/files\/2026\/02\/11_2026_1-sz-melleklet.pdf\">A Semmelweis Egyetem Szen\u00e1tus\u00e1nak 11\/2026. (I.29.) sz\u00e1m\u00fa hat\u00e1rozata az egyes kit\u00fcntet\u00e9sre vonatkoz\u00f3 szab\u00e1lyzati rendelkez\u00e9sek m\u00f3dos\u00edt\u00e1s\u00e1r\u00f3l &#8211; 1. sz\u00e1m\u00fa mell\u00e9klet<\/a><br \/>\n<a href=\"https:\/\/semmelweis.hu\/jogigfoig\/files\/2026\/02\/11_2026_2-sz-melleklet_DOK-egyetertes.pdf\">A Semmelweis Egyetem Szen\u00e1tus\u00e1nak 11\/2026. (I.29.) sz\u00e1m\u00fa hat\u00e1rozata az egyes kit\u00fcntet\u00e9sre vonatkoz\u00f3 szab\u00e1lyzati rendelkez\u00e9sek m\u00f3dos\u00edt\u00e1s\u00e1r\u00f3l &#8211; Doktorandusz \u00d6nkorm\u00e1nyzat egyet\u00e9rt\u00e9s<\/a><br \/>\n<a href=\"https:\/\/semmelweis.hu\/jogigfoig\/files\/2026\/02\/12_2026_sportegeszsegugyi-szervezo-tandija.pdf\">A Semmelweis Egyetem Szen\u00e1tus\u00e1nak 12\/2026. (I.29.) sz\u00e1m\u00fa hat\u00e1rozata az Eg\u00e9szs\u00e9g\u00fcgyi szervez\u0151 szak (BSc) \u2013 Sporteg\u00e9szs\u00e9g\u00fcgyi szervez\u0151 specializ\u00e1ci\u00f3 tand\u00edj\u00e1nak meg\u00e1llap\u00edt\u00e1s\u00e1r\u00f3l<\/a><\/p>\n","protected":false},"author":102029,"featured_media":0,"parent":103886,"menu_order":150,"comment_status":"closed","ping_status":"closed","template":"","meta":{"_acf_changed":false,"footnotes":""},"categories":[],"tags":[],"class_list":["post-104593","page","type-page","status-publish","hentry"],"acf":[],"_links":{"self":[{"href":"https:\/\/semmelweis.hu\/jogigfoig\/wp-json\/wp\/v2\/pages\/104593","targetHints":{"allow":["GET"]}}],"collection":[{"href":"https:\/\/semmelweis.hu\/jogigfoig\/wp-json\/wp\/v2\/pages"}],"about":[{"href":"https:\/\/semmelweis.hu\/jogigfoig\/wp-json\/wp\/v2\/types\/page"}],"author":[{"embeddable":true,"href":"https:\/\/semmelweis.hu\/jogigfoig\/wp-json\/wp\/v2\/users\/102029"}],"replies":[{"embeddable":true,"href":"https:\/\/semmelweis.hu\/jogigfoig\/wp-json\/wp\/v2\/comments?post=104593"}],"version-history":[{"count":5,"href":"https:\/\/semmelweis.hu\/jogigfoig\/wp-json\/wp\/v2\/pages\/104593\/revisions"}],"predecessor-version":[{"id":104853,"href":"https:\/\/semmelweis.hu\/jogigfoig\/wp-json\/wp\/v2\/pages\/104593\/revisions\/104853"}],"up":[{"embeddable":true,"href":"https:\/\/semmelweis.hu\/jogigfoig\/wp-json\/wp\/v2\/pages\/103886"}],"wp:attachment":[{"href":"https:\/\/semmelweis.hu\/jogigfoig\/wp-json\/wp\/v2\/media?parent=104593"}],"wp:term":[{"taxonomy":"category","embeddable":true,"href":"https:\/\/semmelweis.hu\/jogigfoig\/wp-json\/wp\/v2\/categories?post=104593"},{"taxonomy":"post_tag","embeddable":true,"href":"https:\/\/semmelweis.hu\/jogigfoig\/wp-json\/wp\/v2\/tags?post=104593"}],"curies":[{"name":"wp","href":"https:\/\/api.w.org\/{rel}","templated":true}]}}