{"id":10452,"date":"2018-01-31T15:47:02","date_gmt":"2018-01-31T14:47:02","guid":{"rendered":"http:\/\/semmelweis.hu\/jogigfoig\/?page_id=10452"},"modified":"2020-02-07T15:05:22","modified_gmt":"2020-02-07T14:05:22","slug":"2018-januar-31-elektronikus-szavazas","status":"publish","type":"page","link":"https:\/\/semmelweis.hu\/jogigfoig\/testuletek\/szenatus\/2018-evi-szenatusi-hatarozatok\/2018-januar-31-elektronikus-szavazas\/","title":{"rendered":"2018. janu\u00e1r 31. (elektronikus szavaz\u00e1s)"},"content":{"rendered":"<ul>\n<li style=\"text-align: justify\"><a href=\"https:\/\/semmelweis.hu\/jogigfoig\/files\/2018\/01\/8_sz_I_31_2018_Felveteli_Szabalyzat_mod.pdf\">A Semmelweis Egyetem Szen\u00e1tus\u00e1nak 8\/2018. (I.31.) sz\u00e1m\u00fa hat\u00e1rozata a Szervezeti \u00e9s M\u0171k\u00f6d\u00e9si Szab\u00e1lyzat Felv\u00e9teli szab\u00e1lyzat r\u00e9sz\u00e9nek \u201eA k\u00fclf\u00f6ldi hallgat\u00f3k r\u00e9sz\u00e9re idegen nyelven meghirdetett k\u00e9pz\u00e9sek\u201d c\u00edm\u0171 fejezete egyes rendelkez\u00e9seinek m\u00f3dos\u00edt\u00e1s\u00e1r\u00f3l<\/a><\/li>\n<li style=\"text-align: justify\"><a href=\"https:\/\/semmelweis.hu\/jogigfoig\/files\/2018\/01\/Kozzetetel_8_sz_I_31_2018_Felveteli_Szabalyzat_mod.pdf\">K\u00f6zz\u00e9t\u00e9tel &#8222;a Szervezeti \u00e9s M\u0171k\u00f6d\u00e9si Szab\u00e1lyzat Felv\u00e9teli szab\u00e1lyzat r\u00e9sz\u00e9re &#8222;A k\u00fclf\u00f6ldi hallgat\u00f3k r\u00e9sz\u00e9re idegen nyelven meghirdetett k\u00e9pz\u00e9sek&#8221; c\u00edm\u0171 fejezete egyes rendelkez\u00e9seinek m\u00f3dos\u00edt\u00e1s\u00e1r\u00f3l&#8221;<\/a><\/li>\n<\/ul>\n","protected":false},"excerpt":{"rendered":"<p><a href=\"https:\/\/semmelweis.hu\/jogigfoig\/files\/2018\/01\/8_sz_I_31_2018_Felveteli_Szabalyzat_mod.pdf\">A Semmelweis Egyetem Szen\u00e1tus\u00e1nak 8\/2018. (I.31.) sz\u00e1m\u00fa hat\u00e1rozata a Szervezeti \u00e9s M\u0171k\u00f6d\u00e9si Szab\u00e1lyzat Felv\u00e9teli szab\u00e1lyzat r\u00e9sz\u00e9nek \u201eA k\u00fclf\u00f6ldi hallgat\u00f3k r\u00e9sz\u00e9re idegen nyelven meghirdetett k\u00e9pz\u00e9sek\u201d c\u00edm\u0171 fejezete egyes rendelkez\u00e9seinek m\u00f3dos\u00edt\u00e1s\u00e1r\u00f3l<\/a><br \/>\n<a href=\"https:\/\/semmelweis.hu\/jogigfoig\/files\/2018\/01\/Kozzetetel_8_sz_I_31_2018_Felveteli_Szabalyzat_mod.pdf\">K\u00f6zz\u00e9t\u00e9tel &#8222;a Szervezeti \u00e9s M\u0171k\u00f6d\u00e9si Szab\u00e1lyzat Felv\u00e9teli szab\u00e1lyzat r\u00e9sz\u00e9re &#8222;A k\u00fclf\u00f6ldi hallgat\u00f3k r\u00e9sz\u00e9re idegen nyelven meghirdetett k\u00e9pz\u00e9sek&#8221; c\u00edm\u0171 fejezete egyes rendelkez\u00e9seinek m\u00f3dos\u00edt\u00e1s\u00e1r\u00f3l&#8221;<\/a><\/p>\n","protected":false},"author":101117,"featured_media":0,"parent":10434,"menu_order":2,"comment_status":"closed","ping_status":"closed","template":"","meta":{"_acf_changed":false,"footnotes":""},"categories":[],"tags":[],"class_list":["post-10452","page","type-page","status-publish","hentry"],"acf":[],"_links":{"self":[{"href":"https:\/\/semmelweis.hu\/jogigfoig\/wp-json\/wp\/v2\/pages\/10452","targetHints":{"allow":["GET"]}}],"collection":[{"href":"https:\/\/semmelweis.hu\/jogigfoig\/wp-json\/wp\/v2\/pages"}],"about":[{"href":"https:\/\/semmelweis.hu\/jogigfoig\/wp-json\/wp\/v2\/types\/page"}],"author":[{"embeddable":true,"href":"https:\/\/semmelweis.hu\/jogigfoig\/wp-json\/wp\/v2\/users\/101117"}],"replies":[{"embeddable":true,"href":"https:\/\/semmelweis.hu\/jogigfoig\/wp-json\/wp\/v2\/comments?post=10452"}],"version-history":[{"count":1,"href":"https:\/\/semmelweis.hu\/jogigfoig\/wp-json\/wp\/v2\/pages\/10452\/revisions"}],"predecessor-version":[{"id":10455,"href":"https:\/\/semmelweis.hu\/jogigfoig\/wp-json\/wp\/v2\/pages\/10452\/revisions\/10455"}],"up":[{"embeddable":true,"href":"https:\/\/semmelweis.hu\/jogigfoig\/wp-json\/wp\/v2\/pages\/10434"}],"wp:attachment":[{"href":"https:\/\/semmelweis.hu\/jogigfoig\/wp-json\/wp\/v2\/media?parent=10452"}],"wp:term":[{"taxonomy":"category","embeddable":true,"href":"https:\/\/semmelweis.hu\/jogigfoig\/wp-json\/wp\/v2\/categories?post=10452"},{"taxonomy":"post_tag","embeddable":true,"href":"https:\/\/semmelweis.hu\/jogigfoig\/wp-json\/wp\/v2\/tags?post=10452"}],"curies":[{"name":"wp","href":"https:\/\/api.w.org\/{rel}","templated":true}]}}