{"id":10436,"date":"2018-01-31T15:44:03","date_gmt":"2018-01-31T14:44:03","guid":{"rendered":"http:\/\/semmelweis.hu\/jogigfoig\/?page_id=10436"},"modified":"2020-02-07T15:05:13","modified_gmt":"2020-02-07T14:05:13","slug":"2018-januar-25","status":"publish","type":"page","link":"https:\/\/semmelweis.hu\/jogigfoig\/testuletek\/szenatus\/2018-evi-szenatusi-hatarozatok\/2018-januar-25\/","title":{"rendered":"2018. janu\u00e1r 25."},"content":{"rendered":"<ul>\n<li style=\"text-align: justify\"><a href=\"https:\/\/semmelweis.hu\/jogigfoig\/files\/2018\/01\/1_sz_I_25_2018_munkaterv_elfogadasarol.pdf\">A Semmelweis Egyetem Szen\u00e1tus\u00e1nak 1\/2018. (I. 25.) sz\u00e1m\u00fa hat\u00e1rozata a Szen\u00e1tus 2018. \u00e9v I. f\u00e9l\u00e9vi (tavaszi szemeszter) \u00fcl\u00e9s- \u00e9s munkaterv\u00e9nek elfogad\u00e1s\u00e1r\u00f3l<\/a><\/li>\n<li style=\"text-align: justify\"><a href=\"https:\/\/semmelweis.hu\/jogigfoig\/files\/2018\/01\/2_sz_I_25_2018_SZMSZ_kutatoprofesszor.pdf\">A Semmelweis Egyetem Szen\u00e1tus\u00e1nak 2\/2018. (I. 25.) sz\u00e1m\u00fa hat\u00e1rozata a Szervezeti \u00e9s M\u0171k\u00f6d\u00e9si Szab\u00e1lyzat m\u00f3dos\u00edt\u00e1s\u00e1r\u00f3l<\/a><\/li>\n<li style=\"text-align: justify\"><a href=\"https:\/\/semmelweis.hu\/jogigfoig\/files\/2018\/01\/3_sz_I_25_2018_KKPSZK_FKR.pdf\">A Semmelweis Egyetem Szen\u00e1tus\u00e1nak 3\/2018 (I. 25.) sz\u00e1m\u00fa hat\u00e1rozata a Kiemelt Kondukt\u00edv Pedag\u00f3giai Szolg\u00e1ltat\u00e1sok K\u00f6zpontja megsz\u00fcntet\u00e9s\u00e9r\u0151l \u00e9s feladatainak a Pet\u0151 Andr\u00e1s Kar \u00e1ltali \u00e1tv\u00e9tel\u00e9r\u0151l , valamint a Semmelweis Egyetem Szervezeti \u00e9s M\u0171k\u00f6d\u00e9si Szab\u00e1lyzat\u00e1nak egy\u00e9b m\u00f3dos\u00edt\u00e1s\u00e1r\u00f3l<\/a><\/li>\n<li style=\"text-align: justify\"><a href=\"https:\/\/semmelweis.hu\/jogigfoig\/files\/2018\/01\/4_sz_I_25_SZMSZ_egyes_rendelk_CV_FM.pdf\">A Semmelweis Egyetem Szen\u00e1tus\u00e1nak 4\/2018. (I. 25.) sz\u00e1m\u00fa hat\u00e1rozata a \u201eszervezeti \u00e9s m\u0171k\u00f6d\u00e9si szab\u00e1lyzat egyes rendelkez\u00e9seinek m\u00f3dos\u00edt\u00e1sa\u201d c\u00edm\u0171 el\u0151terjeszt\u00e9s elfogad\u00e1s\u00e1r\u00f3l<\/a>\u00a0 \u00a0 \u00a0<a href=\"https:\/\/semmelweis.hu\/jogigfoig\/files\/2018\/03\/4.sz_._I.25._SZMSZ-egyes-rendelk._CV_FM_mell\u00e9klet.pdf\">Valamint a hat\u00e1rozat\u00a0\u00a0mell\u00e9klete<\/a><\/li>\n<li style=\"text-align: justify\"><a href=\"https:\/\/semmelweis.hu\/jogigfoig\/files\/2018\/01\/5_sz_I_25_2018_Jo_tanulo_jo_sportolo_kituntetes_adomanyozasa.pdf\">A Semmelweis Egyetem Szen\u00e1tus\u00e1nak 5\/2018. (I. 25.) sz\u00e1m\u00fa hat\u00e1rozata a \u201eJ\u00f3 tanul\u00f3 \u2013 j\u00f3 sportol\u00f3\u201d kit\u00fcntet\u0151 c\u00edmek oda\u00edt\u00e9l\u00e9s\u00e9r\u0151l c\u00edm\u0171 el\u0151terjeszt\u00e9s elfogad\u00e1s\u00e1r\u00f3l<\/a><\/li>\n<li style=\"text-align: justify\"><a href=\"https:\/\/semmelweis.hu\/jogigfoig\/files\/2018\/01\/6_2017_I_25_sz_szenatusi_hatarozat_kituntetesi_szabalyzat_modositasa.pdf\">A Semmelweis Egyetem Szen\u00e1tus\u00e1nak 6\/2018. (I. 25.) sz\u00e1m\u00fa hat\u00e1rozata Az egyetemi kit\u00fcntet\u00e9sek, d\u00edjak adom\u00e1nyoz\u00e1s\u00e1r\u00f3l, valamint az \u00e1llami kit\u00fcntet\u00e9sek felterjeszt\u00e9si elj\u00e1r\u00e1s\u00e1r\u00f3l sz\u00f3l\u00f3 szab\u00e1lyzat m\u00f3dos\u00edt\u00e1s\u00e1r\u00f3l<\/a><\/li>\n<li style=\"text-align: justify\"><a href=\"https:\/\/semmelweis.hu\/jogigfoig\/files\/2018\/01\/7_sz_I_25_2018_ETK_apolas_MSc_tantervek.pdf\">A Semmelweis Egyetem Szen\u00e1tus\u00e1nak 7\/2018. (I.25.) sz\u00e1m\u00fa hat\u00e1rozata az Eg\u00e9szs\u00e9gtudom\u00e1nyi Kar \u00e1pol\u00e1s mesterk\u00e9pz\u00e9si szak tanterveinek \u00e9s el\u0151k\u00f6vetelm\u00e9nyi rendjeinek elfogad\u00e1s\u00e1r\u00f3l<\/a><\/li>\n<li style=\"text-align: justify\"><a href=\"https:\/\/semmelweis.hu\/jogigfoig\/files\/2018\/01\/N_I_25_2018_hatarozat_a_szenatusi_ules_modositott_napirendi_pontjainak_elfogadasarol.pdf\">A Semmelweis Egyetem Szen\u00e1tus\u00e1nak N-I. 25.\/2018. sz\u00e1m\u00fa hat\u00e1rozata a szen\u00e1tusi \u00fcl\u00e9s m\u00f3dos\u00edtott napirendi pontjainak elfogad\u00e1s\u00e1r\u00f3l<\/a><\/li>\n<\/ul>\n","protected":false},"excerpt":{"rendered":"<p><a href=\"https:\/\/semmelweis.hu\/jogigfoig\/files\/2018\/01\/1_sz_I_25_2018_munkaterv_elfogadasarol.pdf\">A Semmelweis Egyetem Szen\u00e1tus\u00e1nak 1\/2018. (I. 25.) sz\u00e1m\u00fa hat\u00e1rozata a Szen\u00e1tus 2018. \u00e9v I. f\u00e9l\u00e9vi (tavaszi szemeszter) \u00fcl\u00e9s- \u00e9s munkaterv\u00e9nek elfogad\u00e1s\u00e1r\u00f3l<\/a><br \/>\n<a href=\"https:\/\/semmelweis.hu\/jogigfoig\/files\/2018\/01\/2_sz_I_25_2018_SZMSZ_kutatoprofesszor.pdf\">A Semmelweis Egyetem Szen\u00e1tus\u00e1nak 2\/2018. (I. 25.) sz\u00e1m\u00fa hat\u00e1rozata a Szervezeti \u00e9s M\u0171k\u00f6d\u00e9si Szab\u00e1lyzat m\u00f3dos\u00edt\u00e1s\u00e1r\u00f3l<\/a><br \/>\n<a href=\"https:\/\/semmelweis.hu\/jogigfoig\/files\/2018\/01\/3_sz_I_25_2018_KKPSZK_FKR.pdf\">A Semmelweis Egyetem Szen\u00e1tus\u00e1nak 3\/2018 (I. 25.) sz\u00e1m\u00fa hat\u00e1rozata a Kiemelt Kondukt\u00edv Pedag\u00f3giai Szolg\u00e1ltat\u00e1sok K\u00f6zpontja megsz\u00fcntet\u00e9s\u00e9r\u0151l \u00e9s feladatainak a Pet\u0151 Andr\u00e1s Kar \u00e1ltali \u00e1tv\u00e9tel\u00e9r\u0151l , valamint a Semmelweis Egyetem Szervezeti \u00e9s M\u0171k\u00f6d\u00e9si Szab\u00e1lyzat\u00e1nak egy\u00e9b m\u00f3dos\u00edt\u00e1s\u00e1r\u00f3l<\/a><br \/>\n<a href=\"https:\/\/semmelweis.hu\/jogigfoig\/files\/2018\/01\/4_sz_I_25_SZMSZ_egyes_rendelk_CV_FM.pdf\">A Semmelweis Egyetem Szen\u00e1tus\u00e1nak 4\/2018. (I. 25.) sz\u00e1m\u00fa hat\u00e1rozata a \u201eszervezeti \u00e9s m\u0171k\u00f6d\u00e9si szab\u00e1lyzat egyes rendelkez\u00e9seinek m\u00f3dos\u00edt\u00e1sa\u201d c\u00edm\u0171 el\u0151terjeszt\u00e9s elfogad\u00e1s\u00e1r\u00f3l<\/a>\u00a0 \u00a0 \u00a0<a href=\"https:\/\/semmelweis.hu\/jogigfoig\/files\/2018\/03\/4.sz_._I.25._SZMSZ-egyes-rendelk._CV_FM_mell\u00e9klet.pdf\">Valamint a hat\u00e1rozat\u00a0\u00a0mell\u00e9klete<\/a><br \/>\n<a href=\"https:\/\/semmelweis.hu\/jogigfoig\/files\/2018\/01\/5_sz_I_25_2018_Jo_tanulo_jo_sportolo_kituntetes_adomanyozasa.pdf\">A Semmelweis Egyetem Szen\u00e1tus\u00e1nak 5\/2018. (I. 25.) sz\u00e1m\u00fa hat\u00e1rozata a \u201eJ\u00f3 tanul\u00f3 \u2013 j\u00f3 sportol\u00f3\u201d kit\u00fcntet\u0151 c\u00edmek oda\u00edt\u00e9l\u00e9s\u00e9r\u0151l c\u00edm\u0171 el\u0151terjeszt\u00e9s elfogad\u00e1s\u00e1r\u00f3l<\/a><br \/>\n<a href=\"https:\/\/semmelweis.hu\/jogigfoig\/files\/2018\/01\/6_2017_I_25_sz_szenatusi_hatarozat_kituntetesi_szabalyzat_modositasa.pdf\">A Semmelweis Egyetem Szen\u00e1tus\u00e1nak 6\/2018. (I. 25.) sz\u00e1m\u00fa hat\u00e1rozata Az egyetemi kit\u00fcntet\u00e9sek, d\u00edjak adom\u00e1nyoz\u00e1s\u00e1r\u00f3l, valamint az \u00e1llami kit\u00fcntet\u00e9sek felterjeszt\u00e9si elj\u00e1r\u00e1s\u00e1r\u00f3l sz\u00f3l\u00f3 szab\u00e1lyzat m\u00f3dos\u00edt\u00e1s\u00e1r\u00f3l<\/a><br \/>\n<a href=\"https:\/\/semmelweis.hu\/jogigfoig\/files\/2018\/01\/7_sz_I_25_2018_ETK_apolas_MSc_tantervek.pdf\">A Semmelweis Egyetem Szen\u00e1tus\u00e1nak 7\/2018. (I.25.) sz\u00e1m\u00fa hat\u00e1rozata az Eg\u00e9szs\u00e9gtudom\u00e1nyi Kar \u00e1pol\u00e1s mesterk\u00e9pz\u00e9si szak tanterveinek \u00e9s el\u0151k\u00f6vetelm\u00e9nyi rendjeinek elfogad\u00e1s\u00e1r\u00f3l<\/a><br \/>\n<a href=\"https:\/\/semmelweis.hu\/jogigfoig\/files\/2018\/01\/N_I_25_2018_hatarozat_a_szenatusi_ules_modositott_napirendi_pontjainak_elfogadasarol.pdf\">A Semmelweis Egyetem Szen\u00e1tus\u00e1nak N-I. 25.\/2018. sz\u00e1m\u00fa hat\u00e1rozata a szen\u00e1tusi \u00fcl\u00e9s m\u00f3dos\u00edtott napirendi pontjainak elfogad\u00e1s\u00e1r\u00f3l<\/a><\/p>\n","protected":false},"author":101117,"featured_media":0,"parent":10434,"menu_order":1,"comment_status":"closed","ping_status":"closed","template":"","meta":{"_acf_changed":false,"footnotes":""},"categories":[],"tags":[],"class_list":["post-10436","page","type-page","status-publish","hentry"],"acf":[],"_links":{"self":[{"href":"https:\/\/semmelweis.hu\/jogigfoig\/wp-json\/wp\/v2\/pages\/10436","targetHints":{"allow":["GET"]}}],"collection":[{"href":"https:\/\/semmelweis.hu\/jogigfoig\/wp-json\/wp\/v2\/pages"}],"about":[{"href":"https:\/\/semmelweis.hu\/jogigfoig\/wp-json\/wp\/v2\/types\/page"}],"author":[{"embeddable":true,"href":"https:\/\/semmelweis.hu\/jogigfoig\/wp-json\/wp\/v2\/users\/101117"}],"replies":[{"embeddable":true,"href":"https:\/\/semmelweis.hu\/jogigfoig\/wp-json\/wp\/v2\/comments?post=10436"}],"version-history":[{"count":4,"href":"https:\/\/semmelweis.hu\/jogigfoig\/wp-json\/wp\/v2\/pages\/10436\/revisions"}],"predecessor-version":[{"id":10802,"href":"https:\/\/semmelweis.hu\/jogigfoig\/wp-json\/wp\/v2\/pages\/10436\/revisions\/10802"}],"up":[{"embeddable":true,"href":"https:\/\/semmelweis.hu\/jogigfoig\/wp-json\/wp\/v2\/pages\/10434"}],"wp:attachment":[{"href":"https:\/\/semmelweis.hu\/jogigfoig\/wp-json\/wp\/v2\/media?parent=10436"}],"wp:term":[{"taxonomy":"category","embeddable":true,"href":"https:\/\/semmelweis.hu\/jogigfoig\/wp-json\/wp\/v2\/categories?post=10436"},{"taxonomy":"post_tag","embeddable":true,"href":"https:\/\/semmelweis.hu\/jogigfoig\/wp-json\/wp\/v2\/tags?post=10436"}],"curies":[{"name":"wp","href":"https:\/\/api.w.org\/{rel}","templated":true}]}}