{"id":10434,"date":"2018-01-31T15:12:53","date_gmt":"2018-01-31T14:12:53","guid":{"rendered":"http:\/\/semmelweis.hu\/jogigfoig\/?page_id=10434"},"modified":"2025-09-29T14:26:08","modified_gmt":"2025-09-29T12:26:08","slug":"2018-evi-szenatusi-hatarozatok","status":"publish","type":"page","link":"https:\/\/semmelweis.hu\/jogigfoig\/testuletek\/szenatus\/2018-evi-szenatusi-hatarozatok\/","title":{"rendered":"2018. \u00e9vi Szen\u00e1tusi hat\u00e1rozatok"},"content":{"rendered":"<ul>\n<li><a href=\"https:\/\/semmelweis.hu\/jogigfoig\/testuletek\/szenatus\/2018-evi-szenatusi-hatarozatok\/2018-december-20\/\">2018. december 20.<\/a><\/li>\n<li><a href=\"https:\/\/semmelweis.hu\/jogigfoig\/testuletek\/szenatus\/2018-evi-szenatusi-hatarozatok\/2018-november-29\/\">2018. november 29.<\/a><\/li>\n<li><a href=\"https:\/\/semmelweis.hu\/jogigfoig\/testuletek\/szenatus\/2018-evi-szenatusi-hatarozatok\/2018-oktober-25\/\">2018. okt\u00f3ber 25.<\/a><\/li>\n<li><a href=\"https:\/\/semmelweis.hu\/jogigfoig\/testuletek\/szenatus\/2018-evi-szenatusi-hatarozatok\/2018-oktober-18\/\">2018. okt\u00f3ber 18. (Elektronikus szavaz\u00e1s)<\/a><\/li>\n<li><a href=\"https:\/\/semmelweis.hu\/jogigfoig\/testuletek\/szenatus\/2018-evi-szenatusi-hatarozatok\/2018-oktober-16-elektronikus-szavazas\/\">2018. okt\u00f3ber 16. (Elektronikus szavaz\u00e1s)<\/a><\/li>\n<li><a href=\"https:\/\/semmelweis.hu\/jogigfoig\/testuletek\/szenatus\/2018-evi-szenatusi-hatarozatok\/2018-szeptember-27\/\">2018. szeptember 27.<\/a><\/li>\n<li><a href=\"https:\/\/semmelweis.hu\/jogigfoig\/testuletek\/szenatus\/2018-evi-szenatusi-hatarozatok\/2018-szeptember-14\/\">2018. szeptember 14. (Elektronikus szavaz\u00e1s)<\/a><\/li>\n<li><a href=\"https:\/\/semmelweis.hu\/jogigfoig\/testuletek\/szenatus\/2018-evi-szenatusi-hatarozatok\/2018-augusztus-23\/\">2018. augusztus 23.<\/a><\/li>\n<li><a href=\"https:\/\/semmelweis.hu\/jogigfoig\/2018-julius-16\/\">2018. j\u00falius 16.<\/a><\/li>\n<li><a href=\"https:\/\/semmelweis.hu\/jogigfoig\/testuletek\/szenatus\/2018-evi-szenatusi-hatarozatok\/2018-julius-11\/\">2018. j\u00falius 10. (Elektronikus szavaz\u00e1s)<\/a><\/li>\n<li><a href=\"https:\/\/semmelweis.hu\/jogigfoig\/testuletek\/szenatus\/2018-evi-szenatusi-hatarozatok\/2018-junius-28\/\">2018. j\u00fanius 28.<\/a><\/li>\n<li><a href=\"https:\/\/semmelweis.hu\/jogigfoig\/testuletek\/szenatus\/2018-evi-szenatusi-hatarozatok\/2018-majus-31\/\">2018. m\u00e1jus 31.<\/a><\/li>\n<li><a href=\"https:\/\/semmelweis.hu\/jogigfoig\/2018\/05\/31\/2018-majus-29-szenatusi-hatarozatok-elektronikus-szavazas\/\">2018. m\u00e1jus 29. (Elektronikus szavaz\u00e1s)<\/a><\/li>\n<li><a href=\"https:\/\/semmelweis.hu\/jogigfoig\/testuletek\/szenatus\/2018-evi-szenatusi-hatarozatok\/szenatusi-hatarozatok-2018-aprilis-26\/\">2018. \u00e1prilis. 26.<\/a><\/li>\n<li><a href=\"https:\/\/semmelweis.hu\/jogigfoig\/testuletek\/szenatus\/2018-evi-szenatusi-hatarozatok\/2018-marcius-29\/\">2018. m\u00e1rcius 29.<\/a><\/li>\n<li><a href=\"https:\/\/semmelweis.hu\/jogigfoig\/10768-2\/\">2018. m\u00e1rcius 1.<\/a><\/li>\n<li><a href=\"https:\/\/semmelweis.hu\/jogigfoig\/dokumentumtar\/szenatus\/2018-evi-szenatusi-hatarozatok\/2018-januar-31-elektronikus-szavazas\/\">2018. janu\u00e1r 31. (Elektronikus szavaz\u00e1s)<\/a><\/li>\n<li><a href=\"https:\/\/semmelweis.hu\/jogigfoig\/dokumentumtar\/szenatus\/2018-evi-szenatusi-hatarozatok\/2018-januar-25\/\">2018. janu\u00e1r 25.<\/a><\/li>\n<\/ul>\n","protected":false},"excerpt":{"rendered":"<p><a href=\"https:\/\/semmelweis.hu\/jogigfoig\/testuletek\/szenatus\/2018-evi-szenatusi-hatarozatok\/2018-december-20\/\">2018. december 20.<\/a><br \/>\n<a href=\"https:\/\/semmelweis.hu\/jogigfoig\/testuletek\/szenatus\/2018-evi-szenatusi-hatarozatok\/2018-november-29\/\">2018. november 29.<\/a><br \/>\n<a href=\"https:\/\/semmelweis.hu\/jogigfoig\/testuletek\/szenatus\/2018-evi-szenatusi-hatarozatok\/2018-oktober-25\/\">2018. okt\u00f3ber 25.<\/a><br \/>\n<a href=\"https:\/\/semmelweis.hu\/jogigfoig\/testuletek\/szenatus\/2018-evi-szenatusi-hatarozatok\/2018-oktober-18\/\">2018. okt\u00f3ber 18. (Elektronikus szavaz\u00e1s)<\/a><br \/>\n<a href=\"https:\/\/semmelweis.hu\/jogigfoig\/testuletek\/szenatus\/2018-evi-szenatusi-hatarozatok\/2018-oktober-16-elektronikus-szavazas\/\">2018. okt\u00f3ber 16. (Elektronikus szavaz\u00e1s)<\/a><br \/>\n<a href=\"https:\/\/semmelweis.hu\/jogigfoig\/testuletek\/szenatus\/2018-evi-szenatusi-hatarozatok\/2018-szeptember-27\/\">2018. szeptember 27.<\/a><br \/>\n<a href=\"https:\/\/semmelweis.hu\/jogigfoig\/testuletek\/szenatus\/2018-evi-szenatusi-hatarozatok\/2018-szeptember-14\/\">2018. szeptember 14. (Elektronikus szavaz\u00e1s)<\/a><br \/>\n<a href=\"https:\/\/semmelweis.hu\/jogigfoig\/testuletek\/szenatus\/2018-evi-szenatusi-hatarozatok\/2018-augusztus-23\/\">2018. augusztus 23.<\/a><br \/>\n<a href=\"https:\/\/semmelweis.hu\/jogigfoig\/2018-julius-16\/\">2018. j\u00falius 16.<\/a><br \/>\n<a href=\"https:\/\/semmelweis.hu\/jogigfoig\/testuletek\/szenatus\/2018-evi-szenatusi-hatarozatok\/2018-julius-11\/\">2018. j\u00falius 10. (Elektronikus szavaz\u00e1s)<\/a><br \/>\n<a href=\"https:\/\/semmelweis.hu\/jogigfoig\/testuletek\/szenatus\/2018-evi-szenatusi-hatarozatok\/2018-junius-28\/\">2018. j\u00fanius 28.<\/a><br \/>\n<a href=\"https:\/\/semmelweis.hu\/jogigfoig\/testuletek\/szenatus\/2018-evi-szenatusi-hatarozatok\/2018-majus-31\/\">2018. m\u00e1jus 31.<\/a><br \/>\n<a href=\"https:\/\/semmelweis.hu\/jogigfoig\/2018\/05\/31\/2018-majus-29-szenatusi-hatarozatok-elektronikus-szavazas\/\">2018. m\u00e1jus 29. (Elektronikus szavaz\u00e1s)<\/a><br \/>\n<a href=\"https:\/\/semmelweis.hu\/jogigfoig\/testuletek\/szenatus\/2018-evi-szenatusi-hatarozatok\/szenatusi-hatarozatok-2018-aprilis-26\/\">2018. \u00e1prilis. 26.<\/a><br \/>\n<a href=\"https:\/\/semmelweis.hu\/jogigfoig\/testuletek\/szenatus\/2018-evi-szenatusi-hatarozatok\/2018-marcius-29\/\">2018. m\u00e1rcius 29.<\/a><br \/>\n<a href=\"https:\/\/semmelweis.hu\/jogigfoig\/10768-2\/\">2018. m\u00e1rcius 1.<\/a><br \/>\n<a href=\"https:\/\/semmelweis.hu\/jogigfoig\/dokumentumtar\/szenatus\/2018-evi-szenatusi-hatarozatok\/2018-januar-31-elektronikus-szavazas\/\">2018. janu\u00e1r 31. (Elektronikus szavaz\u00e1s)<\/a><br \/>\n<a href=\"https:\/\/semmelweis.hu\/jogigfoig\/dokumentumtar\/szenatus\/2018-evi-szenatusi-hatarozatok\/2018-januar-25\/\">2018. janu\u00e1r 25.<\/a><\/p>\n","protected":false},"author":101117,"featured_media":0,"parent":43,"menu_order":92,"comment_status":"closed","ping_status":"closed","template":"","meta":{"_acf_changed":false,"footnotes":""},"categories":[],"tags":[],"class_list":["post-10434","page","type-page","status-publish","hentry"],"acf":[],"_links":{"self":[{"href":"https:\/\/semmelweis.hu\/jogigfoig\/wp-json\/wp\/v2\/pages\/10434","targetHints":{"allow":["GET"]}}],"collection":[{"href":"https:\/\/semmelweis.hu\/jogigfoig\/wp-json\/wp\/v2\/pages"}],"about":[{"href":"https:\/\/semmelweis.hu\/jogigfoig\/wp-json\/wp\/v2\/types\/page"}],"author":[{"embeddable":true,"href":"https:\/\/semmelweis.hu\/jogigfoig\/wp-json\/wp\/v2\/users\/101117"}],"replies":[{"embeddable":true,"href":"https:\/\/semmelweis.hu\/jogigfoig\/wp-json\/wp\/v2\/comments?post=10434"}],"version-history":[{"count":11,"href":"https:\/\/semmelweis.hu\/jogigfoig\/wp-json\/wp\/v2\/pages\/10434\/revisions"}],"predecessor-version":[{"id":72288,"href":"https:\/\/semmelweis.hu\/jogigfoig\/wp-json\/wp\/v2\/pages\/10434\/revisions\/72288"}],"up":[{"embeddable":true,"href":"https:\/\/semmelweis.hu\/jogigfoig\/wp-json\/wp\/v2\/pages\/43"}],"wp:attachment":[{"href":"https:\/\/semmelweis.hu\/jogigfoig\/wp-json\/wp\/v2\/media?parent=10434"}],"wp:term":[{"taxonomy":"category","embeddable":true,"href":"https:\/\/semmelweis.hu\/jogigfoig\/wp-json\/wp\/v2\/categories?post=10434"},{"taxonomy":"post_tag","embeddable":true,"href":"https:\/\/semmelweis.hu\/jogigfoig\/wp-json\/wp\/v2\/tags?post=10434"}],"curies":[{"name":"wp","href":"https:\/\/api.w.org\/{rel}","templated":true}]}}