{"id":103653,"date":"2025-12-23T14:16:18","date_gmt":"2025-12-23T13:16:18","guid":{"rendered":"https:\/\/semmelweis.hu\/jogigfoig\/?page_id=103653"},"modified":"2026-01-07T09:36:59","modified_gmt":"2026-01-07T08:36:59","slug":"2025-december-18-2","status":"publish","type":"page","link":"https:\/\/semmelweis.hu\/jogigfoig\/testuletek\/szenatus\/2025-evi-szenatusi-hatarozatok\/2025-december-18-2\/","title":{"rendered":"2025. december 18."},"content":{"rendered":"<p style=\"text-align: justify\"><a href=\"https:\/\/semmelweis.hu\/jogigfoig\/files\/2025\/12\/118_2025_vagyongazdalkodasi-terv-modositas.pdf\">A Semmelweis Egyetem Szen\u00e1tus\u00e1nak 118\/2025. (XII.18.) sz\u00e1m\u00fa hat\u00e1rozata a Semmelweis Egyetem vagyongazd\u00e1lkod\u00e1si terv\u00e9nek m\u00f3dos\u00edt\u00e1s\u00e1r\u00f3l 2022-2032. \u00e9v<\/a><\/p>\n<p style=\"text-align: justify\"><a href=\"https:\/\/semmelweis.hu\/jogigfoig\/files\/2025\/12\/119_2025_2026-evi-koltsegvetes.pdf\">A Semmelweis Egyetem Szen\u00e1tus\u00e1nak 119\/2025. (XII.18.) sz\u00e1m\u00fa hat\u00e1rozata a Semmelweis Egyetem 2026. \u00e9vi int\u00e9zm\u00e9nyi k\u00f6lts\u00e9gvet\u00e9s\u00e9r\u0151l<\/a><\/p>\n<p style=\"text-align: justify\"><a href=\"https:\/\/semmelweis.hu\/jogigfoig\/files\/2025\/12\/120_2025_Teli-Egyetem-szabvall.pdf\">A Semmelweis Egyetem Szen\u00e1tus\u00e1nak 120\/2025. (XII.18.) sz\u00e1m\u00fa hat\u00e1rozata a \u201eT\u00e9li Egyetem \u2013 Implantol\u00f3giai Tudom\u00e1nyos Nap\u201d c\u00edm\u0171 szabadon v\u00e1laszthat\u00f3 tant\u00e1rgy meghirdet\u00e9s\u00e9r\u0151l<\/a><\/p>\n<p style=\"text-align: justify\"><a href=\"https:\/\/semmelweis.hu\/jogigfoig\/files\/2025\/12\/120_2025_melleklet_tantargyi-kovetlmenyrendszer.pdf\">A Semmelweis Egyetem Szen\u00e1tus\u00e1nak 120\/2025. (XII.18.) sz\u00e1m\u00fa hat\u00e1rozata a \u201eT\u00e9li Egyetem \u2013 Implantol\u00f3giai Tudom\u00e1nyos Nap\u201d c\u00edm\u0171 szabadon v\u00e1laszthat\u00f3 tant\u00e1rgy meghirdet\u00e9s\u00e9r\u0151l &#8211; 1 sz. mell\u00e9klet<\/a><\/p>\n<p style=\"text-align: justify\"><a href=\"https:\/\/semmelweis.hu\/jogigfoig\/files\/2025\/12\/121_2025_Transzlacios-Medicina-nevvaltoztatas.pdf\">A Semmelweis Egyetem Szen\u00e1tus\u00e1nak 121\/2025. (XII. 18.) sz\u00e1m\u00fa hat\u00e1rozata a Transzl\u00e1ci\u00f3s Medicina Int\u00e9zet nev\u00e9nek Klinikai K\u00f3r\u00e9lettani Int\u00e9zetre t\u00f6rt\u00e9n\u0151 megv\u00e1ltoztat\u00e1s\u00e1r\u00f3l<\/a><\/p>\n<p style=\"text-align: justify\"><a href=\"https:\/\/semmelweis.hu\/jogigfoig\/files\/2025\/12\/122_2025_Python-szabvall.pdf\">A Semmelweis Egyetem Szen\u00e1tus\u00e1nak 122\/2025. (XII.18.) sz\u00e1m\u00fa hat\u00e1rozata a \u201eBevezet\u00e9s a Python programoz\u00e1si nyelv alapjaiba\u201d \u00e9s \u201eBevezet\u00e9s a Python programoz\u00e1si nyelv adattudom\u00e1nyi alkalmaz\u00e1saiba\u201d c\u00edm\u0171 szabadon v\u00e1laszthat\u00f3 tant\u00e1rgyak l\u00e9trehoz\u00e1s\u00e1r\u00f3l<\/a><\/p>\n<p style=\"text-align: justify\"><a href=\"https:\/\/semmelweis.hu\/jogigfoig\/files\/2025\/12\/122_2025_Melleklet_1.pdf\">A Semmelweis Egyetem Szen\u00e1tus\u00e1nak 122\/2025. (XII.18.) sz\u00e1m\u00fa hat\u00e1rozata a \u201eBevezet\u00e9s a Python programoz\u00e1si nyelv alapjaiba\u201d \u00e9s \u201eBevezet\u00e9s a Python programoz\u00e1si nyelv adattudom\u00e1nyi alkalmaz\u00e1saiba\u201d c\u00edm\u0171 szabadon v\u00e1laszthat\u00f3 tant\u00e1rgyak l\u00e9trehoz\u00e1s\u00e1r\u00f3l &#8211; 1. sz\u00e1m\u00fa mell\u00e9klet<\/a><\/p>\n<p style=\"text-align: justify\"><a href=\"https:\/\/semmelweis.hu\/jogigfoig\/files\/2025\/12\/122_2025_Melleklet_2.pdf\">A Semmelweis Egyetem Szen\u00e1tus\u00e1nak 122\/2025. (XII.18.) sz\u00e1m\u00fa hat\u00e1rozata a \u201eBevezet\u00e9s a Python programoz\u00e1si nyelv alapjaiba\u201d \u00e9s \u201eBevezet\u00e9s a Python programoz\u00e1si nyelv adattudom\u00e1nyi alkalmaz\u00e1saiba\u201d c\u00edm\u0171 szabadon v\u00e1laszthat\u00f3 tant\u00e1rgyak l\u00e9trehoz\u00e1s\u00e1r\u00f3l &#8211; 2. sz\u00e1m\u00fa mell\u00e9kle<\/a>t<\/p>\n<p style=\"text-align: justify\"><a href=\"https:\/\/semmelweis.hu\/jogigfoig\/files\/2025\/12\/122_2025_Melleklet_3.pdf\">A Semmelweis Egyetem Szen\u00e1tus\u00e1nak 122\/2025. (XII.18.) sz\u00e1m\u00fa hat\u00e1rozata a \u201eBevezet\u00e9s a Python programoz\u00e1si nyelv alapjaiba\u201d \u00e9s \u201eBevezet\u00e9s a Python programoz\u00e1si nyelv adattudom\u00e1nyi alkalmaz\u00e1saiba\u201d c\u00edm\u0171 szabadon v\u00e1laszthat\u00f3 tant\u00e1rgyak l\u00e9trehoz\u00e1s\u00e1r\u00f3l &#8211; 3. sz\u00e1m\u00fa mell\u00e9klet<\/a><\/p>\n<p style=\"text-align: justify\"><a href=\"https:\/\/semmelweis.hu\/jogigfoig\/files\/2025\/12\/122_2025_Melleklet_4.pdf\">A Semmelweis Egyetem Szen\u00e1tus\u00e1nak 122\/2025. (XII.18.) sz\u00e1m\u00fa hat\u00e1rozata a \u201eBevezet\u00e9s a Python programoz\u00e1si nyelv alapjaiba\u201d \u00e9s \u201eBevezet\u00e9s a Python programoz\u00e1si nyelv adattudom\u00e1nyi alkalmaz\u00e1saiba\u201d c\u00edm\u0171 szabadon v\u00e1laszthat\u00f3 tant\u00e1rgyak l\u00e9trehoz\u00e1s\u00e1r\u00f3l &#8211; 4. sz\u00e1m\u00fa mell\u00e9klet<\/a><\/p>\n<p style=\"text-align: justify\"><a href=\"https:\/\/semmelweis.hu\/jogigfoig\/files\/2025\/12\/123_2025_Well-Being.pdf\">A Semmelweis Egyetem Szen\u00e1tus\u00e1nak 123\/2025. (XII. 18.) sz\u00e1m\u00fa hat\u00e1rozata a \u201eWell-Being oriented Healthcare master programme\u201d (J\u00f3l-l\u00e9t f\u00f3kusz\u00fa eg\u00e9szs\u00e9g\u00fcgy mesterk\u00e9pz\u00e9si szak) eur\u00f3pai finansz\u00edroz\u00e1s\u00fa k\u00f6z\u00f6s k\u00e9pz\u00e9s l\u00e9tes\u00edt\u00e9s\u00e9r\u0151l \u00e9s ind\u00edt\u00e1s\u00e1r\u00f3l<\/a><\/p>\n<p style=\"text-align: justify\"><a href=\"https:\/\/semmelweis.hu\/jogigfoig\/files\/2025\/12\/123_2025_Melleklet.pdf\">A Semmelweis Egyetem Szen\u00e1tus\u00e1nak 123\/2025. (XII. 18.) sz\u00e1m\u00fa hat\u00e1rozata a \u201eWell-Being oriented Healthcare master programme\u201d (J\u00f3l-l\u00e9t f\u00f3kusz\u00fa eg\u00e9szs\u00e9g\u00fcgy mesterk\u00e9pz\u00e9si szak) eur\u00f3pai finansz\u00edroz\u00e1s\u00fa k\u00f6z\u00f6s k\u00e9pz\u00e9s l\u00e9tes\u00edt\u00e9s\u00e9r\u0151l \u00e9s ind\u00edt\u00e1s\u00e1r\u00f3l &#8211; 1. sz\u00e1m\u00fa mell\u00e9klet<\/a><\/p>\n<p style=\"text-align: justify\"><a href=\"https:\/\/semmelweis.hu\/jogigfoig\/files\/2025\/12\/124_2025_Kivalo-Tudomanyos-Diakkori-Nevelok.pdf\">A Semmelweis Egyetem Szen\u00e1tus\u00e1nak 124\/2025. (XII.18.) sz\u00e1m\u00fa hat\u00e1rozata a \u201eSemmelweis Egyetem Kiv\u00e1l\u00f3 Tudom\u00e1nyos Di\u00e1kk\u00f6ri Nevel\u0151je\u201d kit\u00fcntet\u0151 c\u00edm adom\u00e1nyoz\u00e1s\u00e1r\u00f3l<\/a><\/p>\n<p style=\"text-align: justify\"><a href=\"https:\/\/semmelweis.hu\/jogigfoig\/files\/2025\/12\/125_2025_SzMSz-II.4.-Resz_honorary-prof.pdf\">A Semmelweis Egyetem Szen\u00e1tus\u00e1nak 125\/2025. (XII.18.) sz\u00e1m\u00fa hat\u00e1rozata a Szervezeti \u00e9s M\u0171k\u00f6d\u00e9si Szab\u00e1lyzat II. K\u00f6nyv Foglalkoztat\u00e1si K\u00f6vetelm\u00e9nyrendszer II.4. R\u00e9sz &#8211; A fels\u0151oktat\u00e1si int\u00e9zm\u00e9ny \u00e1ltal adom\u00e1nyozhat\u00f3 c\u00edmek felt\u00e9telei &#8211; egyes rendelkez\u00e9seinek m\u00f3dos\u00edt\u00e1s\u00e1r\u00f3l<\/a><\/p>\n<p style=\"text-align: justify\"><a href=\"https:\/\/semmelweis.hu\/jogigfoig\/files\/2026\/01\/125_2025_Melleklet_SzMSz-II.4.pdf\">A Semmelweis Egyetem Szen\u00e1tus\u00e1nak 125\/2025. (XII.18.) sz\u00e1m\u00fa hat\u00e1rozata a Szervezeti \u00e9s M\u0171k\u00f6d\u00e9si Szab\u00e1lyzat II. K\u00f6nyv Foglalkoztat\u00e1si K\u00f6vetelm\u00e9nyrendszer II.4. R\u00e9sz &#8211; A fels\u0151oktat\u00e1si int\u00e9zm\u00e9ny \u00e1ltal adom\u00e1nyozhat\u00f3 c\u00edmek felt\u00e9telei &#8211; egyes rendelkez\u00e9seinek m\u00f3dos\u00edt\u00e1s\u00e1r\u00f3l &#8211; 1. sz\u00e1m\u00fa mell\u00e9klet<\/a><\/p>\n<p style=\"text-align: justify\"><a href=\"https:\/\/semmelweis.hu\/jogigfoig\/files\/2025\/12\/126_2025_SzMSZ-I.1-Resz_gremiumok-es-operativ-bizottsag.pdf\">A Semmelweis Egyetem Szen\u00e1tus\u00e1nak 126\/2025. (XII.18.) sz\u00e1m\u00fa hat\u00e1rozata a Szervezeti \u00e9s M\u0171k\u00f6d\u00e9si Szab\u00e1lyzat I.1. R\u00e9sz &#8211; \u00c1ltal\u00e1nos szervezeti \u00e9s m\u0171k\u00f6d\u00e9si rendelkez\u00e9sek m\u00f3dos\u00edt\u00e1s\u00e1r\u00f3l<\/a><\/p>\n<p style=\"text-align: justify\"><a href=\"https:\/\/semmelweis.hu\/jogigfoig\/files\/2025\/12\/126_2025_Melleklet-I.1.-Resz_gremiumok-es-opreativ-bizottsag.pdf\">A Semmelweis Egyetem Szen\u00e1tus\u00e1nak 126\/2025. (XII.18.) sz\u00e1m\u00fa hat\u00e1rozata a Szervezeti \u00e9s M\u0171k\u00f6d\u00e9si Szab\u00e1lyzat I.1. R\u00e9sz &#8211; \u00c1ltal\u00e1nos szervezeti \u00e9s m\u0171k\u00f6d\u00e9si rendelkez\u00e9sek m\u00f3dos\u00edt\u00e1s\u00e1r\u00f3l &#8211; 1. sz\u00e1m\u00fa mell\u00e9klet<\/a><\/p>\n<p style=\"text-align: justify\"><a href=\"https:\/\/semmelweis.hu\/jogigfoig\/files\/2025\/12\/127_2025_Irattari-terv-modositasa.pdf\">A Semmelweis Egyetem Szen\u00e1tus\u00e1nak 127\/2025. (XII.18.) sz\u00e1m\u00fa hat\u00e1rozata az Iratkezel\u00e9si \u00e9s elektronikus \u00fcgyint\u00e9z\u00e9si szab\u00e1lyzat I. K\u00f6nyv Iratkezel\u00e9si szab\u00e1lyzat 1. sz\u00e1m\u00fa mell\u00e9klet (Iratt\u00e1ri terv) m\u00f3dos\u00edt\u00e1s\u00e1r\u00f3l<\/a><\/p>\n<p style=\"text-align: justify\"><a href=\"https:\/\/semmelweis.hu\/jogigfoig\/files\/2025\/12\/128_2025_aktualis-vezetoi.pdf\">A Semmelweis Egyetem Szen\u00e1tus\u00e1nak 128\/2025. (XII.18.) sz\u00e1m\u00fa hat\u00e1rozata az aktu\u00e1lis vezet\u0151i p\u00e1ly\u00e1zatok v\u00e9lem\u00e9nyez\u00e9s\u00e9r\u0151l<\/a><\/p>\n<p>&nbsp;<\/p>\n<p>&nbsp;<\/p>\n<p>&nbsp;<\/p>\n<p>&nbsp;<\/p>\n","protected":false},"excerpt":{"rendered":"<p><a href=\"https:\/\/semmelweis.hu\/jogigfoig\/files\/2025\/12\/118_2025_vagyongazdalkodasi-terv-modositas.pdf\">A Semmelweis Egyetem Szen\u00e1tus\u00e1nak 118\/2025. (XII.18.) sz\u00e1m\u00fa hat\u00e1rozata a Semmelweis Egyetem vagyongazd\u00e1lkod\u00e1si terv\u00e9nek m\u00f3dos\u00edt\u00e1s\u00e1r\u00f3l 2022-2032. \u00e9v<\/a><br \/>\n<a href=\"https:\/\/semmelweis.hu\/jogigfoig\/files\/2025\/12\/119_2025_2026-evi-koltsegvetes.pdf\">A Semmelweis Egyetem Szen\u00e1tus\u00e1nak 119\/2025. (XII.18.) sz\u00e1m\u00fa hat\u00e1rozata a Semmelweis Egyetem 2026. \u00e9vi int\u00e9zm\u00e9nyi k\u00f6lts\u00e9gvet\u00e9s\u00e9r\u0151l<\/a><br \/>\n<a href=\"https:\/\/semmelweis.hu\/jogigfoig\/files\/2025\/12\/120_2025_Teli-Egyetem-szabvall.pdf\">A Semmelweis Egyetem Szen\u00e1tus\u00e1nak 120\/2025. (XII.18.) sz\u00e1m\u00fa hat\u00e1rozata a \u201eT\u00e9li Egyetem \u2013 Implantol\u00f3giai Tudom\u00e1nyos Nap\u201d c\u00edm\u0171 szabadon v\u00e1laszthat\u00f3 tant\u00e1rgy meghirdet\u00e9s\u00e9r\u0151l<\/a><br \/>\n<a href=\"https:\/\/semmelweis.hu\/jogigfoig\/files\/2025\/12\/120_2025_melleklet_tantargyi-kovetlmenyrendszer.pdf\">A Semmelweis Egyetem Szen\u00e1tus\u00e1nak 120\/2025. (XII.18.) sz\u00e1m\u00fa hat\u00e1rozata a \u201eT\u00e9li Egyetem \u2013 Implantol\u00f3giai Tudom\u00e1nyos Nap\u201d c\u00edm\u0171 szabadon v\u00e1laszthat\u00f3 tant\u00e1rgy meghirdet\u00e9s\u00e9r\u0151l &#8211; 1 sz. mell\u00e9klet<\/a><br \/>\n<a href=\"https:\/\/semmelweis.hu\/jogigfoig\/files\/2025\/12\/121_2025_Transzlacios-Medicina-nevvaltoztatas.pdf\">A Semmelweis Egyetem Szen\u00e1tus\u00e1nak 121\/2025. (XII. 18.) sz\u00e1m\u00fa hat\u00e1rozata a Transzl\u00e1ci\u00f3s Medicina Int\u00e9zet nev\u00e9nek Klinikai K\u00f3r\u00e9lettani Int\u00e9zetre t\u00f6rt\u00e9n\u0151 megv\u00e1ltoztat\u00e1s\u00e1r\u00f3l<\/a><br \/>\n<a href=\"https:\/\/semmelweis.hu\/jogigfoig\/files\/2025\/12\/122_2025_Python-szabvall.pdf\">A Semmelweis Egyetem Szen\u00e1tus\u00e1nak 122\/2025. (XII.18.) sz\u00e1m\u00fa hat\u00e1rozata a \u201eBevezet\u00e9s a Python programoz\u00e1si nyelv alapjaiba\u201d \u00e9s \u201eBevezet\u00e9s a Python programoz\u00e1si nyelv adattudom\u00e1nyi alkalmaz\u00e1saiba\u201d c\u00edm\u0171 szabadon v\u00e1laszthat\u00f3 tant\u00e1rgyak l\u00e9trehoz\u00e1s\u00e1r\u00f3l<\/a><br \/>\n<a href=\"https:\/\/semmelweis.hu\/jogigfoig\/files\/2025\/12\/122_2025_Melleklet_1.pdf\">A Semmelweis Egyetem Szen\u00e1tus\u00e1nak 122\/2025. (XII.18.) sz\u00e1m\u00fa hat\u00e1rozata a \u201eBevezet\u00e9s a Python programoz\u00e1si nyelv alapjaiba\u201d \u00e9s \u201eBevezet\u00e9s a Python programoz\u00e1si nyelv adattudom\u00e1nyi alkalmaz\u00e1saiba\u201d c\u00edm\u0171 szabadon v\u00e1laszthat\u00f3 tant\u00e1rgyak l\u00e9trehoz\u00e1s\u00e1r\u00f3l &#8211; 1. sz\u00e1m\u00fa mell\u00e9klet<\/a><br \/>\n<a href=\"https:\/\/semmelweis.hu\/jogigfoig\/files\/2025\/12\/122_2025_Melleklet_2.pdf\">A Semmelweis Egyetem Szen\u00e1tus\u00e1nak 122\/2025. (XII.18.) sz\u00e1m\u00fa hat\u00e1rozata a \u201eBevezet\u00e9s a Python programoz\u00e1si nyelv alapjaiba\u201d \u00e9s \u201eBevezet\u00e9s a Python programoz\u00e1si nyelv adattudom\u00e1nyi alkalmaz\u00e1saiba\u201d c\u00edm\u0171 szabadon v\u00e1laszthat\u00f3 tant\u00e1rgyak l\u00e9trehoz\u00e1s\u00e1r\u00f3l &#8211; 2. sz\u00e1m\u00fa mell\u00e9kle<\/a>t<br \/>\n<a href=\"https:\/\/semmelweis.hu\/jogigfoig\/files\/2025\/12\/122_2025_Melleklet_3.pdf\">A Semmelweis Egyetem Szen\u00e1tus\u00e1nak 122\/2025. (XII.18.) sz\u00e1m\u00fa hat\u00e1rozata a \u201eBevezet\u00e9s a Python programoz\u00e1si nyelv alapjaiba\u201d \u00e9s \u201eBevezet\u00e9s a Python programoz\u00e1si nyelv adattudom\u00e1nyi alkalmaz\u00e1saiba\u201d c\u00edm\u0171 szabadon v\u00e1laszthat\u00f3 tant\u00e1rgyak l\u00e9trehoz\u00e1s\u00e1r\u00f3l &#8211; 3. sz\u00e1m\u00fa mell\u00e9klet<\/a><br \/>\n<a href=\"https:\/\/semmelweis.hu\/jogigfoig\/files\/2025\/12\/122_2025_Melleklet_4.pdf\">A Semmelweis Egyetem Szen\u00e1tus\u00e1nak 122\/2025. (XII.18.) sz\u00e1m\u00fa hat\u00e1rozata a \u201eBevezet\u00e9s a Python programoz\u00e1si nyelv alapjaiba\u201d \u00e9s \u201eBevezet\u00e9s a Python programoz\u00e1si nyelv adattudom\u00e1nyi alkalmaz\u00e1saiba\u201d c\u00edm\u0171 szabadon v\u00e1laszthat\u00f3 tant\u00e1rgyak l\u00e9trehoz\u00e1s\u00e1r\u00f3l &#8211; 4. sz\u00e1m\u00fa mell\u00e9klet<\/a><br \/>\n<a href=\"https:\/\/semmelweis.hu\/jogigfoig\/files\/2025\/12\/123_2025_Well-Being.pdf\">A Semmelweis Egyetem Szen\u00e1tus\u00e1nak 123\/2025. (XII. 18.) sz\u00e1m\u00fa hat\u00e1rozata a \u201eWell-Being oriented Healthcare master programme\u201d (J\u00f3l-l\u00e9t f\u00f3kusz\u00fa eg\u00e9szs\u00e9g\u00fcgy mesterk\u00e9pz\u00e9si szak) eur\u00f3pai finansz\u00edroz\u00e1s\u00fa k\u00f6z\u00f6s k\u00e9pz\u00e9s l\u00e9tes\u00edt\u00e9s\u00e9r\u0151l \u00e9s ind\u00edt\u00e1s\u00e1r\u00f3l<\/a><br \/>\n<a href=\"https:\/\/semmelweis.hu\/jogigfoig\/files\/2025\/12\/123_2025_Melleklet.pdf\">A Semmelweis Egyetem Szen\u00e1tus\u00e1nak 123\/2025. (XII. 18.) sz\u00e1m\u00fa hat\u00e1rozata a \u201eWell-Being oriented Healthcare master programme\u201d (J\u00f3l-l\u00e9t f\u00f3kusz\u00fa eg\u00e9szs\u00e9g\u00fcgy mesterk\u00e9pz\u00e9si szak) eur\u00f3pai finansz\u00edroz\u00e1s\u00fa k\u00f6z\u00f6s k\u00e9pz\u00e9s l\u00e9tes\u00edt\u00e9s\u00e9r\u0151l \u00e9s ind\u00edt\u00e1s\u00e1r\u00f3l &#8211; 1. sz\u00e1m\u00fa mell\u00e9klet<\/a><br \/>\n<a href=\"https:\/\/semmelweis.hu\/jogigfoig\/files\/2025\/12\/124_2025_Kivalo-Tudomanyos-Diakkori-Nevelok.pdf\">A Semmelweis Egyetem Szen\u00e1tus\u00e1nak 124\/2025. (XII.18.) sz\u00e1m\u00fa hat\u00e1rozata a \u201eSemmelweis Egyetem Kiv\u00e1l\u00f3 Tudom\u00e1nyos Di\u00e1kk\u00f6ri Nevel\u0151je\u201d kit\u00fcntet\u0151 c\u00edm adom\u00e1nyoz\u00e1s\u00e1r\u00f3l<\/a><br \/>\n<a href=\"https:\/\/semmelweis.hu\/jogigfoig\/files\/2025\/12\/125_2025_SzMSz-II.4.-Resz_honorary-prof.pdf\">A Semmelweis Egyetem Szen\u00e1tus\u00e1nak 125\/2025. (XII.18.) sz\u00e1m\u00fa hat\u00e1rozata a Szervezeti \u00e9s M\u0171k\u00f6d\u00e9si Szab\u00e1lyzat II. K\u00f6nyv Foglalkoztat\u00e1si K\u00f6vetelm\u00e9nyrendszer II.4. R\u00e9sz &#8211; A fels\u0151oktat\u00e1si int\u00e9zm\u00e9ny \u00e1ltal adom\u00e1nyozhat\u00f3 c\u00edmek felt\u00e9telei &#8211; egyes rendelkez\u00e9seinek m\u00f3dos\u00edt\u00e1s\u00e1r\u00f3l<\/a><br \/>\n<a href=\"https:\/\/semmelweis.hu\/jogigfoig\/files\/2026\/01\/125_2025_Melleklet_SzMSz-II.4.pdf\">A Semmelweis Egyetem Szen\u00e1tus\u00e1nak 125\/2025. (XII.18.) sz\u00e1m\u00fa hat\u00e1rozata a Szervezeti \u00e9s M\u0171k\u00f6d\u00e9si Szab\u00e1lyzat II. K\u00f6nyv Foglalkoztat\u00e1si K\u00f6vetelm\u00e9nyrendszer II.4. R\u00e9sz &#8211; A fels\u0151oktat\u00e1si int\u00e9zm\u00e9ny \u00e1ltal adom\u00e1nyozhat\u00f3 c\u00edmek felt\u00e9telei &#8211; egyes rendelkez\u00e9seinek m\u00f3dos\u00edt\u00e1s\u00e1r\u00f3l &#8211; 1. sz\u00e1m\u00fa mell\u00e9klet<\/a><br \/>\n<a href=\"https:\/\/semmelweis.hu\/jogigfoig\/files\/2025\/12\/126_2025_SzMSZ-I.1-Resz_gremiumok-es-operativ-bizottsag.pdf\">A Semmelweis Egyetem Szen\u00e1tus\u00e1nak 126\/2025. (XII.18.) sz\u00e1m\u00fa hat\u00e1rozata a Szervezeti \u00e9s M\u0171k\u00f6d\u00e9si Szab\u00e1lyzat I.1. R\u00e9sz &#8211; \u00c1ltal\u00e1nos szervezeti \u00e9s m\u0171k\u00f6d\u00e9si rendelkez\u00e9sek m\u00f3dos\u00edt\u00e1s\u00e1r\u00f3l<\/a><br \/>\n<a href=\"https:\/\/semmelweis.hu\/jogigfoig\/files\/2025\/12\/126_2025_Melleklet-I.1.-Resz_gremiumok-es-opreativ-bizottsag.pdf\">A Semmelweis Egyetem Szen\u00e1tus\u00e1nak 126\/2025. (XII.18.) sz\u00e1m\u00fa hat\u00e1rozata a Szervezeti \u00e9s M\u0171k\u00f6d\u00e9si Szab\u00e1lyzat I.1. R\u00e9sz &#8211; \u00c1ltal\u00e1nos szervezeti \u00e9s m\u0171k\u00f6d\u00e9si rendelkez\u00e9sek m\u00f3dos\u00edt\u00e1s\u00e1r\u00f3l &#8211; 1. sz\u00e1m\u00fa mell\u00e9klet<\/a><br \/>\n<a href=\"https:\/\/semmelweis.hu\/jogigfoig\/files\/2025\/12\/127_2025_Irattari-terv-modositasa.pdf\">A Semmelweis Egyetem Szen\u00e1tus\u00e1nak 127\/2025. (XII.18.) sz\u00e1m\u00fa hat\u00e1rozata az Iratkezel\u00e9si \u00e9s elektronikus \u00fcgyint\u00e9z\u00e9si szab\u00e1lyzat I. K\u00f6nyv Iratkezel\u00e9si szab\u00e1lyzat 1. sz\u00e1m\u00fa mell\u00e9klet (Iratt\u00e1ri terv) m\u00f3dos\u00edt\u00e1s\u00e1r\u00f3l<\/a><br \/>\n<a href=\"https:\/\/semmelweis.hu\/jogigfoig\/files\/2025\/12\/128_2025_aktualis-vezetoi.pdf\">A Semmelweis Egyetem Szen\u00e1tus\u00e1nak 128\/2025. (XII.18.) sz\u00e1m\u00fa hat\u00e1rozata az aktu\u00e1lis vezet\u0151i p\u00e1ly\u00e1zatok v\u00e9lem\u00e9nyez\u00e9s\u00e9r\u0151l<\/a><br \/>\n&nbsp;<br \/>\n&nbsp;<br \/>\n&nbsp;<br \/>\n&nbsp;<\/p>\n","protected":false},"author":102029,"featured_media":0,"parent":96382,"menu_order":40,"comment_status":"closed","ping_status":"closed","template":"","meta":{"_acf_changed":false,"footnotes":""},"categories":[],"tags":[],"class_list":["post-103653","page","type-page","status-publish","hentry"],"acf":[],"_links":{"self":[{"href":"https:\/\/semmelweis.hu\/jogigfoig\/wp-json\/wp\/v2\/pages\/103653","targetHints":{"allow":["GET"]}}],"collection":[{"href":"https:\/\/semmelweis.hu\/jogigfoig\/wp-json\/wp\/v2\/pages"}],"about":[{"href":"https:\/\/semmelweis.hu\/jogigfoig\/wp-json\/wp\/v2\/types\/page"}],"author":[{"embeddable":true,"href":"https:\/\/semmelweis.hu\/jogigfoig\/wp-json\/wp\/v2\/users\/102029"}],"replies":[{"embeddable":true,"href":"https:\/\/semmelweis.hu\/jogigfoig\/wp-json\/wp\/v2\/comments?post=103653"}],"version-history":[{"count":4,"href":"https:\/\/semmelweis.hu\/jogigfoig\/wp-json\/wp\/v2\/pages\/103653\/revisions"}],"predecessor-version":[{"id":103768,"href":"https:\/\/semmelweis.hu\/jogigfoig\/wp-json\/wp\/v2\/pages\/103653\/revisions\/103768"}],"up":[{"embeddable":true,"href":"https:\/\/semmelweis.hu\/jogigfoig\/wp-json\/wp\/v2\/pages\/96382"}],"wp:attachment":[{"href":"https:\/\/semmelweis.hu\/jogigfoig\/wp-json\/wp\/v2\/media?parent=103653"}],"wp:term":[{"taxonomy":"category","embeddable":true,"href":"https:\/\/semmelweis.hu\/jogigfoig\/wp-json\/wp\/v2\/categories?post=103653"},{"taxonomy":"post_tag","embeddable":true,"href":"https:\/\/semmelweis.hu\/jogigfoig\/wp-json\/wp\/v2\/tags?post=103653"}],"curies":[{"name":"wp","href":"https:\/\/api.w.org\/{rel}","templated":true}]}}