{"id":103182,"date":"2025-12-03T16:04:33","date_gmt":"2025-12-03T15:04:33","guid":{"rendered":"https:\/\/semmelweis.hu\/jogigfoig\/?page_id=103182"},"modified":"2025-12-03T16:04:33","modified_gmt":"2025-12-03T15:04:33","slug":"2025-november-27","status":"publish","type":"page","link":"https:\/\/semmelweis.hu\/jogigfoig\/testuletek\/szenatus\/2025-evi-szenatusi-hatarozatok\/2025-november-27\/","title":{"rendered":"2025. november 27."},"content":{"rendered":"<p style=\"text-align: justify\"><a href=\"https:\/\/semmelweis.hu\/jogigfoig\/files\/2025\/12\/109_2025_SzMSz-modositas.pdf\">A Semmelweis Egyetem Szen\u00e1tus\u00e1nak 109\/2025. (XI.27.) sz\u00e1m\u00fa hat\u00e1rozata a Szervezeti \u00e9s M\u0171k\u00f6d\u00e9si Szab\u00e1lyzat egyes rendelkez\u00e9seinek m\u00f3dos\u00edt\u00e1s\u00e1r\u00f3l\u00a0<\/a><\/p>\n<p style=\"text-align: justify\"><a href=\"https:\/\/semmelweis.hu\/jogigfoig\/files\/2025\/12\/109_2025_melleklet-1_SZMSZ-egyes-rendelkezeseirol.pdf\">A Semmelweis Egyetem Szen\u00e1tus\u00e1nak 109\/2025. (XI.27.) sz\u00e1m\u00fa hat\u00e1rozata a Szervezeti \u00e9s M\u0171k\u00f6d\u00e9si Szab\u00e1lyzat egyes rendelkez\u00e9seinek m\u00f3dos\u00edt\u00e1s\u00e1r\u00f3l &#8211; 1. sz\u00e1m\u00fa mell\u00e9klet<\/a><\/p>\n<p style=\"text-align: justify\"><a href=\"https:\/\/semmelweis.hu\/jogigfoig\/files\/2025\/12\/109_2025_melleklet-2_SZMSZ-egyes-rendelkezeseirol.pdf\">A Semmelweis Egyetem Szen\u00e1tus\u00e1nak 109\/2025. (XI.27.) sz\u00e1m\u00fa hat\u00e1rozata a Szervezeti \u00e9s M\u0171k\u00f6d\u00e9si Szab\u00e1lyzat egyes rendelkez\u00e9seinek m\u00f3dos\u00edt\u00e1s\u00e1r\u00f3l- 2. sz\u00e1m\u00fa mell\u00e9klet\u00a0<\/a><\/p>\n<p style=\"text-align: justify\"><a href=\"https:\/\/semmelweis.hu\/jogigfoig\/files\/2025\/12\/109_20252_melleklet-2_1-sz-fuggelek.pdf\">A Semmelweis Egyetem Szen\u00e1tus\u00e1nak 109\/2025. (XI.27.) sz\u00e1m\u00fa hat\u00e1rozata a Szervezeti \u00e9s M\u0171k\u00f6d\u00e9si Szab\u00e1lyzat egyes rendelkez\u00e9seinek m\u00f3dos\u00edt\u00e1s\u00e1r\u00f3l &#8211; 2. sz\u00e1m\u00fa mell\u00e9klet 1- sz\u00e1m\u00fa f\u00fcggel\u00e9k<\/a><\/p>\n<p style=\"text-align: justify\"><a href=\"https:\/\/semmelweis.hu\/jogigfoig\/files\/2025\/12\/109_2025_melleklet-3_HOK-egyetertes.pdf\">A Semmelweis Egyetem Szen\u00e1tus\u00e1nak 109\/2025. (XI.27.) sz\u00e1m\u00fa hat\u00e1rozata a Szervezeti \u00e9s M\u0171k\u00f6d\u00e9si Szab\u00e1lyzat egyes rendelkez\u00e9seinek m\u00f3dos\u00edt\u00e1s\u00e1r\u00f3l &#8211; Hallgat\u00f3i \u00d6nkorm\u00e1nyzat egyet\u00e9rt\u00e9s<\/a><\/p>\n<p style=\"text-align: justify\"><a href=\"https:\/\/semmelweis.hu\/jogigfoig\/files\/2025\/12\/110_2025_SzMSz-III.2.-es-Kituntetesi-szabalyzat-modositasa.pdf\">A Semmelweis Egyetem Szen\u00e1tus\u00e1nak 110\/2025. (XI.27.) sz\u00e1m\u00fa hat\u00e1rozata a Szervezeti \u00e9s M\u0171k\u00f6d\u00e9si Szab\u00e1lyzat III. K\u00f6nyv Hallgat\u00f3i k\u00f6vetelm\u00e9nyrendszer III.2. R\u00e9sz Tanulm\u00e1nyi \u00e9s Vizsgaszab\u00e1lyzat, valamint a Kit\u00fcntet\u00e9sek \u00e9s d\u00edjak adom\u00e1nyoz\u00e1s\u00e1r\u00f3l sz\u00f3l\u00f3 szab\u00e1lyzat egyes rendelkez\u00e9seinek m\u00f3dos\u00edt\u00e1s\u00e1r\u00f3l<\/a><\/p>\n<p style=\"text-align: justify\"><a href=\"https:\/\/semmelweis.hu\/jogigfoig\/files\/2025\/12\/110_2025_1-sz-melleklet.pdf\">A Semmelweis Egyetem Szen\u00e1tus\u00e1nak 110\/2025. (XI.27.) sz\u00e1m\u00fa hat\u00e1rozata a Szervezeti \u00e9s M\u0171k\u00f6d\u00e9si Szab\u00e1lyzat III. K\u00f6nyv Hallgat\u00f3i k\u00f6vetelm\u00e9nyrendszer III.2. R\u00e9sz Tanulm\u00e1nyi \u00e9s Vizsgaszab\u00e1lyzat, valamint a Kit\u00fcntet\u00e9sek \u00e9s d\u00edjak adom\u00e1nyoz\u00e1s\u00e1r\u00f3l sz\u00f3l\u00f3 szab\u00e1lyzat egyes rendelkez\u00e9seinek m\u00f3dos\u00edt\u00e1s\u00e1r\u00f3l &#8211; 1. sz\u00e1m\u00fa mell\u00e9klet<\/a><\/p>\n<p style=\"text-align: justify\"><a href=\"https:\/\/semmelweis.hu\/jogigfoig\/files\/2025\/12\/110_2025_2-sz-melleklet_HOK-egyetertes.pdf\">A Semmelweis Egyetem Szen\u00e1tus\u00e1nak 110\/2025. (XI.27.) sz\u00e1m\u00fa hat\u00e1rozata a Szervezeti \u00e9s M\u0171k\u00f6d\u00e9si Szab\u00e1lyzat III. K\u00f6nyv Hallgat\u00f3i k\u00f6vetelm\u00e9nyrendszer III.2. R\u00e9sz Tanulm\u00e1nyi \u00e9s Vizsgaszab\u00e1lyzat, valamint a Kit\u00fcntet\u00e9sek \u00e9s d\u00edjak adom\u00e1nyoz\u00e1s\u00e1r\u00f3l sz\u00f3l\u00f3 szab\u00e1lyzat egyes rendelkez\u00e9seinek m\u00f3dos\u00edt\u00e1s\u00e1r\u00f3l &#8211; Hallgat\u00f3i \u00d6nkorm\u00e1nyzat egyet\u00e9rt\u00e9s<\/a><\/p>\n<p style=\"text-align: justify\"><a href=\"https:\/\/semmelweis.hu\/jogigfoig\/files\/2025\/12\/111_2025_SzMSz_Felveteli-szabalyzat-modositas.pdf\">A Semmelweis Egyetem Szen\u00e1tus\u00e1nak 111\/2025. (XI.27.) sz\u00e1m\u00fa hat\u00e1rozata a Szervezeti \u00e9s M\u0171k\u00f6d\u00e9si Szab\u00e1lyzat III. K\u00f6nyv Hallgat\u00f3i k\u00f6vetelm\u00e9nyrendszer III.1. R\u00e9sz Felv\u00e9teli Szab\u00e1lyzat m\u00f3dos\u00edt\u00e1s\u00e1r\u00f3l<\/a><\/p>\n<p style=\"text-align: justify\"><a href=\"https:\/\/semmelweis.hu\/jogigfoig\/files\/2025\/12\/111_2025_melleklet-1_SzMSz_Felveteli-szabalyzat-modositas.pdf\">A Semmelweis Egyetem Szen\u00e1tus\u00e1nak 111\/2025. (XI.27.) sz\u00e1m\u00fa hat\u00e1rozata a Szervezeti \u00e9s M\u0171k\u00f6d\u00e9si Szab\u00e1lyzat III. K\u00f6nyv Hallgat\u00f3i k\u00f6vetelm\u00e9nyrendszer III.1. R\u00e9sz Felv\u00e9teli Szab\u00e1lyzat m\u00f3dos\u00edt\u00e1s\u00e1r\u00f3l &#8211; 1. sz\u00e1m\u00fa mell\u00e9klet<\/a><\/p>\n<p style=\"text-align: justify\"><a href=\"https:\/\/semmelweis.hu\/jogigfoig\/files\/2025\/12\/112_2025_Uj-minosegcelok-minoseg-es-szakpolitikak-elfogadasarol.pdf\">A Semmelweis Egyetem Szen\u00e1tus\u00e1nak 112\/2025. (XI.27.) sz\u00e1m\u00fa hat\u00e1rozata az \u00faj min\u0151s\u00e9gc\u00e9lok, min\u0151s\u00e9g- \u00e9s szakpolitik\u00e1k elfogad\u00e1s\u00e1r\u00f3l<\/a><\/p>\n<p style=\"text-align: justify\"><a href=\"https:\/\/semmelweis.hu\/jogigfoig\/files\/2025\/12\/113_2025_ETK-uj-kepzesek.pdf\">A Semmelweis Egyetem Szen\u00e1tus\u00e1nak 113\/2025. (XI.27.) sz\u00e1m\u00fa hat\u00e1rozata a Semmelweis Egyetem Eg\u00e9szs\u00e9gtudom\u00e1nyi Kar\u00e1n t\u00f6rt\u00e9n\u0151 \u00faj k\u00e9pz\u00e9sek l\u00e9tes\u00edt\u00e9s\u00e9r\u0151l, illetve ind\u00edt\u00e1s\u00e1r\u00f3l<\/a><\/p>\n<p style=\"text-align: justify\"><a href=\"https:\/\/semmelweis.hu\/jogigfoig\/files\/2025\/12\/114_2025_EKK-EMBM_mesterkepzes-szakfelelos-valtozas.pdf\">A Semmelweis Egyetem Szen\u00e1tus\u00e1nak 114\/2025. (XI.27.) sz\u00e1m\u00fa hat\u00e1rozata az Eg\u00e9szs\u00e9g\u00fcgyi K\u00f6zszolg\u00e1lati Kar Eg\u00e9szs\u00e9g\u00fcgyi Menedzserk\u00e9pz\u0151 K\u00f6zpont eg\u00e9szs\u00e9g\u00fcgyi-min\u0151s\u00e9g\u00fcgyi \u00e9s betegbiztons\u00e1gi menedzsment mesterk\u00e9pz\u00e9si szak szakfelel\u0151s\u00e9nek v\u00e1ltoz\u00e1s\u00e1r\u00f3l<\/a><\/p>\n<p style=\"text-align: justify\"><a href=\"https:\/\/semmelweis.hu\/jogigfoig\/files\/2025\/12\/115_2025_EKK-MHI-kepzesek_mintatanterv-modositas.pdf\">A Semmelweis Egyetem Szen\u00e1tus\u00e1nak 115\/2025. (XI.27.) sz\u00e1m\u00fa hat\u00e1rozata az Eg\u00e9szs\u00e9g\u00fcgyi K\u00f6zszolg\u00e1lati Kar Ment\u00e1lhigi\u00e9n\u00e9 Int\u00e9zet egyes k\u00e9pz\u00e9sei mintatanterv\u00e9nek m\u00f3dos\u00edt\u00e1s\u00e1r\u00f3l<\/a><\/p>\n<p style=\"text-align: justify\"><a href=\"https:\/\/semmelweis.hu\/jogigfoig\/files\/2025\/12\/116_2025_aktualis-vezetoi.pdf\">A Semmelweis Egyetem Szen\u00e1tus\u00e1nak 116\/2025. (XI.27.) sz\u00e1m\u00fa hat\u00e1rozata az aktu\u00e1lis vezet\u0151i p\u00e1ly\u00e1zatok v\u00e9lem\u00e9nyez\u00e9s\u00e9r\u0151l<\/a><\/p>\n<p style=\"text-align: justify\">\u00a0<\/p>\n","protected":false},"excerpt":{"rendered":"<p><a href=\"https:\/\/semmelweis.hu\/jogigfoig\/files\/2025\/12\/109_2025_SzMSz-modositas.pdf\">A Semmelweis Egyetem Szen\u00e1tus\u00e1nak 109\/2025. (XI.27.) sz\u00e1m\u00fa hat\u00e1rozata a Szervezeti \u00e9s M\u0171k\u00f6d\u00e9si Szab\u00e1lyzat egyes rendelkez\u00e9seinek m\u00f3dos\u00edt\u00e1s\u00e1r\u00f3l\u00a0<\/a><br \/>\n<a href=\"https:\/\/semmelweis.hu\/jogigfoig\/files\/2025\/12\/109_2025_melleklet-1_SZMSZ-egyes-rendelkezeseirol.pdf\">A Semmelweis Egyetem Szen\u00e1tus\u00e1nak 109\/2025. (XI.27.) sz\u00e1m\u00fa hat\u00e1rozata a Szervezeti \u00e9s M\u0171k\u00f6d\u00e9si Szab\u00e1lyzat egyes rendelkez\u00e9seinek m\u00f3dos\u00edt\u00e1s\u00e1r\u00f3l &#8211; 1. sz\u00e1m\u00fa mell\u00e9klet<\/a><br \/>\n<a href=\"https:\/\/semmelweis.hu\/jogigfoig\/files\/2025\/12\/109_2025_melleklet-2_SZMSZ-egyes-rendelkezeseirol.pdf\">A Semmelweis Egyetem Szen\u00e1tus\u00e1nak 109\/2025. (XI.27.) sz\u00e1m\u00fa hat\u00e1rozata a Szervezeti \u00e9s M\u0171k\u00f6d\u00e9si Szab\u00e1lyzat egyes rendelkez\u00e9seinek m\u00f3dos\u00edt\u00e1s\u00e1r\u00f3l- 2. sz\u00e1m\u00fa mell\u00e9klet\u00a0<\/a><br \/>\n<a href=\"https:\/\/semmelweis.hu\/jogigfoig\/files\/2025\/12\/109_20252_melleklet-2_1-sz-fuggelek.pdf\">A Semmelweis Egyetem Szen\u00e1tus\u00e1nak 109\/2025. (XI.27.) sz\u00e1m\u00fa hat\u00e1rozata a Szervezeti \u00e9s M\u0171k\u00f6d\u00e9si Szab\u00e1lyzat egyes rendelkez\u00e9seinek m\u00f3dos\u00edt\u00e1s\u00e1r\u00f3l &#8211; 2. sz\u00e1m\u00fa mell\u00e9klet 1- sz\u00e1m\u00fa f\u00fcggel\u00e9k<\/a><br \/>\n<a href=\"https:\/\/semmelweis.hu\/jogigfoig\/files\/2025\/12\/109_2025_melleklet-3_HOK-egyetertes.pdf\">A Semmelweis Egyetem Szen\u00e1tus\u00e1nak 109\/2025. (XI.27.) sz\u00e1m\u00fa hat\u00e1rozata a Szervezeti \u00e9s M\u0171k\u00f6d\u00e9si Szab\u00e1lyzat egyes rendelkez\u00e9seinek m\u00f3dos\u00edt\u00e1s\u00e1r\u00f3l &#8211; Hallgat\u00f3i \u00d6nkorm\u00e1nyzat egyet\u00e9rt\u00e9s<\/a><br \/>\n<a href=\"https:\/\/semmelweis.hu\/jogigfoig\/files\/2025\/12\/110_2025_SzMSz-III.2.-es-Kituntetesi-szabalyzat-modositasa.pdf\">A Semmelweis Egyetem Szen\u00e1tus\u00e1nak 110\/2025. (XI.27.) sz\u00e1m\u00fa hat\u00e1rozata a Szervezeti \u00e9s M\u0171k\u00f6d\u00e9si Szab\u00e1lyzat III. K\u00f6nyv Hallgat\u00f3i k\u00f6vetelm\u00e9nyrendszer III.2. R\u00e9sz Tanulm\u00e1nyi \u00e9s Vizsgaszab\u00e1lyzat, valamint a Kit\u00fcntet\u00e9sek \u00e9s d\u00edjak adom\u00e1nyoz\u00e1s\u00e1r\u00f3l sz\u00f3l\u00f3 szab\u00e1lyzat egyes rendelkez\u00e9seinek m\u00f3dos\u00edt\u00e1s\u00e1r\u00f3l<\/a><br \/>\n<a href=\"https:\/\/semmelweis.hu\/jogigfoig\/files\/2025\/12\/110_2025_1-sz-melleklet.pdf\">A Semmelweis Egyetem Szen\u00e1tus\u00e1nak 110\/2025. (XI.27.) sz\u00e1m\u00fa hat\u00e1rozata a Szervezeti \u00e9s M\u0171k\u00f6d\u00e9si Szab\u00e1lyzat III. K\u00f6nyv Hallgat\u00f3i k\u00f6vetelm\u00e9nyrendszer III.2. R\u00e9sz Tanulm\u00e1nyi \u00e9s Vizsgaszab\u00e1lyzat, valamint a Kit\u00fcntet\u00e9sek \u00e9s d\u00edjak adom\u00e1nyoz\u00e1s\u00e1r\u00f3l sz\u00f3l\u00f3 szab\u00e1lyzat egyes rendelkez\u00e9seinek m\u00f3dos\u00edt\u00e1s\u00e1r\u00f3l &#8211; 1. sz\u00e1m\u00fa mell\u00e9klet<\/a><br \/>\n<a href=\"https:\/\/semmelweis.hu\/jogigfoig\/files\/2025\/12\/110_2025_2-sz-melleklet_HOK-egyetertes.pdf\">A Semmelweis Egyetem Szen\u00e1tus\u00e1nak 110\/2025. (XI.27.) sz\u00e1m\u00fa hat\u00e1rozata a Szervezeti \u00e9s M\u0171k\u00f6d\u00e9si Szab\u00e1lyzat III. K\u00f6nyv Hallgat\u00f3i k\u00f6vetelm\u00e9nyrendszer III.2. R\u00e9sz Tanulm\u00e1nyi \u00e9s Vizsgaszab\u00e1lyzat, valamint a Kit\u00fcntet\u00e9sek \u00e9s d\u00edjak adom\u00e1nyoz\u00e1s\u00e1r\u00f3l sz\u00f3l\u00f3 szab\u00e1lyzat egyes rendelkez\u00e9seinek m\u00f3dos\u00edt\u00e1s\u00e1r\u00f3l &#8211; Hallgat\u00f3i \u00d6nkorm\u00e1nyzat egyet\u00e9rt\u00e9s<\/a><br \/>\n<a href=\"https:\/\/semmelweis.hu\/jogigfoig\/files\/2025\/12\/111_2025_SzMSz_Felveteli-szabalyzat-modositas.pdf\">A Semmelweis Egyetem Szen\u00e1tus\u00e1nak 111\/2025. (XI.27.) sz\u00e1m\u00fa hat\u00e1rozata a Szervezeti \u00e9s M\u0171k\u00f6d\u00e9si Szab\u00e1lyzat III. K\u00f6nyv Hallgat\u00f3i k\u00f6vetelm\u00e9nyrendszer III.1. R\u00e9sz Felv\u00e9teli Szab\u00e1lyzat m\u00f3dos\u00edt\u00e1s\u00e1r\u00f3l<\/a><br \/>\n<a href=\"https:\/\/semmelweis.hu\/jogigfoig\/files\/2025\/12\/111_2025_melleklet-1_SzMSz_Felveteli-szabalyzat-modositas.pdf\">A Semmelweis Egyetem Szen\u00e1tus\u00e1nak 111\/2025. (XI.27.) sz\u00e1m\u00fa hat\u00e1rozata a Szervezeti \u00e9s M\u0171k\u00f6d\u00e9si Szab\u00e1lyzat III. K\u00f6nyv Hallgat\u00f3i k\u00f6vetelm\u00e9nyrendszer III.1. R\u00e9sz Felv\u00e9teli Szab\u00e1lyzat m\u00f3dos\u00edt\u00e1s\u00e1r\u00f3l &#8211; 1. sz\u00e1m\u00fa mell\u00e9klet<\/a><br \/>\n<a href=\"https:\/\/semmelweis.hu\/jogigfoig\/files\/2025\/12\/112_2025_Uj-minosegcelok-minoseg-es-szakpolitikak-elfogadasarol.pdf\">A Semmelweis Egyetem Szen\u00e1tus\u00e1nak 112\/2025. (XI.27.) sz\u00e1m\u00fa hat\u00e1rozata az \u00faj min\u0151s\u00e9gc\u00e9lok, min\u0151s\u00e9g- \u00e9s szakpolitik\u00e1k elfogad\u00e1s\u00e1r\u00f3l<\/a><br \/>\n<a href=\"https:\/\/semmelweis.hu\/jogigfoig\/files\/2025\/12\/113_2025_ETK-uj-kepzesek.pdf\">A Semmelweis Egyetem Szen\u00e1tus\u00e1nak 113\/2025. (XI.27.) sz\u00e1m\u00fa hat\u00e1rozata a Semmelweis Egyetem Eg\u00e9szs\u00e9gtudom\u00e1nyi Kar\u00e1n t\u00f6rt\u00e9n\u0151 \u00faj k\u00e9pz\u00e9sek l\u00e9tes\u00edt\u00e9s\u00e9r\u0151l, illetve ind\u00edt\u00e1s\u00e1r\u00f3l<\/a><br \/>\n<a href=\"https:\/\/semmelweis.hu\/jogigfoig\/files\/2025\/12\/114_2025_EKK-EMBM_mesterkepzes-szakfelelos-valtozas.pdf\">A Semmelweis Egyetem Szen\u00e1tus\u00e1nak 114\/2025. (XI.27.) sz\u00e1m\u00fa hat\u00e1rozata az Eg\u00e9szs\u00e9g\u00fcgyi K\u00f6zszolg\u00e1lati Kar Eg\u00e9szs\u00e9g\u00fcgyi Menedzserk\u00e9pz\u0151 K\u00f6zpont eg\u00e9szs\u00e9g\u00fcgyi-min\u0151s\u00e9g\u00fcgyi \u00e9s betegbiztons\u00e1gi menedzsment mesterk\u00e9pz\u00e9si szak szakfelel\u0151s\u00e9nek v\u00e1ltoz\u00e1s\u00e1r\u00f3l<\/a><br \/>\n<a href=\"https:\/\/semmelweis.hu\/jogigfoig\/files\/2025\/12\/115_2025_EKK-MHI-kepzesek_mintatanterv-modositas.pdf\">A Semmelweis Egyetem Szen\u00e1tus\u00e1nak 115\/2025. (XI.27.) sz\u00e1m\u00fa hat\u00e1rozata az Eg\u00e9szs\u00e9g\u00fcgyi K\u00f6zszolg\u00e1lati Kar Ment\u00e1lhigi\u00e9n\u00e9 Int\u00e9zet egyes k\u00e9pz\u00e9sei mintatanterv\u00e9nek m\u00f3dos\u00edt\u00e1s\u00e1r\u00f3l<\/a><br \/>\n<a href=\"https:\/\/semmelweis.hu\/jogigfoig\/files\/2025\/12\/116_2025_aktualis-vezetoi.pdf\">A Semmelweis Egyetem Szen\u00e1tus\u00e1nak 116\/2025. (XI.27.) sz\u00e1m\u00fa hat\u00e1rozata az aktu\u00e1lis vezet\u0151i p\u00e1ly\u00e1zatok v\u00e9lem\u00e9nyez\u00e9s\u00e9r\u0151l<\/a><br \/>\n\u00a0<\/p>\n","protected":false},"author":102029,"featured_media":0,"parent":96382,"menu_order":70,"comment_status":"closed","ping_status":"closed","template":"","meta":{"_acf_changed":false,"footnotes":""},"categories":[],"tags":[],"class_list":["post-103182","page","type-page","status-publish","hentry"],"acf":[],"_links":{"self":[{"href":"https:\/\/semmelweis.hu\/jogigfoig\/wp-json\/wp\/v2\/pages\/103182","targetHints":{"allow":["GET"]}}],"collection":[{"href":"https:\/\/semmelweis.hu\/jogigfoig\/wp-json\/wp\/v2\/pages"}],"about":[{"href":"https:\/\/semmelweis.hu\/jogigfoig\/wp-json\/wp\/v2\/types\/page"}],"author":[{"embeddable":true,"href":"https:\/\/semmelweis.hu\/jogigfoig\/wp-json\/wp\/v2\/users\/102029"}],"replies":[{"embeddable":true,"href":"https:\/\/semmelweis.hu\/jogigfoig\/wp-json\/wp\/v2\/comments?post=103182"}],"version-history":[{"count":2,"href":"https:\/\/semmelweis.hu\/jogigfoig\/wp-json\/wp\/v2\/pages\/103182\/revisions"}],"predecessor-version":[{"id":103199,"href":"https:\/\/semmelweis.hu\/jogigfoig\/wp-json\/wp\/v2\/pages\/103182\/revisions\/103199"}],"up":[{"embeddable":true,"href":"https:\/\/semmelweis.hu\/jogigfoig\/wp-json\/wp\/v2\/pages\/96382"}],"wp:attachment":[{"href":"https:\/\/semmelweis.hu\/jogigfoig\/wp-json\/wp\/v2\/media?parent=103182"}],"wp:term":[{"taxonomy":"category","embeddable":true,"href":"https:\/\/semmelweis.hu\/jogigfoig\/wp-json\/wp\/v2\/categories?post=103182"},{"taxonomy":"post_tag","embeddable":true,"href":"https:\/\/semmelweis.hu\/jogigfoig\/wp-json\/wp\/v2\/tags?post=103182"}],"curies":[{"name":"wp","href":"https:\/\/api.w.org\/{rel}","templated":true}]}}