{"id":103034,"date":"2025-11-28T12:46:23","date_gmt":"2025-11-28T11:46:23","guid":{"rendered":"https:\/\/semmelweis.hu\/jogigfoig\/?page_id=103034"},"modified":"2025-12-01T14:43:45","modified_gmt":"2025-12-01T13:43:45","slug":"iii-14-resz-a-semmelweis-egyetem-szineiben-versenysportot-uzo-nemzetkozi-sportolok-sportegeszsegugyi-ellatasa","status":"publish","type":"page","link":"https:\/\/semmelweis.hu\/jogigfoig\/dokumentumtar\/szabalyzattar\/szervezeti-es-mukodesi-szabalyzat\/iii-konyv-hkr\/iii-14-resz-a-semmelweis-egyetem-szineiben-versenysportot-uzo-nemzetkozi-sportolok-sportegeszsegugyi-ellatasa\/","title":{"rendered":"III. 14. R\u00c9SZ A Semmelweis Egyetem sz\u00edneiben versenysportot \u0171z\u0151 nemzetk\u00f6zi sportol\u00f3k sporteg\u00e9szs\u00e9g\u00fcgyi ell\u00e1t\u00e1sa"},"content":{"rendered":"<p><a href=\"https:\/\/semmelweis.hu\/jogigfoig\/files\/2025\/11\/SZMSZ_HKR_III_KONYV_III_RESZ_14_RESZ_A-SE-szineiben-versenysporto-uzo-nki-sportolok-sporteu-ellatasa_hatalyos_20251107-1.pdf\">III. 14. R\u00c9SZ A SEMMELWEIS EGYETEM SZ\u00cdNEIBEN VERSENYSPORTOT \u0170Z\u0150 NEMZETK\u00d6ZI SPORTOL\u00d3K SPORTEG\u00c9SZS\u00c9G\u00dcGYI ELL\u00c1T\u00c1SA<\/a><\/p>\n","protected":false},"excerpt":{"rendered":"<p><a href=\"https:\/\/semmelweis.hu\/jogigfoig\/files\/2025\/11\/SZMSZ_HKR_III_KONYV_III_RESZ_14_RESZ_A-SE-szineiben-versenysporto-uzo-nki-sportolok-sporteu-ellatasa_hatalyos_20251107-1.pdf\">III. 14. R\u00c9SZ A SEMMELWEIS EGYETEM SZ\u00cdNEIBEN VERSENYSPORTOT \u0170Z\u0150 NEMZETK\u00d6ZI SPORTOL\u00d3K SPORTEG\u00c9SZS\u00c9G\u00dcGYI ELL\u00c1T\u00c1SA<\/a><\/p>\n","protected":false},"author":102029,"featured_media":0,"parent":73489,"menu_order":14,"comment_status":"closed","ping_status":"closed","template":"","meta":{"_acf_changed":false,"footnotes":""},"categories":[],"tags":[],"class_list":["post-103034","page","type-page","status-publish","hentry"],"acf":[],"_links":{"self":[{"href":"https:\/\/semmelweis.hu\/jogigfoig\/wp-json\/wp\/v2\/pages\/103034","targetHints":{"allow":["GET"]}}],"collection":[{"href":"https:\/\/semmelweis.hu\/jogigfoig\/wp-json\/wp\/v2\/pages"}],"about":[{"href":"https:\/\/semmelweis.hu\/jogigfoig\/wp-json\/wp\/v2\/types\/page"}],"author":[{"embeddable":true,"href":"https:\/\/semmelweis.hu\/jogigfoig\/wp-json\/wp\/v2\/users\/102029"}],"replies":[{"embeddable":true,"href":"https:\/\/semmelweis.hu\/jogigfoig\/wp-json\/wp\/v2\/comments?post=103034"}],"version-history":[{"count":3,"href":"https:\/\/semmelweis.hu\/jogigfoig\/wp-json\/wp\/v2\/pages\/103034\/revisions"}],"predecessor-version":[{"id":103143,"href":"https:\/\/semmelweis.hu\/jogigfoig\/wp-json\/wp\/v2\/pages\/103034\/revisions\/103143"}],"up":[{"embeddable":true,"href":"https:\/\/semmelweis.hu\/jogigfoig\/wp-json\/wp\/v2\/pages\/73489"}],"wp:attachment":[{"href":"https:\/\/semmelweis.hu\/jogigfoig\/wp-json\/wp\/v2\/media?parent=103034"}],"wp:term":[{"taxonomy":"category","embeddable":true,"href":"https:\/\/semmelweis.hu\/jogigfoig\/wp-json\/wp\/v2\/categories?post=103034"},{"taxonomy":"post_tag","embeddable":true,"href":"https:\/\/semmelweis.hu\/jogigfoig\/wp-json\/wp\/v2\/tags?post=103034"}],"curies":[{"name":"wp","href":"https:\/\/api.w.org\/{rel}","templated":true}]}}