{"id":102602,"date":"2025-11-11T15:25:02","date_gmt":"2025-11-11T14:25:02","guid":{"rendered":"https:\/\/semmelweis.hu\/jogigfoig\/?page_id=102602"},"modified":"2025-11-24T15:23:12","modified_gmt":"2025-11-24T14:23:12","slug":"2025-november-3","status":"publish","type":"page","link":"https:\/\/semmelweis.hu\/jogigfoig\/testuletek\/szenatus\/2025-evi-szenatusi-hatarozatok\/2025-november-3\/","title":{"rendered":"2025. november 3."},"content":{"rendered":"<p style=\"text-align: justify\"><a href=\"https:\/\/semmelweis.hu\/jogigfoig\/files\/2025\/11\/94_2025_kancellar-szenatusi-tagga-torteno-valasztasa.pdf\">A Semmelweis Egyetem Szen\u00e1tus\u00e1nak 94\/2025. (XI.3.) sz\u00e1m\u00fa hat\u00e1rozata a kancell\u00e1r szen\u00e1tusi tagg\u00e1 t\u00f6rt\u00e9n\u0151 v\u00e1laszt\u00e1s\u00e1r\u00f3l<\/a><\/p>\n<p style=\"text-align: justify\"><a href=\"https:\/\/semmelweis.hu\/jogigfoig\/files\/2025\/11\/95_2025_a-2026-evi-Intezmenyi-koltsegvetes-koncepciojarol.pdf\">A Semmelweis Egyetem Szen\u00e1tus\u00e1nak 95\/2025. (XI.3.) sz\u00e1m\u00fa hat\u00e1rozata a 2026. \u00e9vi Int\u00e9zm\u00e9nyi k\u00f6lts\u00e9gvet\u00e9s koncepci\u00f3j\u00e1r\u00f3l\u00a0<\/a><\/p>\n<p style=\"text-align: justify\"><a href=\"https:\/\/semmelweis.hu\/jogigfoig\/files\/2025\/11\/95_2025_melleklet_Intezmenyi-koltsegvetesi-koncepcio.pdf\">A Semmelweis Egyetem Szen\u00e1tus\u00e1nak 95\/2025. (XI.3.) sz\u00e1m\u00fa hat\u00e1rozata a 2026. \u00e9vi Int\u00e9zm\u00e9nyi k\u00f6lts\u00e9gvet\u00e9s koncepci\u00f3j\u00e1r\u00f3l -1 sz. mell\u00e9klet<\/a><\/p>\n<p style=\"text-align: justify\"><a href=\"https:\/\/semmelweis.hu\/jogigfoig\/files\/2025\/11\/96_2025_SzMSz-modositas.pdf\">A Semmelweis Egyetem Szen\u00e1tus\u00e1nak 96\/2025. (XI.3.) sz\u00e1m\u00fa hat\u00e1rozata a Szervezeti \u00e9s M\u0171k\u00f6d\u00e9si Szab\u00e1lyzat egyes rendelkez\u00e9seinek m\u00f3dos\u00edt\u00e1s\u00e1r\u00f3l<\/a><\/p>\n<p style=\"text-align: justify\"><a href=\"https:\/\/semmelweis.hu\/jogigfoig\/files\/2025\/11\/96_2025_2-melleklet-_SzMSz-modositas.pdf\">A Semmelweis Egyetem Szen\u00e1tus\u00e1nak 96\/2025. (XI.3.) sz\u00e1m\u00fa hat\u00e1rozata a Szervezeti \u00e9s M\u0171k\u00f6d\u00e9si Szab\u00e1lyzat egyes rendelkez\u00e9seinek m\u00f3dos\u00edt\u00e1s\u00e1r\u00f3l &#8211; 2. sz\u00e1m\u00fa mell\u00e9klet<\/a><\/p>\n<p style=\"text-align: justify\"><a href=\"https:\/\/semmelweis.hu\/jogigfoig\/files\/2025\/11\/96_2025_3-sz-melleklet_SzMSz-modositas.pdf\">A Semmelweis Egyetem Szen\u00e1tus\u00e1nak 96\/2025. (XI.3.) sz\u00e1m\u00fa hat\u00e1rozata a Szervezeti \u00e9s M\u0171k\u00f6d\u00e9si Szab\u00e1lyzat egyes rendelkez\u00e9seinek m\u00f3dos\u00edt\u00e1s\u00e1r\u00f3l &#8211; 3. sz\u00e1m\u00fa mell\u00e9klet<\/a><\/p>\n<p style=\"text-align: justify\"><a href=\"https:\/\/semmelweis.hu\/jogigfoig\/files\/2025\/11\/96_2025_3-sz-melleklet-1-sz-fuggeleke.pdf\">A Semmelweis Egyetem Szen\u00e1tus\u00e1nak 96\/2025. (XI.3.) sz\u00e1m\u00fa hat\u00e1rozata a Szervezeti \u00e9s M\u0171k\u00f6d\u00e9si Szab\u00e1lyzat egyes rendelkez\u00e9seinek m\u00f3dos\u00edt\u00e1s\u00e1r\u00f3l-3. sz\u00e1m\u00fa mell\u00e9klet 1. sz\u00e1m\u00fa f\u00fcggel\u00e9ke<\/a><\/p>\n<p><a href=\"https:\/\/semmelweis.hu\/jogigfoig\/files\/2025\/11\/96_2025_melleklet_HOK-egyetertes.pdf\">A Semmelweis Egyetem Szen\u00e1tus\u00e1nak 96\/2025. (XI.3.) sz\u00e1m\u00fa hat\u00e1rozata a Szervezeti \u00e9s M\u0171k\u00f6d\u00e9si Szab\u00e1lyzat egyes rendelkez\u00e9seinek m\u00f3dos\u00edt\u00e1s\u00e1r\u00f3l &#8211; Hallgat\u00f3i \u00d6nkorm\u00e1nyzat egyet\u00e9rt\u00e9s<\/a><\/p>\n<p style=\"text-align: justify\"><a href=\"https:\/\/semmelweis.hu\/jogigfoig\/files\/2025\/11\/97_2025_sporteu_nemzetkozi_SzMSz.pdf\">A Semmelweis Egyetem Szen\u00e1tus\u00e1nak 97\/2025. (XI.3.) sz\u00e1m\u00fa hat\u00e1rozata a Szervezeti \u00e9s M\u0171k\u00f6d\u00e9si Szab\u00e1lyzat III. K\u00f6nyv Hallgat\u00f3i K\u00f6vetelm\u00e9nyrendszer \u00faj III.14. r\u00e9sz (Semmelweis Egyetem sz\u00edneiben versenysportot \u0171z\u0151 nemzetk\u00f6zi sportol\u00f3k sporteg\u00e9szs\u00e9g\u00fcgyi ell\u00e1t\u00e1sa) elfogad\u00e1s\u00e1r\u00f3l<\/a><\/p>\n<p style=\"text-align: justify\"><a href=\"https:\/\/semmelweis.hu\/jogigfoig\/files\/2025\/11\/97_2025_melleklet_sporteu_nemzetkozi_SzMSz.pdf\">A Semmelweis Egyetem Szen\u00e1tus\u00e1nak 97\/2025. (XI.3.) sz\u00e1m\u00fa hat\u00e1rozata a Szervezeti \u00e9s M\u0171k\u00f6d\u00e9si Szab\u00e1lyzat III. K\u00f6nyv Hallgat\u00f3i K\u00f6vetelm\u00e9nyrendszer \u00faj III.14. r\u00e9sz (Semmelweis Egyetem sz\u00edneiben versenysportot \u0171z\u0151 nemzetk\u00f6zi sportol\u00f3k sporteg\u00e9szs\u00e9g\u00fcgyi ell\u00e1t\u00e1sa) elfogad\u00e1s\u00e1r\u00f3l-1 sz. mell\u00e9klet<\/a><\/p>\n<p style=\"text-align: justify\"><a href=\"https:\/\/semmelweis.hu\/jogigfoig\/files\/2025\/11\/98_2025_Semmelweis-Innovacios-Dij.pdf\">A Semmelweis Egyetem Szen\u00e1tus\u00e1nak 98\/2025. (XI.3.) sz\u00e1m\u00fa hat\u00e1rozata a 2025. \u00e9vi Semmelweis Innov\u00e1ci\u00f3s D\u00edj adom\u00e1nyoz\u00e1s\u00e1r\u00f3l<\/a><\/p>\n<p style=\"text-align: justify\"><a href=\"https:\/\/semmelweis.hu\/jogigfoig\/files\/2025\/11\/99_2025_Westpfalz-Klinikum.pdf\">A Semmelweis Egyetem Szen\u00e1tus\u00e1nak 99\/2025. (XI.3.) sz\u00e1m\u00fa hat\u00e1rozata a Westpfalz-Klinikum GmbH-val egy\u00fcttm\u0171k\u00f6d\u00e9s keret\u00e9ben a ,,Medical School Kaiserslautern &#8211; Semmelweis Universit\u00e4t\u201d l\u00e9trehoz\u00e1s\u00e1r\u00f3l<\/a><\/p>\n<p style=\"text-align: justify\"><a href=\"https:\/\/semmelweis.hu\/jogigfoig\/files\/2025\/11\/100_2025_ACH-tantargyfelelos.pdf\">A Semmelweis Egyetem Szen\u00e1tus\u00e1nak 100\/2025. (XI.3.) sz\u00e1m\u00fa hat\u00e1rozata az Asklepios Campus Hamburgra beny\u00fajtott, a Belgy\u00f3gy\u00e1szati \u00e9s Hematol\u00f3giai Klinika \u00e1ltal oktatott Infektol\u00f3gia t\u00e1rgy tant\u00e1rgyfelel\u0151si p\u00e1ly\u00e1zatr\u00f3l<\/a><\/p>\n<p style=\"text-align: justify\"><a href=\"https:\/\/semmelweis.hu\/jogigfoig\/files\/2025\/11\/101_2025_kari-bizottsagok-ugyrendjei.pdf\">A Semmelweis Egyetem Szen\u00e1tus\u00e1nak 101\/2025. (XI.3.) sz\u00e1m\u00fa hat\u00e1rozata a Szen\u00e1tus \u00e1ltal l\u00e9trehozott Karon m\u0171k\u00f6d\u0151 \u00e1lland\u00f3 bizotts\u00e1gok (Etikai \u00e9s Fegyelmi Bizotts\u00e1g, Kredit\u00e1tviteli Bizotts\u00e1g, Tanulm\u00e1nyi \u00e9s Vizsgabizotts\u00e1g) \u00fcgyrendj\u00e9nek j\u00f3v\u00e1hagy\u00e1s\u00e1r\u00f3l<\/a><\/p>\n<p style=\"text-align: justify\"><a href=\"https:\/\/semmelweis.hu\/jogigfoig\/files\/2025\/11\/101_2025_melleklet_EFB-ugyrend.pdf\">A Semmelweis Egyetem Szen\u00e1tus\u00e1nak 101\/2025. (XI.3.) sz\u00e1m\u00fa hat\u00e1rozata a Szen\u00e1tus \u00e1ltal l\u00e9trehozott Karon m\u0171k\u00f6d\u0151 \u00e1lland\u00f3 bizotts\u00e1gok (Etikai \u00e9s Fegyelmi Bizotts\u00e1g, Kredit\u00e1tviteli Bizotts\u00e1g, Tanulm\u00e1nyi \u00e9s Vizsgabizotts\u00e1g) \u00fcgyrendj\u00e9nek j\u00f3v\u00e1hagy\u00e1s\u00e1r\u00f3l-1 sz. mell\u00e9klet &#8211; EFB \u00fcgyrend<\/a><\/p>\n<p style=\"text-align: justify\"><a href=\"https:\/\/semmelweis.hu\/jogigfoig\/files\/2025\/11\/101_2025_melleklet_KAB-ugyrend.pdf\">A Semmelweis Egyetem Szen\u00e1tus\u00e1nak 101\/2025. (XI.3.) sz\u00e1m\u00fa hat\u00e1rozata a Szen\u00e1tus \u00e1ltal l\u00e9trehozott Karon m\u0171k\u00f6d\u0151 \u00e1lland\u00f3 bizotts\u00e1gok (Etikai \u00e9s Fegyelmi Bizotts\u00e1g, Kredit\u00e1tviteli Bizotts\u00e1g, Tanulm\u00e1nyi \u00e9s Vizsgabizotts\u00e1g) \u00fcgyrendj\u00e9nek j\u00f3v\u00e1hagy\u00e1s\u00e1r\u00f3l- 2. sz. mell\u00e9klet &#8211; K\u00c1B \u00fcgyrend<\/a><\/p>\n<p style=\"text-align: justify\"><a href=\"https:\/\/semmelweis.hu\/jogigfoig\/files\/2025\/11\/101_2025_Melleklet_TVB-ugyrend.pdf\">A Semmelweis Egyetem Szen\u00e1tus\u00e1nak 101\/2025. (XI.3.) sz\u00e1m\u00fa hat\u00e1rozata a Szen\u00e1tus \u00e1ltal l\u00e9trehozott Karon m\u0171k\u00f6d\u0151 \u00e1lland\u00f3 bizotts\u00e1gok (Etikai \u00e9s Fegyelmi Bizotts\u00e1g, Kredit\u00e1tviteli Bizotts\u00e1g, Tanulm\u00e1nyi \u00e9s Vizsgabizotts\u00e1g) \u00fcgyrendj\u00e9nek j\u00f3v\u00e1hagy\u00e1s\u00e1r\u00f3l-mell\u00e9klet &#8211; 3. sz. mell\u00e9klet-TVB \u00fcgyrend<\/a><\/p>\n<p style=\"text-align: justify\"><a href=\"https:\/\/semmelweis.hu\/jogigfoig\/files\/2025\/11\/102_2025_AOK-koltsegteritesi-dij-emeles.pdf\">A Semmelweis Egyetem Szen\u00e1tus\u00e1nak 102\/2025. (XI.3.) sz\u00e1m\u00fa hat\u00e1rozata az \u00e1ltal\u00e1nos orvosk\u00e9pz\u00e9s k\u00f6lts\u00e9gt\u00e9r\u00edt\u00e9si d\u00edj \u00f6sszeg\u00e9nek 1.350.000 Ft-r\u00f3l 1.950.000 Ft-ra t\u00f6rt\u00e9n\u0151 felemel\u00e9s\u00e9r\u0151l<\/a><\/p>\n<p style=\"text-align: justify\"><a href=\"https:\/\/semmelweis.hu\/jogigfoig\/files\/2025\/11\/103_2025_FOK-koltsegteritesi-dij-emeles.pdf\">A Semmelweis Egyetem Szen\u00e1tus\u00e1nak 103\/2025. (XI.3.) sz\u00e1m\u00fa hat\u00e1rozata a Fogorvostudom\u00e1nyi Kar magyar \u00f6nk\u00f6lts\u00e9ges k\u00e9pz\u00e9s d\u00edj\u00e1nak meg\u00e1llap\u00edt\u00e1s\u00e1r\u00f3l a 2026\/2027. tan\u00e9vre<\/a><\/p>\n<p style=\"text-align: justify\"><a href=\"https:\/\/semmelweis.hu\/jogigfoig\/files\/2025\/11\/104_2025_ETK-uj-kepzesek.pdf\">A Semmelweis Egyetem Szen\u00e1tus\u00e1nak 104\/2025. (XI.3.) sz\u00e1m\u00fa hat\u00e1rozata a Semmelweis Egyetem Eg\u00e9szs\u00e9gtudom\u00e1nyi Kar\u00e1n t\u00f6rt\u00e9n\u0151 \u00faj k\u00e9pz\u00e9sek l\u00e9tes\u00edt\u00e9s\u00e9r\u0151l, illetve ind\u00edt\u00e1s\u00e1r\u00f3l \u2013 a miniszteri hozz\u00e1j\u00e1rul\u00e1s kezdem\u00e9nyez\u00e9s\u00e9r\u0151l<\/a><\/p>\n<p style=\"text-align: justify\"><a href=\"https:\/\/semmelweis.hu\/jogigfoig\/files\/2025\/11\/105_2025_PAK-TVSz-modositas.pdf\">A Semmelweis Egyetem Szen\u00e1tus\u00e1nak 105\/2025. (XI.3.) sz\u00e1m\u00fa hat\u00e1rozata a konduktor alapszakos oklev\u00e9l min\u0151s\u00edt\u00e9s\u00e9re vonatkoz\u00f3 speci\u00e1lis rendelkez\u00e9sek m\u00f3dos\u00edt\u00e1s\u00e1r\u00f3l a Pet\u0151 Andr\u00e1s Karon<\/a><\/p>\n<p style=\"text-align: justify\"><a href=\"https:\/\/semmelweis.hu\/jogigfoig\/files\/2025\/11\/105_2025_melleklet_HOK-egyetertes.pdf\">A Semmelweis Egyetem Szen\u00e1tus\u00e1nak 105\/2025. (XI.3.) sz\u00e1m\u00fa hat\u00e1rozata a konduktor alapszakos oklev\u00e9l min\u0151s\u00edt\u00e9s\u00e9re vonatkoz\u00f3 speci\u00e1lis rendelkez\u00e9sek m\u00f3dos\u00edt\u00e1s\u00e1r\u00f3l a Pet\u0151 Andr\u00e1s Karon &#8211; Hallgat\u00f3i \u00d6nkorm\u00e1nyzat egyet\u00e9rt\u00e9s<\/a><\/p>\n<p style=\"text-align: justify\"><a href=\"https:\/\/semmelweis.hu\/jogigfoig\/files\/2025\/11\/106_2025_aktualis-vezetoi-kutatoi-palyazatok.pdf\">A Semmelweis Egyetem Szen\u00e1tus\u00e1nak 106\/2025. (XI.3.) sz\u00e1m\u00fa hat\u00e1rozata az aktu\u00e1lis vezet\u0151i, valamint kutat\u00f3i p\u00e1ly\u00e1zatok v\u00e9lem\u00e9nyez\u00e9s\u00e9r\u0151l<\/a><\/p>\n<p style=\"text-align: justify\"><a href=\"https:\/\/semmelweis.hu\/jogigfoig\/files\/2025\/11\/107_2025_oraado-oktatoi-cim.pdf\">A Semmelweis Egyetem Szen\u00e1tus\u00e1nak 107\/2025. (XI.3.) sz\u00e1m\u00fa hat\u00e1rozata az \u00f3raad\u00f3 oktat\u00f3knak adom\u00e1nyozhat\u00f3 c\u00edm oda\u00edt\u00e9l\u00e9s\u00e9r\u0151l<\/a><\/p>\n<p style=\"text-align: justify\"><a href=\"https:\/\/semmelweis.hu\/jogigfoig\/files\/2025\/11\/108_2025_Kituntetesi-szabalyzat-modositas.pdf\">A Semmelweis Egyetem Szen\u00e1tus\u00e1nak 108\/2025. (XI.03.) sz\u00e1m\u00fa hat\u00e1rozata a Kit\u00fcntet\u00e9si \u00e9s d\u00edjak adom\u00e1nyoz\u00e1s\u00e1r\u00f3l sz\u00f3l\u00f3 szab\u00e1lyzat m\u00f3dos\u00edt\u00e1s\u00e1r\u00f3l<\/a><\/p>\n<p style=\"text-align: justify\"><a href=\"https:\/\/semmelweis.hu\/jogigfoig\/files\/2025\/11\/108_2025_melleklet_Kituntetesi-szabalyzat.pdf\">A Semmelweis Egyetem Szen\u00e1tus\u00e1nak 108\/2025. (XI.03.) sz\u00e1m\u00fa hat\u00e1rozata a Kit\u00fcntet\u00e9si \u00e9s d\u00edjak adom\u00e1nyoz\u00e1s\u00e1r\u00f3l sz\u00f3l\u00f3 szab\u00e1lyzat m\u00f3dos\u00edt\u00e1s\u00e1r\u00f3l &#8211; 1 sz. mell\u00e9klet<\/a><\/p>\n<p style=\"text-align: justify\">\u00a0<\/p>\n<p>&nbsp;<\/p>\n<p>&nbsp;<\/p>\n","protected":false},"excerpt":{"rendered":"<p><a href=\"https:\/\/semmelweis.hu\/jogigfoig\/files\/2025\/11\/94_2025_kancellar-szenatusi-tagga-torteno-valasztasa.pdf\">A Semmelweis Egyetem Szen\u00e1tus\u00e1nak 94\/2025. (XI.3.) sz\u00e1m\u00fa hat\u00e1rozata a kancell\u00e1r szen\u00e1tusi tagg\u00e1 t\u00f6rt\u00e9n\u0151 v\u00e1laszt\u00e1s\u00e1r\u00f3l<\/a><br \/>\n<a href=\"https:\/\/semmelweis.hu\/jogigfoig\/files\/2025\/11\/95_2025_a-2026-evi-Intezmenyi-koltsegvetes-koncepciojarol.pdf\">A Semmelweis Egyetem Szen\u00e1tus\u00e1nak 95\/2025. (XI.3.) sz\u00e1m\u00fa hat\u00e1rozata a 2026. \u00e9vi Int\u00e9zm\u00e9nyi k\u00f6lts\u00e9gvet\u00e9s koncepci\u00f3j\u00e1r\u00f3l\u00a0<\/a><br \/>\n<a href=\"https:\/\/semmelweis.hu\/jogigfoig\/files\/2025\/11\/95_2025_melleklet_Intezmenyi-koltsegvetesi-koncepcio.pdf\">A Semmelweis Egyetem Szen\u00e1tus\u00e1nak 95\/2025. (XI.3.) sz\u00e1m\u00fa hat\u00e1rozata a 2026. \u00e9vi Int\u00e9zm\u00e9nyi k\u00f6lts\u00e9gvet\u00e9s koncepci\u00f3j\u00e1r\u00f3l -1 sz. mell\u00e9klet<\/a><br \/>\n<a href=\"https:\/\/semmelweis.hu\/jogigfoig\/files\/2025\/11\/96_2025_SzMSz-modositas.pdf\">A Semmelweis Egyetem Szen\u00e1tus\u00e1nak 96\/2025. (XI.3.) sz\u00e1m\u00fa hat\u00e1rozata a Szervezeti \u00e9s M\u0171k\u00f6d\u00e9si Szab\u00e1lyzat egyes rendelkez\u00e9seinek m\u00f3dos\u00edt\u00e1s\u00e1r\u00f3l<\/a><br \/>\n<a href=\"https:\/\/semmelweis.hu\/jogigfoig\/files\/2025\/11\/96_2025_2-melleklet-_SzMSz-modositas.pdf\">A Semmelweis Egyetem Szen\u00e1tus\u00e1nak 96\/2025. (XI.3.) sz\u00e1m\u00fa hat\u00e1rozata a Szervezeti \u00e9s M\u0171k\u00f6d\u00e9si Szab\u00e1lyzat egyes rendelkez\u00e9seinek m\u00f3dos\u00edt\u00e1s\u00e1r\u00f3l &#8211; 2. sz\u00e1m\u00fa mell\u00e9klet<\/a><br \/>\n<a href=\"https:\/\/semmelweis.hu\/jogigfoig\/files\/2025\/11\/96_2025_3-sz-melleklet_SzMSz-modositas.pdf\">A Semmelweis Egyetem Szen\u00e1tus\u00e1nak 96\/2025. (XI.3.) sz\u00e1m\u00fa hat\u00e1rozata a Szervezeti \u00e9s M\u0171k\u00f6d\u00e9si Szab\u00e1lyzat egyes rendelkez\u00e9seinek m\u00f3dos\u00edt\u00e1s\u00e1r\u00f3l &#8211; 3. sz\u00e1m\u00fa mell\u00e9klet<\/a><br \/>\n<a href=\"https:\/\/semmelweis.hu\/jogigfoig\/files\/2025\/11\/96_2025_3-sz-melleklet-1-sz-fuggeleke.pdf\">A Semmelweis Egyetem Szen\u00e1tus\u00e1nak 96\/2025. (XI.3.) sz\u00e1m\u00fa hat\u00e1rozata a Szervezeti \u00e9s M\u0171k\u00f6d\u00e9si Szab\u00e1lyzat egyes rendelkez\u00e9seinek m\u00f3dos\u00edt\u00e1s\u00e1r\u00f3l-3. sz\u00e1m\u00fa mell\u00e9klet 1. sz\u00e1m\u00fa f\u00fcggel\u00e9ke<\/a><br \/>\n<a href=\"https:\/\/semmelweis.hu\/jogigfoig\/files\/2025\/11\/96_2025_melleklet_HOK-egyetertes.pdf\">A Semmelweis Egyetem Szen\u00e1tus\u00e1nak 96\/2025. (XI.3.) sz\u00e1m\u00fa hat\u00e1rozata a Szervezeti \u00e9s M\u0171k\u00f6d\u00e9si Szab\u00e1lyzat egyes rendelkez\u00e9seinek m\u00f3dos\u00edt\u00e1s\u00e1r\u00f3l &#8211; Hallgat\u00f3i \u00d6nkorm\u00e1nyzat egyet\u00e9rt\u00e9s<\/a><br \/>\n<a href=\"https:\/\/semmelweis.hu\/jogigfoig\/files\/2025\/11\/97_2025_sporteu_nemzetkozi_SzMSz.pdf\">A Semmelweis Egyetem Szen\u00e1tus\u00e1nak 97\/2025. (XI.3.) sz\u00e1m\u00fa hat\u00e1rozata a Szervezeti \u00e9s M\u0171k\u00f6d\u00e9si Szab\u00e1lyzat III. K\u00f6nyv Hallgat\u00f3i K\u00f6vetelm\u00e9nyrendszer \u00faj III.14. r\u00e9sz (Semmelweis Egyetem sz\u00edneiben versenysportot \u0171z\u0151 nemzetk\u00f6zi sportol\u00f3k sporteg\u00e9szs\u00e9g\u00fcgyi ell\u00e1t\u00e1sa) elfogad\u00e1s\u00e1r\u00f3l<\/a><br \/>\n<a href=\"https:\/\/semmelweis.hu\/jogigfoig\/files\/2025\/11\/97_2025_melleklet_sporteu_nemzetkozi_SzMSz.pdf\">A Semmelweis Egyetem Szen\u00e1tus\u00e1nak 97\/2025. (XI.3.) sz\u00e1m\u00fa hat\u00e1rozata a Szervezeti \u00e9s M\u0171k\u00f6d\u00e9si Szab\u00e1lyzat III. K\u00f6nyv Hallgat\u00f3i K\u00f6vetelm\u00e9nyrendszer \u00faj III.14. r\u00e9sz (Semmelweis Egyetem sz\u00edneiben versenysportot \u0171z\u0151 nemzetk\u00f6zi sportol\u00f3k sporteg\u00e9szs\u00e9g\u00fcgyi ell\u00e1t\u00e1sa) elfogad\u00e1s\u00e1r\u00f3l-1 sz. mell\u00e9klet<\/a><br \/>\n<a href=\"https:\/\/semmelweis.hu\/jogigfoig\/files\/2025\/11\/98_2025_Semmelweis-Innovacios-Dij.pdf\">A Semmelweis Egyetem Szen\u00e1tus\u00e1nak 98\/2025. (XI.3.) sz\u00e1m\u00fa hat\u00e1rozata a 2025. \u00e9vi Semmelweis Innov\u00e1ci\u00f3s D\u00edj adom\u00e1nyoz\u00e1s\u00e1r\u00f3l<\/a><br \/>\n<a href=\"https:\/\/semmelweis.hu\/jogigfoig\/files\/2025\/11\/99_2025_Westpfalz-Klinikum.pdf\">A Semmelweis Egyetem Szen\u00e1tus\u00e1nak 99\/2025. (XI.3.) sz\u00e1m\u00fa hat\u00e1rozata a Westpfalz-Klinikum GmbH-val egy\u00fcttm\u0171k\u00f6d\u00e9s keret\u00e9ben a ,,Medical School Kaiserslautern &#8211; Semmelweis Universit\u00e4t\u201d l\u00e9trehoz\u00e1s\u00e1r\u00f3l<\/a><br \/>\n<a href=\"https:\/\/semmelweis.hu\/jogigfoig\/files\/2025\/11\/100_2025_ACH-tantargyfelelos.pdf\">A Semmelweis Egyetem Szen\u00e1tus\u00e1nak 100\/2025. (XI.3.) sz\u00e1m\u00fa hat\u00e1rozata az Asklepios Campus Hamburgra beny\u00fajtott, a Belgy\u00f3gy\u00e1szati \u00e9s Hematol\u00f3giai Klinika \u00e1ltal oktatott Infektol\u00f3gia t\u00e1rgy tant\u00e1rgyfelel\u0151si p\u00e1ly\u00e1zatr\u00f3l<\/a><br \/>\n<a href=\"https:\/\/semmelweis.hu\/jogigfoig\/files\/2025\/11\/101_2025_kari-bizottsagok-ugyrendjei.pdf\">A Semmelweis Egyetem Szen\u00e1tus\u00e1nak 101\/2025. (XI.3.) sz\u00e1m\u00fa hat\u00e1rozata a Szen\u00e1tus \u00e1ltal l\u00e9trehozott Karon m\u0171k\u00f6d\u0151 \u00e1lland\u00f3 bizotts\u00e1gok (Etikai \u00e9s Fegyelmi Bizotts\u00e1g, Kredit\u00e1tviteli Bizotts\u00e1g, Tanulm\u00e1nyi \u00e9s Vizsgabizotts\u00e1g) \u00fcgyrendj\u00e9nek j\u00f3v\u00e1hagy\u00e1s\u00e1r\u00f3l<\/a><br \/>\n<a href=\"https:\/\/semmelweis.hu\/jogigfoig\/files\/2025\/11\/101_2025_melleklet_EFB-ugyrend.pdf\">A Semmelweis Egyetem Szen\u00e1tus\u00e1nak 101\/2025. (XI.3.) sz\u00e1m\u00fa hat\u00e1rozata a Szen\u00e1tus \u00e1ltal l\u00e9trehozott Karon m\u0171k\u00f6d\u0151 \u00e1lland\u00f3 bizotts\u00e1gok (Etikai \u00e9s Fegyelmi Bizotts\u00e1g, Kredit\u00e1tviteli Bizotts\u00e1g, Tanulm\u00e1nyi \u00e9s Vizsgabizotts\u00e1g) \u00fcgyrendj\u00e9nek j\u00f3v\u00e1hagy\u00e1s\u00e1r\u00f3l-1 sz. mell\u00e9klet &#8211; EFB \u00fcgyrend<\/a><br \/>\n<a href=\"https:\/\/semmelweis.hu\/jogigfoig\/files\/2025\/11\/101_2025_melleklet_KAB-ugyrend.pdf\">A Semmelweis Egyetem Szen\u00e1tus\u00e1nak 101\/2025. (XI.3.) sz\u00e1m\u00fa hat\u00e1rozata a Szen\u00e1tus \u00e1ltal l\u00e9trehozott Karon m\u0171k\u00f6d\u0151 \u00e1lland\u00f3 bizotts\u00e1gok (Etikai \u00e9s Fegyelmi Bizotts\u00e1g, Kredit\u00e1tviteli Bizotts\u00e1g, Tanulm\u00e1nyi \u00e9s Vizsgabizotts\u00e1g) \u00fcgyrendj\u00e9nek j\u00f3v\u00e1hagy\u00e1s\u00e1r\u00f3l- 2. sz. mell\u00e9klet &#8211; K\u00c1B \u00fcgyrend<\/a><br \/>\n<a href=\"https:\/\/semmelweis.hu\/jogigfoig\/files\/2025\/11\/101_2025_Melleklet_TVB-ugyrend.pdf\">A Semmelweis Egyetem Szen\u00e1tus\u00e1nak 101\/2025. (XI.3.) sz\u00e1m\u00fa hat\u00e1rozata a Szen\u00e1tus \u00e1ltal l\u00e9trehozott Karon m\u0171k\u00f6d\u0151 \u00e1lland\u00f3 bizotts\u00e1gok (Etikai \u00e9s Fegyelmi Bizotts\u00e1g, Kredit\u00e1tviteli Bizotts\u00e1g, Tanulm\u00e1nyi \u00e9s Vizsgabizotts\u00e1g) \u00fcgyrendj\u00e9nek j\u00f3v\u00e1hagy\u00e1s\u00e1r\u00f3l-mell\u00e9klet &#8211; 3. sz. mell\u00e9klet-TVB \u00fcgyrend<\/a><br \/>\n<a href=\"https:\/\/semmelweis.hu\/jogigfoig\/files\/2025\/11\/102_2025_AOK-koltsegteritesi-dij-emeles.pdf\">A Semmelweis Egyetem Szen\u00e1tus\u00e1nak 102\/2025. (XI.3.) sz\u00e1m\u00fa hat\u00e1rozata az \u00e1ltal\u00e1nos orvosk\u00e9pz\u00e9s k\u00f6lts\u00e9gt\u00e9r\u00edt\u00e9si d\u00edj \u00f6sszeg\u00e9nek 1.350.000 Ft-r\u00f3l 1.950.000 Ft-ra t\u00f6rt\u00e9n\u0151 felemel\u00e9s\u00e9r\u0151l<\/a><br \/>\n<a href=\"https:\/\/semmelweis.hu\/jogigfoig\/files\/2025\/11\/103_2025_FOK-koltsegteritesi-dij-emeles.pdf\">A Semmelweis Egyetem Szen\u00e1tus\u00e1nak 103\/2025. (XI.3.) sz\u00e1m\u00fa hat\u00e1rozata a Fogorvostudom\u00e1nyi Kar magyar \u00f6nk\u00f6lts\u00e9ges k\u00e9pz\u00e9s d\u00edj\u00e1nak meg\u00e1llap\u00edt\u00e1s\u00e1r\u00f3l a 2026\/2027. tan\u00e9vre<\/a><br \/>\n<a href=\"https:\/\/semmelweis.hu\/jogigfoig\/files\/2025\/11\/104_2025_ETK-uj-kepzesek.pdf\">A Semmelweis Egyetem Szen\u00e1tus\u00e1nak 104\/2025. (XI.3.) sz\u00e1m\u00fa hat\u00e1rozata a Semmelweis Egyetem Eg\u00e9szs\u00e9gtudom\u00e1nyi Kar\u00e1n t\u00f6rt\u00e9n\u0151 \u00faj k\u00e9pz\u00e9sek l\u00e9tes\u00edt\u00e9s\u00e9r\u0151l, illetve ind\u00edt\u00e1s\u00e1r\u00f3l \u2013 a miniszteri hozz\u00e1j\u00e1rul\u00e1s kezdem\u00e9nyez\u00e9s\u00e9r\u0151l<\/a><br \/>\n<a href=\"https:\/\/semmelweis.hu\/jogigfoig\/files\/2025\/11\/105_2025_PAK-TVSz-modositas.pdf\">A Semmelweis Egyetem Szen\u00e1tus\u00e1nak 105\/2025. (XI.3.) sz\u00e1m\u00fa hat\u00e1rozata a konduktor alapszakos oklev\u00e9l min\u0151s\u00edt\u00e9s\u00e9re vonatkoz\u00f3 speci\u00e1lis rendelkez\u00e9sek m\u00f3dos\u00edt\u00e1s\u00e1r\u00f3l a Pet\u0151 Andr\u00e1s Karon<\/a><br \/>\n<a href=\"https:\/\/semmelweis.hu\/jogigfoig\/files\/2025\/11\/105_2025_melleklet_HOK-egyetertes.pdf\">A Semmelweis Egyetem Szen\u00e1tus\u00e1nak 105\/2025. (XI.3.) sz\u00e1m\u00fa hat\u00e1rozata a konduktor alapszakos oklev\u00e9l min\u0151s\u00edt\u00e9s\u00e9re vonatkoz\u00f3 speci\u00e1lis rendelkez\u00e9sek m\u00f3dos\u00edt\u00e1s\u00e1r\u00f3l a Pet\u0151 Andr\u00e1s Karon &#8211; Hallgat\u00f3i \u00d6nkorm\u00e1nyzat egyet\u00e9rt\u00e9s<\/a><br \/>\n<a href=\"https:\/\/semmelweis.hu\/jogigfoig\/files\/2025\/11\/106_2025_aktualis-vezetoi-kutatoi-palyazatok.pdf\">A Semmelweis Egyetem Szen\u00e1tus\u00e1nak 106\/2025. (XI.3.) sz\u00e1m\u00fa hat\u00e1rozata az aktu\u00e1lis vezet\u0151i, valamint kutat\u00f3i p\u00e1ly\u00e1zatok v\u00e9lem\u00e9nyez\u00e9s\u00e9r\u0151l<\/a><br \/>\n<a href=\"https:\/\/semmelweis.hu\/jogigfoig\/files\/2025\/11\/107_2025_oraado-oktatoi-cim.pdf\">A Semmelweis Egyetem Szen\u00e1tus\u00e1nak 107\/2025. (XI.3.) sz\u00e1m\u00fa hat\u00e1rozata az \u00f3raad\u00f3 oktat\u00f3knak adom\u00e1nyozhat\u00f3 c\u00edm oda\u00edt\u00e9l\u00e9s\u00e9r\u0151l<\/a><br \/>\n<a href=\"https:\/\/semmelweis.hu\/jogigfoig\/files\/2025\/11\/108_2025_Kituntetesi-szabalyzat-modositas.pdf\">A Semmelweis Egyetem Szen\u00e1tus\u00e1nak 108\/2025. (XI.03.) sz\u00e1m\u00fa hat\u00e1rozata a Kit\u00fcntet\u00e9si \u00e9s d\u00edjak adom\u00e1nyoz\u00e1s\u00e1r\u00f3l sz\u00f3l\u00f3 szab\u00e1lyzat m\u00f3dos\u00edt\u00e1s\u00e1r\u00f3l<\/a><br \/>\n<a href=\"https:\/\/semmelweis.hu\/jogigfoig\/files\/2025\/11\/108_2025_melleklet_Kituntetesi-szabalyzat.pdf\">A Semmelweis Egyetem Szen\u00e1tus\u00e1nak 108\/2025. (XI.03.) sz\u00e1m\u00fa hat\u00e1rozata a Kit\u00fcntet\u00e9si \u00e9s d\u00edjak adom\u00e1nyoz\u00e1s\u00e1r\u00f3l sz\u00f3l\u00f3 szab\u00e1lyzat m\u00f3dos\u00edt\u00e1s\u00e1r\u00f3l &#8211; 1 sz. mell\u00e9klet<\/a><br \/>\n\u00a0<br \/>\n&nbsp;<br \/>\n&nbsp;<\/p>\n","protected":false},"author":102029,"featured_media":0,"parent":96382,"menu_order":71,"comment_status":"closed","ping_status":"closed","template":"","meta":{"_acf_changed":false,"footnotes":""},"categories":[],"tags":[],"class_list":["post-102602","page","type-page","status-publish","hentry"],"acf":[],"_links":{"self":[{"href":"https:\/\/semmelweis.hu\/jogigfoig\/wp-json\/wp\/v2\/pages\/102602","targetHints":{"allow":["GET"]}}],"collection":[{"href":"https:\/\/semmelweis.hu\/jogigfoig\/wp-json\/wp\/v2\/pages"}],"about":[{"href":"https:\/\/semmelweis.hu\/jogigfoig\/wp-json\/wp\/v2\/types\/page"}],"author":[{"embeddable":true,"href":"https:\/\/semmelweis.hu\/jogigfoig\/wp-json\/wp\/v2\/users\/102029"}],"replies":[{"embeddable":true,"href":"https:\/\/semmelweis.hu\/jogigfoig\/wp-json\/wp\/v2\/comments?post=102602"}],"version-history":[{"count":7,"href":"https:\/\/semmelweis.hu\/jogigfoig\/wp-json\/wp\/v2\/pages\/102602\/revisions"}],"predecessor-version":[{"id":102916,"href":"https:\/\/semmelweis.hu\/jogigfoig\/wp-json\/wp\/v2\/pages\/102602\/revisions\/102916"}],"up":[{"embeddable":true,"href":"https:\/\/semmelweis.hu\/jogigfoig\/wp-json\/wp\/v2\/pages\/96382"}],"wp:attachment":[{"href":"https:\/\/semmelweis.hu\/jogigfoig\/wp-json\/wp\/v2\/media?parent=102602"}],"wp:term":[{"taxonomy":"category","embeddable":true,"href":"https:\/\/semmelweis.hu\/jogigfoig\/wp-json\/wp\/v2\/categories?post=102602"},{"taxonomy":"post_tag","embeddable":true,"href":"https:\/\/semmelweis.hu\/jogigfoig\/wp-json\/wp\/v2\/tags?post=102602"}],"curies":[{"name":"wp","href":"https:\/\/api.w.org\/{rel}","templated":true}]}}