{"id":10180,"date":"2018-01-28T20:02:26","date_gmt":"2018-01-28T19:02:26","guid":{"rendered":"http:\/\/semmelweis.hu\/jogigfoig\/?page_id=10180"},"modified":"2026-04-07T11:24:51","modified_gmt":"2026-04-07T09:24:51","slug":"adatvedelmi-szabalyzat","status":"publish","type":"page","link":"https:\/\/semmelweis.hu\/jogigfoig\/dokumentumtar\/szabalyzattar\/adatvedelmi-szabalyzat\/","title":{"rendered":"Semmelweis Egyetem szab\u00e1lyzata az adatv\u00e9delemr\u0151l, k\u00f6zz\u00e9t\u00e9telr\u0151l \u00e9s k\u00f6z\u00e9rdek\u0171 adatig\u00e9nyl\u00e9sr\u0151l"},"content":{"rendered":"<p style=\"text-align: justify\"><strong>A szab\u00e1lyzat aktu\u00e1lis v\u00e1ltozata:<\/strong>\u00a0<\/p>\n<p style=\"text-align: justify\"><a href=\"https:\/\/semmelweis.hu\/jogigfoig\/files\/2026\/04\/AKK_szab_I_Konyv_hataly_20260401.pdf\" target=\"_blank\" rel=\"noopener\">Semmelweis Egyetem szab\u00e1lyzata az adatv\u00e9delemr\u0151l, k\u00f6zz\u00e9t\u00e9telr\u0151l \u00e9s k\u00f6z\u00e9rdek\u0171 adatig\u00e9nyl\u00e9sr\u0151l I. K\u00f6nyv Adatv\u00e9delmi szab\u00e1lyzat<\/a><\/p>\n<p><strong>Elfogad\u00e1s\u00e1r\u00f3l rendelkez\u0151 hat\u00e1rozat:<\/strong> <a href=\"https:\/\/semmelweis.hu\/jogigfoig\/files\/2025\/10\/88_2025_IX_25_SZ_hat_SzMSz-es-szabalyzatok-modositasa_egyben.pdf\" target=\"_blank\" rel=\"noopener\">88\/2025. (IX.25.)<\/a><br \/>\n<strong>Hat\u00e1rozat t\u00edpusa:<\/strong> Szen\u00e1tusi<br \/>\n<strong>Hat\u00e1ly: <\/strong>2025.X.02.<\/p>\n<p style=\"text-align: justify\"><a href=\"https:\/\/semmelweis.hu\/jogigfoig\/files\/2025\/04\/AKK_szab_II_Konyv_Kozzeteteli_szab_hataly_2025.01.30-tol.pdf\" target=\"_blank\" rel=\"noopener\">Adatv\u00e9delmi, k\u00f6zz\u00e9t\u00e9teli \u00e9s k\u00f6z\u00e9rdek\u0171 adatig\u00e9nyl\u00e9s szab\u00e1lyzat &#8211;\u00a0II. K\u00f6nyv \u2013 K\u00f6zz\u00e9t\u00e9teli szab\u00e1lyzat<\/a><\/p>\n<p><strong>Elfogad\u00e1s\u00e1r\u00f3l rendelkez\u0151 hat\u00e1rozat:<\/strong> <a href=\"https:\/\/semmelweis.hu\/jogigfoig\/files\/2022\/12\/107_2022_Szabalyzatok-Konyve-IV.-utem-1.pdf\">107\/2022. (XII.19.)<\/a><br \/>\n<strong>Hat\u00e1rozat t\u00edpusa:<\/strong> Szen\u00e1tusi<br \/>\n<strong>Hat\u00e1ly: <\/strong>2025.I.30.<\/p>\n<p style=\"text-align: justify\"><a href=\"https:\/\/semmelweis.hu\/jogigfoig\/files\/2025\/08\/AKK_szab_III_Konyv_Kozerdeku_adatigenyles_hataly_20250807.pdf\" target=\"_blank\" rel=\"noopener\">Semmelweis Egyetem szab\u00e1lyzata az adatv\u00e9delemr\u0151l, k\u00f6zz\u00e9t\u00e9telr\u0151l \u00e9s k\u00f6z\u00e9rdek\u0171 adatig\u00e9nyl\u00e9sr\u0151l III. K\u00f6nyv A k\u00f6z\u00e9rdek\u0171 adatig\u00e9nyl\u00e9sek teljes\u00edt\u00e9s\u00e9nek elj\u00e1r\u00e1srendj\u00e9r\u0151l<\/a><\/p>\n<p style=\"text-align: justify\"><strong>Elfogad\u00e1s\u00e1r\u00f3l rendelkez\u0151 hat\u00e1rozat: <\/strong><a href=\"https:\/\/semmelweis.hu\/jogigfoig\/files\/2025\/08\/62_2025_Hatarozat_az-egyes-szabalyzatok-modositasarol.pdf\">62\/2025. (VII.25.)<\/a><br \/>\n<strong>Hat\u00e1rozat t\u00edpusa:<\/strong> Szen\u00e1tusi<br \/>\n<strong>Hat\u00e1ly: <\/strong>2025.VIII.07.<\/p>\n","protected":false},"excerpt":{"rendered":"<p>A szab\u00e1lyzat aktu\u00e1lis v\u00e1ltozata:\u00a0<br \/>\n<a href=\"https:\/\/semmelweis.hu\/jogigfoig\/files\/2026\/04\/AKK_szab_I_Konyv_hataly_20260401.pdf\" target=\"_blank\" rel=\"noopener\">Semmelweis Egyetem szab\u00e1lyzata az adatv\u00e9delemr\u0151l, k\u00f6zz\u00e9t\u00e9telr\u0151l \u00e9s k\u00f6z\u00e9rdek\u0171 adatig\u00e9nyl\u00e9sr\u0151l I. K\u00f6nyv Adatv\u00e9delmi szab\u00e1lyzat<\/a><br \/>\nElfogad\u00e1s\u00e1r\u00f3l rendelkez\u0151 hat\u00e1rozat: <a href=\"https:\/\/semmelweis.hu\/jogigfoig\/files\/2025\/10\/88_2025_IX_25_SZ_hat_SzMSz-es-szabalyzatok-modositasa_egyben.pdf\" target=\"_blank\" rel=\"noopener\">88\/2025. (IX.25.)<\/a><br \/>\nHat\u00e1rozat t\u00edpusa: Szen\u00e1tusi<br \/>\nHat\u00e1ly: 2025.X.02.<br \/>\n<a href=\"https:\/\/semmelweis.hu\/jogigfoig\/files\/2025\/04\/AKK_szab_II_Konyv_Kozzeteteli_szab_hataly_2025.01.30-tol.pdf\" target=\"_blank\" rel=\"noopener\">Adatv\u00e9delmi, k\u00f6zz\u00e9t\u00e9teli \u00e9s k\u00f6z\u00e9rdek\u0171 adatig\u00e9nyl\u00e9s szab\u00e1lyzat &#8211;\u00a0II. K\u00f6nyv \u2013 K\u00f6zz\u00e9t\u00e9teli szab\u00e1lyzat<\/a><br \/>\nElfogad\u00e1s\u00e1r\u00f3l rendelkez\u0151 hat\u00e1rozat: <a href=\"https:\/\/semmelweis.hu\/jogigfoig\/files\/2022\/12\/107_2022_Szabalyzatok-Konyve-IV.-utem-1.pdf\">107\/2022. (XII.19.)<\/a><br \/>\nHat\u00e1rozat t\u00edpusa: Szen\u00e1tusi<br \/>\nHat\u00e1ly: 2025.I.30.<br \/>\n<a href=\"https:\/\/semmelweis.hu\/jogigfoig\/files\/2025\/08\/AKK_szab_III_Konyv_Kozerdeku_adatigenyles_hataly_20250807.pdf\" target=\"_blank\" rel=\"noopener\">Semmelweis Egyetem szab\u00e1lyzata az adatv\u00e9delemr\u0151l, k\u00f6zz\u00e9t\u00e9telr\u0151l \u00e9s k\u00f6z\u00e9rdek\u0171 adatig\u00e9nyl\u00e9sr\u0151l III. K\u00f6nyv A k\u00f6z\u00e9rdek\u0171 adatig\u00e9nyl\u00e9sek teljes\u00edt\u00e9s\u00e9nek elj\u00e1r\u00e1srendj\u00e9r\u0151l<\/a><br \/>\nElfogad\u00e1s\u00e1r\u00f3l rendelkez\u0151 hat\u00e1rozat: <a href=\"https:\/\/semmelweis.hu\/jogigfoig\/files\/2025\/08\/62_2025_Hatarozat_az-egyes-szabalyzatok-modositasarol.pdf\">62\/2025. (VII.25.)<\/a><br \/>\nHat\u00e1rozat t\u00edpusa: Szen\u00e1tusi<br \/>\nHat\u00e1ly: 2025.VIII.07.<\/p>\n","protected":false},"author":101117,"featured_media":0,"parent":41,"menu_order":0,"comment_status":"closed","ping_status":"closed","template":"","meta":{"_acf_changed":false,"footnotes":""},"categories":[],"tags":[],"class_list":["post-10180","page","type-page","status-publish","hentry"],"acf":[],"_links":{"self":[{"href":"https:\/\/semmelweis.hu\/jogigfoig\/wp-json\/wp\/v2\/pages\/10180","targetHints":{"allow":["GET"]}}],"collection":[{"href":"https:\/\/semmelweis.hu\/jogigfoig\/wp-json\/wp\/v2\/pages"}],"about":[{"href":"https:\/\/semmelweis.hu\/jogigfoig\/wp-json\/wp\/v2\/types\/page"}],"author":[{"embeddable":true,"href":"https:\/\/semmelweis.hu\/jogigfoig\/wp-json\/wp\/v2\/users\/101117"}],"replies":[{"embeddable":true,"href":"https:\/\/semmelweis.hu\/jogigfoig\/wp-json\/wp\/v2\/comments?post=10180"}],"version-history":[{"count":13,"href":"https:\/\/semmelweis.hu\/jogigfoig\/wp-json\/wp\/v2\/pages\/10180\/revisions"}],"predecessor-version":[{"id":106146,"href":"https:\/\/semmelweis.hu\/jogigfoig\/wp-json\/wp\/v2\/pages\/10180\/revisions\/106146"}],"up":[{"embeddable":true,"href":"https:\/\/semmelweis.hu\/jogigfoig\/wp-json\/wp\/v2\/pages\/41"}],"wp:attachment":[{"href":"https:\/\/semmelweis.hu\/jogigfoig\/wp-json\/wp\/v2\/media?parent=10180"}],"wp:term":[{"taxonomy":"category","embeddable":true,"href":"https:\/\/semmelweis.hu\/jogigfoig\/wp-json\/wp\/v2\/categories?post=10180"},{"taxonomy":"post_tag","embeddable":true,"href":"https:\/\/semmelweis.hu\/jogigfoig\/wp-json\/wp\/v2\/tags?post=10180"}],"curies":[{"name":"wp","href":"https:\/\/api.w.org\/{rel}","templated":true}]}}