{"id":100940,"date":"2025-08-25T14:56:20","date_gmt":"2025-08-25T12:56:20","guid":{"rendered":"https:\/\/semmelweis.hu\/jogigfoig\/?page_id=100940"},"modified":"2025-10-01T11:43:48","modified_gmt":"2025-10-01T09:43:48","slug":"2025-augusztus-18","status":"publish","type":"page","link":"https:\/\/semmelweis.hu\/jogigfoig\/testuletek\/szenatus\/2025-evi-szenatusi-hatarozatok\/2025-augusztus-18\/","title":{"rendered":"2025. augusztus 18."},"content":{"rendered":"<p style=\"text-align: justify\"><a href=\"https:\/\/semmelweis.hu\/jogigfoig\/files\/2025\/08\/63_2025_VM-ingatlan-megvasarlasa.pdf\">A Semmelweis Egyetem Szen\u00e1tus\u00e1nak 63\/2025. (VIII.18.) sz\u00e1m\u00fa hat\u00e1rozata az egyetem ingatlanvagyon\u00e1nak b\u0151v\u00edt\u00e9s\u00e9r\u0151l (a 1122 Budapest, V\u00e1rosmajor utca 64. II. emelet 8. sz\u00e1m alatti ingatlan megv\u00e1s\u00e1rl\u00e1sa)<\/a><\/p>\n","protected":false},"excerpt":{"rendered":"<p><a href=\"https:\/\/semmelweis.hu\/jogigfoig\/files\/2025\/08\/63_2025_VM-ingatlan-megvasarlasa.pdf\">A Semmelweis Egyetem Szen\u00e1tus\u00e1nak 63\/2025. (VIII.18.) sz\u00e1m\u00fa hat\u00e1rozata az egyetem ingatlanvagyon\u00e1nak b\u0151v\u00edt\u00e9s\u00e9r\u0151l (a 1122 Budapest, V\u00e1rosmajor utca 64. II. emelet 8. sz\u00e1m alatti ingatlan megv\u00e1s\u00e1rl\u00e1sa)<\/a><\/p>\n","protected":false},"author":102029,"featured_media":0,"parent":96382,"menu_order":75,"comment_status":"closed","ping_status":"closed","template":"","meta":{"_acf_changed":false,"footnotes":""},"categories":[],"tags":[],"class_list":["post-100940","page","type-page","status-publish","hentry"],"acf":[],"_links":{"self":[{"href":"https:\/\/semmelweis.hu\/jogigfoig\/wp-json\/wp\/v2\/pages\/100940","targetHints":{"allow":["GET"]}}],"collection":[{"href":"https:\/\/semmelweis.hu\/jogigfoig\/wp-json\/wp\/v2\/pages"}],"about":[{"href":"https:\/\/semmelweis.hu\/jogigfoig\/wp-json\/wp\/v2\/types\/page"}],"author":[{"embeddable":true,"href":"https:\/\/semmelweis.hu\/jogigfoig\/wp-json\/wp\/v2\/users\/102029"}],"replies":[{"embeddable":true,"href":"https:\/\/semmelweis.hu\/jogigfoig\/wp-json\/wp\/v2\/comments?post=100940"}],"version-history":[{"count":3,"href":"https:\/\/semmelweis.hu\/jogigfoig\/wp-json\/wp\/v2\/pages\/100940\/revisions"}],"predecessor-version":[{"id":100944,"href":"https:\/\/semmelweis.hu\/jogigfoig\/wp-json\/wp\/v2\/pages\/100940\/revisions\/100944"}],"up":[{"embeddable":true,"href":"https:\/\/semmelweis.hu\/jogigfoig\/wp-json\/wp\/v2\/pages\/96382"}],"wp:attachment":[{"href":"https:\/\/semmelweis.hu\/jogigfoig\/wp-json\/wp\/v2\/media?parent=100940"}],"wp:term":[{"taxonomy":"category","embeddable":true,"href":"https:\/\/semmelweis.hu\/jogigfoig\/wp-json\/wp\/v2\/categories?post=100940"},{"taxonomy":"post_tag","embeddable":true,"href":"https:\/\/semmelweis.hu\/jogigfoig\/wp-json\/wp\/v2\/tags?post=100940"}],"curies":[{"name":"wp","href":"https:\/\/api.w.org\/{rel}","templated":true}]}}