{"id":100761,"date":"2025-08-14T12:51:56","date_gmt":"2025-08-14T10:51:56","guid":{"rendered":"https:\/\/semmelweis.hu\/jogigfoig\/?page_id=100761"},"modified":"2025-08-14T12:51:56","modified_gmt":"2025-08-14T10:51:56","slug":"szmsz-ii-konyv-fkr-ii-5-resz-kulfoldi-oklevelnek-az-egyetemen-oktatoi-vagy-tudomanyos-kutatoi-munkakor-betoltese-celjabol-hazai-mesterfokozatkent-torteno-elismerese","status":"publish","type":"page","link":"https:\/\/semmelweis.hu\/jogigfoig\/dokumentumtar\/szabalyzattar\/szervezeti-es-mukodesi-szabalyzat\/ii-konyv-fkr\/szmsz-ii-konyv-fkr-ii-5-resz-kulfoldi-oklevelnek-az-egyetemen-oktatoi-vagy-tudomanyos-kutatoi-munkakor-betoltese-celjabol-hazai-mesterfokozatkent-torteno-elismerese\/","title":{"rendered":"SZMSZ II. K\u00f6nyv FKR II.5. R\u00c9SZ K\u00fclf\u00f6ldi oklev\u00e9lnek az egyetemen oktat\u00f3i vagy tudom\u00e1nyos kutat\u00f3i munkak\u00f6r bet\u00f6lt\u00e9se c\u00e9lj\u00e1b\u00f3l hazai mesterfokozatk\u00e9nt t\u00f6rt\u00e9n\u0151 elismer\u00e9se"},"content":{"rendered":"<p><a href=\"https:\/\/semmelweis.hu\/jogigfoig\/files\/2023\/06\/SZMSZ_FKR_II_KONYV_II_5_RESZ_Kulfoldi_oklevelnek_mesterfokozatkent_torteno_elismerese_20230601.pdf\">II.5. R\u00c9SZ \u2013 K\u00dcLF\u00d6LDI K\u00c9PZ\u00c9S SIKERES ELV\u00c9GZ\u00c9S\u00c9T TAN\u00daS\u00cdT\u00d3 OKIRATNAK AZ EGYETEMEN OKTAT\u00d3 VAGY TUDOM\u00c1NYOS KUTAT\u00d3 K\u00c9PES\u00cdT\u00c9SK\u00c9NT T\u00d6RT\u00c9N\u0150 ELISMER\u00c9SE<\/a><\/p>\n","protected":false},"excerpt":{"rendered":"<p><a href=\"https:\/\/semmelweis.hu\/jogigfoig\/files\/2023\/06\/SZMSZ_FKR_II_KONYV_II_5_RESZ_Kulfoldi_oklevelnek_mesterfokozatkent_torteno_elismerese_20230601.pdf\">II.5. R\u00c9SZ \u2013 K\u00dcLF\u00d6LDI K\u00c9PZ\u00c9S SIKERES ELV\u00c9GZ\u00c9S\u00c9T TAN\u00daS\u00cdT\u00d3 OKIRATNAK AZ EGYETEMEN OKTAT\u00d3 VAGY TUDOM\u00c1NYOS KUTAT\u00d3 K\u00c9PES\u00cdT\u00c9SK\u00c9NT T\u00d6RT\u00c9N\u0150 ELISMER\u00c9SE<\/a><\/p>\n","protected":false},"author":102357,"featured_media":0,"parent":73488,"menu_order":0,"comment_status":"closed","ping_status":"closed","template":"","meta":{"_acf_changed":false,"footnotes":""},"categories":[],"tags":[],"class_list":["post-100761","page","type-page","status-publish","hentry"],"acf":[],"_links":{"self":[{"href":"https:\/\/semmelweis.hu\/jogigfoig\/wp-json\/wp\/v2\/pages\/100761","targetHints":{"allow":["GET"]}}],"collection":[{"href":"https:\/\/semmelweis.hu\/jogigfoig\/wp-json\/wp\/v2\/pages"}],"about":[{"href":"https:\/\/semmelweis.hu\/jogigfoig\/wp-json\/wp\/v2\/types\/page"}],"author":[{"embeddable":true,"href":"https:\/\/semmelweis.hu\/jogigfoig\/wp-json\/wp\/v2\/users\/102357"}],"replies":[{"embeddable":true,"href":"https:\/\/semmelweis.hu\/jogigfoig\/wp-json\/wp\/v2\/comments?post=100761"}],"version-history":[{"count":1,"href":"https:\/\/semmelweis.hu\/jogigfoig\/wp-json\/wp\/v2\/pages\/100761\/revisions"}],"predecessor-version":[{"id":100762,"href":"https:\/\/semmelweis.hu\/jogigfoig\/wp-json\/wp\/v2\/pages\/100761\/revisions\/100762"}],"up":[{"embeddable":true,"href":"https:\/\/semmelweis.hu\/jogigfoig\/wp-json\/wp\/v2\/pages\/73488"}],"wp:attachment":[{"href":"https:\/\/semmelweis.hu\/jogigfoig\/wp-json\/wp\/v2\/media?parent=100761"}],"wp:term":[{"taxonomy":"category","embeddable":true,"href":"https:\/\/semmelweis.hu\/jogigfoig\/wp-json\/wp\/v2\/categories?post=100761"},{"taxonomy":"post_tag","embeddable":true,"href":"https:\/\/semmelweis.hu\/jogigfoig\/wp-json\/wp\/v2\/tags?post=100761"}],"curies":[{"name":"wp","href":"https:\/\/api.w.org\/{rel}","templated":true}]}}