{"id":100758,"date":"2025-08-14T12:50:05","date_gmt":"2025-08-14T10:50:05","guid":{"rendered":"https:\/\/semmelweis.hu\/jogigfoig\/?page_id=100758"},"modified":"2026-04-14T14:16:04","modified_gmt":"2026-04-14T12:16:04","slug":"szmsz-ii-konyv-fkr-ii-4-resz-a-felsooktatasi-intezmeny-altal-adomanyozhato-cimek-feltetelei","status":"publish","type":"page","link":"https:\/\/semmelweis.hu\/jogigfoig\/dokumentumtar\/szabalyzattar\/szervezeti-es-mukodesi-szabalyzat\/ii-konyv-fkr\/szmsz-ii-konyv-fkr-ii-4-resz-a-felsooktatasi-intezmeny-altal-adomanyozhato-cimek-feltetelei\/","title":{"rendered":"SZMSZ II. K\u00f6nyv FKR II.4. R\u00c9SZ A fels\u0151oktat\u00e1si int\u00e9zm\u00e9ny \u00e1ltal adom\u00e1nyozhat\u00f3 c\u00edmek felt\u00e9telei"},"content":{"rendered":"<p><a href=\"https:\/\/semmelweis.hu\/jogigfoig\/files\/2026\/04\/SZMSZ_FKR_II_KONYV_II_4_RESZ_A_felsookt_intezmeny_altal_adomanyozhato_cimek_feltetelei_hatalyos_20260325-tol.pdf\">II.4. R\u00c9SZ \u2013 A FELS\u0150OKTAT\u00c1SI INT\u00c9ZM\u00c9NY \u00c1LTAL ADOM\u00c1NYOZHAT\u00d3 C\u00cdMEK FELT\u00c9TELEI<\/a><\/p>\n","protected":false},"excerpt":{"rendered":"<p><a href=\"https:\/\/semmelweis.hu\/jogigfoig\/files\/2026\/04\/SZMSZ_FKR_II_KONYV_II_4_RESZ_A_felsookt_intezmeny_altal_adomanyozhato_cimek_feltetelei_hatalyos_20260325-tol.pdf\">II.4. R\u00c9SZ \u2013 A FELS\u0150OKTAT\u00c1SI INT\u00c9ZM\u00c9NY \u00c1LTAL ADOM\u00c1NYOZHAT\u00d3 C\u00cdMEK FELT\u00c9TELEI<\/a><\/p>\n","protected":false},"author":102357,"featured_media":0,"parent":73488,"menu_order":0,"comment_status":"closed","ping_status":"closed","template":"","meta":{"_acf_changed":false,"footnotes":""},"categories":[],"tags":[],"class_list":["post-100758","page","type-page","status-publish","hentry"],"acf":[],"_links":{"self":[{"href":"https:\/\/semmelweis.hu\/jogigfoig\/wp-json\/wp\/v2\/pages\/100758","targetHints":{"allow":["GET"]}}],"collection":[{"href":"https:\/\/semmelweis.hu\/jogigfoig\/wp-json\/wp\/v2\/pages"}],"about":[{"href":"https:\/\/semmelweis.hu\/jogigfoig\/wp-json\/wp\/v2\/types\/page"}],"author":[{"embeddable":true,"href":"https:\/\/semmelweis.hu\/jogigfoig\/wp-json\/wp\/v2\/users\/102357"}],"replies":[{"embeddable":true,"href":"https:\/\/semmelweis.hu\/jogigfoig\/wp-json\/wp\/v2\/comments?post=100758"}],"version-history":[{"count":5,"href":"https:\/\/semmelweis.hu\/jogigfoig\/wp-json\/wp\/v2\/pages\/100758\/revisions"}],"predecessor-version":[{"id":106384,"href":"https:\/\/semmelweis.hu\/jogigfoig\/wp-json\/wp\/v2\/pages\/100758\/revisions\/106384"}],"up":[{"embeddable":true,"href":"https:\/\/semmelweis.hu\/jogigfoig\/wp-json\/wp\/v2\/pages\/73488"}],"wp:attachment":[{"href":"https:\/\/semmelweis.hu\/jogigfoig\/wp-json\/wp\/v2\/media?parent=100758"}],"wp:term":[{"taxonomy":"category","embeddable":true,"href":"https:\/\/semmelweis.hu\/jogigfoig\/wp-json\/wp\/v2\/categories?post=100758"},{"taxonomy":"post_tag","embeddable":true,"href":"https:\/\/semmelweis.hu\/jogigfoig\/wp-json\/wp\/v2\/tags?post=100758"}],"curies":[{"name":"wp","href":"https:\/\/api.w.org\/{rel}","templated":true}]}}