{"id":100754,"date":"2025-08-14T12:48:03","date_gmt":"2025-08-14T10:48:03","guid":{"rendered":"https:\/\/semmelweis.hu\/jogigfoig\/?page_id=100754"},"modified":"2025-08-14T12:48:03","modified_gmt":"2025-08-14T10:48:03","slug":"szmsz-ii-konyv-fkr-ii-2-resz-az-intezmenyi-oktatoi-kutatoi-osztondijak-es-mas-juttatasok-feltetelei-az-ezzel-osszefuggo-palyazatok-rendje-az-oktatok-es-kutatok-reszere-kiirt-kutatasi-palyazatok-e","status":"publish","type":"page","link":"https:\/\/semmelweis.hu\/jogigfoig\/dokumentumtar\/szabalyzattar\/szervezeti-es-mukodesi-szabalyzat\/ii-konyv-fkr\/szmsz-ii-konyv-fkr-ii-2-resz-az-intezmenyi-oktatoi-kutatoi-osztondijak-es-mas-juttatasok-feltetelei-az-ezzel-osszefuggo-palyazatok-rendje-az-oktatok-es-kutatok-reszere-kiirt-kutatasi-palyazatok-e\/","title":{"rendered":"SZMSZ II. K\u00f6nyv FKR II.2. R\u00c9SZ Az int\u00e9zm\u00e9nyi oktat\u00f3i, kutat\u00f3i \u00f6szt\u00f6nd\u00edjak \u00e9s m\u00e1s juttat\u00e1sok felt\u00e9telei, az ezzel \u00f6sszef\u00fcgg\u0151 p\u00e1ly\u00e1zatok rendje, az oktat\u00f3k \u00e9s kutat\u00f3k r\u00e9sz\u00e9re ki\u00edrt kutat\u00e1si p\u00e1ly\u00e1zatok elb\u00edr\u00e1l\u00e1s\u00e1nak rendje"},"content":{"rendered":"<p><a href=\"https:\/\/semmelweis.hu\/jogigfoig\/files\/2023\/10\/SZMSZ_FKR_II_KONYV_II_2_RESZ_Az_int_oktatoi_kutatoi_osztondijak_es_palyazatok_rendje_hatalyos_20231013.pdf\">II.2. R\u00c9SZ \u2013 AZ INT\u00c9ZM\u00c9NYI OKTAT\u00d3I, KUTAT\u00d3I \u00d6SZT\u00d6ND\u00cdJAK \u00c9S M\u00c1S JUTTAT\u00c1SOK FELT\u00c9TELEI, AZ EZZEL \u00d6SSZEF\u00dcGG\u0150 P\u00c1LY\u00c1ZATOK RENDJE, AZ OKTAT\u00d3K \u00c9S KUTAT\u00d3K R\u00c9SZ\u00c9RE KI\u00cdRT KUTAT\u00c1SI P\u00c1LY\u00c1ZATOK ELB\u00cdR\u00c1L\u00c1S\u00c1NAK RENDJE<\/a><\/p>\n","protected":false},"excerpt":{"rendered":"<p><a href=\"https:\/\/semmelweis.hu\/jogigfoig\/files\/2023\/10\/SZMSZ_FKR_II_KONYV_II_2_RESZ_Az_int_oktatoi_kutatoi_osztondijak_es_palyazatok_rendje_hatalyos_20231013.pdf\">II.2. R\u00c9SZ \u2013 AZ INT\u00c9ZM\u00c9NYI OKTAT\u00d3I, KUTAT\u00d3I \u00d6SZT\u00d6ND\u00cdJAK \u00c9S M\u00c1S JUTTAT\u00c1SOK FELT\u00c9TELEI, AZ EZZEL \u00d6SSZEF\u00dcGG\u0150 P\u00c1LY\u00c1ZATOK RENDJE, AZ OKTAT\u00d3K \u00c9S KUTAT\u00d3K R\u00c9SZ\u00c9RE KI\u00cdRT KUTAT\u00c1SI P\u00c1LY\u00c1ZATOK ELB\u00cdR\u00c1L\u00c1S\u00c1NAK RENDJE<\/a><\/p>\n","protected":false},"author":102357,"featured_media":0,"parent":73488,"menu_order":0,"comment_status":"closed","ping_status":"closed","template":"","meta":{"_acf_changed":false,"footnotes":""},"categories":[],"tags":[],"class_list":["post-100754","page","type-page","status-publish","hentry"],"acf":[],"_links":{"self":[{"href":"https:\/\/semmelweis.hu\/jogigfoig\/wp-json\/wp\/v2\/pages\/100754","targetHints":{"allow":["GET"]}}],"collection":[{"href":"https:\/\/semmelweis.hu\/jogigfoig\/wp-json\/wp\/v2\/pages"}],"about":[{"href":"https:\/\/semmelweis.hu\/jogigfoig\/wp-json\/wp\/v2\/types\/page"}],"author":[{"embeddable":true,"href":"https:\/\/semmelweis.hu\/jogigfoig\/wp-json\/wp\/v2\/users\/102357"}],"replies":[{"embeddable":true,"href":"https:\/\/semmelweis.hu\/jogigfoig\/wp-json\/wp\/v2\/comments?post=100754"}],"version-history":[{"count":1,"href":"https:\/\/semmelweis.hu\/jogigfoig\/wp-json\/wp\/v2\/pages\/100754\/revisions"}],"predecessor-version":[{"id":100755,"href":"https:\/\/semmelweis.hu\/jogigfoig\/wp-json\/wp\/v2\/pages\/100754\/revisions\/100755"}],"up":[{"embeddable":true,"href":"https:\/\/semmelweis.hu\/jogigfoig\/wp-json\/wp\/v2\/pages\/73488"}],"wp:attachment":[{"href":"https:\/\/semmelweis.hu\/jogigfoig\/wp-json\/wp\/v2\/media?parent=100754"}],"wp:term":[{"taxonomy":"category","embeddable":true,"href":"https:\/\/semmelweis.hu\/jogigfoig\/wp-json\/wp\/v2\/categories?post=100754"},{"taxonomy":"post_tag","embeddable":true,"href":"https:\/\/semmelweis.hu\/jogigfoig\/wp-json\/wp\/v2\/tags?post=100754"}],"curies":[{"name":"wp","href":"https:\/\/api.w.org\/{rel}","templated":true}]}}