{"id":100749,"date":"2025-08-14T12:44:07","date_gmt":"2025-08-14T10:44:07","guid":{"rendered":"https:\/\/semmelweis.hu\/jogigfoig\/?page_id=100749"},"modified":"2025-12-15T15:58:13","modified_gmt":"2025-12-15T14:58:13","slug":"szmsz-ii-konyv-fkr-ii-1-resz-az-egyes-munkakorok-es-vezetoi-megbizasok-betoltesevel-kapcsolatos-kovetelmenyek-es-melleklete","status":"publish","type":"page","link":"https:\/\/semmelweis.hu\/jogigfoig\/dokumentumtar\/szabalyzattar\/szervezeti-es-mukodesi-szabalyzat\/ii-konyv-fkr\/szmsz-ii-konyv-fkr-ii-1-resz-az-egyes-munkakorok-es-vezetoi-megbizasok-betoltesevel-kapcsolatos-kovetelmenyek-es-melleklete\/","title":{"rendered":"SZMSZ II. K\u00f6nyv FKR II. 1. R\u00e9sz Az egyes munkak\u00f6r\u00f6k \u00e9s vezet\u0151i megb\u00edz\u00e1sok bet\u00f6lt\u00e9s\u00e9vel kapcsolatos k\u00f6vetelm\u00e9nyek \u00e9s mell\u00e9klete"},"content":{"rendered":"<p><a href=\"https:\/\/semmelweis.hu\/jogigfoig\/files\/2025\/12\/SZMSZ_FKR_II_KONYV_II_1_RESZ_Az_egyes_munkakorok_betoltesevel_kapcsolatos_kovetelmenyek_hatalyos_20251202.pdf\">II.1. R\u00c9SZ \u2013 AZ EGYES MUNKAK\u00d6R\u00d6K \u00c9S VEZET\u0150I MEGB\u00cdZ\u00c1SOK BET\u00d6LT\u00c9S\u00c9VEL KAPCSOLATOS K\u00d6VETELM\u00c9NYEK<\/a><\/p>\n<hr \/>\n<p><a href=\"https:\/\/semmelweis.hu\/jogigfoig\/files\/2022\/04\/SZMSZ_FKR_II_KONYV_II_1_RESZ_Melleklet.pdf\">II.1. R\u00c9SZ \u2013 MELL\u00c9KLETEK<\/a><\/p>\n","protected":false},"excerpt":{"rendered":"<p><a href=\"https:\/\/semmelweis.hu\/jogigfoig\/files\/2025\/12\/SZMSZ_FKR_II_KONYV_II_1_RESZ_Az_egyes_munkakorok_betoltesevel_kapcsolatos_kovetelmenyek_hatalyos_20251202.pdf\">II.1. R\u00c9SZ \u2013 AZ EGYES MUNKAK\u00d6R\u00d6K \u00c9S VEZET\u0150I MEGB\u00cdZ\u00c1SOK BET\u00d6LT\u00c9S\u00c9VEL KAPCSOLATOS K\u00d6VETELM\u00c9NYEK<\/a><\/p>\n<p><a href=\"https:\/\/semmelweis.hu\/jogigfoig\/files\/2022\/04\/SZMSZ_FKR_II_KONYV_II_1_RESZ_Melleklet.pdf\">II.1. R\u00c9SZ \u2013 MELL\u00c9KLETEK<\/a><\/p>\n","protected":false},"author":102357,"featured_media":0,"parent":73488,"menu_order":0,"comment_status":"closed","ping_status":"closed","template":"","meta":{"_acf_changed":false,"footnotes":""},"categories":[],"tags":[],"class_list":["post-100749","page","type-page","status-publish","hentry"],"acf":[],"_links":{"self":[{"href":"https:\/\/semmelweis.hu\/jogigfoig\/wp-json\/wp\/v2\/pages\/100749","targetHints":{"allow":["GET"]}}],"collection":[{"href":"https:\/\/semmelweis.hu\/jogigfoig\/wp-json\/wp\/v2\/pages"}],"about":[{"href":"https:\/\/semmelweis.hu\/jogigfoig\/wp-json\/wp\/v2\/types\/page"}],"author":[{"embeddable":true,"href":"https:\/\/semmelweis.hu\/jogigfoig\/wp-json\/wp\/v2\/users\/102357"}],"replies":[{"embeddable":true,"href":"https:\/\/semmelweis.hu\/jogigfoig\/wp-json\/wp\/v2\/comments?post=100749"}],"version-history":[{"count":5,"href":"https:\/\/semmelweis.hu\/jogigfoig\/wp-json\/wp\/v2\/pages\/100749\/revisions"}],"predecessor-version":[{"id":103510,"href":"https:\/\/semmelweis.hu\/jogigfoig\/wp-json\/wp\/v2\/pages\/100749\/revisions\/103510"}],"up":[{"embeddable":true,"href":"https:\/\/semmelweis.hu\/jogigfoig\/wp-json\/wp\/v2\/pages\/73488"}],"wp:attachment":[{"href":"https:\/\/semmelweis.hu\/jogigfoig\/wp-json\/wp\/v2\/media?parent=100749"}],"wp:term":[{"taxonomy":"category","embeddable":true,"href":"https:\/\/semmelweis.hu\/jogigfoig\/wp-json\/wp\/v2\/categories?post=100749"},{"taxonomy":"post_tag","embeddable":true,"href":"https:\/\/semmelweis.hu\/jogigfoig\/wp-json\/wp\/v2\/tags?post=100749"}],"curies":[{"name":"wp","href":"https:\/\/api.w.org\/{rel}","templated":true}]}}