{"id":100738,"date":"2025-08-14T12:23:07","date_gmt":"2025-08-14T10:23:07","guid":{"rendered":"https:\/\/semmelweis.hu\/jogigfoig\/?page_id=100738"},"modified":"2025-12-01T14:45:51","modified_gmt":"2025-12-01T13:45:51","slug":"szmsz-iii-konyv-hkr-iii-12-resz-a-magyar-nyelvu-koltsegteriteses-kepzesben-reszt-vevo-hallgatok-egyes-jogairol-es-kotelezettsegeirol","status":"publish","type":"page","link":"https:\/\/semmelweis.hu\/jogigfoig\/dokumentumtar\/szabalyzattar\/szervezeti-es-mukodesi-szabalyzat\/iii-konyv-hkr\/szmsz-iii-konyv-hkr-iii-12-resz-a-magyar-nyelvu-koltsegteriteses-kepzesben-reszt-vevo-hallgatok-egyes-jogairol-es-kotelezettsegeirol\/","title":{"rendered":"SZMSZ III. K\u00f6nyv HKR III.12. R\u00e9sz A magyar nyelv\u0171 k\u00f6lts\u00e9gt\u00e9r\u00edt\u00e9ses k\u00e9pz\u00e9sben r\u00e9szt vev\u0151 hallgat\u00f3k egyes jogair\u00f3l \u00e9s k\u00f6telezetts\u00e9geir\u0151l"},"content":{"rendered":"<p><a href=\"https:\/\/semmelweis.hu\/jogigfoig\/files\/2025\/12\/SZMSZ_HKR_III_KONYV_III_12_RESZ_A-magyar-nyelvu-koltsegteriteses-kepzesben-reszt-vevo-hallgatok_hatalyos_20251111.pdf\">III.12. R\u00c9SZ \u2013\u00a0A MAGYAR NYELV\u0170 K\u00d6LTS\u00c9GT\u00c9R\u00cdT\u00c9SES K\u00c9PZ\u00c9SBEN R\u00c9SZT VEV\u0150 HALLGAT\u00d3K EGYES JOGAIR\u00d3L \u00c9S K\u00d6TELEZETTS\u00c9GEIR\u0150L<\/a><\/p>\n","protected":false},"excerpt":{"rendered":"<p><a href=\"https:\/\/semmelweis.hu\/jogigfoig\/files\/2025\/12\/SZMSZ_HKR_III_KONYV_III_12_RESZ_A-magyar-nyelvu-koltsegteriteses-kepzesben-reszt-vevo-hallgatok_hatalyos_20251111.pdf\">III.12. R\u00c9SZ \u2013\u00a0A MAGYAR NYELV\u0170 K\u00d6LTS\u00c9GT\u00c9R\u00cdT\u00c9SES K\u00c9PZ\u00c9SBEN R\u00c9SZT VEV\u0150 HALLGAT\u00d3K EGYES JOGAIR\u00d3L \u00c9S K\u00d6TELEZETTS\u00c9GEIR\u0150L<\/a><\/p>\n","protected":false},"author":102357,"featured_media":0,"parent":73489,"menu_order":12,"comment_status":"closed","ping_status":"closed","template":"","meta":{"_acf_changed":false,"footnotes":""},"categories":[],"tags":[],"class_list":["post-100738","page","type-page","status-publish","hentry"],"acf":[],"_links":{"self":[{"href":"https:\/\/semmelweis.hu\/jogigfoig\/wp-json\/wp\/v2\/pages\/100738","targetHints":{"allow":["GET"]}}],"collection":[{"href":"https:\/\/semmelweis.hu\/jogigfoig\/wp-json\/wp\/v2\/pages"}],"about":[{"href":"https:\/\/semmelweis.hu\/jogigfoig\/wp-json\/wp\/v2\/types\/page"}],"author":[{"embeddable":true,"href":"https:\/\/semmelweis.hu\/jogigfoig\/wp-json\/wp\/v2\/users\/102357"}],"replies":[{"embeddable":true,"href":"https:\/\/semmelweis.hu\/jogigfoig\/wp-json\/wp\/v2\/comments?post=100738"}],"version-history":[{"count":2,"href":"https:\/\/semmelweis.hu\/jogigfoig\/wp-json\/wp\/v2\/pages\/100738\/revisions"}],"predecessor-version":[{"id":103119,"href":"https:\/\/semmelweis.hu\/jogigfoig\/wp-json\/wp\/v2\/pages\/100738\/revisions\/103119"}],"up":[{"embeddable":true,"href":"https:\/\/semmelweis.hu\/jogigfoig\/wp-json\/wp\/v2\/pages\/73489"}],"wp:attachment":[{"href":"https:\/\/semmelweis.hu\/jogigfoig\/wp-json\/wp\/v2\/media?parent=100738"}],"wp:term":[{"taxonomy":"category","embeddable":true,"href":"https:\/\/semmelweis.hu\/jogigfoig\/wp-json\/wp\/v2\/categories?post=100738"},{"taxonomy":"post_tag","embeddable":true,"href":"https:\/\/semmelweis.hu\/jogigfoig\/wp-json\/wp\/v2\/tags?post=100738"}],"curies":[{"name":"wp","href":"https:\/\/api.w.org\/{rel}","templated":true}]}}