{"id":100735,"date":"2025-08-14T12:21:07","date_gmt":"2025-08-14T10:21:07","guid":{"rendered":"https:\/\/semmelweis.hu\/jogigfoig\/?page_id=100735"},"modified":"2025-12-01T14:44:09","modified_gmt":"2025-12-01T13:44:09","slug":"szmsz-iii-konyv-hkr-iii-11-resz-tehetseggondozasi-szabalyzat","status":"publish","type":"page","link":"https:\/\/semmelweis.hu\/jogigfoig\/dokumentumtar\/szabalyzattar\/szervezeti-es-mukodesi-szabalyzat\/iii-konyv-hkr\/szmsz-iii-konyv-hkr-iii-11-resz-tehetseggondozasi-szabalyzat\/","title":{"rendered":"SZMSZ III. K\u00f6nyv HKR III.11. R\u00e9sz Tehets\u00e9ggondoz\u00e1si Szab\u00e1lyzat"},"content":{"rendered":"<p><a href=\"https:\/\/semmelweis.hu\/jogigfoig\/files\/2023\/05\/SZMSZ_HKR_III_KONYV_III_11_RESZ_Tehetseggondozasi_Szabalyzat_hatalyos_2023_0901.pdf\" target=\"_blank\" rel=\"noopener\">III.11. R\u00c9SZ \u2013\u00a0TEHETS\u00c9GGONDOZ\u00c1SI SZAB\u00c1LYZAT<\/a><\/p>\n","protected":false},"excerpt":{"rendered":"<p><a href=\"https:\/\/semmelweis.hu\/jogigfoig\/files\/2023\/05\/SZMSZ_HKR_III_KONYV_III_11_RESZ_Tehetseggondozasi_Szabalyzat_hatalyos_2023_0901.pdf\" target=\"_blank\" rel=\"noopener\">III.11. R\u00c9SZ \u2013\u00a0TEHETS\u00c9GGONDOZ\u00c1SI SZAB\u00c1LYZAT<\/a><\/p>\n","protected":false},"author":102357,"featured_media":0,"parent":73489,"menu_order":11,"comment_status":"closed","ping_status":"closed","template":"","meta":{"_acf_changed":false,"footnotes":""},"categories":[],"tags":[],"class_list":["post-100735","page","type-page","status-publish","hentry"],"acf":[],"_links":{"self":[{"href":"https:\/\/semmelweis.hu\/jogigfoig\/wp-json\/wp\/v2\/pages\/100735","targetHints":{"allow":["GET"]}}],"collection":[{"href":"https:\/\/semmelweis.hu\/jogigfoig\/wp-json\/wp\/v2\/pages"}],"about":[{"href":"https:\/\/semmelweis.hu\/jogigfoig\/wp-json\/wp\/v2\/types\/page"}],"author":[{"embeddable":true,"href":"https:\/\/semmelweis.hu\/jogigfoig\/wp-json\/wp\/v2\/users\/102357"}],"replies":[{"embeddable":true,"href":"https:\/\/semmelweis.hu\/jogigfoig\/wp-json\/wp\/v2\/comments?post=100735"}],"version-history":[{"count":1,"href":"https:\/\/semmelweis.hu\/jogigfoig\/wp-json\/wp\/v2\/pages\/100735\/revisions"}],"predecessor-version":[{"id":100736,"href":"https:\/\/semmelweis.hu\/jogigfoig\/wp-json\/wp\/v2\/pages\/100735\/revisions\/100736"}],"up":[{"embeddable":true,"href":"https:\/\/semmelweis.hu\/jogigfoig\/wp-json\/wp\/v2\/pages\/73489"}],"wp:attachment":[{"href":"https:\/\/semmelweis.hu\/jogigfoig\/wp-json\/wp\/v2\/media?parent=100735"}],"wp:term":[{"taxonomy":"category","embeddable":true,"href":"https:\/\/semmelweis.hu\/jogigfoig\/wp-json\/wp\/v2\/categories?post=100735"},{"taxonomy":"post_tag","embeddable":true,"href":"https:\/\/semmelweis.hu\/jogigfoig\/wp-json\/wp\/v2\/tags?post=100735"}],"curies":[{"name":"wp","href":"https:\/\/api.w.org\/{rel}","templated":true}]}}