{"id":100730,"date":"2025-08-14T12:17:35","date_gmt":"2025-08-14T10:17:35","guid":{"rendered":"https:\/\/semmelweis.hu\/jogigfoig\/?page_id=100730"},"modified":"2025-12-01T14:43:19","modified_gmt":"2025-12-01T13:43:19","slug":"szmsz-iii-konyv-hkr-iii-10-resz-hallgatoi-balesetmegelozesi-szabalyzat","status":"publish","type":"page","link":"https:\/\/semmelweis.hu\/jogigfoig\/dokumentumtar\/szabalyzattar\/szervezeti-es-mukodesi-szabalyzat\/iii-konyv-hkr\/szmsz-iii-konyv-hkr-iii-10-resz-hallgatoi-balesetmegelozesi-szabalyzat\/","title":{"rendered":"SZMSZ III. K\u00f6nyv HKR III.10. R\u00e9sz Hallgat\u00f3i balesetmegel\u0151z\u00e9si szab\u00e1lyzat"},"content":{"rendered":"<p><a href=\"https:\/\/semmelweis.hu\/jogigfoig\/files\/2019\/07\/%C3%9AJ_SZMSZ-HKR_III.K%C3%96NYV_III.10._R%C3%89SZ_Hallgat%C3%B3i-Balesetmegel%C5%91z%C3%A9si-Szab%C3%A1lyzat.pdf\" target=\"_blank\" rel=\"noopener\">III.10. R\u00c9SZ \u2013\u00a0HALLGAT\u00d3I BALESETMEGEL\u0150Z\u00c9SI SZAB\u00c1LYZAT<\/a><\/p>\n","protected":false},"excerpt":{"rendered":"<p><a href=\"https:\/\/semmelweis.hu\/jogigfoig\/files\/2019\/07\/%C3%9AJ_SZMSZ-HKR_III.K%C3%96NYV_III.10._R%C3%89SZ_Hallgat%C3%B3i-Balesetmegel%C5%91z%C3%A9si-Szab%C3%A1lyzat.pdf\" target=\"_blank\" rel=\"noopener\">III.10. R\u00c9SZ \u2013\u00a0HALLGAT\u00d3I BALESETMEGEL\u0150Z\u00c9SI SZAB\u00c1LYZAT<\/a><\/p>\n","protected":false},"author":102357,"featured_media":0,"parent":73489,"menu_order":10,"comment_status":"closed","ping_status":"closed","template":"","meta":{"_acf_changed":false,"footnotes":""},"categories":[],"tags":[],"class_list":["post-100730","page","type-page","status-publish","hentry"],"acf":[],"_links":{"self":[{"href":"https:\/\/semmelweis.hu\/jogigfoig\/wp-json\/wp\/v2\/pages\/100730","targetHints":{"allow":["GET"]}}],"collection":[{"href":"https:\/\/semmelweis.hu\/jogigfoig\/wp-json\/wp\/v2\/pages"}],"about":[{"href":"https:\/\/semmelweis.hu\/jogigfoig\/wp-json\/wp\/v2\/types\/page"}],"author":[{"embeddable":true,"href":"https:\/\/semmelweis.hu\/jogigfoig\/wp-json\/wp\/v2\/users\/102357"}],"replies":[{"embeddable":true,"href":"https:\/\/semmelweis.hu\/jogigfoig\/wp-json\/wp\/v2\/comments?post=100730"}],"version-history":[{"count":1,"href":"https:\/\/semmelweis.hu\/jogigfoig\/wp-json\/wp\/v2\/pages\/100730\/revisions"}],"predecessor-version":[{"id":100731,"href":"https:\/\/semmelweis.hu\/jogigfoig\/wp-json\/wp\/v2\/pages\/100730\/revisions\/100731"}],"up":[{"embeddable":true,"href":"https:\/\/semmelweis.hu\/jogigfoig\/wp-json\/wp\/v2\/pages\/73489"}],"wp:attachment":[{"href":"https:\/\/semmelweis.hu\/jogigfoig\/wp-json\/wp\/v2\/media?parent=100730"}],"wp:term":[{"taxonomy":"category","embeddable":true,"href":"https:\/\/semmelweis.hu\/jogigfoig\/wp-json\/wp\/v2\/categories?post=100730"},{"taxonomy":"post_tag","embeddable":true,"href":"https:\/\/semmelweis.hu\/jogigfoig\/wp-json\/wp\/v2\/tags?post=100730"}],"curies":[{"name":"wp","href":"https:\/\/api.w.org\/{rel}","templated":true}]}}