{"id":100725,"date":"2025-08-14T12:12:41","date_gmt":"2025-08-14T10:12:41","guid":{"rendered":"https:\/\/semmelweis.hu\/jogigfoig\/?page_id=100725"},"modified":"2025-08-14T12:18:44","modified_gmt":"2025-08-14T10:18:44","slug":"szmsz-iii-konyv-hkr-iii-9-resz-az-oktatoi-munka-hallgatoi-velemenyezesenek-rendje-doktori-kepzes","status":"publish","type":"page","link":"https:\/\/semmelweis.hu\/jogigfoig\/dokumentumtar\/szabalyzattar\/szervezeti-es-mukodesi-szabalyzat\/iii-konyv-hkr\/szmsz-iii-konyv-hkr-iii-9-resz-az-oktatoi-munka-hallgatoi-velemenyezesenek-rendje-doktori-kepzes\/","title":{"rendered":"SZMSZ III. K\u00f6nyv HKR III.9. R\u00e9sz Az oktat\u00f3i munka hallgat\u00f3i v\u00e9lem\u00e9nyez\u00e9s\u00e9nek rendje (doktori k\u00e9pz\u00e9s)"},"content":{"rendered":"<p><a href=\"https:\/\/semmelweis.hu\/jogigfoig\/files\/2020\/04\/UJ_SZMSZ-HKR_III_KONYV_III_9_RESZ_Az_OMVH_rendje_doktori_kepzes_hatalyos_2020_04_01-tol.pdf\" target=\"_blank\" rel=\"noopener\">III.9. R\u00c9SZ \u2013\u00a0AZ OKTAT\u00d3I MUNKA HALLGAT\u00d3I V\u00c9LEM\u00c9NYEZ\u00c9S\u00c9NEK RENDJE (DOKTORI K\u00c9PZ\u00c9S)<\/a><\/p>\n<p><a href=\"https:\/\/semmelweis.hu\/jogigfoig\/files\/2020\/04\/UJ_SZMSZ-HKR_III_KONYV_III_9_RESZ_MELLEKLETEK_hatalyos_2020_04_01-tol.pdf\" target=\"_blank\" rel=\"noopener\">III.9. R\u00c9SZ \u2013\u00a0MELL\u00c9KLETEK<\/a><\/p>\n","protected":false},"excerpt":{"rendered":"<p><a href=\"https:\/\/semmelweis.hu\/jogigfoig\/files\/2020\/04\/UJ_SZMSZ-HKR_III_KONYV_III_9_RESZ_Az_OMVH_rendje_doktori_kepzes_hatalyos_2020_04_01-tol.pdf\" target=\"_blank\" rel=\"noopener\">III.9. R\u00c9SZ \u2013\u00a0AZ OKTAT\u00d3I MUNKA HALLGAT\u00d3I V\u00c9LEM\u00c9NYEZ\u00c9S\u00c9NEK RENDJE (DOKTORI K\u00c9PZ\u00c9S)<\/a><br \/>\n<a href=\"https:\/\/semmelweis.hu\/jogigfoig\/files\/2020\/04\/UJ_SZMSZ-HKR_III_KONYV_III_9_RESZ_MELLEKLETEK_hatalyos_2020_04_01-tol.pdf\" target=\"_blank\" rel=\"noopener\">III.9. R\u00c9SZ \u2013\u00a0MELL\u00c9KLETEK<\/a><\/p>\n","protected":false},"author":102357,"featured_media":0,"parent":73489,"menu_order":0,"comment_status":"closed","ping_status":"closed","template":"","meta":{"_acf_changed":false,"footnotes":""},"categories":[],"tags":[],"class_list":["post-100725","page","type-page","status-publish","hentry"],"acf":[],"_links":{"self":[{"href":"https:\/\/semmelweis.hu\/jogigfoig\/wp-json\/wp\/v2\/pages\/100725","targetHints":{"allow":["GET"]}}],"collection":[{"href":"https:\/\/semmelweis.hu\/jogigfoig\/wp-json\/wp\/v2\/pages"}],"about":[{"href":"https:\/\/semmelweis.hu\/jogigfoig\/wp-json\/wp\/v2\/types\/page"}],"author":[{"embeddable":true,"href":"https:\/\/semmelweis.hu\/jogigfoig\/wp-json\/wp\/v2\/users\/102357"}],"replies":[{"embeddable":true,"href":"https:\/\/semmelweis.hu\/jogigfoig\/wp-json\/wp\/v2\/comments?post=100725"}],"version-history":[{"count":3,"href":"https:\/\/semmelweis.hu\/jogigfoig\/wp-json\/wp\/v2\/pages\/100725\/revisions"}],"predecessor-version":[{"id":100733,"href":"https:\/\/semmelweis.hu\/jogigfoig\/wp-json\/wp\/v2\/pages\/100725\/revisions\/100733"}],"up":[{"embeddable":true,"href":"https:\/\/semmelweis.hu\/jogigfoig\/wp-json\/wp\/v2\/pages\/73489"}],"wp:attachment":[{"href":"https:\/\/semmelweis.hu\/jogigfoig\/wp-json\/wp\/v2\/media?parent=100725"}],"wp:term":[{"taxonomy":"category","embeddable":true,"href":"https:\/\/semmelweis.hu\/jogigfoig\/wp-json\/wp\/v2\/categories?post=100725"},{"taxonomy":"post_tag","embeddable":true,"href":"https:\/\/semmelweis.hu\/jogigfoig\/wp-json\/wp\/v2\/tags?post=100725"}],"curies":[{"name":"wp","href":"https:\/\/api.w.org\/{rel}","templated":true}]}}