{"id":100722,"date":"2025-08-14T12:08:29","date_gmt":"2025-08-14T10:08:29","guid":{"rendered":"https:\/\/semmelweis.hu\/jogigfoig\/?page_id=100722"},"modified":"2026-03-05T13:34:37","modified_gmt":"2026-03-05T12:34:37","slug":"szmsz-iii-konyv-hkr-iii-8-resz-az-oktatoi-munka-hallgatoi-velemenyezesenek-rendje","status":"publish","type":"page","link":"https:\/\/semmelweis.hu\/jogigfoig\/dokumentumtar\/szabalyzattar\/szervezeti-es-mukodesi-szabalyzat\/iii-konyv-hkr\/szmsz-iii-konyv-hkr-iii-8-resz-az-oktatoi-munka-hallgatoi-velemenyezesenek-rendje\/","title":{"rendered":"SZMSZ III. K\u00f6nyv HKR III.8. R\u00c9SZ Az oktat\u00f3i munka hallgat\u00f3i v\u00e9lem\u00e9nyez\u00e9s\u00e9nek rendje"},"content":{"rendered":"<p><a href=\"https:\/\/semmelweis.hu\/jogigfoig\/files\/2025\/08\/SZMSZ_HKR_III_KONYV_III_8_RESZ_Az_OMHV_rendje_hatalyos20250802.pdf\" target=\"_blank\" rel=\"noopener\">III.8. R\u00c9SZ \u2013 AZ OKTAT\u00d3I MUNKA HALLGAT\u00d3I V\u00c9LEM\u00c9NYEZ\u00c9S\u00c9NEK RENDJE<\/a><\/p>\n<p style=\"padding-left: 40px\"><a href=\"https:\/\/semmelweis.hu\/jogigfoig\/files\/2026\/03\/SZMSZ_HKR_III_KONYV_III_8_RESZ_Az_OMHV_rendje_hatalyos_20250802_ENG.pdf\" target=\"_blank\" rel=\"noopener\">English version: Student feedback on teaching activities (OMHV)<\/a><\/p>\n","protected":false},"excerpt":{"rendered":"<p><a href=\"https:\/\/semmelweis.hu\/jogigfoig\/files\/2025\/08\/SZMSZ_HKR_III_KONYV_III_8_RESZ_Az_OMHV_rendje_hatalyos20250802.pdf\" target=\"_blank\" rel=\"noopener\">III.8. R\u00c9SZ \u2013 AZ OKTAT\u00d3I MUNKA HALLGAT\u00d3I V\u00c9LEM\u00c9NYEZ\u00c9S\u00c9NEK RENDJE<\/a><br \/>\n<a href=\"https:\/\/semmelweis.hu\/jogigfoig\/files\/2026\/03\/SZMSZ_HKR_III_KONYV_III_8_RESZ_Az_OMHV_rendje_hatalyos_20250802_ENG.pdf\" target=\"_blank\" rel=\"noopener\">English version: Student feedback on teaching activities (OMHV)<\/a><\/p>\n","protected":false},"author":102357,"featured_media":0,"parent":73489,"menu_order":0,"comment_status":"closed","ping_status":"closed","template":"","meta":{"_acf_changed":false,"footnotes":""},"categories":[],"tags":[],"class_list":["post-100722","page","type-page","status-publish","hentry"],"acf":[],"_links":{"self":[{"href":"https:\/\/semmelweis.hu\/jogigfoig\/wp-json\/wp\/v2\/pages\/100722","targetHints":{"allow":["GET"]}}],"collection":[{"href":"https:\/\/semmelweis.hu\/jogigfoig\/wp-json\/wp\/v2\/pages"}],"about":[{"href":"https:\/\/semmelweis.hu\/jogigfoig\/wp-json\/wp\/v2\/types\/page"}],"author":[{"embeddable":true,"href":"https:\/\/semmelweis.hu\/jogigfoig\/wp-json\/wp\/v2\/users\/102357"}],"replies":[{"embeddable":true,"href":"https:\/\/semmelweis.hu\/jogigfoig\/wp-json\/wp\/v2\/comments?post=100722"}],"version-history":[{"count":4,"href":"https:\/\/semmelweis.hu\/jogigfoig\/wp-json\/wp\/v2\/pages\/100722\/revisions"}],"predecessor-version":[{"id":105362,"href":"https:\/\/semmelweis.hu\/jogigfoig\/wp-json\/wp\/v2\/pages\/100722\/revisions\/105362"}],"up":[{"embeddable":true,"href":"https:\/\/semmelweis.hu\/jogigfoig\/wp-json\/wp\/v2\/pages\/73489"}],"wp:attachment":[{"href":"https:\/\/semmelweis.hu\/jogigfoig\/wp-json\/wp\/v2\/media?parent=100722"}],"wp:term":[{"taxonomy":"category","embeddable":true,"href":"https:\/\/semmelweis.hu\/jogigfoig\/wp-json\/wp\/v2\/categories?post=100722"},{"taxonomy":"post_tag","embeddable":true,"href":"https:\/\/semmelweis.hu\/jogigfoig\/wp-json\/wp\/v2\/tags?post=100722"}],"curies":[{"name":"wp","href":"https:\/\/api.w.org\/{rel}","templated":true}]}}