{"id":100719,"date":"2025-08-14T12:04:37","date_gmt":"2025-08-14T10:04:37","guid":{"rendered":"https:\/\/semmelweis.hu\/jogigfoig\/?page_id=100719"},"modified":"2026-03-24T11:38:19","modified_gmt":"2026-03-24T10:38:19","slug":"szmsz-iii-konyv-hkr-iii-7-resz-jogorvoslati-szabalyzat","status":"publish","type":"page","link":"https:\/\/semmelweis.hu\/jogigfoig\/dokumentumtar\/szabalyzattar\/szervezeti-es-mukodesi-szabalyzat\/iii-konyv-hkr\/szmsz-iii-konyv-hkr-iii-7-resz-jogorvoslati-szabalyzat\/","title":{"rendered":"SZMSZ III. K\u00f6nyv HKR III.7. R\u00e9sz Jogorvoslati Szab\u00e1lyzat"},"content":{"rendered":"<p><a href=\"https:\/\/semmelweis.hu\/jogigfoig\/files\/2025\/01\/SZMSZ_HKR_III_KONYV_III_7_RESZ_Jogorvoslati-Szabalyzat_hatalyos_20241220-tol.pdf\" target=\"_blank\" rel=\"noopener\">III.7. R\u00c9SZ \u2013\u00a0JOGORVOSLATI SZAB\u00c1LYZAT<\/a><\/p>\n<p style=\"padding-left: 40px\"><a href=\"https:\/\/semmelweis.hu\/jogigfoig\/files\/2026\/03\/SZMSZ_HKR_III_KONYV_III_7_RESZ_Jogorvoslati_Szabalyzat_hatalyos_2024_12_20_ENG_JIF.pdf\">English version: Chapter III.7 Regulations on Appeal and Review<\/a><\/p>\n","protected":false},"excerpt":{"rendered":"<p><a href=\"https:\/\/semmelweis.hu\/jogigfoig\/files\/2025\/01\/SZMSZ_HKR_III_KONYV_III_7_RESZ_Jogorvoslati-Szabalyzat_hatalyos_20241220-tol.pdf\" target=\"_blank\" rel=\"noopener\">III.7. R\u00c9SZ \u2013\u00a0JOGORVOSLATI SZAB\u00c1LYZAT<\/a><br \/>\n<a href=\"https:\/\/semmelweis.hu\/jogigfoig\/files\/2026\/03\/SZMSZ_HKR_III_KONYV_III_7_RESZ_Jogorvoslati_Szabalyzat_hatalyos_2024_12_20_ENG_JIF.pdf\">English version: Chapter III.7 Regulations on Appeal and Review<\/a><\/p>\n","protected":false},"author":102357,"featured_media":0,"parent":73489,"menu_order":0,"comment_status":"closed","ping_status":"closed","template":"","meta":{"_acf_changed":false,"footnotes":""},"categories":[],"tags":[],"class_list":["post-100719","page","type-page","status-publish","hentry"],"acf":[],"_links":{"self":[{"href":"https:\/\/semmelweis.hu\/jogigfoig\/wp-json\/wp\/v2\/pages\/100719","targetHints":{"allow":["GET"]}}],"collection":[{"href":"https:\/\/semmelweis.hu\/jogigfoig\/wp-json\/wp\/v2\/pages"}],"about":[{"href":"https:\/\/semmelweis.hu\/jogigfoig\/wp-json\/wp\/v2\/types\/page"}],"author":[{"embeddable":true,"href":"https:\/\/semmelweis.hu\/jogigfoig\/wp-json\/wp\/v2\/users\/102357"}],"replies":[{"embeddable":true,"href":"https:\/\/semmelweis.hu\/jogigfoig\/wp-json\/wp\/v2\/comments?post=100719"}],"version-history":[{"count":4,"href":"https:\/\/semmelweis.hu\/jogigfoig\/wp-json\/wp\/v2\/pages\/100719\/revisions"}],"predecessor-version":[{"id":105884,"href":"https:\/\/semmelweis.hu\/jogigfoig\/wp-json\/wp\/v2\/pages\/100719\/revisions\/105884"}],"up":[{"embeddable":true,"href":"https:\/\/semmelweis.hu\/jogigfoig\/wp-json\/wp\/v2\/pages\/73489"}],"wp:attachment":[{"href":"https:\/\/semmelweis.hu\/jogigfoig\/wp-json\/wp\/v2\/media?parent=100719"}],"wp:term":[{"taxonomy":"category","embeddable":true,"href":"https:\/\/semmelweis.hu\/jogigfoig\/wp-json\/wp\/v2\/categories?post=100719"},{"taxonomy":"post_tag","embeddable":true,"href":"https:\/\/semmelweis.hu\/jogigfoig\/wp-json\/wp\/v2\/tags?post=100719"}],"curies":[{"name":"wp","href":"https:\/\/api.w.org\/{rel}","templated":true}]}}