{"id":100716,"date":"2025-08-14T12:01:15","date_gmt":"2025-08-14T10:01:15","guid":{"rendered":"https:\/\/semmelweis.hu\/jogigfoig\/?page_id=100716"},"modified":"2025-08-14T12:01:15","modified_gmt":"2025-08-14T10:01:15","slug":"szmsz-iii-konyv-hkr-iii-6-resz-hallgatok-altal-benyujtott-kerelmek-elbiralasanak-rendje","status":"publish","type":"page","link":"https:\/\/semmelweis.hu\/jogigfoig\/dokumentumtar\/szabalyzattar\/szervezeti-es-mukodesi-szabalyzat\/iii-konyv-hkr\/szmsz-iii-konyv-hkr-iii-6-resz-hallgatok-altal-benyujtott-kerelmek-elbiralasanak-rendje\/","title":{"rendered":"SZMSZ III. K\u00f6nyv HKR III.6. R\u00e9sz Hallgat\u00f3k \u00e1ltal beny\u00fajtott k\u00e9relmek Elb\u00edr\u00e1l\u00e1s\u00e1nak rendje"},"content":{"rendered":"<p><a href=\"https:\/\/semmelweis.hu\/jogigfoig\/files\/2025\/01\/SZMSZ_HKR_III_KONYV_III_6_RESZ_Hallgatok-altal-benyujtott-kerelmek-elbiralasanak-rendje_hatalyos_20241220-tol.pdf\" target=\"_blank\" rel=\"noopener\">III.6. R\u00c9SZ \u2013\u00a0HALLGAT\u00d3K \u00c1LTAL BENY\u00daJTOTT K\u00c9RELMEK ELB\u00cdR\u00c1L\u00c1S\u00c1NAK RENDJE<\/a><\/p>\n","protected":false},"excerpt":{"rendered":"<p><a href=\"https:\/\/semmelweis.hu\/jogigfoig\/files\/2025\/01\/SZMSZ_HKR_III_KONYV_III_6_RESZ_Hallgatok-altal-benyujtott-kerelmek-elbiralasanak-rendje_hatalyos_20241220-tol.pdf\" target=\"_blank\" rel=\"noopener\">III.6. R\u00c9SZ \u2013\u00a0HALLGAT\u00d3K \u00c1LTAL BENY\u00daJTOTT K\u00c9RELMEK ELB\u00cdR\u00c1L\u00c1S\u00c1NAK RENDJE<\/a><\/p>\n","protected":false},"author":102357,"featured_media":0,"parent":73489,"menu_order":0,"comment_status":"closed","ping_status":"closed","template":"","meta":{"_acf_changed":false,"footnotes":""},"categories":[],"tags":[],"class_list":["post-100716","page","type-page","status-publish","hentry"],"acf":[],"_links":{"self":[{"href":"https:\/\/semmelweis.hu\/jogigfoig\/wp-json\/wp\/v2\/pages\/100716","targetHints":{"allow":["GET"]}}],"collection":[{"href":"https:\/\/semmelweis.hu\/jogigfoig\/wp-json\/wp\/v2\/pages"}],"about":[{"href":"https:\/\/semmelweis.hu\/jogigfoig\/wp-json\/wp\/v2\/types\/page"}],"author":[{"embeddable":true,"href":"https:\/\/semmelweis.hu\/jogigfoig\/wp-json\/wp\/v2\/users\/102357"}],"replies":[{"embeddable":true,"href":"https:\/\/semmelweis.hu\/jogigfoig\/wp-json\/wp\/v2\/comments?post=100716"}],"version-history":[{"count":1,"href":"https:\/\/semmelweis.hu\/jogigfoig\/wp-json\/wp\/v2\/pages\/100716\/revisions"}],"predecessor-version":[{"id":100717,"href":"https:\/\/semmelweis.hu\/jogigfoig\/wp-json\/wp\/v2\/pages\/100716\/revisions\/100717"}],"up":[{"embeddable":true,"href":"https:\/\/semmelweis.hu\/jogigfoig\/wp-json\/wp\/v2\/pages\/73489"}],"wp:attachment":[{"href":"https:\/\/semmelweis.hu\/jogigfoig\/wp-json\/wp\/v2\/media?parent=100716"}],"wp:term":[{"taxonomy":"category","embeddable":true,"href":"https:\/\/semmelweis.hu\/jogigfoig\/wp-json\/wp\/v2\/categories?post=100716"},{"taxonomy":"post_tag","embeddable":true,"href":"https:\/\/semmelweis.hu\/jogigfoig\/wp-json\/wp\/v2\/tags?post=100716"}],"curies":[{"name":"wp","href":"https:\/\/api.w.org\/{rel}","templated":true}]}}