{"id":100682,"date":"2025-08-14T09:23:09","date_gmt":"2025-08-14T07:23:09","guid":{"rendered":"https:\/\/semmelweis.hu\/jogigfoig\/?page_id=100682"},"modified":"2025-08-14T12:57:30","modified_gmt":"2025-08-14T10:57:30","slug":"szmsz_szmr_i_konyv_i_4_resz_a-hallgatoi-rendezvenyek","status":"publish","type":"page","link":"https:\/\/semmelweis.hu\/jogigfoig\/dokumentumtar\/szabalyzattar\/szervezeti-es-mukodesi-szabalyzat\/i-konyv-szmr\/szmsz_szmr_i_konyv_i_4_resz_a-hallgatoi-rendezvenyek\/","title":{"rendered":"SZMSZ I. K\u00f6nyv SZMR I.4. R\u00c9SZ A hallgat\u00f3i rendezv\u00e9nyek \u00e9s a hallgat\u00f3k sz\u00e1m\u00e1ra ny\u00fajtott szolg\u00e1ltat\u00e1sok szervez\u00e9s\u00e9nek rendje"},"content":{"rendered":"<p><a href=\"https:\/\/semmelweis.hu\/jogigfoig\/files\/2022\/02\/SZMSZ_SZMR_I_KONYV_I_4_RESZ_A-hallgatoi-rendezvenyek_hatalyos_2022_02_03-tol.pdf\">I.4. R\u00c9SZ \u2013 A HALLGAT\u00d3I RENDEZV\u00c9NYEK \u00c9S A HALLGAT\u00d3K SZ\u00c1M\u00c1RA NY\u00daJTOTT SZOLG\u00c1LTAT\u00c1SOK SZERVEZ\u00c9S\u00c9NEK RENDJE<\/a><\/p>\n<p style=\"padding-left: 40px\"><a href=\"https:\/\/semmelweis.hu\/jogigfoig\/files\/2023\/02\/SZMSZ_SZMR_I_KONYV_I_4_RESZ_A-hallgatoi-rendezvenyek_hatalyos_2022_02_03-tol_ENG.pdf\">English version: I.4 SPECIAL SECTION \u2013 RULES FOR THE ORGANIZATION OF STUDENT EVENTS AND SERVICES FOR STUDENT<\/a><\/p>\n<p style=\"padding-left: 40px\"><a href=\"https:\/\/semmelweis.hu\/jogigfoig\/files\/2023\/02\/SZMSZ_SZMR_I_KONYV_I_4_RESZ_A-hallgatoi-rendezvenyek_2022_02_03-tol_GER.pdf\">Deutsche Version: I.4 SONDERTEIL \u2013 REGELN F\u00dcR DIE ORGANISATION VON STUDENTISCHEN VERANSTALTUNGEN UND DIENSTLEISTUNGEN F\u00dcR STUDIERENDE<\/a><\/p>\n","protected":false},"excerpt":{"rendered":"<p><a href=\"https:\/\/semmelweis.hu\/jogigfoig\/files\/2022\/02\/SZMSZ_SZMR_I_KONYV_I_4_RESZ_A-hallgatoi-rendezvenyek_hatalyos_2022_02_03-tol.pdf\">I.4. R\u00c9SZ \u2013 A HALLGAT\u00d3I RENDEZV\u00c9NYEK \u00c9S A HALLGAT\u00d3K SZ\u00c1M\u00c1RA NY\u00daJTOTT SZOLG\u00c1LTAT\u00c1SOK SZERVEZ\u00c9S\u00c9NEK RENDJE<\/a><br \/>\n<a href=\"https:\/\/semmelweis.hu\/jogigfoig\/files\/2023\/02\/SZMSZ_SZMR_I_KONYV_I_4_RESZ_A-hallgatoi-rendezvenyek_hatalyos_2022_02_03-tol_ENG.pdf\">English version: I.4 SPECIAL SECTION \u2013 RULES FOR THE ORGANIZATION OF STUDENT EVENTS AND SERVICES FOR STUDENT<\/a><br \/>\n<a href=\"https:\/\/semmelweis.hu\/jogigfoig\/files\/2023\/02\/SZMSZ_SZMR_I_KONYV_I_4_RESZ_A-hallgatoi-rendezvenyek_2022_02_03-tol_GER.pdf\">Deutsche Version: I.4 SONDERTEIL \u2013 REGELN F\u00dcR DIE ORGANISATION VON STUDENTISCHEN VERANSTALTUNGEN UND DIENSTLEISTUNGEN F\u00dcR STUDIERENDE<\/a><\/p>\n","protected":false},"author":102357,"featured_media":0,"parent":73487,"menu_order":0,"comment_status":"closed","ping_status":"closed","template":"","meta":{"_acf_changed":false,"footnotes":""},"categories":[],"tags":[],"class_list":["post-100682","page","type-page","status-publish","hentry"],"acf":[],"_links":{"self":[{"href":"https:\/\/semmelweis.hu\/jogigfoig\/wp-json\/wp\/v2\/pages\/100682","targetHints":{"allow":["GET"]}}],"collection":[{"href":"https:\/\/semmelweis.hu\/jogigfoig\/wp-json\/wp\/v2\/pages"}],"about":[{"href":"https:\/\/semmelweis.hu\/jogigfoig\/wp-json\/wp\/v2\/types\/page"}],"author":[{"embeddable":true,"href":"https:\/\/semmelweis.hu\/jogigfoig\/wp-json\/wp\/v2\/users\/102357"}],"replies":[{"embeddable":true,"href":"https:\/\/semmelweis.hu\/jogigfoig\/wp-json\/wp\/v2\/comments?post=100682"}],"version-history":[{"count":4,"href":"https:\/\/semmelweis.hu\/jogigfoig\/wp-json\/wp\/v2\/pages\/100682\/revisions"}],"predecessor-version":[{"id":100768,"href":"https:\/\/semmelweis.hu\/jogigfoig\/wp-json\/wp\/v2\/pages\/100682\/revisions\/100768"}],"up":[{"embeddable":true,"href":"https:\/\/semmelweis.hu\/jogigfoig\/wp-json\/wp\/v2\/pages\/73487"}],"wp:attachment":[{"href":"https:\/\/semmelweis.hu\/jogigfoig\/wp-json\/wp\/v2\/media?parent=100682"}],"wp:term":[{"taxonomy":"category","embeddable":true,"href":"https:\/\/semmelweis.hu\/jogigfoig\/wp-json\/wp\/v2\/categories?post=100682"},{"taxonomy":"post_tag","embeddable":true,"href":"https:\/\/semmelweis.hu\/jogigfoig\/wp-json\/wp\/v2\/tags?post=100682"}],"curies":[{"name":"wp","href":"https:\/\/api.w.org\/{rel}","templated":true}]}}