{"id":100678,"date":"2025-08-14T09:01:38","date_gmt":"2025-08-14T07:01:38","guid":{"rendered":"https:\/\/semmelweis.hu\/jogigfoig\/?page_id=100678"},"modified":"2025-08-14T12:58:50","modified_gmt":"2025-08-14T10:58:50","slug":"szmsz_szmr_i_konyv_i_5_resz_minosegiranyitasi_szabalyozas","status":"publish","type":"page","link":"https:\/\/semmelweis.hu\/jogigfoig\/dokumentumtar\/szabalyzattar\/szervezeti-es-mukodesi-szabalyzat\/i-konyv-szmr\/szmsz_szmr_i_konyv_i_5_resz_minosegiranyitasi_szabalyozas\/","title":{"rendered":"SZMSZ I. K\u00f6nyv SZMR I.5. R\u00e9sz Min\u0151s\u00e9gir\u00e1ny\u00edt\u00e1si szab\u00e1lyoz\u00e1s"},"content":{"rendered":"<p><a href=\"https:\/\/semmelweis.hu\/jogigfoig\/files\/2022\/02\/SZMSZ_SZMR_I_KONYV_I_5_RESZ_Minosegiranyitasi_szabalyozas_hatalyos_2022_02_03-tol.pdf\">I.5. R\u00c9SZ \u2013 MIN\u0150S\u00c9GIR\u00c1NY\u00cdT\u00c1SI SZAB\u00c1LYOZ\u00c1S<\/a><\/p>\n<p style=\"padding-left: 40px\"><a href=\"https:\/\/semmelweis.hu\/jogigfoig\/files\/2023\/02\/SZMSZ_SZMR_I_KONYV_I_5_RESZ_Minosegiranyitasi_szabalyozas_hatalyos_2022_02_03_tol__ENG.pdf\">English version: I.5. SPECIFIC PART \u2013 QUALITY MANAGEMENT REGULATION<\/a><\/p>\n<p style=\"padding-left: 40px\"><a href=\"https:\/\/semmelweis.hu\/jogigfoig\/files\/2023\/02\/SZMSZ_SZMR_I_KONYV_I_5_RESZ_Minosegiranyitasi_szabalyozas__hatalyos_2022_02_03_tol_GER.pdf\">Deutsche Version: I.5. SPEZIFISCHER TEIL \u2013 QUALIT\u00c4TSMANAGEMENT-VERORDNUNG<\/a><\/p>\n","protected":false},"excerpt":{"rendered":"<p><a href=\"https:\/\/semmelweis.hu\/jogigfoig\/files\/2022\/02\/SZMSZ_SZMR_I_KONYV_I_5_RESZ_Minosegiranyitasi_szabalyozas_hatalyos_2022_02_03-tol.pdf\">I.5. R\u00c9SZ \u2013 MIN\u0150S\u00c9GIR\u00c1NY\u00cdT\u00c1SI SZAB\u00c1LYOZ\u00c1S<\/a><br \/>\n<a href=\"https:\/\/semmelweis.hu\/jogigfoig\/files\/2023\/02\/SZMSZ_SZMR_I_KONYV_I_5_RESZ_Minosegiranyitasi_szabalyozas_hatalyos_2022_02_03_tol__ENG.pdf\">English version: I.5. SPECIFIC PART \u2013 QUALITY MANAGEMENT REGULATION<\/a><br \/>\n<a href=\"https:\/\/semmelweis.hu\/jogigfoig\/files\/2023\/02\/SZMSZ_SZMR_I_KONYV_I_5_RESZ_Minosegiranyitasi_szabalyozas__hatalyos_2022_02_03_tol_GER.pdf\">Deutsche Version: I.5. SPEZIFISCHER TEIL \u2013 QUALIT\u00c4TSMANAGEMENT-VERORDNUNG<\/a><\/p>\n","protected":false},"author":102357,"featured_media":0,"parent":73487,"menu_order":0,"comment_status":"closed","ping_status":"closed","template":"","meta":{"_acf_changed":false,"footnotes":""},"categories":[],"tags":[],"class_list":["post-100678","page","type-page","status-publish","hentry"],"acf":[],"_links":{"self":[{"href":"https:\/\/semmelweis.hu\/jogigfoig\/wp-json\/wp\/v2\/pages\/100678","targetHints":{"allow":["GET"]}}],"collection":[{"href":"https:\/\/semmelweis.hu\/jogigfoig\/wp-json\/wp\/v2\/pages"}],"about":[{"href":"https:\/\/semmelweis.hu\/jogigfoig\/wp-json\/wp\/v2\/types\/page"}],"author":[{"embeddable":true,"href":"https:\/\/semmelweis.hu\/jogigfoig\/wp-json\/wp\/v2\/users\/102357"}],"replies":[{"embeddable":true,"href":"https:\/\/semmelweis.hu\/jogigfoig\/wp-json\/wp\/v2\/comments?post=100678"}],"version-history":[{"count":3,"href":"https:\/\/semmelweis.hu\/jogigfoig\/wp-json\/wp\/v2\/pages\/100678\/revisions"}],"predecessor-version":[{"id":100769,"href":"https:\/\/semmelweis.hu\/jogigfoig\/wp-json\/wp\/v2\/pages\/100678\/revisions\/100769"}],"up":[{"embeddable":true,"href":"https:\/\/semmelweis.hu\/jogigfoig\/wp-json\/wp\/v2\/pages\/73487"}],"wp:attachment":[{"href":"https:\/\/semmelweis.hu\/jogigfoig\/wp-json\/wp\/v2\/media?parent=100678"}],"wp:term":[{"taxonomy":"category","embeddable":true,"href":"https:\/\/semmelweis.hu\/jogigfoig\/wp-json\/wp\/v2\/categories?post=100678"},{"taxonomy":"post_tag","embeddable":true,"href":"https:\/\/semmelweis.hu\/jogigfoig\/wp-json\/wp\/v2\/tags?post=100678"}],"curies":[{"name":"wp","href":"https:\/\/api.w.org\/{rel}","templated":true}]}}