{"id":100038,"date":"2025-07-28T08:22:57","date_gmt":"2025-07-28T06:22:57","guid":{"rendered":"https:\/\/semmelweis.hu\/jogigfoig\/?page_id=100038"},"modified":"2025-11-28T23:23:41","modified_gmt":"2025-11-28T22:23:41","slug":"2025-julius-25","status":"publish","type":"page","link":"https:\/\/semmelweis.hu\/jogigfoig\/testuletek\/szenatus\/2025-evi-szenatusi-hatarozatok\/2025-julius-25\/","title":{"rendered":"2025. j\u00falius 25."},"content":{"rendered":"<p>&nbsp;<\/p>\n<p style=\"text-align: justify\"><a href=\"https:\/\/semmelweis.hu\/jogigfoig\/files\/2025\/11\/62_2025_Hatarozat_az-egyes-szabalyzatok-modositasarol.pdf\">A Semmelweis Egyetem Szen\u00e1tus\u00e1nak 62\/2025. (VII.25.) sz\u00e1m\u00fa hat\u00e1rozata az egyes szab\u00e1lyzatok m\u00f3dos\u00edt\u00e1s\u00e1r\u00f3l<\/a><\/p>\n","protected":false},"excerpt":{"rendered":"<p>&nbsp;<br \/>\n<a href=\"https:\/\/semmelweis.hu\/jogigfoig\/files\/2025\/11\/62_2025_Hatarozat_az-egyes-szabalyzatok-modositasarol.pdf\">A Semmelweis Egyetem Szen\u00e1tus\u00e1nak 62\/2025. (VII.25.) sz\u00e1m\u00fa hat\u00e1rozata az egyes szab\u00e1lyzatok m\u00f3dos\u00edt\u00e1s\u00e1r\u00f3l<\/a><\/p>\n","protected":false},"author":102357,"featured_media":0,"parent":96382,"menu_order":76,"comment_status":"closed","ping_status":"closed","template":"","meta":{"_acf_changed":false,"footnotes":""},"categories":[],"tags":[],"class_list":["post-100038","page","type-page","status-publish","hentry"],"acf":[],"_links":{"self":[{"href":"https:\/\/semmelweis.hu\/jogigfoig\/wp-json\/wp\/v2\/pages\/100038","targetHints":{"allow":["GET"]}}],"collection":[{"href":"https:\/\/semmelweis.hu\/jogigfoig\/wp-json\/wp\/v2\/pages"}],"about":[{"href":"https:\/\/semmelweis.hu\/jogigfoig\/wp-json\/wp\/v2\/types\/page"}],"author":[{"embeddable":true,"href":"https:\/\/semmelweis.hu\/jogigfoig\/wp-json\/wp\/v2\/users\/102357"}],"replies":[{"embeddable":true,"href":"https:\/\/semmelweis.hu\/jogigfoig\/wp-json\/wp\/v2\/comments?post=100038"}],"version-history":[{"count":6,"href":"https:\/\/semmelweis.hu\/jogigfoig\/wp-json\/wp\/v2\/pages\/100038\/revisions"}],"predecessor-version":[{"id":103053,"href":"https:\/\/semmelweis.hu\/jogigfoig\/wp-json\/wp\/v2\/pages\/100038\/revisions\/103053"}],"up":[{"embeddable":true,"href":"https:\/\/semmelweis.hu\/jogigfoig\/wp-json\/wp\/v2\/pages\/96382"}],"wp:attachment":[{"href":"https:\/\/semmelweis.hu\/jogigfoig\/wp-json\/wp\/v2\/media?parent=100038"}],"wp:term":[{"taxonomy":"category","embeddable":true,"href":"https:\/\/semmelweis.hu\/jogigfoig\/wp-json\/wp\/v2\/categories?post=100038"},{"taxonomy":"post_tag","embeddable":true,"href":"https:\/\/semmelweis.hu\/jogigfoig\/wp-json\/wp\/v2\/tags?post=100038"}],"curies":[{"name":"wp","href":"https:\/\/api.w.org\/{rel}","templated":true}]}}