{"id":9,"date":"2020-06-16T13:17:32","date_gmt":"2020-06-16T11:17:32","guid":{"rendered":"https:\/\/semmelweis.hu\/intervencios-radiologia\/?page_id=9"},"modified":"2025-10-14T18:19:18","modified_gmt":"2025-10-14T16:19:18","slug":"elerhetosegek","status":"publish","type":"page","link":"https:\/\/semmelweis.hu\/intervencios-radiologia\/elerhetosegek\/","title":{"rendered":"El\u00e9rhet\u0151s\u00e9gek"},"content":{"rendered":"<p><strong>Intervenci\u00f3s Radiol\u00f3giai Tansz\u00e9k<\/strong><br \/>\nV\u00e1rosmajori Sz\u00edv- \u00e9s \u00c9rgy\u00f3gy\u00e1szati Klinika<\/p>\n<p>dr. med.habil. <a href=\"https:\/\/semmelweis.hu\/telefonkonyv\/?emp_id=17741\">Dr. D\u00f3sa Edit PhD.<\/a>, egyetemi docens, tansz\u00e9kvezet\u0151<\/p>\n<p>Titk\u00e1rs\u00e1g: T\u0151t\u0151s Anna M\u00e1ria\u00a0<\/p>\n<p><span data-olk-copy-source=\"MessageBody\">titkarsag.intervencio@semmelweis.hu<\/span><\/p>\n<p>1122 Budapest, Hat\u00e1r\u0151r \u00fat 18.<br \/>\nTelefon: +36 1 458 6880<\/p>\n<p>Onko-intervenci\u00f3s ambulancia:\u00a0<\/p>\n<p>1085 Budapest, Baross utca 23-25.<br \/>\nTelefon: +36 30 016 4937<\/p>\n<p>&nbsp;<\/p>\n<p>&nbsp;<\/p>\n<p>&nbsp;<\/p>\n","protected":false},"excerpt":{"rendered":"<p>Intervenci\u00f3s Radiol\u00f3giai Tansz\u00e9k<br \/>\nV\u00e1rosmajori Sz\u00edv- \u00e9s \u00c9rgy\u00f3gy\u00e1szati Klinika<br \/>\ndr. med.habil. <a href=\"https:\/\/semmelweis.hu\/telefonkonyv\/?emp_id=17741\">Dr. D\u00f3sa Edit PhD.<\/a>, egyetemi docens, tansz\u00e9kvezet\u0151<br \/>\nTitk\u00e1rs\u00e1g: T\u0151t\u0151s Anna M\u00e1ria\u00a0<br \/>\ntitkarsag.intervencio@semmelweis.hu<br \/>\n1122 Budapest, Hat\u00e1r\u0151r \u00fat 18.<br \/>\nTelefon: +36 1 458 6880<br \/>\nOnko-intervenci\u00f3s ambulancia:\u00a0<br \/>\n1085 Budapest, Baross utca 23-25.<br \/>\nTelefon: +36 30 016 4937<br \/>\n&nbsp;<br \/>\n&nbsp;<br \/>\n&nbsp;<\/p>\n","protected":false},"author":12,"featured_media":0,"parent":0,"menu_order":8,"comment_status":"closed","ping_status":"closed","template":"","meta":{"_acf_changed":false,"footnotes":""},"categories":[],"tags":[],"class_list":["post-9","page","type-page","status-publish","hentry"],"acf":[],"_links":{"self":[{"href":"https:\/\/semmelweis.hu\/intervencios-radiologia\/wp-json\/wp\/v2\/pages\/9","targetHints":{"allow":["GET"]}}],"collection":[{"href":"https:\/\/semmelweis.hu\/intervencios-radiologia\/wp-json\/wp\/v2\/pages"}],"about":[{"href":"https:\/\/semmelweis.hu\/intervencios-radiologia\/wp-json\/wp\/v2\/types\/page"}],"author":[{"embeddable":true,"href":"https:\/\/semmelweis.hu\/intervencios-radiologia\/wp-json\/wp\/v2\/users\/12"}],"replies":[{"embeddable":true,"href":"https:\/\/semmelweis.hu\/intervencios-radiologia\/wp-json\/wp\/v2\/comments?post=9"}],"version-history":[{"count":10,"href":"https:\/\/semmelweis.hu\/intervencios-radiologia\/wp-json\/wp\/v2\/pages\/9\/revisions"}],"predecessor-version":[{"id":283,"href":"https:\/\/semmelweis.hu\/intervencios-radiologia\/wp-json\/wp\/v2\/pages\/9\/revisions\/283"}],"wp:attachment":[{"href":"https:\/\/semmelweis.hu\/intervencios-radiologia\/wp-json\/wp\/v2\/media?parent=9"}],"wp:term":[{"taxonomy":"category","embeddable":true,"href":"https:\/\/semmelweis.hu\/intervencios-radiologia\/wp-json\/wp\/v2\/categories?post=9"},{"taxonomy":"post_tag","embeddable":true,"href":"https:\/\/semmelweis.hu\/intervencios-radiologia\/wp-json\/wp\/v2\/tags?post=9"}],"curies":[{"name":"wp","href":"https:\/\/api.w.org\/{rel}","templated":true}]}}