{"id":89,"date":"2021-01-31T18:44:40","date_gmt":"2021-01-31T17:44:40","guid":{"rendered":"https:\/\/semmelweis.hu\/intervencios-radiologia\/?page_id=89"},"modified":"2025-07-14T19:58:51","modified_gmt":"2025-07-14T17:58:51","slug":"rektori-palyatetelek","status":"publish","type":"page","link":"https:\/\/semmelweis.hu\/intervencios-radiologia\/tdk-es-szakdolgozattemak\/rektori-palyatetelek\/","title":{"rendered":"Rektori p\u00e1lyat\u00e9telek"},"content":{"rendered":"<p><strong>Rektori p\u00e1lyat\u00e9telek 2025\/26<\/strong><\/p>\n<table cellspacing=\"0\" cellpadding=\"0\">\n<tbody>\n<tr>\n<td>&nbsp;<\/td>\n<td>&nbsp;<\/td>\n<\/tr>\n<tr>\n<td>&nbsp;<\/td>\n<td>&nbsp;<\/td>\n<\/tr>\n<tr>\n<td>\n<div class=\"yiv6464819060elementToProof\">Supraaorticus debranching m\u0171t\u00e9tek eredm\u00e9nyess\u00e9g\u00e9nek vizsg\u00e1lata<\/div>\n<\/td>\n<td>\n<div class=\"yiv6464819060elementToProof\">Dr. B\u00e9rczi \u00c1kos PhD, egyetemi tan\u00e1rseg\u00e9d, Dr. Csobay-Nov\u00e1k Csaba PhD, egyetemi docens<\/div>\n<\/td>\n<\/tr>\n<tr>\n<td>\n<div class=\"yiv6464819060elementToProof\">Mesters\u00e9ges intelligenci\u00e1n alapul\u00f3 aorta anal\u00edzis<\/div>\n<\/td>\n<td>\n<div class=\"yiv6464819060elementToProof\">Dr. Borzs\u00e1k Sarolta PhD, egyetemi tan\u00e1rseg\u00e9d, Dr. Csobay-Nov\u00e1k Csaba PhD, egyetemi docens<\/div>\n<\/td>\n<\/tr>\n<tr>\n<td>\n<div class=\"yiv6464819060elementToProof\">Sz\u00e9n-dioxid angiogr\u00e1fia alkalmaz\u00e1sa a vaszkul\u00e1ris intervenci\u00f3k sor\u00e1n<\/div>\n<\/td>\n<td>\n<div class=\"yiv6464819060elementToProof\">Dr. Gy\u00e1n\u00f3 Marcell PhD, egyetemi adjunktus, Dr. Csobay-Nov\u00e1k Csaba PhD, egyetemi docens<\/div>\n<\/td>\n<\/tr>\n<tr>\n<td>\n<div class=\"yiv6464819060elementToProof\">Orvos \u00e1ltal m\u00f3dos\u00edtott graftok alkalmaz\u00e1sa az aortabetegs\u00e9gek kezel\u00e9s\u00e9re<\/div>\n<\/td>\n<td>\n<div class=\"yiv6464819060elementToProof\">Dr. H\u00fcttl Art\u00far egetemi tan\u00e1rseg\u00e9d, Dr. Csobay-Nov\u00e1k Csaba PhD, egyetemi docens<\/div>\n<\/td>\n<\/tr>\n<tr>\n<td>\n<div class=\"yiv6464819060elementToProof\">\u00c9rfest\u00e9sek megterhel\u00e9s\u00e9nek cs\u00f6kkent\u00e9se<\/div>\n<\/td>\n<td>\n<div class=\"yiv6464819060elementToProof\">Dr. Gy\u00e1n\u00f3 Marcell PhD, egyetemi adjunktus<\/div>\n<\/td>\n<\/tr>\n<tr>\n<td>\n<div class=\"yiv6464819060elementToProof\">A QISS MR vizsg\u00e1lat diagnosztikai teljes\u00edtm\u00e9nye \/ The diagnostic performance of the QISS MRI<\/div>\n<\/td>\n<td>\n<div class=\"yiv6464819060elementToProof\">Dr. Juh\u00e1sz Georgina szakorvosjel\u00f6lt, Dr Gy\u00e1n\u00f3 Marcell PhD, egyetemi adjunktus<\/div>\n<\/td>\n<\/tr>\n<tr>\n<td>\n<div class=\"yiv6464819060elementToProof\">Innovat\u00edv MR technol\u00f3gi\u00e1k \u00e9s a mesters\u00e9ges intellgiencia alkalmaz\u00e1sa \u00e9rbetegs\u00e9gekben<\/div>\n<\/td>\n<td>\n<div class=\"yiv6464819060elementToProof\">Dr. Cs\u0151re Judit egyetemi tan\u00e1rseg\u00e9d; Dr. Csobay-Nov\u00e1k Csaba PhD,, egyetemi docens<\/div>\n<\/td>\n<\/tr>\n<tr>\n<td>\n<div class=\"yiv6464819060elementToProof\">Kawasaki betegs\u00e9g hossz\u00fa t\u00e1v\u00fa nyomonk\u00f6vet\u00e9se<\/div>\n<\/td>\n<td>\n<div class=\"yiv6464819060elementToProof\">Dr. Cs\u0151re Judit, Prof. Dr. K\u00e1d\u00e1r Krisztina<\/div>\n<\/td>\n<\/tr>\n<tr>\n<td>\n<div class=\"yiv6464819060elementToProof\">Femoralis \u00e1laneurysm\u00e1k minim\u00e1l invaz\u00edv ell\u00e1t\u00e1sa<\/div>\n<\/td>\n<td>\n<div class=\"yiv6464819060elementToProof\">Dr. Sarkadi Hunor PhD, egyetemi tan\u00e1rseg\u00e9d<\/div>\n<\/td>\n<\/tr>\n<tr>\n<td>\n<div class=\"yiv6464819060elementToProof\">A kat\u00e9teres aortabillenty\u0171-implant\u00e1ci\u00f3k sor\u00e1n fell\u00e9p\u0151 neurol\u00f3giai sz\u00f6v\u0151dm\u00e9nyek vizsg\u00e1lata<\/div>\n<\/td>\n<td>\n<div class=\"yiv6464819060elementToProof\">Dr. Suhai Ferenc Imre PhD, klinikai szakorvos<\/div>\n<\/td>\n<\/tr>\n<tr>\n<td>\n<div class=\"yiv6464819060elementToProof\">A suprabulbaris ACI stenosis miatti stentel\u00e9sek r\u00f6vid- \u00e9s hossz\u00fat\u00e1v\u00fa eredm\u00e9nyess\u00e9ge<\/div>\n<\/td>\n<td>\n<div class=\"yiv6464819060elementToProof\">Dr. med. habil. D\u00f3sa Edit PhD, egyetemi docens<\/div>\n<\/td>\n<\/tr>\n<tr>\n<td>\n<div class=\"yiv6464819060elementToProof\">Carotis stentel\u00e9s versus carotis m\u0171t\u00e9t<\/div>\n<\/td>\n<td>\n<div class=\"yiv6464819060elementToProof\">Dr. med. habil. D\u00f3sa Edit PhD, egyetemi docens<\/div>\n<\/td>\n<\/tr>\n<tr>\n<td>\n<div class=\"yiv6464819060elementToProof\">\u00c9rmanifestati\u00f3k autoimmun b\u00e9lbetegs\u00e9gben szenved\u0151kn\u00e9l<\/div>\n<\/td>\n<td>\n<div class=\"yiv6464819060elementToProof\">Dr. med. habil. D\u00f3sa Edit PhD, egyetemi docens<\/div>\n<\/td>\n<\/tr>\n<tr>\n<td>\n<div class=\"yiv6464819060elementToProof\">Peripheri\u00e1s embolisati\u00f3k<\/div>\n<\/td>\n<td>\n<div class=\"yiv6464819060elementToProof\">Dr. med. habil. D\u00f3sa Edit PhD, egyetemi docens<\/div>\n<\/td>\n<\/tr>\n<tr>\n<td>\n<div class=\"yiv6464819060elementToProof\">Az iliacalis art\u00e9ri\u00e1k konfigur\u00e1ci\u00f3j\u00e1nak t\u00edpusai<\/div>\n<\/td>\n<td>\n<div class=\"yiv6464819060elementToProof\">Dr. med. habil. D\u00f3sa Edit PhD, egyetemi docens<\/div>\n<\/td>\n<\/tr>\n<tr>\n<td>\n<div class=\"yiv6464819060elementToProof\">Az aorto-iliacalis \u00e9rszakasz configurati\u00f3s vari\u00e1ci\u00f3i<\/div>\n<\/td>\n<td>\n<div class=\"yiv6464819060elementToProof\">Dr. med. habil. D\u00f3sa Edit PhD, egyetemi docens<\/div>\n<\/td>\n<\/tr>\n<tr>\n<td>\n<div class=\"yiv6464819060elementToProof\">Az UH- \u00e9s a CT-vizsg\u00e1latok szerepe a plaque instabilit\u00e1s kimutat\u00e1s\u00e1ban<\/div>\n<\/td>\n<td>\n<div class=\"yiv6464819060elementToProof\">Dr. med. habil. D\u00f3sa Edit PhD, egyetemi docens<\/div>\n<\/td>\n<\/tr>\n<tr>\n<td>\n<div class=\"yiv6464819060elementToProof\">A coronaria CT-vizsg\u00e1latok eredm\u00e9nyeinek \u00f6sszevet\u00e9se, korrel\u00e1ltat\u00e1sa carotis UH, carotis CTA, hasi CT(A), mellkasi CT(A) \u00e9s als\u00f3 v\u00e9gtagi CTA eredm\u00e9nyekkel<\/div>\n<\/td>\n<td>\n<div class=\"yiv6464819060elementToProof\">Dr. med. habil. D\u00f3sa Edit PhD, egyetemi docens<\/div>\n<\/td>\n<\/tr>\n<tr>\n<td>\n<div class=\"yiv6464819060elementToProof\">A femoralis plaque-karakterisztika jelent\u0151s\u00e9ge a carotis stentel\u00e9s ut\u00e1ni restenosis kialakul\u00e1s\u00e1ban<\/div>\n<\/td>\n<td>\n<div class=\"yiv6464819060elementToProof\">Dr. med. habil. D\u00f3sa Edit PhD, egyetemi docens<\/div>\n<\/td>\n<\/tr>\n<tr>\n<td>\n<div class=\"yiv6464819060elementToProof\">Az intra-arterialis thrombolysis sikeress\u00e9g\u00e9nek predikt\u00edv faktorai<\/div>\n<\/td>\n<td>\n<div class=\"yiv6464819060elementToProof\">Dr. med. habil. D\u00f3sa Edit PhD, egyetemi docens<\/div>\n<\/td>\n<\/tr>\n<tr>\n<td>\n<div class=\"yiv6464819060elementToProof\">A v. saphena magna (VSM) \u2013 v. femoralis communis junctio konfigur\u00e1ci\u00f3j\u00e1nak t\u00edpusai eg\u00e9szs\u00e9gesekben \u00e9s VSM ter\u00fcleti varicositasban szenved\u0151kn\u00e9l<\/div>\n<\/td>\n<td>\n<div class=\"yiv6464819060elementToProof\">Dr. med. habil. D\u00f3sa Edit PhD, egyetemi docens<\/div>\n<\/td>\n<\/tr>\n<tr>\n<td>\n<div class=\"yiv6464819060elementToProof\">A v. saphena parva ter\u00fcleti varicositas kialakul\u00e1s\u00e1nak predikt\u00edv faktorai<\/div>\n<\/td>\n<td>\n<div class=\"yiv6464819060elementToProof\">Dr. med. habil. D\u00f3sa Edit PhD, egyetemi docens<\/div>\n<\/td>\n<\/tr>\n<tr>\n<td>\n<div class=\"yiv6464819060elementToProof\">A carotis restenosis kialakul\u00e1s\u00e1nak kiv\u00e9d\u00e9si lehet\u0151s\u00e9gei \u00e1llatmodellen<\/div>\n<\/td>\n<td>\n<div class=\"yiv6464819060elementToProof\">Dr. med. habil. D\u00f3sa Edit PhD, egyetemi docens<\/div>\n<\/td>\n<\/tr>\n<tr>\n<td>\n<div class=\"yiv6464819060elementToProof\">A stentt\u00f6r\u00e9s gyakoris\u00e1ga, predikt\u00edv faktorai<\/div>\n<\/td>\n<td>\n<div class=\"yiv6464819060elementToProof\">Dr. med. habil. D\u00f3sa Edit PhD, egyetemi docens<\/div>\n<\/td>\n<\/tr>\n<tr>\n<td>\n<div class=\"yiv6464819060elementToProof\">Az izol\u00e1lt a. iliaca communis occlusi\u00f3k direkt stentel\u00e9s\u00e9nek r\u00f6vid- \u00e9s hossz\u00fat\u00e1v\u00fa eredm\u00e9nyess\u00e9ge<\/div>\n<\/td>\n<td>\n<div class=\"yiv6464819060elementToProof\">Dr. med. habil. D\u00f3sa Edit PhD, egyetemi docens<\/div>\n<\/td>\n<\/tr>\n<tr>\n<td>\n<div class=\"yiv6464819060elementToProof\">A fels\u0151 \u00e9s als\u00f3 v\u00e9gtagi seb\u00e9szi embolectomi\u00e1n \u00e1tesett betegek morbidit\u00e1si \u00e9s mortalit\u00e1si mutat\u00f3i<\/div>\n<\/td>\n<td>\n<div class=\"yiv6464819060elementToProof\">Dr. med. habil. D\u00f3sa Edit PhD, egyetemi docens<\/div>\n<\/td>\n<\/tr>\n<tr>\n<td>\n<div class=\"yiv6464819060elementToProof\">A digit\u00e1lis variancia angiogr\u00e1fi\u00e1s k\u00e9pek param\u00e9tereinek a digit\u00e1lis szubtrakci\u00f3s angiogr\u00e1fi\u00e1s k\u00e9pek param\u00e9tereivel val\u00f3 \u00f6sszehasonl\u00edt\u00e1sa arterio-ven\u00f3zus malform\u00e1ci\u00f3val rendelkez\u0151 gyermekekn\u00e9l<\/div>\n<\/td>\n<td>\n<div class=\"yiv6464819060elementToProof\">Dr. med.habil. D\u00f3sa Edit PhD, egyetemi docens, dr. Ny\u00e1r\u00e1di Bal\u00e1zs szakorvosjel\u00f6lt<\/div>\n<\/td>\n<\/tr>\n<tr>\n<td>\n<div class=\"yiv6464819060elementToProof\">Sz\u00edvtranszplant\u00e1lt betegek coronaria status\u00e1nak ut\u00e1nk\u00f6vet\u00e9se CT angiographi\u00e1val<\/div>\n<\/td>\n<td>\n<div class=\"yiv6464819060elementToProof\">Dr. Jermendy \u00c1d\u00e1m PhD, egyetemi adjunktus, Dr. Bartykowszki Andrea PhD, klinikai szakorvos<\/div>\n<\/td>\n<\/tr>\n<tr>\n<td>\n<div class=\"yiv6464819060elementToProof\">A coronaria CT szerepe a chronicus coronaria syndroma diagnosztik\u00e1j\u00e1ban<\/div>\n<\/td>\n<td>\n<div class=\"yiv6464819060elementToProof\">Dr. Jermendy \u00c1d\u00e1m PhD, egyetemi adjunktus, Dr. Szilveszter B\u00e1lint PhD, egyetemi adjunktus<\/div>\n<\/td>\n<\/tr>\n<tr>\n<td>\n<div class=\"yiv6464819060elementToProof\">Transpedalis intervenci\u00f3k szerepe az als\u00f3 v\u00e9gtagi CTO kezel\u00e9s\u00e9ben<\/div>\n<\/td>\n<td>\n<div class=\"yiv6464819060elementToProof\">Dr. Nemes Bal\u00e1zs PhD, egyetemi docens<\/div>\n<\/td>\n<\/tr>\n<tr>\n<td>\n<div class=\"yiv6464819060elementToProof\">Arteria iliaca communis elz\u00e1r\u00f3d\u00e1s endovascularis kezel\u00e9s\u00e9nek hossz\u00fat\u00e1v\u00fa eredm\u00e9nyess\u00e9ge<\/div>\n<\/td>\n<td>\n<div class=\"yiv6464819060elementToProof\">Dr. Nemes Bal\u00e1zs PhD, egyetemi docens<\/div>\n<\/td>\n<\/tr>\n<tr>\n<td>\n<div class=\"yiv6464819060elementToProof\">Stentbe\u00fcltet\u00e9s vena cava superior syndrom\u00e1ban.<\/div>\n<\/td>\n<td>\n<div class=\"yiv6464819060elementToProof\">Dr. Nemes Bal\u00e1zs PhD, egyetemi docens<\/div>\n<\/td>\n<\/tr>\n<tr>\n<td>\n<div class=\"yiv6464819060elementToProof\">Bronchialis embolisatio hat\u00e9konys\u00e1ga a t\u00fcd\u0151v\u00e9rz\u00e9sek kezel\u00e9s\u00e9ben<\/div>\n<\/td>\n<td>\n<div class=\"yiv6464819060elementToProof\">Dr. Nemes Bal\u00e1zs PhD, egyetemi docens<\/div>\n<\/td>\n<\/tr>\n<tr>\n<td>\n<div class=\"yiv6464819060elementToProof\">T\u00e9rd alatti intervenci\u00f3k eredm\u00e9nyess\u00e9ge kritikus v\u00e9gtagi ischemia kezel\u00e9s\u00e9ben<\/div>\n<\/td>\n<td>\n<div class=\"yiv6464819060elementToProof\">Dr. Nemes Bal\u00e1zs PhD, egyetemi docens<\/div>\n<\/td>\n<\/tr>\n<tr>\n<td>\n<div class=\"yiv6464819060elementToProof\">Renalis eredet\u0171 akut v\u00e9rz\u00e9sek intervenci\u00f3s ell\u00e1t\u00e1sa<\/div>\n<\/td>\n<td>\n<div class=\"yiv6464819060elementToProof\">Dr. Nemes Bal\u00e1zs PhD, egyetemi docens<\/div>\n<\/td>\n<\/tr>\n<tr>\n<td>\n<div class=\"yiv6464819060elementToProof\">Amplatzer eszk\u00f6zzel v\u00e9gzett nagy\u00e9r elz\u00e1r\u00e1s hat\u00e9konys\u00e1ga<\/div>\n<\/td>\n<td>\n<div class=\"yiv6464819060elementToProof\">Dr. Nemes Bal\u00e1zs PhD, egyetemi docens<\/div>\n<\/td>\n<\/tr>\n<tr>\n<td>\n<div class=\"yiv6464819060elementToProof\">A veseerek anat\u00f3miai vari\u00e1ci\u00f3ja az \u00e9l\u0151donor jel\u00f6ltek k\u00f6r\u00e9ben \u00e9s ezek hat\u00e1sa a m\u0171t\u00e9ti tervez\u00e9sre.<\/div>\n<\/td>\n<td>\n<div class=\"yiv6464819060elementToProof\">Dr. De\u00e1k P\u00e1l \u00c1kos PhD, egyetemi docens<\/div>\n<\/td>\n<\/tr>\n<tr>\n<td>\n<div class=\"yiv6464819060elementToProof\">A triple bolus vizsg\u00e1latok hat\u00e1sa a sug\u00e1rterhel\u00e9s optimaliz\u00e1l\u00e1s\u00e1ra \u00e9l\u0151donor jel\u00f6ltekn\u00e9l.<\/div>\n<\/td>\n<td>\n<div class=\"yiv6464819060elementToProof\">Dr. De\u00e1k P\u00e1l \u00c1kos PhD, egyetemi docens<\/div>\n<\/td>\n<\/tr>\n<tr>\n<td>\n<div class=\"yiv6464819060elementToProof\">Haemodinamikai param\u00e9terek \u00e9s elaszticit\u00e1si tulajdons\u00e1gok perioperat\u00edv vizsg\u00e1lata \u00e9l\u0151donoros vesetranszplant\u00e1ltak k\u00f6r\u00e9ben.<\/div>\n<\/td>\n<td>\n<div class=\"yiv6464819060elementToProof\">Dr. De\u00e1k P\u00e1l \u00c1kos PhD, egyetemi docens<\/div>\n<\/td>\n<\/tr>\n<tr>\n<td>\n<div class=\"yiv6464819060elementToProof\">Navig\u00e1ci\u00f3s tervez\u00e9s a daganatok kezel\u00e9s\u00e9ben<\/div>\n<\/td>\n<td>\n<div class=\"yiv6464819060elementToProof\">Dr. De\u00e1k P\u00e1l \u00c1kos PhD, egyetemi docens<\/div>\n<\/td>\n<\/tr>\n<tr>\n<td>\n<div class=\"yiv6464819060elementToProof\">Pajzsmirigy g\u00f6b\u00f6k elasztogr\u00e1fi\u00e1s vizsg\u00e1lata<\/div>\n<\/td>\n<td>\n<div class=\"yiv6464819060elementToProof\">Dr. De\u00e1k P\u00e1l \u00c1kos PhD, egyetemi docens<\/div>\n<\/td>\n<\/tr>\n<tr>\n<td>\n<div class=\"yiv6464819060elementToProof\">A pajzsmirigy j\u00f3 \u00e9s rosszindulat\u00f3 daganatainak kezel\u00e9si lehet\u0151s\u00e9gei<\/div>\n<\/td>\n<td>\n<div class=\"yiv6464819060elementToProof\">Dr. De\u00e1k P\u00e1l \u00c1kos PhD, egyetemi docens<\/div>\n<\/td>\n<\/tr>\n<tr>\n<td>\n<div class=\"yiv6464819060elementToProof\">Navig\u00e1ci\u00f3 vez\u00e9relt mintav\u00e9teli \u00e9s termoabl\u00e1ci\u00f3s technik\u00e1k<\/div>\n<\/td>\n<td>\n<div class=\"yiv6464819060elementToProof\">Dr. De\u00e1k P\u00e1l \u00c1kos PhD, egyetemi docens<\/div>\n<\/td>\n<\/tr>\n<tr>\n<td>\n<div class=\"yiv6464819060elementToProof\">A j\u00f3indulat\u00fa eml\u0151daganatok krioabl\u00e1ci\u00f3s kezel\u00e9se<\/div>\n<\/td>\n<td>\n<div class=\"yiv6464819060elementToProof\">Dr. De\u00e1k P\u00e1l \u00c1kos PhD, egyetemi docens<\/div>\n<\/td>\n<\/tr>\n<tr>\n<td>\n<div class=\"yiv6464819060elementToProof\">PCCT vizsg\u00e1latok \u00e9l\u0151donorokn\u00e1l<\/div>\n<\/td>\n<td>\n<div class=\"yiv6464819060elementToProof\">Dr. De\u00e1k P\u00e1l \u00c1kos PhD, egyetemi docens<\/div>\n<\/td>\n<\/tr>\n<tr>\n<td>\n<div class=\"yiv6464819060elementToProof\">M\u00e1jdaganatok intervenci\u00f3s onkol\u00f3giai kezel\u00e9se<\/div>\n<\/td>\n<td>\n<div class=\"yiv6464819060elementToProof\">Dr. Doros Attila PhD, egyetemi docens<\/div>\n<\/td>\n<\/tr>\n<tr>\n<td>\n<div class=\"yiv6464819060elementToProof\">Intervenci\u00f3s radiol\u00f3gia az epeutakban<\/div>\n<\/td>\n<td>\n<div class=\"yiv6464819060elementToProof\">Dr. Doros Attila PhD, egyetemi docens<\/div>\n<\/td>\n<\/tr>\n<tr>\n<td>\n<div class=\"yiv6464819060elementToProof\">Intervenci\u00f3s radiol\u00f3gia a vena portae rendszerben<\/div>\n<\/td>\n<td>\n<div class=\"yiv6464819060elementToProof\">Dr. Doros Attila PhD, egyetemi docens<\/div>\n<\/td>\n<\/tr>\n<tr>\n<td>\n<div class=\"yiv6464819060elementToProof\">CT vez\u00e9relt radiol\u00f3giai intervenci\u00f3s lehet\u0151s\u00e9gek.<\/div>\n<\/td>\n<td>\n<div class=\"yiv6464819060elementToProof\">Dr. Horv\u00e1thy B. D\u00e9nes PhD, egyetemi adjunktus<\/div>\n<\/td>\n<\/tr>\n<tr>\n<td>\n<div class=\"yiv6464819060elementToProof\">Az albumin csontregener\u00e1ci\u00f3s folyamatokra gyakorolt hat\u00e1sai<\/div>\n<\/td>\n<td>\n<div class=\"yiv6464819060elementToProof\">Dr. Horv\u00e1thy B. D\u00e9nes PhD, egyetemi adjunktus<\/div>\n<\/td>\n<\/tr>\n<tr>\n<td>\n<div class=\"yiv6464819060elementToProof\">Radioemboliz\u00e1ci\u00f3s lehet\u0151s\u00e9gek m\u00e1jdaganatok kezel\u00e9s\u00e9ben<\/div>\n<\/td>\n<td>\n<div class=\"yiv6464819060elementToProof\">Dr. Horv\u00e1thy B. D\u00e9nes PhD, egyetemi adjunktus<\/div>\n<\/td>\n<\/tr>\n<tr>\n<td>\n<div class=\"yiv6464819060elementToProof\">Intervenci\u00f3k mellkasi malignit\u00e1sok eset\u00e9ben<\/div>\n<\/td>\n<td>\n<div class=\"yiv6464819060elementToProof\">Dr. Horv\u00e1thy B. D\u00e9nes PhD, egyetemi adjunktus<\/div>\n<\/td>\n<\/tr>\n<tr>\n<td>\n<div class=\"yiv6464819060elementToProof\">Thermoabl\u00e1ci\u00f3s lehet\u0151s\u00e9gek korai nem kis sejtes t\u00fcd\u0151r\u00e1k eset\u00e9ben<\/div>\n<\/td>\n<td>\n<div class=\"yiv6464819060elementToProof\">Dr. Horv\u00e1thy B. D\u00e9nes PhD, egyetemi adjunktus<\/div>\n<\/td>\n<\/tr>\n<tr>\n<td>\n<div class=\"yiv6464819060elementToProof\">Thermoabl\u00e1ci\u00f3s lehet\u0151s\u00e9gek t\u00fcd\u0151 oligometastatikus \u00e1llapotaiban<\/div>\n<\/td>\n<td>\n<div class=\"yiv6464819060elementToProof\">Dr. Horv\u00e1thy B. D\u00e9nes PhD, egyetemi adjunktus<\/div>\n<\/td>\n<\/tr>\n<tr>\n<td>\n<div class=\"yiv6464819060elementToProof\">Az agyi infarktusok eloszl\u00e1sa \u00e9s Willis-k\u00f6ri anat\u00f3mi\u00e1val mutatott \u00f6sszef\u00fcgg\u00e9seik carotis \u00e9rsz\u0171k\u00fcletes betegekben.<\/div>\n<\/td>\n<td>\n<div class=\"yiv6464819060elementToProof\">Dr. Varga Andrea PhD, egyetemi adjunktus<\/div>\n<\/td>\n<\/tr>\n<tr>\n<td>\n<div class=\"yiv6464819060elementToProof\">Diff\u00fazi\u00f3s MR param\u00e9ter v\u00e1ltoz\u00e1sok nyaki ver\u0151\u00e9r sz\u0171k\u00fclet m\u0171t\u00e9ti rekonstrukci\u00f3j\u00e1t k\u00f6vet\u0151en<\/div>\n<\/td>\n<td>\n<div class=\"yiv6464819060elementToProof\">Dr. Varga Andrea PhD, egyetemi adjunktus<\/div>\n<\/td>\n<\/tr>\n<tr>\n<td>&nbsp;<\/td>\n<td>&nbsp;<\/td>\n<\/tr>\n<tr>\n<td>&nbsp;<\/td>\n<td>&nbsp;<\/td>\n<\/tr>\n<tr>\n<td>\n<div class=\"yiv6464819060elementToProof\">RECTOR\u2019S COMPETITON\/ ENGLISH<\/div>\n<\/td>\n<td>&nbsp;<\/td>\n<\/tr>\n<tr>\n<td>\n<div class=\"yiv6464819060elementToProof\">Brain infarct distribution and its association with circle of Willis morphology in patients with carotid atherosclerosis<\/div>\n<\/td>\n<td>\n<div class=\"yiv6464819060elementToProof\">Andrea Varga M.D. PhD, Consultant Radiologist<\/div>\n<\/td>\n<\/tr>\n<tr>\n<td>\n<div class=\"yiv6464819060elementToProof\">Diffusion-MRI changes following carotid endarterectomy<\/div>\n<\/td>\n<td>\n<div class=\"yiv6464819060elementToProof\">Andrea Varga M.D. PhD, Consultant Radiologist<\/div>\n<\/td>\n<\/tr>\n<tr>\n<td>\n<div class=\"yiv6464819060elementToProof\"><i>The role of thermoablation in the treatment of early stage non-small cell lung cancer<\/i><\/div>\n<\/td>\n<td>\n<div class=\"yiv6464819060elementToProof\">D\u00e9nes Horv\u00e1thy MD PhD, Consultant Radiologist<\/div>\n<\/td>\n<\/tr>\n<tr>\n<td>\n<div class=\"yiv6464819060elementToProof\"><i>The role of thermoablation in the treatment of pulmonary oligometastatic diseases<\/i><\/div>\n<\/td>\n<td>\n<div class=\"yiv6464819060elementToProof\">D\u00e9nes Horv\u00e1thy MD PhD, Consultant Radiologist<\/div>\n<\/td>\n<\/tr>\n<tr>\n<td>\n<div class=\"yiv6464819060elementToProof\">&#8222;Locoregional Treatment Methods in Early-Stage NSCLC.&#8221;<\/div>\n<\/td>\n<td>\n<div class=\"yiv6464819060elementToProof\">D\u00e9nes B. Horv\u00e1thy MD. PhD Consultant Radiologist<\/div>\n<\/td>\n<\/tr>\n<tr>\n<td>\n<div class=\"yiv6464819060elementToProof\">The role of coronary CT angiography in chronic coronary syndrome<\/div>\n<\/td>\n<td>\n<div class=\"yiv6464819060elementToProof\">Adam Jermendy MD, PhD, assistant lecturer, B\u00e1lint Szilveszter MD, PhD, clinical physician<\/div>\n<\/td>\n<\/tr>\n<tr>\n<td>\n<div class=\"yiv6464819060elementToProof\">A QISS MR vizsg\u00e1lat diagnosztikai teljes\u00edtm\u00e9nye \/ The diagnostic performance of the QISS MRI<\/div>\n<\/td>\n<td>\n<div class=\"yiv6464819060elementToProof\">Dr. Juh\u00e1sz Georgina szakorvosjel\u00f6lt, Dr Gy\u00e1n\u00f3 Marcell egyetemi adjunktus<\/div>\n<\/td>\n<\/tr>\n<tr>\n<td>\n<div class=\"yiv6464819060elementToProof\">Innovative MRI techniques and AI algorithms in vascular diseases<\/div>\n<\/td>\n<td>\n<div class=\"yiv6464819060elementToProof\">Judit Cs\u0151re MD, PhD<\/div>\n<\/td>\n<\/tr>\n<tr>\n<td>\n<div class=\"yiv6464819060elementToProof\">Durability of bridging stents in complex aortic repair<\/div>\n<\/td>\n<\/tr>\n<\/tbody>\n<\/table>\n","protected":false},"excerpt":{"rendered":"<p>Rektori p\u00e1lyat\u00e9telek 2025\/26 &nbsp; &nbsp; &nbsp; &nbsp; Supraaorticus debranching m\u0171t\u00e9tek eredm\u00e9nyess\u00e9g\u00e9nek vizsg\u00e1lata Dr. B\u00e9rczi \u00c1kos PhD, egyetemi tan\u00e1rseg\u00e9d, Dr. Csobay-Nov\u00e1k Csaba PhD, egyetemi docens Mesters\u00e9ges intelligenci\u00e1n alapul\u00f3 aorta anal\u00edzis Dr. Borzs\u00e1k Sarolta PhD, egyetemi tan\u00e1rseg\u00e9d, Dr. Csobay-Nov\u00e1k Csaba PhD, egyetemi docens Sz\u00e9n-dioxid angiogr\u00e1fia alkalmaz\u00e1sa a vaszkul\u00e1ris intervenci\u00f3k sor\u00e1n Dr. Gy\u00e1n\u00f3 Marcell PhD, egyetemi adjunktus, Dr. &hellip;<\/p>\n","protected":false},"author":101763,"featured_media":0,"parent":48,"menu_order":2,"comment_status":"closed","ping_status":"closed","template":"","meta":{"_acf_changed":false,"footnotes":""},"categories":[],"tags":[],"class_list":["post-89","page","type-page","status-publish","hentry"],"acf":[],"_links":{"self":[{"href":"https:\/\/semmelweis.hu\/intervencios-radiologia\/wp-json\/wp\/v2\/pages\/89","targetHints":{"allow":["GET"]}}],"collection":[{"href":"https:\/\/semmelweis.hu\/intervencios-radiologia\/wp-json\/wp\/v2\/pages"}],"about":[{"href":"https:\/\/semmelweis.hu\/intervencios-radiologia\/wp-json\/wp\/v2\/types\/page"}],"author":[{"embeddable":true,"href":"https:\/\/semmelweis.hu\/intervencios-radiologia\/wp-json\/wp\/v2\/users\/101763"}],"replies":[{"embeddable":true,"href":"https:\/\/semmelweis.hu\/intervencios-radiologia\/wp-json\/wp\/v2\/comments?post=89"}],"version-history":[{"count":10,"href":"https:\/\/semmelweis.hu\/intervencios-radiologia\/wp-json\/wp\/v2\/pages\/89\/revisions"}],"predecessor-version":[{"id":277,"href":"https:\/\/semmelweis.hu\/intervencios-radiologia\/wp-json\/wp\/v2\/pages\/89\/revisions\/277"}],"up":[{"embeddable":true,"href":"https:\/\/semmelweis.hu\/intervencios-radiologia\/wp-json\/wp\/v2\/pages\/48"}],"wp:attachment":[{"href":"https:\/\/semmelweis.hu\/intervencios-radiologia\/wp-json\/wp\/v2\/media?parent=89"}],"wp:term":[{"taxonomy":"category","embeddable":true,"href":"https:\/\/semmelweis.hu\/intervencios-radiologia\/wp-json\/wp\/v2\/categories?post=89"},{"taxonomy":"post_tag","embeddable":true,"href":"https:\/\/semmelweis.hu\/intervencios-radiologia\/wp-json\/wp\/v2\/tags?post=89"}],"curies":[{"name":"wp","href":"https:\/\/api.w.org\/{rel}","templated":true}]}}