{"id":60,"date":"2021-01-31T18:07:33","date_gmt":"2021-01-31T17:07:33","guid":{"rendered":"https:\/\/semmelweis.hu\/intervencios-radiologia\/?page_id=60"},"modified":"2025-07-14T19:44:41","modified_gmt":"2025-07-14T17:44:41","slug":"munkatarsak","status":"publish","type":"page","link":"https:\/\/semmelweis.hu\/intervencios-radiologia\/munkatarsak\/","title":{"rendered":"Munkat\u00e1rsak"},"content":{"rendered":"<p>Tansz\u00e9kvezet\u0151: dr. med.habil. <a href=\"https:\/\/semmelweis.hu\/telefonkonyv\/?emp_id=17741\">Dr. D\u00f3sa Edit PhD.<\/a>, egyetemi docens<\/p>\n<p><a href=\"https:\/\/semmelweis.hu\/intervencios-radiologia\/elerhetosegek\/\">T\u0151t\u0151s Anna M\u00e1ria, titk\u00e1rs\u00e1g vezet\u0151<\/a><\/p>\n<p>Tov\u00e1bbi munkat\u00e1rsaink:\u00a0<\/p>\n<ul>\n<li>dr. B\u00e9rczi \u00c1kos (hat\u00e1rozott idej\u0171 &#8211; szakvizsg\u00e1ig 2026.)<\/li>\n<li>dr. Borzs\u00e1k Sarolta egyetemi tan\u00e1rseg\u00e9d<\/li>\n<li>dr. Cs\u00f6re Judit egyetemi tan\u00e1rseg\u00e9d<\/li>\n<li>dr. Csobay-Nov\u00e1k Csaba egyetemi docens<\/li>\n<li>dr. De\u00e1k P\u00e1l \u00c1kos egyetemi docens, tansz\u00e9kvezet\u0151 helyettes<\/li>\n<li>dr. Doros Attila egyetemi docens<\/li>\n<li>dr. Farkas \u00c1d\u00e1m Zolt\u00e1n egyetemi tan\u00e1rseg\u00e9d<\/li>\n<li>dr. Fontanini Daniele Mariastefano egyetemi tan\u00e1rseg\u00e9d<\/li>\n<li>dr. Gy\u00e1n\u00f3 Marcell egyetemi adjunktus<\/li>\n<li>dr. H\u00fcttl Art\u00far egyetemi tan\u00e1rseg\u00e9d<\/li>\n<li>dr. Korda D\u00e1vid \u00c1d\u00e1m egyetemi tan\u00e1rseg\u00e9d oktat\u00e1si felel\u0151s<\/li>\n<li>dr. Horv\u00e1thy D\u00e9nes Bal\u00e1zs egyetemi adjunktus honlapfelel\u0151s<\/li>\n<li>dr. Jermendy \u00c1d\u00e1m Levente egyetemi adjunktus<\/li>\n<li>dr. Nemes Bal\u00e1zs egyetemi docens, Intervenci\u00f3s Radiol\u00f3gia Profilvezet\u0151<\/li>\n<li>dr. Sarkadi Hunor S\u00e1ndor egyetemi tan\u00e1rseg\u00e9d<\/li>\n<li>dr. Simon Judit egyetemi tan\u00e1rseg\u00e9d<\/li>\n<li>dr. Varga Andrea egyetemi adjunktus, adatv\u00e9delmi felel\u0151s<\/li>\n<\/ul>\n<p>PhD hallgat\u00f3k<\/p>\n<ul>\n<li>dr. Ny\u00e1r\u00e1di Bal\u00e1zs (Dr. D\u00f3sa Edit)<\/li>\n<li>dr. Sz\u0151nyi \u00c1d\u00e1m ((Dr. D\u00f3sa Edit)<\/li>\n<li>dr. Skribek Benj\u00e1min (Dr. De\u00e1k P\u00e1l \u00c1kos)<\/li>\n<li>dr. Filipov Teod\u00f3ra (Dr. De\u00e1k P\u00e1l \u00c1kos)<\/li>\n<li>dr. Gyulay Kata (Dr. De\u00e1k P\u00e1l \u00c1kos)<\/li>\n<li>dr. Szentiv\u00e1nyi Andr\u00e1s (Dr. Csobay-Nov\u00e1k Csaba)<\/li>\n<li>dr. S\u00f3lymos Petra (Dr. Horv\u00e1thy D\u00e9nes)<\/li>\n<li>dr. R\u00e9dei M\u00e1ty\u00e1s (Dr. Horv\u00e1thy D\u00e9nes)<\/li>\n<li>dr. Juh\u00e1sz Georgina (Dr. Csobay-Nov\u00e1k Csaba)<\/li>\n<li>dr. Szablics Fanni (Dr. Csobay-Nov\u00e1k Csaba)<\/li>\n<li>Juhos Bendeg\u00faz (Dr. Csobay-Nov\u00e1k Csaba)<\/li>\n<li>dr. Osztrogon\u00e1cz P\u00e9ter (Dr. Csobay-Nov\u00e1k Csaba)<\/li>\n<li>dr. H\u00fcttl Art\u00far (Dr. Csobay-Nov\u00e1k Csaba)<\/li>\n<\/ul>\n","protected":false},"excerpt":{"rendered":"<p>Tansz\u00e9kvezet\u0151: dr. med.habil. <a href=\"https:\/\/semmelweis.hu\/telefonkonyv\/?emp_id=17741\">Dr. D\u00f3sa Edit PhD.<\/a> , egyetemi docens <a href=\"https:\/\/semmelweis.hu\/intervencios-radiologia\/elerhetosegek\/\">T\u0151t\u0151s Anna M\u00e1ria, titk\u00e1rs\u00e1g vezet\u0151<\/a> Tov\u00e1bbi munkat\u00e1rsaink:\u00a0 dr. B\u00e9rczi \u00c1kos (hat\u00e1rozott idej\u0171 &#8211; szakvizsg\u00e1ig 2026.) dr. Borzs\u00e1k Sarolta egyetemi tan\u00e1rseg\u00e9d dr. Cs\u00f6re Judit egyetemi tan\u00e1rseg\u00e9d dr. Csobay-Nov\u00e1k Csaba egyetemi docens dr. De\u00e1k P\u00e1l \u00c1kos egyetemi docens, tansz\u00e9kvezet\u0151 helyettes dr. Doros Attila egyetemi docens dr. Farkas \u00c1d\u00e1m Zolt\u00e1n egyetemi tan\u00e1rseg\u00e9d dr. Fontanini Daniele Mariastefano egyetemi &hellip;<\/p>\n","protected":false},"author":101763,"featured_media":0,"parent":0,"menu_order":0,"comment_status":"closed","ping_status":"closed","template":"","meta":{"_acf_changed":false,"footnotes":""},"categories":[],"tags":[],"class_list":["post-60","page","type-page","status-publish","hentry"],"acf":[],"_links":{"self":[{"href":"https:\/\/semmelweis.hu\/intervencios-radiologia\/wp-json\/wp\/v2\/pages\/60","targetHints":{"allow":["GET"]}}],"collection":[{"href":"https:\/\/semmelweis.hu\/intervencios-radiologia\/wp-json\/wp\/v2\/pages"}],"about":[{"href":"https:\/\/semmelweis.hu\/intervencios-radiologia\/wp-json\/wp\/v2\/types\/page"}],"author":[{"embeddable":true,"href":"https:\/\/semmelweis.hu\/intervencios-radiologia\/wp-json\/wp\/v2\/users\/101763"}],"replies":[{"embeddable":true,"href":"https:\/\/semmelweis.hu\/intervencios-radiologia\/wp-json\/wp\/v2\/comments?post=60"}],"version-history":[{"count":10,"href":"https:\/\/semmelweis.hu\/intervencios-radiologia\/wp-json\/wp\/v2\/pages\/60\/revisions"}],"predecessor-version":[{"id":269,"href":"https:\/\/semmelweis.hu\/intervencios-radiologia\/wp-json\/wp\/v2\/pages\/60\/revisions\/269"}],"wp:attachment":[{"href":"https:\/\/semmelweis.hu\/intervencios-radiologia\/wp-json\/wp\/v2\/media?parent=60"}],"wp:term":[{"taxonomy":"category","embeddable":true,"href":"https:\/\/semmelweis.hu\/intervencios-radiologia\/wp-json\/wp\/v2\/categories?post=60"},{"taxonomy":"post_tag","embeddable":true,"href":"https:\/\/semmelweis.hu\/intervencios-radiologia\/wp-json\/wp\/v2\/tags?post=60"}],"curies":[{"name":"wp","href":"https:\/\/api.w.org\/{rel}","templated":true}]}}