{"id":503,"date":"2022-08-19T09:10:24","date_gmt":"2022-08-19T07:10:24","guid":{"rendered":"https:\/\/semmelweis.hu\/international40\/?page_id=503"},"modified":"2023-03-20T16:53:31","modified_gmt":"2023-03-20T15:53:31","slug":"top-veranstaltungen","status":"publish","type":"page","link":"https:\/\/semmelweis.hu\/international40\/de\/top-veranstaltungen\/","title":{"rendered":"Top-Veranstaltungen"},"content":{"rendered":"<h4><strong>Internationale Sommeruniversit\u00e4t<\/strong><\/h4>\n<p>Das erste Programm des Jubil\u00e4umsjahres ist <a href=\"https:\/\/semmelweis.hu\/deutsch\/events\/internationale-sommeruniversitaet\/\">die Internationale Sommeruniversit\u00e4t<\/a> vom 1. bis 2. September. In diesem Jahr findet die Sommeruniversit\u00e4t bereits zum vierten Mal statt, aber zum ersten Mal als internationales Programm zu Ehren des Jubil\u00e4ums Semmelweis International 40. Die Veranstaltungen in ungarischer und englischer Sprache finden parallel in den H\u00f6rs\u00e4len des Zentrums f\u00fcr Vorklinik (ung. Abk. EOK) statt. Traditionell wird es eine Vielzahl von Vortr\u00e4gen und spannenden Diskussionen geben.<\/p>\n<h4><strong>Er\u00f6ffnung des akademischen Jahres<\/strong><\/h4>\n<p>Die offizielle und feierliche Er\u00f6ffnung des akademischen Jahres ist die <a href=\"https:\/\/semmelweis.hu\/deutsch\/events\/feierliche-eroeffnung-des-studienjahres\/\">Er\u00f6ffnungszeremonie<\/a> am 3. September, die Teil des Curriculums ist und bei der die Studienanf\u00e4nger ihr Eid in drei Sprachen ablegen.<\/p>\n<h4><strong>Semmelweis Symposium<\/strong><\/h4>\n<p>Das <a href=\"https:\/\/semmelweis.hu\/symposium\/en\/semmelweis-symposium-2022\/\">Semmelweis Symposium<\/a>, die renommierteste wissenschaftliche Veranstaltung der Universit\u00e4t, wird auch in diesem Jahr Teil von Semmelweis International 40 sein und ein breites Spektrum an Themen abdecken. Zu den wichtigsten Rednern geh\u00f6ren international anerkannte Experten, ehemalige StudentInnen und leitende MitarbeiterInnen der Semmelweis-Universit\u00e4t.<\/p>\n<h4><strong><a href=\"https:\/\/semmelweis.hu\/deutsch\/2023\/01\/23\/save-the-date-semmelweis-internationales-alumni-treffen-28-30-april-2023\/\">Semmelweis Internationales Alumni-Treffen<\/a><\/strong><\/h4>\n<p>In der Veranstaltungsreihe\u00a0<strong>Semmelweis International 40\u00a0<\/strong>kommt unseren ehemaligen Studierenden,\u00a0<strong>den internationalen Alumni-Mitgliedern der Semmelweis Universit\u00e4t<\/strong> eine besondere Rolle zu. Das Semmelweis Internationale Alumni-Treffen (Semmelweis International Reunion), <span style=\"font-size: 1rem\">vom Alumni Direktorat organisiert<\/span><span style=\"font-size: 1rem\"> findet am 28-30. April 2023 statt.\u00a0<\/span>Bitte registrieren Sie sich und merken Sie sich den Termin vor, um Ihre ehemaligen Kommilitonen, Dozenten und andere internationale Absolventen aus aller Welt zu treffen!\u00a0<a href=\"https:\/\/semmelweis.hu\/alumni\/en\/international-alumni-meeting\/program\/\" target=\"_blank\" rel=\"noopener\">Weitere Informationen \u00fcber das Programm finden Sie hier \u2192<\/a><\/p>\n<h4><a href=\"https:\/\/semmelweis.hu\/deutsch\/bewerbung\/tag-der-offenen-tuer\/\"><strong>International Online Open Days<\/strong><\/a><\/h4>\n<p>Ab Anfang 2023 k\u00f6nnen sich interessierte Studierende im Rahmen der International Online Open Days \u00fcber die fremdsprachigen Studieng\u00e4nge der Universit\u00e4t informieren.<\/p>\n<h4><strong>Kultur und Sport<\/strong><\/h4>\n<p>H\u00f6hepunkt des Kulturprogramms ist das f\u00fcr das Fr\u00fchjahr 2023 geplante Jubil\u00e4umskonzert des <em>Medikus<\/em> Orchesters, unter Mitwirkung von deutschen Musiker und Medizinstudenten.<\/p>\n<p>Auch der Sport steht auf dem Programm: Vom 31. M\u00e4rz bis 2. April 2023 wird der Medic\u2019s Cup von der Semmelweis Universit\u00e4t organisiert, die ihr internationales Jubil\u00e4um feiert.<\/p>\n<p><a href=\"https:\/\/semmelweis.hu\/deutsch\/international-40-kalender\/\">Weitere Veranstaltungen finden Sie im Veranstaltungskalender von Semmelweis International 40.<\/a><\/p>\n","protected":false},"excerpt":{"rendered":"<p>Internationale Sommeruniversit\u00e4t Das erste Programm des Jubil\u00e4umsjahres ist <a href=\"https:\/\/semmelweis.hu\/deutsch\/events\/internationale-sommeruniversitaet\/\">die Internationale Sommeruniversit\u00e4t<\/a> vom 1. bis 2. September. In diesem Jahr findet die Sommeruniversit\u00e4t bereits zum vierten Mal statt, aber zum ersten Mal als internationales Programm zu Ehren des Jubil\u00e4ums Semmelweis International 40. Die Veranstaltungen in ungarischer und englischer Sprache finden parallel in den H\u00f6rs\u00e4len des Zentrums f\u00fcr Vorklinik (ung. &hellip;<\/p>\n","protected":false},"author":12,"featured_media":0,"parent":0,"menu_order":4,"comment_status":"closed","ping_status":"closed","template":"","meta":{"_acf_changed":false,"footnotes":""},"categories":[],"tags":[],"class_list":["post-503","page","type-page","status-publish","hentry"],"acf":[],"_links":{"self":[{"href":"https:\/\/semmelweis.hu\/international40\/wp-json\/wp\/v2\/pages\/503","targetHints":{"allow":["GET"]}}],"collection":[{"href":"https:\/\/semmelweis.hu\/international40\/wp-json\/wp\/v2\/pages"}],"about":[{"href":"https:\/\/semmelweis.hu\/international40\/wp-json\/wp\/v2\/types\/page"}],"author":[{"embeddable":true,"href":"https:\/\/semmelweis.hu\/international40\/wp-json\/wp\/v2\/users\/12"}],"replies":[{"embeddable":true,"href":"https:\/\/semmelweis.hu\/international40\/wp-json\/wp\/v2\/comments?post=503"}],"version-history":[{"count":4,"href":"https:\/\/semmelweis.hu\/international40\/wp-json\/wp\/v2\/pages\/503\/revisions"}],"predecessor-version":[{"id":613,"href":"https:\/\/semmelweis.hu\/international40\/wp-json\/wp\/v2\/pages\/503\/revisions\/613"}],"wp:attachment":[{"href":"https:\/\/semmelweis.hu\/international40\/wp-json\/wp\/v2\/media?parent=503"}],"wp:term":[{"taxonomy":"category","embeddable":true,"href":"https:\/\/semmelweis.hu\/international40\/wp-json\/wp\/v2\/categories?post=503"},{"taxonomy":"post_tag","embeddable":true,"href":"https:\/\/semmelweis.hu\/international40\/wp-json\/wp\/v2\/tags?post=503"}],"curies":[{"name":"wp","href":"https:\/\/api.w.org\/{rel}","templated":true}]}}