{"id":488,"date":"2022-08-19T08:46:48","date_gmt":"2022-08-19T06:46:48","guid":{"rendered":"https:\/\/semmelweis.hu\/international40\/?page_id=488"},"modified":"2022-12-05T09:54:36","modified_gmt":"2022-12-05T08:54:36","slug":"history","status":"publish","type":"page","link":"https:\/\/semmelweis.hu\/international40\/en\/about-the-education\/history\/","title":{"rendered":"Historical retrospection"},"content":{"rendered":"<h4><strong>The Beginnings: The foundation of the University<\/strong><\/h4>\n<p>In 1769, Maria Theresa added a medical faculty to the University of Nagyszombat, laying the foundations for Semmelweis University. Thus, the history of the institution goes back more than a quarter of a millennium, making it the oldest medical school in Hungary still in operation today. <a href=\"https:\/\/semmelweis.hu\/english\/about-semmelweis-university\/history\/\" target=\"_blank\" rel=\"noopener\">Read more about the history of Semmelweis University here.<\/a><\/p>\n<div class=\"fontos_div\">\n<p>Semmelweis University\u2019s medical education has international foundations: the training method was developed by the founding monarch, Queen Maria Theresa\u2019s court physician, Gerard van Swieten of Dutch origin, based on the Viennese medical faculty\u2019s operation, which was reformed on the Leiden model.<\/p>\n<\/div>\n<p>The language of instruction was Latin, in accordance with the European practice of the time, for all future doctors of medicine and surgery; for master surgeons and midwifery students, it was Hungarian, German and Slovak. The full transition to Hungarian as the language of education took place after the reconciliation of 1867.<\/p>\n<h4><strong>International Training is Launched<\/strong><\/h4>\n<p>German-language education was temporarily offered at the university between 1959 and 1969 already, due to a particular historical situation: the university system of the former GDR could not immediately replace the German doctors who had fled to the West, so tried to involve other socialist countries in the training. Thus, in 1959, 122 German medical students arrived in Budapest accompanied by a lecturer. In the course of ten years, a total of 312 East German students attended the university.<\/p>\n<div class=\"fontos_div\">\n<p>The current international training started 40 years ago, in 1983.<\/p>\n<\/div>\n<p>In the early 1980s, Dr. Attila Horv\u00e1th, President of McDaniel College (previously: College International) and Dr. L\u00e1szl\u00f3 Freny\u00f3, Dean of McDaniel College, saw an opportunity to train future doctors in Hungary who were not admitted to medical school in their country due to the limited number of available spots in West Germany. The program attracted 250 applicants, 120 of whom were accepted to start their medical studies in German in September of that year. McDaniel College and Semmelweis University continue to work closely together today. Every year the College organizes a two-semester preparatory course in English and in German with its own lecturers and with those of Semmelweis University. Many of our international medical students have acquired the necessary scientific knowledge for their studies in the preparatory course of McDaniel College.<\/p>\n<h6 style=\"text-align: center\"><a href=\"https:\/\/semmelweis.hu\/international40\/files\/2022\/07\/RS45067_10239-scr.jpg\"><img loading=\"lazy\" decoding=\"async\" class=\"aligncenter wp-image-146 size-full\" src=\"https:\/\/semmelweis.hu\/international40\/files\/2022\/07\/RS45067_10239-scr.jpg\" alt=\"\" width=\"950\" height=\"622\" srcset=\"https:\/\/semmelweis.hu\/international40\/files\/2022\/07\/RS45067_10239-scr.jpg 950w, https:\/\/semmelweis.hu\/international40\/files\/2022\/07\/RS45067_10239-scr-400x262.jpg 400w, https:\/\/semmelweis.hu\/international40\/files\/2022\/07\/RS45067_10239-scr-768x503.jpg 768w, https:\/\/semmelweis.hu\/international40\/files\/2022\/07\/RS45067_10239-scr-753x493.jpg 753w\" sizes=\"auto, (max-width: 950px) 100vw, 950px\" \/><\/a><span style=\"font-size: 12pt\">German-language training in general medicine started in 1983<\/span><\/h6>\n<p>The German-language medical education was started by Dr. Attila Fony\u00f3, Director of the Institute of Life Sciences and Dean of the Faculty of Medicine (1985-1991) at the university. The first head of the committee for the operational management of the German-language training courses was Dr. Zolt\u00e1n Szab\u00f3, Professor, and its members were Dr. Tam\u00e1s Garz\u00f3, Assistant Professor, Dr. P\u00e1l Blah\u00f3, Secretary General, Dr. Andr\u00e1s G\u00e1lsz\u00e9csi, Deputy Director General for Economics, Dr. Tam\u00e1s \u00c1cs, Senior Research Fellow, and later on, Dr. J\u00e1nos Urbancsek, Professor. The current members of the admission committee for German-language trainings are Dr. P\u00e1l R\u00f6hlich, Dr. Krisztina K\u00e1ldi, Dr. Ferenc T\u00f6lgyesi, Dr. Tam\u00e1s Kardon and Dr. G\u00e1bor Szab\u00f3.<\/p>\n<p><strong>In 1987, the range of courses was further expanded, and dental studies were also offered in German.<\/strong><\/p>\n<p>The first German-language diplomas for medical students were awarded in 1989. Those who have completed their entire training or part of it here &#8222;have all integrated into the German medical community without any problems, which is proof of the high quality of medical training in Budapest&#8221;, said Frank Ulrich Montgomery, President of the German Medical Association at the 2014 alumni meeting.<\/p>\n<p>In the same year, <strong>1989, English-language medical, dental and pharmaceutical training was launched <\/strong>at the university.<\/p>\n<h4><strong>Organizational Changes<\/strong><\/h4>\n<p>Also <strong>in 1989, the Foreign Students\u2019 Secretariat was established<\/strong>. By the end of the 1980s, the number of international students applying to Semmelweis University was increasing, which made it necessary to create a new organizational unit. The leaders of this new department were Dr. Anna K\u00e1d\u00e1r (1989-2005), Dr. M\u00e1rk Kollai (2005-2018), Dr. Erzs\u00e9bet Ligeti (2005-2014), Dr. Attila M\u00f3csai (2014-2019).<\/p>\n<p>The Operational Committee for English-language trainings dealt with admissions and student affairs until the end of the 2010s. As founding members, Dr. Istv\u00e1n Gera and Dr. J\u00f3zsef Mandl played key roles in matters concerning the training of dentists and general practitioners. Dr. \u00c1gnes K\u00e9ry was responsible for tasks related to the training of pharmacists. Also members of the committee were Dr. Andr\u00e1s Csillag, Dr. L\u00e1szl\u00f3 Kalabay, Dr. L\u00e1szl\u00f3 Tretter and Dr. Andrea Sz\u00e9kely.<\/p>\n<h6 style=\"text-align: center\"><a href=\"https:\/\/semmelweis.hu\/international40\/files\/2022\/08\/RS157410_Ku\u0308lfo\u0308ldi-hallgato\u0301k23-001-scr.jpg\"><img loading=\"lazy\" decoding=\"async\" class=\"aligncenter wp-image-150 size-large\" src=\"https:\/\/semmelweis.hu\/international40\/files\/2022\/08\/RS157410_Ku\u0308lfo\u0308ldi-hallgato\u0301k23-001-scr-1024x721.jpg\" alt=\"\" width=\"753\" height=\"530\" srcset=\"https:\/\/semmelweis.hu\/international40\/files\/2022\/08\/RS157410_Ku\u0308lfo\u0308ldi-hallgato\u0301k23-001-scr-1024x721.jpg 1024w, https:\/\/semmelweis.hu\/international40\/files\/2022\/08\/RS157410_Ku\u0308lfo\u0308ldi-hallgato\u0301k23-001-scr-400x281.jpg 400w, https:\/\/semmelweis.hu\/international40\/files\/2022\/08\/RS157410_Ku\u0308lfo\u0308ldi-hallgato\u0301k23-001-scr-768x540.jpg 768w, https:\/\/semmelweis.hu\/international40\/files\/2022\/08\/RS157410_Ku\u0308lfo\u0308ldi-hallgato\u0301k23-001-scr-753x530.jpg 753w, https:\/\/semmelweis.hu\/international40\/files\/2022\/08\/RS157410_Ku\u0308lfo\u0308ldi-hallgato\u0301k23-001-scr.jpg 1154w\" sizes=\"auto, (max-width: 753px) 100vw, 753px\" \/><\/a><span style=\"font-size: 12pt\">The first diploma was awarded to graduates of the English-language program in 1993<\/span><\/h6>\n<p>The administration of the affairs of international students is carried out by the secretariats. Their role often extends beyond formal administration: they also provide a sense of security and homeliness for young people enrolled in a university in a foreign environment, in a country the language of which is difficult to learn. Magdolna Fony\u00f3 has been the head of the student secretariat for German-language training since the beginning in 1983, followed by Edit Gimpl in 2016. Since the start of the English language training in 1989, the student secretariat has been headed by Olga V\u00e1nyi Orb\u00e1nn\u00e9. Since 2022, this task is carried out by Andrea Kevi.<\/p>\n<div class=\"fontos_div\">\n<p>In 2003, hundreds of people attended the alumni meeting organised to celebrate the 20th anniversary of launching the international training.<\/p>\n<\/div>\n<p>A year later, <strong>in 2004<\/strong>, the range of courses was further expanded with <strong>the launch of an English-language course in physiotherapy<\/strong> at the Faculty of Health Sciences.<\/p>\n<p>In 2006, separate student advocacies were set up for students of German and English-language courses. The <strong>Deutschsprachige Studentenvertretung Semmelweis (DSVS)<\/strong> and the <strong>International Semmelweis Student Association (ISSA)<\/strong> act as a link between the students and the university.<\/p>\n<h4><strong>Start of the Campus Hamburg (ACH)<\/strong><\/h4>\n<p>Semmelweis University&#8217;s first outsourced training course was launched <strong>in 2008. The\u00a0Asklepios Campus Hamburg (ACH)<\/strong> department offers medical students studying in German the opportunity to continue their studies in Germany, on the Hamburg campus, following a two-year theoretical training in Budapest &#8211; on the basis of the Hungarian curriculum. The first diplomas were awarded in 2012. Last academic year, in July 2022, 54 graduates received their degrees at the Hungarian Embassy in Berlin.<\/p>\n<h6 style=\"text-align: center\"><a href=\"https:\/\/semmelweis.hu\/international40\/files\/2022\/08\/RS52054_Csoportkep-scr.jpg\"><img loading=\"lazy\" decoding=\"async\" class=\"aligncenter wp-image-450 size-full\" src=\"https:\/\/semmelweis.hu\/international40\/files\/2022\/08\/RS52054_Csoportkep-scr.jpg\" alt=\"\" width=\"950\" height=\"588\" srcset=\"https:\/\/semmelweis.hu\/international40\/files\/2022\/08\/RS52054_Csoportkep-scr.jpg 950w, https:\/\/semmelweis.hu\/international40\/files\/2022\/08\/RS52054_Csoportkep-scr-400x248.jpg 400w, https:\/\/semmelweis.hu\/international40\/files\/2022\/08\/RS52054_Csoportkep-scr-768x475.jpg 768w, https:\/\/semmelweis.hu\/international40\/files\/2022\/08\/RS52054_Csoportkep-scr-753x466.jpg 753w\" sizes=\"auto, (max-width: 950px) 100vw, 950px\" \/><\/a><span style=\"font-size: 12pt\">Graduation ceremony in 2016 at the ACH<\/span><\/h6>\n<p>The university&#8217;s teaching tasks and &#8211; as a result of this &#8211; its space requirements had increased considerably by 2008. In that year, the new building of Semmelweis University was completed in T\u0171zolt\u00f3 Street in Budapest. The <strong>Basic Medical Science Center (BMSC or in Hungarian: EOK)<\/strong> meets the demands of the modern age, with laboratories, lecture halls, offices and a state-of-the-art animal house to support successful work and development.<\/p>\n<p>One year after the launch of ACH, Semmelweis University&#8217;s off-campus education has been further expanded. <strong>Since 2009, the university&#8217;s Physiotherapy B.Sc. training is available in English in Lugano, Switzerland. In 2013, the training was also launched in Italian.<\/strong><\/p>\n<p>Also in that year, the Semmelweis Carnival was organised for the first time, including the International Culinary Festival.<\/p>\n<p><strong>In 2010<\/strong>, Semmelweis University launched its third off-campus training program as part of the Faculty of Public Health. After the start in 2010, one more class of <strong>Slovak-language advanced training program in health management<\/strong> was launched in Bratislava in 2012.<\/p>\n<p>Following the German-language medical and dental courses, the university added a <strong>German-language pharmacy course in 2011<\/strong>. Students can receive a doctorate in occupational medicine with their degree, which is a curiosity both in Austria and Germany.<\/p>\n<h6 style=\"text-align: center\"><a href=\"https:\/\/semmelweis.hu\/international40\/files\/2022\/08\/RS18534_KA-20140614-IMG_8824-nemzetkozi-alumni-scr.jpg\"><img loading=\"lazy\" decoding=\"async\" class=\"aligncenter size-full wp-image-444\" src=\"https:\/\/semmelweis.hu\/international40\/files\/2022\/08\/RS18534_KA-20140614-IMG_8824-nemzetkozi-alumni-scr.jpg\" alt=\"\" width=\"950\" height=\"633\" srcset=\"https:\/\/semmelweis.hu\/international40\/files\/2022\/08\/RS18534_KA-20140614-IMG_8824-nemzetkozi-alumni-scr.jpg 950w, https:\/\/semmelweis.hu\/international40\/files\/2022\/08\/RS18534_KA-20140614-IMG_8824-nemzetkozi-alumni-scr-400x267.jpg 400w, https:\/\/semmelweis.hu\/international40\/files\/2022\/08\/RS18534_KA-20140614-IMG_8824-nemzetkozi-alumni-scr-768x512.jpg 768w, https:\/\/semmelweis.hu\/international40\/files\/2022\/08\/RS18534_KA-20140614-IMG_8824-nemzetkozi-alumni-scr-753x502.jpg 753w, https:\/\/semmelweis.hu\/international40\/files\/2022\/08\/RS18534_KA-20140614-IMG_8824-nemzetkozi-alumni-scr-203x135.jpg 203w\" sizes=\"auto, (max-width: 950px) 100vw, 950px\" \/><\/a><span style=\"font-size: 12pt\">International Alumni Meeting in 2014<\/span><\/h6>\n<p>Continuing the tradition, <strong>another anniversary alumni meeting was held in 2014 to celebrate the 30th anniversary of the start of the international training program<\/strong>.<\/p>\n<blockquote>\n<p>I am proud that what our predecessors dreamed of 30 years ago has become a success story today,&#8221;<\/p>\n<\/blockquote>\n<p>Dr. \u00c1goston Sz\u00e9l, then rector of the university said at the opening ceremony.<\/p>\n<p>As part of the international training &#8211; but in Hungarian &#8211; there are courses in two other countries. In 2017, Semmelweis University started to offer <strong>outsourced conductor training in Ilyefalva (Romania), Subotica and Zenta (Serbia)<\/strong>, as the Andr\u00e1s Pet\u0151 Faculty (PAK) was integrated into the university in the same year. After the training courses of the internationally renowned centre for conductive education, conductors become pedagogical professionals who, with theoretical knowledge and skills, are able to provide conductive education for the development of people with special educational needs (central nervous system disorders) of all ages. <strong>The English-language training of conductors started at PAK in 2022<\/strong>.<\/p>\n<p>In 2018, the university developed a new online admission system for foreign applicants: <strong>Semaphor (Semmelweis Application Handling and Online Review)<\/strong>, helps to receive and process thousands of applications, which are growing every year.<\/p>\n<p>In 2019, the Foreign Students Secretariat (established in 1989) continues to operate under the name of <strong>Center of Education of International Studies (CEIS)<\/strong>, under the leadership of Dr. Al\u00e1n Alp\u00e1r, Vice Rector for International Studies. With the organisational change, the <strong>Directorate of International Studies<\/strong> under the leadership of Dr. Mikl\u00f3s Csala was established as part of the unit, with two secretariats, the Division of English Language Programs and the Division of German Language Programs. The university&#8217;s international education and student affairs were thus placed under the responsibility of the Vice-Rector. One of the main aims of the reorganisation is to integrate international students into the life of the university.<\/p>\n<h6 style=\"text-align: center\"><a href=\"https:\/\/semmelweis.hu\/international40\/files\/2022\/08\/RS102363_IMG_4132-scr.jpg\"><img loading=\"lazy\" decoding=\"async\" class=\"aligncenter wp-image-452 size-full\" src=\"https:\/\/semmelweis.hu\/international40\/files\/2022\/08\/RS102363_IMG_4132-scr.jpg\" alt=\"\" width=\"950\" height=\"633\" srcset=\"https:\/\/semmelweis.hu\/international40\/files\/2022\/08\/RS102363_IMG_4132-scr.jpg 950w, https:\/\/semmelweis.hu\/international40\/files\/2022\/08\/RS102363_IMG_4132-scr-400x267.jpg 400w, https:\/\/semmelweis.hu\/international40\/files\/2022\/08\/RS102363_IMG_4132-scr-768x512.jpg 768w, https:\/\/semmelweis.hu\/international40\/files\/2022\/08\/RS102363_IMG_4132-scr-753x502.jpg 753w, https:\/\/semmelweis.hu\/international40\/files\/2022\/08\/RS102363_IMG_4132-scr-203x135.jpg 203w\" sizes=\"auto, (max-width: 950px) 100vw, 950px\" \/><\/a><span style=\"font-size: 12pt\">The International Student Training Centre was presented at a forum in 2019<\/span><\/h6>\n<p>Since 2020, the <strong>Slovak-language Master&#8217;s degree in Health Management<\/strong> is available in Bratislava.<\/p>\n<p>Also <strong>in 2020, the university has launched a series of programs to promote student integration, which will offer joint courses for Hungarian and international students<\/strong>. These elective courses are taught in English and offer the opportunity to gain credits, knowledge and contacts for both Hungarian and German or English-speaking students. Two years later, there are more than 70 integrated courses.<\/p>\n<p>Because of the ambitious development of international training, one year before the 40th anniversary, in 2022, Semmelweis University has launched the design of a new building, EOK2.<\/p>\n<h4><strong>Jubilee<\/strong><\/h4>\n<p>The <strong>Semmelweis International 40<\/strong> programs, which will start in September this year and run until July 2023, will last the entire academic year. It celebrates the 40th anniversary of international medical training, but it is not just about medical training: it will cover the entire international training offer of Semmelweis University and highlight its achievements. The aim of the project is to commemorate four decades of international training at Semmelweis University and to show and highlight the successes and achievements of the institution.<\/p>\n<p>For more details about the 40-year history of international training <a href=\"https:\/\/semmelweis.hu\/international40\/en\/timeline\/\">see the illustrated timeline<\/a>, for related events please <a href=\"https:\/\/semmelweis.hu\/english\/semmelweis-international-40\/\" target=\"_blank\" rel=\"noopener\">visit the events calendar<\/a>.<\/p>\n","protected":false},"excerpt":{"rendered":"<p>The Beginnings: The foundation of the University In 1769, Maria Theresa added a medical faculty to the University of Nagyszombat, laying the foundations for Semmelweis University. Thus, the history of the institution goes back more than a quarter of a millennium, making it the oldest medical school in Hungary still in operation today. <a href=\"https:\/\/semmelweis.hu\/english\/about-semmelweis-university\/history\/\" target=\"_blank\" rel=\"noopener\">Read more about the history of Semmelweis University here.<\/a> Semmelweis University\u2019s &hellip;<\/p>\n","protected":false},"author":12,"featured_media":0,"parent":489,"menu_order":0,"comment_status":"closed","ping_status":"closed","template":"","meta":{"_acf_changed":false,"footnotes":""},"categories":[],"tags":[],"class_list":["post-488","page","type-page","status-publish","hentry"],"acf":[],"_links":{"self":[{"href":"https:\/\/semmelweis.hu\/international40\/wp-json\/wp\/v2\/pages\/488","targetHints":{"allow":["GET"]}}],"collection":[{"href":"https:\/\/semmelweis.hu\/international40\/wp-json\/wp\/v2\/pages"}],"about":[{"href":"https:\/\/semmelweis.hu\/international40\/wp-json\/wp\/v2\/types\/page"}],"author":[{"embeddable":true,"href":"https:\/\/semmelweis.hu\/international40\/wp-json\/wp\/v2\/users\/12"}],"replies":[{"embeddable":true,"href":"https:\/\/semmelweis.hu\/international40\/wp-json\/wp\/v2\/comments?post=488"}],"version-history":[{"count":10,"href":"https:\/\/semmelweis.hu\/international40\/wp-json\/wp\/v2\/pages\/488\/revisions"}],"predecessor-version":[{"id":605,"href":"https:\/\/semmelweis.hu\/international40\/wp-json\/wp\/v2\/pages\/488\/revisions\/605"}],"up":[{"embeddable":true,"href":"https:\/\/semmelweis.hu\/international40\/wp-json\/wp\/v2\/pages\/489"}],"wp:attachment":[{"href":"https:\/\/semmelweis.hu\/international40\/wp-json\/wp\/v2\/media?parent=488"}],"wp:term":[{"taxonomy":"category","embeddable":true,"href":"https:\/\/semmelweis.hu\/international40\/wp-json\/wp\/v2\/categories?post=488"},{"taxonomy":"post_tag","embeddable":true,"href":"https:\/\/semmelweis.hu\/international40\/wp-json\/wp\/v2\/tags?post=488"}],"curies":[{"name":"wp","href":"https:\/\/api.w.org\/{rel}","templated":true}]}}