{"id":456,"date":"2022-08-18T13:22:39","date_gmt":"2022-08-18T11:22:39","guid":{"rendered":"https:\/\/semmelweis.hu\/international40\/?page_id=456"},"modified":"2022-08-18T13:24:10","modified_gmt":"2022-08-18T11:24:10","slug":"internationale-ausbildung","status":"publish","type":"page","link":"https:\/\/semmelweis.hu\/international40\/de\/internationale-ausbildung\/","title":{"rendered":"\u00dcber die Internationale Ausbildung"},"content":{"rendered":"<p>Die Semmelweis Universit\u00e4t ist nicht nur die \u00e4lteste medizinische Universit\u00e4t Ungarns und einer der gr\u00f6\u00dften Gesundheitsdienstleister, sondern auch eine der f\u00fchrenden deutsch- und englischsprachigen Ausbildungsinstitute Europas. Mehr als ein Drittel der beinahe 12.000 Studierenden kam im Studienjahr 2021\/22 von au\u00dferhalb unserer Grenzen, aus rund 100 L\u00e4ndern, und bildet damit eine wirklich multikulturelle Gemeinschaft.<\/p>\n<div class=\"fontos_div\">\n<p>Seit dem Start der deutschsprachigen medizinischen Ausbildung im Jahr 1983 hat die Semmelweis Universit\u00e4t ihr internationales Ausbildungsangebot dynamisch entwickelt. Heute bietet die Institution Programme in mehreren Sprachen an, und alle sechs Fakult\u00e4ten und Doktorandenschulen der Universit\u00e4t bieten eine Form der Ausbildungen in Medizin und Gesundheitswissenschaften auf Fremdsprachen an.<\/p>\n<\/div>\n<p>Die meisten internationalen Studierenden studieren heute an der Medizinischen Fakult\u00e4t und der Fakult\u00e4t f\u00fcr Zahnheilkunde.<\/p>\n<p><a href=\"https:\/\/semmelweis.hu\/international40\/files\/2022\/08\/RS20807_KA-20140717-IMG_6950-hallgato-scr-1.jpg\"><img loading=\"lazy\" decoding=\"async\" class=\"alignright size-medium wp-image-437\" src=\"https:\/\/semmelweis.hu\/international40\/files\/2022\/08\/RS20807_KA-20140717-IMG_6950-hallgato-scr-1-400x267.jpg\" alt=\"\" width=\"400\" height=\"267\" srcset=\"https:\/\/semmelweis.hu\/international40\/files\/2022\/08\/RS20807_KA-20140717-IMG_6950-hallgato-scr-1-400x267.jpg 400w, https:\/\/semmelweis.hu\/international40\/files\/2022\/08\/RS20807_KA-20140717-IMG_6950-hallgato-scr-1-768x512.jpg 768w, https:\/\/semmelweis.hu\/international40\/files\/2022\/08\/RS20807_KA-20140717-IMG_6950-hallgato-scr-1-753x502.jpg 753w, https:\/\/semmelweis.hu\/international40\/files\/2022\/08\/RS20807_KA-20140717-IMG_6950-hallgato-scr-1-203x135.jpg 203w, https:\/\/semmelweis.hu\/international40\/files\/2022\/08\/RS20807_KA-20140717-IMG_6950-hallgato-scr-1.jpg 950w\" sizes=\"auto, (max-width: 400px) 100vw, 400px\" \/><\/a>Die Semmelweis Universit\u00e4t legt gro\u00dfen Wert auf den Zusammenhalt ihrer multikulturellen Studentengemeinschaft und die Integration internationaler und ungarischer Studenten durch mehrsprachige Bildung und Information, internationale Veranstaltungen und Programme zur F\u00f6rderung des gegenseitigen Verst\u00e4ndnisses und der Ann\u00e4herung der Nationen und Kulturen. Die Integration internationaler Studierender wird von der Studentischen Selbstverwaltung (ung. Abk.: H\u00d6K) und den internationalen Studentenorganisationen unterst\u00fctzt.<\/p>\n<p>Neben dem zentralen Campus in Budapest, Ungarn bildet die Universit\u00e4t Fachleute auch in internationalen Bildungszentren in Deutschland, Rum\u00e4nien, der Schweiz, Serbien und der Slowakei.<\/p>\n<p>Die Semmelweis Universit\u00e4t hei\u00dft auch Studierende aus dem Ausland im Rahmen einer Reihe von internationalen Programmen willkommen, darunter Erasmus, Stipendium Hungaricum, Diaspora und Students at Risk (St@R).<\/p>\n<p>Mit Zehntausenden von Mitgliedern ist die Semmelweis Alumni-Gemeinschaft, ihre Mitlieder heute fast \u00fcberall auf der Welt zu finden. Durch ihre herausragenden Leistungen tragen diese Fachleute zur Entwicklung der Medizin- und Gesundheitswissenschaften und zum positiven Image der Semmelweis Universit\u00e4t und des ungarischen Hochschulwesens bei. Die Universit\u00e4t verf\u00fcgt \u00fcber alle Qualit\u00e4ten &#8211; starke Traditionen, innovativer Ansatz, engagierte, hochqualifizierte Fachleute, praxisorientierte internationale Ausbildung von Weltklasse, bemerkenswerte wissenschaftliche und klinische Leistungen &#8211; um eine der besten Universit\u00e4ten der Welt und das gefragteste Ziel f\u00fcr medizinische und gesundheitswissenschaftliche Ausbildung in der Region zu werden.<\/p>\n<p><iframe loading=\"lazy\" title=\"Semmelweis International 40 SPOT\" width=\"753\" height=\"424\" src=\"https:\/\/www.youtube.com\/embed\/B65jYrDZwL8?feature=oembed\" frameborder=\"0\" allow=\"accelerometer; autoplay; clipboard-write; encrypted-media; gyroscope; picture-in-picture\" allowfullscreen><\/iframe><\/p>\n","protected":false},"excerpt":{"rendered":"<p>Die Semmelweis Universit\u00e4t ist nicht nur die \u00e4lteste medizinische Universit\u00e4t Ungarns und einer der gr\u00f6\u00dften Gesundheitsdienstleister, sondern auch eine der f\u00fchrenden deutsch- und englischsprachigen Ausbildungsinstitute Europas. Mehr als ein Drittel der beinahe 12.000 Studierenden kam im Studienjahr 2021\/22 von au\u00dferhalb unserer Grenzen, aus rund 100 L\u00e4ndern, und bildet damit eine wirklich multikulturelle Gemeinschaft. Seit dem &hellip;<\/p>\n","protected":false},"author":12,"featured_media":0,"parent":0,"menu_order":1,"comment_status":"closed","ping_status":"closed","template":"","meta":{"_acf_changed":false,"footnotes":""},"categories":[],"tags":[],"class_list":["post-456","page","type-page","status-publish","hentry"],"acf":[],"_links":{"self":[{"href":"https:\/\/semmelweis.hu\/international40\/wp-json\/wp\/v2\/pages\/456","targetHints":{"allow":["GET"]}}],"collection":[{"href":"https:\/\/semmelweis.hu\/international40\/wp-json\/wp\/v2\/pages"}],"about":[{"href":"https:\/\/semmelweis.hu\/international40\/wp-json\/wp\/v2\/types\/page"}],"author":[{"embeddable":true,"href":"https:\/\/semmelweis.hu\/international40\/wp-json\/wp\/v2\/users\/12"}],"replies":[{"embeddable":true,"href":"https:\/\/semmelweis.hu\/international40\/wp-json\/wp\/v2\/comments?post=456"}],"version-history":[{"count":3,"href":"https:\/\/semmelweis.hu\/international40\/wp-json\/wp\/v2\/pages\/456\/revisions"}],"predecessor-version":[{"id":459,"href":"https:\/\/semmelweis.hu\/international40\/wp-json\/wp\/v2\/pages\/456\/revisions\/459"}],"wp:attachment":[{"href":"https:\/\/semmelweis.hu\/international40\/wp-json\/wp\/v2\/media?parent=456"}],"wp:term":[{"taxonomy":"category","embeddable":true,"href":"https:\/\/semmelweis.hu\/international40\/wp-json\/wp\/v2\/categories?post=456"},{"taxonomy":"post_tag","embeddable":true,"href":"https:\/\/semmelweis.hu\/international40\/wp-json\/wp\/v2\/tags?post=456"}],"curies":[{"name":"wp","href":"https:\/\/api.w.org\/{rel}","templated":true}]}}