{"id":405,"date":"2022-08-18T09:17:49","date_gmt":"2022-08-18T07:17:49","guid":{"rendered":"https:\/\/semmelweis.hu\/international40\/?page_id=405"},"modified":"2022-08-18T16:10:16","modified_gmt":"2022-08-18T14:10:16","slug":"begruessungsrede-des-rektors","status":"publish","type":"page","link":"https:\/\/semmelweis.hu\/international40\/de\/jubilaum\/begruessungsrede-des-rektors\/","title":{"rendered":"Begr\u00fc\u00dfungsrede des Rektors"},"content":{"rendered":"<p><a href=\"https:\/\/semmelweis.hu\/international40\/files\/2022\/08\/RS82336_IMG_3819-scr.jpg\"><img loading=\"lazy\" decoding=\"async\" class=\"alignright size-medium wp-image-367\" src=\"https:\/\/semmelweis.hu\/international40\/files\/2022\/08\/RS82336_IMG_3819-scr-266x400.jpg\" alt=\"\" width=\"266\" height=\"400\" srcset=\"https:\/\/semmelweis.hu\/international40\/files\/2022\/08\/RS82336_IMG_3819-scr-266x400.jpg 266w, https:\/\/semmelweis.hu\/international40\/files\/2022\/08\/RS82336_IMG_3819-scr.jpg 499w\" sizes=\"auto, (max-width: 266px) 100vw, 266px\" \/><\/a>Nach dem 250. Jahrestag der Gr\u00fcndung unserer Universit\u00e4t haben wir einen weiteren wichtigen Meilenstein, ein weiteres Jubil\u00e4um an unserer Universit\u00e4t erreicht, das wir feiern k\u00f6nnen: im akademischen Jahr 2022\/2023 wird es 40 Jahre her sein, dass unsere internationale medizinische Ausbildung begonnen hat. <a href=\"https:\/\/semmelweis.hu\/deutsch\/international-40-kalender\/\" target=\"_blank\" rel=\"noopener\">Aus diesem Anlass organisieren wir w\u00e4hrend des gesamten akademischen Jahres zahlreiche Veranstaltungen, von denen die erste die Internationale Sommeruniversit\u00e4t vom 1. bis 2. September 2022 sein wird.<\/a> Die offizielle Er\u00f6ffnung der feierlichen Programme wird die Er\u00f6ffnungszeremonie des akademischen Jahres am 3. September.<\/p>\n<p>Wir glauben und wissen, dass die Einf\u00fchrung unserer internationalen Ausbildung ein entscheidender Moment in der modernen Entwicklung unserer Universit\u00e4t war, die nun mehr als 250 Jahre alt ist. Vor 40 Jahren beschlossen wir, in Europa und in der Welt nicht nur als wissenschaftlicher Partner, sondern auch als genius loci f\u00fcr die medizinische Ausbildung pr\u00e4sent zu werden. Wir haben das Projekt mit deutschsprachigen Kursen begonnen, mit einem kleinen, aber sehr motivierten Team von ProfessorInnen und StudentInnen.<\/p>\n<blockquote>\n<p>Wir k\u00f6nnen stolz darauf sein, dass sich die Semmelweis Universit\u00e4t zu einer der f\u00fchrenden englischsprachigen und deutschsprachigen Ausbildungsinstitute in Europa entwickelt hat. Alle unsere Fakult\u00e4ten und Doktorandenschulen bieten eine Form der Ausbildungen auf Fremdsprachen an, und wir haben ebenfalls Programme au\u00dferhalb des Campus in Deutschland, Rum\u00e4nien, der Schweiz, Serbien und der Slowakei.<\/p>\n<\/blockquote>\n<p>Wir begr\u00fc\u00dfen BewerberInnen aus fast 100 L\u00e4ndern der Welt. Sie bedeuten mehr als ein Drittel unserer gesamten Studentenschaft. Diese Bem\u00fchungen lie\u00dfen unsere Semmelweis Universit\u00e4t gegr\u00fcndet auf ungarischen und europ\u00e4ischen Traditionen zu einer toleranten und weltoffenen Heimst\u00e4tte erbl\u00fchen. Die Mitglieder unserer Semmelweis Familiengemeinschaft sind inzwischen fast \u00fcberall auf der Welt zu finden.<\/p>\n<p>Herzlich laden wir alle zu den Jubil\u00e4umsveranstaltungen ein, darunter sowohl die B\u00fcrgerInnen unserer Universit\u00e4t als auch ehemalige StudentInnen, die zu KollegInnen geworden sind, um sich wiederzusehen, in Erinnerungen zu schwelgen und zu zeigen, wie wir die internationale Bildung f\u00fcr die n\u00e4chsten vier Jahrzehnte aufbauen.<\/p>\n<p>Nehmen Sie an den Jubil\u00e4umsfeierlichkeiten teil! Wir freuen uns darauf, Sie bei unseren Programmen begr\u00fc\u00dfen zu d\u00fcrfen.<\/p>\n<p>Dr. B\u00e9la Merkely, Rektor<\/p>\n","protected":false},"excerpt":{"rendered":"<p>Im akademischen Jahr 2022\/2023 feiert die Semmelweis Universit\u00e4t das 40-j\u00e4hrige Jubil\u00e4um des Beginns der deutschsprachigen Medizinausbildung des Instituts. Die deutschsprachige Ausbildung begann 1983, 1989 folgte die englischsprachige Ausbildung. Die Programmreihe Semmelweis International 40 umfasst das gesamte Studienjahr. Ziel ist es, vier Jahrzehnte internationaler Ausbildung an der Semmelweis Universit\u00e4t zu feiern und die Erfolge und Ergebnisse der Universit\u00e4t zu pr\u00e4sentieren.<\/p>\n","protected":false},"author":12,"featured_media":373,"parent":14,"menu_order":0,"comment_status":"closed","ping_status":"closed","template":"template-fullwidth.php","meta":{"_acf_changed":false,"footnotes":""},"categories":[],"tags":[],"class_list":["post-405","page","type-page","status-publish","has-post-thumbnail","hentry"],"acf":[],"_links":{"self":[{"href":"https:\/\/semmelweis.hu\/international40\/wp-json\/wp\/v2\/pages\/405","targetHints":{"allow":["GET"]}}],"collection":[{"href":"https:\/\/semmelweis.hu\/international40\/wp-json\/wp\/v2\/pages"}],"about":[{"href":"https:\/\/semmelweis.hu\/international40\/wp-json\/wp\/v2\/types\/page"}],"author":[{"embeddable":true,"href":"https:\/\/semmelweis.hu\/international40\/wp-json\/wp\/v2\/users\/12"}],"replies":[{"embeddable":true,"href":"https:\/\/semmelweis.hu\/international40\/wp-json\/wp\/v2\/comments?post=405"}],"version-history":[{"count":3,"href":"https:\/\/semmelweis.hu\/international40\/wp-json\/wp\/v2\/pages\/405\/revisions"}],"predecessor-version":[{"id":484,"href":"https:\/\/semmelweis.hu\/international40\/wp-json\/wp\/v2\/pages\/405\/revisions\/484"}],"up":[{"embeddable":true,"href":"https:\/\/semmelweis.hu\/international40\/wp-json\/wp\/v2\/pages\/14"}],"wp:featuredmedia":[{"embeddable":true,"href":"https:\/\/semmelweis.hu\/international40\/wp-json\/wp\/v2\/media\/373"}],"wp:attachment":[{"href":"https:\/\/semmelweis.hu\/international40\/wp-json\/wp\/v2\/media?parent=405"}],"wp:term":[{"taxonomy":"category","embeddable":true,"href":"https:\/\/semmelweis.hu\/international40\/wp-json\/wp\/v2\/categories?post=405"},{"taxonomy":"post_tag","embeddable":true,"href":"https:\/\/semmelweis.hu\/international40\/wp-json\/wp\/v2\/tags?post=405"}],"curies":[{"name":"wp","href":"https:\/\/api.w.org\/{rel}","templated":true}]}}