{"id":4,"date":"2022-07-01T08:44:59","date_gmt":"2022-07-01T06:44:59","guid":{"rendered":"https:\/\/semmelweis.hu\/international40\/?page_id=4"},"modified":"2022-11-11T09:57:12","modified_gmt":"2022-11-11T08:57:12","slug":"az-evfordulo","status":"publish","type":"page","link":"https:\/\/semmelweis.hu\/international40\/az-evfordulo\/","title":{"rendered":"Semmelweis International 40"},"content":{"rendered":"<p>A Semmelweis Egyetem a 2022\/2023-as tan\u00e9vben \u00fcnnepli <a href=\"https:\/\/semmelweis.hu\/international40\/a-kepzesrol\/tortenet\/\">a nemzetk\u00f6zi orvosk\u00e9pz\u00e9s elindul\u00e1s\u00e1nak 40. \u00e9vfordul\u00f3j\u00e1t<\/a>. A n\u00e9met nyelv\u0171 k\u00e9pz\u00e9s 1983-ban kezd\u0151d\u00f6tt meg az int\u00e9zm\u00e9nyben, amelyet 1989-ben az angol k\u00f6vetett.<\/p>\n<p>Magyarorsz\u00e1g \u00e9s a r\u00e9gi\u00f3 <a href=\"https:\/\/semmelweis.hu\/international40\/a-kepzesrol\/\">vezet\u0151 orvos- \u00e9s eg\u00e9szs\u00e9gtudom\u00e1nyi egyeteme m\u00e1ra Eur\u00f3pa egyik legjelent\u0151sebb angol \u00e9s n\u00e9met nyelv\u0171 k\u00e9pz\u00e9si int\u00e9zm\u00e9ny\u00e9v\u00e9 v\u00e1lt<\/a>. Az itt tanul\u00f3k harmada a nemzetk\u00f6zi k\u00e9pz\u00e9sben vesz r\u00e9szt, hallgat\u00f3ink a vil\u00e1g 110 orsz\u00e1g\u00e1b\u00f3l \u00e9rkeznek. Minden karunk \u00e9s doktori iskol\u00e1nk k\u00edn\u00e1l valamilyen idegen nyelv\u0171 k\u00e9pz\u00e9st, \u00e9s sz\u00e9khelyen k\u00edv\u00fcli programokkal is rendelkez\u00fcnk N\u00e9metorsz\u00e1gban, Rom\u00e1ni\u00e1ban, Sv\u00e1jcban, Szerbi\u00e1ban \u00e9s Szlov\u00e1ki\u00e1ban.<\/p>\n<blockquote>\n<p>\u201eHissz\u00fck \u00e9s tudjuk, hogy az idegennyelv\u0171 k\u00e9pz\u00e9s\u00fcnk elind\u00edt\u00e1sa kiemelked\u0151en fontos pill\u00e9re volt az imm\u00e1r t\u00f6bb mint 250 \u00e9ves egyetem\u00fcnk modernkori fejl\u0151d\u00e9s\u00e9nek\u201d<\/p>\n<\/blockquote>\n<p>\u2013 hangs\u00falyozza dr. Merkely B\u00e9la rektor <a href=\"https:\/\/semmelweis.hu\/international40\/az-evfordulo\/koszonto\/\">a jubileum alkalm\u00e1b\u00f3l \u00edrt k\u00f6sz\u00f6nt\u0151j\u00e9ben<\/a>.<\/p>\n<p><img loading=\"lazy\" decoding=\"async\" class=\"alignright size-medium wp-image-434\" src=\"https:\/\/semmelweis.hu\/international40\/files\/2022\/08\/RS65397_KA-20170302-KA__9146-scr-400x267.jpg\" alt=\"\" width=\"400\" height=\"267\" srcset=\"https:\/\/semmelweis.hu\/international40\/files\/2022\/08\/RS65397_KA-20170302-KA__9146-scr-400x267.jpg 400w, https:\/\/semmelweis.hu\/international40\/files\/2022\/08\/RS65397_KA-20170302-KA__9146-scr-768x512.jpg 768w, https:\/\/semmelweis.hu\/international40\/files\/2022\/08\/RS65397_KA-20170302-KA__9146-scr-753x502.jpg 753w, https:\/\/semmelweis.hu\/international40\/files\/2022\/08\/RS65397_KA-20170302-KA__9146-scr-203x135.jpg 203w, https:\/\/semmelweis.hu\/international40\/files\/2022\/08\/RS65397_KA-20170302-KA__9146-scr.jpg 950w\" sizes=\"auto, (max-width: 400px) 100vw, 400px\" \/>\u00c9ppen ez\u00e9rt <a href=\"https:\/\/semmelweis.hu\/international40\/kiemelt-esemenyek\/\">a nemzetk\u00f6zi orvosk\u00e9pz\u00e9s elindul\u00e1s\u00e1nak 40 \u00e9ves \u00e9vfordul\u00f3ja alkalm\u00e1b\u00f3l nagyszab\u00e1s\u00fa programsorozatot szervez az egyetem<\/a>. A Semmelweis International 40 az eg\u00e9sz akad\u00e9miai \u00e9ven \u00e1t\u00edvel \u00e9s fel\u00f6leli a Semmelweis Egyetem teljes nemzetk\u00f6zi k\u00e9pz\u00e9sk\u00edn\u00e1lat\u00e1t. <a href=\"https:\/\/semmelweis.hu\/hirek\/semmelweis-international-40\/\" target=\"_blank\" rel=\"noopener\">A programok k\u00f6z\u00f6tt sz\u00e1mos nemzetk\u00f6zi szint\u0171 oktat\u00e1si \u00e9s tudom\u00e1nyos rendezv\u00e9ny szerepel, de helyet kap a sport, a kult\u00fara \u00e9s a sz\u00f3rakoz\u00e1s is<\/a>.<\/p>\n<p>A esem\u00e9nysorozat c\u00e9lja, hogy m\u00e9lt\u00f3 eml\u00e9ket \u00e1ll\u00edtson az itt foly\u00f3 nemzetk\u00f6zi k\u00e9pz\u00e9s elm\u00falt n\u00e9gy \u00e9vtized\u00e9nek, bemutassa az el\u00e9rt sikereket, eredm\u00e9nyeket, valamint a j\u00f6v\u0151beli terveket is.<\/p>\n","protected":false},"excerpt":{"rendered":"<p>A Semmelweis Egyetem a 2022\/2023-as tan\u00e9vben \u00fcnnepli <a href=\"https:\/\/semmelweis.hu\/international40\/a-kepzesrol\/tortenet\/\">a nemzetk\u00f6zi orvosk\u00e9pz\u00e9s elindul\u00e1s\u00e1nak 40. \u00e9vfordul\u00f3j\u00e1t<\/a> . A n\u00e9met nyelv\u0171 k\u00e9pz\u00e9s 1983-ban kezd\u0151d\u00f6tt meg az int\u00e9zm\u00e9nyben, amelyet 1989-ben az angol k\u00f6vetett. Magyarorsz\u00e1g \u00e9s a r\u00e9gi\u00f3 <a href=\"https:\/\/semmelweis.hu\/international40\/a-kepzesrol\/\">vezet\u0151 orvos- \u00e9s eg\u00e9szs\u00e9gtudom\u00e1nyi egyeteme m\u00e1ra Eur\u00f3pa egyik legjelent\u0151sebb angol \u00e9s n\u00e9met nyelv\u0171 k\u00e9pz\u00e9si int\u00e9zm\u00e9ny\u00e9v\u00e9 v\u00e1lt<\/a> . Az itt tanul\u00f3k harmada a nemzetk\u00f6zi k\u00e9pz\u00e9sben vesz r\u00e9szt, hallgat\u00f3ink a vil\u00e1g 110 orsz\u00e1g\u00e1b\u00f3l \u00e9rkeznek. Minden karunk \u00e9s doktori iskol\u00e1nk k\u00edn\u00e1l valamilyen idegen nyelv\u0171 k\u00e9pz\u00e9st, \u00e9s sz\u00e9khelyen k\u00edv\u00fcli &hellip;<\/p>\n","protected":false},"author":12,"featured_media":0,"parent":0,"menu_order":0,"comment_status":"closed","ping_status":"closed","template":"","meta":{"_acf_changed":false,"footnotes":""},"categories":[],"tags":[],"class_list":["post-4","page","type-page","status-publish","hentry"],"acf":[],"_links":{"self":[{"href":"https:\/\/semmelweis.hu\/international40\/wp-json\/wp\/v2\/pages\/4","targetHints":{"allow":["GET"]}}],"collection":[{"href":"https:\/\/semmelweis.hu\/international40\/wp-json\/wp\/v2\/pages"}],"about":[{"href":"https:\/\/semmelweis.hu\/international40\/wp-json\/wp\/v2\/types\/page"}],"author":[{"embeddable":true,"href":"https:\/\/semmelweis.hu\/international40\/wp-json\/wp\/v2\/users\/12"}],"replies":[{"embeddable":true,"href":"https:\/\/semmelweis.hu\/international40\/wp-json\/wp\/v2\/comments?post=4"}],"version-history":[{"count":11,"href":"https:\/\/semmelweis.hu\/international40\/wp-json\/wp\/v2\/pages\/4\/revisions"}],"predecessor-version":[{"id":594,"href":"https:\/\/semmelweis.hu\/international40\/wp-json\/wp\/v2\/pages\/4\/revisions\/594"}],"wp:attachment":[{"href":"https:\/\/semmelweis.hu\/international40\/wp-json\/wp\/v2\/media?parent=4"}],"wp:term":[{"taxonomy":"category","embeddable":true,"href":"https:\/\/semmelweis.hu\/international40\/wp-json\/wp\/v2\/categories?post=4"},{"taxonomy":"post_tag","embeddable":true,"href":"https:\/\/semmelweis.hu\/international40\/wp-json\/wp\/v2\/tags?post=4"}],"curies":[{"name":"wp","href":"https:\/\/api.w.org\/{rel}","templated":true}]}}