{"id":387,"date":"2022-08-17T17:19:42","date_gmt":"2022-08-17T15:19:42","guid":{"rendered":"https:\/\/semmelweis.hu\/international40\/?page_id=387"},"modified":"2023-05-18T15:01:05","modified_gmt":"2023-05-18T13:01:05","slug":"kiemelt-esemenyek","status":"publish","type":"page","link":"https:\/\/semmelweis.hu\/international40\/kiemelt-esemenyek\/","title":{"rendered":"Kiemelt esem\u00e9nyek"},"content":{"rendered":"<h4 class=\"lead\"><strong>NEMZETK\u00d6ZI NY\u00c1RI EGYETEM\u00a0<\/strong><\/h4>\n<p style=\"text-align: justify\">A Semmelweis Egyetemen imm\u00e1r n\u00e9gy \u00e9ve pezsg\u0151, soksz\u00edn\u0171 nyit\u00e1nya minden tan\u00e9vnek a szakmai, kultur\u00e1lis \u00e9s sz\u00f3rakoztat\u00f3 programokat, izgalmas besz\u00e9lget\u00e9seket felvonultat\u00f3\u00a0 Ny\u00e1ri Egyetem. A 2022. szeptember 1-2. k\u00f6z\u00f6tt megval\u00f3sult rendezv\u00e9nyt a jubileumi \u00e9v tisztelet\u00e9re, els\u0151 alkalommal rendezt\u00fck meg nemzetk\u00f6zi form\u00e1ban, k\u00e9t nyelven. A <a href=\"https:\/\/semmelweis.hu\/hirek\/2022\/09\/02\/egeszseg-jollet-sport-es-kultura-nemzetkozi-nyari-egyetem-a-semmelweisen-frissul\/\">Nemzetk\u00f6zi Ny\u00e1ri Egyetemen<\/a> \u00f6sszesen 1600 hallgat\u00f3 vett r\u00e9szt, a magyar az angol nyelv\u0171 esem\u00e9nyek p\u00e1rhuzamosan folytak az Elm\u00e9leti Orvostudom\u00e1nyi K\u00f6zpont el\u0151ad\u00f3termeiben. A nagy sikerre val\u00f3 tekintettel, a Ny\u00e1ri Egyetem a j\u00f6v\u0151ben is nemzetk\u00f6zi esem\u00e9nyk\u00e9nt ker\u00fcl megval\u00f3s\u00edt\u00e1sra.<\/p>\n<p style=\"text-align: justify\"><iframe loading=\"lazy\" src=\"\/\/www.youtube.com\/embed\/Hfl4nqjJl_Y\" width=\"560\" height=\"314\"><\/iframe><\/p>\n<hr \/>\n<h4><strong>Tan\u00e9vnyit\u00f3\u00a0<\/strong><\/h4>\n<p style=\"text-align: justify\">A tan\u00e9v hivatalos \u00e9s \u00fcnnep\u00e9lyes nyit\u00f3programja a szeptember 3-i <a href=\"https:\/\/semmelweis.hu\/hirek\/2022\/09\/03\/elkezdodott-a-252-tanev-a-semmelweis-egyetemen\/\">tan\u00e9vnyit\u00f3<\/a>, ami a kurrikulum r\u00e9sze; itt tesznek fogadalmat h\u00e1rom nyelven az els\u0151\u00e9ves hallgat\u00f3k minden \u00e9vben. 2022-ben term\u00e9szetesen e nagyszab\u00e1s\u00fa \u00fcnnepi esem\u00e9nyen is megeml\u00e9kezt\u00fcnk a nemzetk\u00f6zi orvosk\u00e9pz\u00e9s 40 \u00e9ves jubileum\u00e1r\u00f3l. A <a href=\"https:\/\/www.youtube.com\/watch?v=Uzn_loKKljU\">tan\u00e9vnyit\u00f3 \u00fcnneps\u00e9g felv\u00e9tele<\/a> megtekinthet\u0151 a Semmelweis Egyetem Youtube csatorn\u00e1j\u00e1n.\u00a0<\/p>\n<hr \/>\n<h4><strong>Semmelweis Symposium\u00a0<\/strong><\/h4>\n<p style=\"text-align: justify\">ASemmelweis Egyetem legrangosabb nemzetk\u00f6zi tudom\u00e1nyos rendezv\u00e9nye, a <a href=\"https:\/\/semmelweis.hu\/hirek\/2022\/11\/09\/sokszinu-tudomanyos-programok-a-30-semmelweis-szimpoziumon\/\">Semmelweis Szimp\u00f3zium<\/a>, 2022-ben t\u00f6bb \u00e9vfordul\u00f3t is \u00fcnnepelt. A hagyom\u00e1nyosan a Semmelweis Egyetem alap\u00edt\u00e1s\u00e1nak \u00e9vfordul\u00f3j\u00e1n, november 7-\u00e9n megrendez\u00e9sre ker\u00fcl\u0151 tudom\u00e1nyos rendezv\u00e9nyt ugyanis pontosan 30 \u00e9vvel ezel\u0151tt tartott\u00e1k meg els\u0151 alkalommal. A soksz\u00edn\u0171 <a href=\"https:\/\/semmelweis.hu\/symposium\/en\/archive\/semmelweis-symposium-2022\/\">tudom\u00e1nyos programot<\/a> k\u00edn\u00e1l\u00f3 jubileumi esem\u00e9ny ez\u00fattal t\u00f6bb, mint 600 \u00e9rdekl\u0151d\u0151t vonzott. a neves magyar \u00e9s nemzetk\u00f6zi el\u0151ad\u00f3k k\u00f6z\u00f6tt a Semmelweis Egyetem minden kara k\u00e9pviseltette mag\u00e1t, s az Egyetem magyar \u00e9s nemzetk\u00f6zi \u00f6regdi\u00e1kjai is szerepeltek.<\/p>\n<p><iframe loading=\"lazy\" src=\"\/\/www.youtube.com\/embed\/f7f-pg72Xq8\" width=\"560\" height=\"314\"><\/iframe><\/p>\n<hr \/>\n<h4><strong>SEMMELWEIS INTERNATIONAL 40 &#8211; megeml\u00e9kez\u00e9s, elismer\u00e9sek \u00e1tad\u00e1sa<\/strong><\/h4>\n<p style=\"text-align: justify\">A Semmelweis Egyetem nemzetk\u00f6zi orvosk\u00e9pz\u00e9s\u00e9nek elind\u00edt\u00e1s\u00e1r\u00f3l val\u00f3 megeml\u00e9kez\u00e9st, \u00e9s az abban kulcsszerepet v\u00e1llal\u00f3 szakemberek elismer\u00e9s\u00e9t szolg\u00e1lta 2023. \u00e1prilis 24-\u00e9n, a Semmelweis Szalonban &#8221; <a href=\"https:\/\/semmelweis.hu\/hirek\/2023\/04\/27\/jubileumi-rendezvennyel-emlekeztek-meg-a-nemzetkozi-orvoskepzes-elindulasarol-az-egyetemen\/\">A nemzetk\u00f6zi orvosk\u00e9pz\u00e9s n\u00e9gy \u00e9vtizede a Semmelweis Egyetemen<\/a>&#8221; c\u00edmmel megrendezett z\u00e1rtk\u00f6r\u0171 esem\u00e9ny. A rendezv\u00e9ny sor\u00e1n a rektori k\u00f6sz\u00f6nt\u0151t rektorhelyettesi \u00e9s hallgat\u00f3i el\u0151ad\u00e1sok, valamint a nemzetk\u00f6zi orvosk\u00e9pz\u00e9s kezdet\u00e9t felid\u00e9z\u0151 jubileumi film premierje k\u00f6vette, majd az oklevelek \u00e1tad\u00e1sa ut\u00e1n egy m\u00e1sf\u00e9l \u00f3r\u00e1s kerekasztal-besz\u00e9lget\u00e9s keret\u00e9ben eml\u00e9keztek vissza a szakemberek a nemzetk\u00f6zi k\u00e9pz\u00e9s elm\u00falt n\u00e9gy \u00e9vtized\u00e9re.\u00a0<\/p>\n<hr \/>\n<h4><strong>medikus kupa<\/strong><\/h4>\n<p style=\"text-align: justify\">2023. m\u00e1rcius 31. \u00e9s \u00e1prilis 2. k\u00f6z\u00f6tt, az <a href=\"https:\/\/semmelweis.hu\/hirek\/2023\/04\/02\/budapesten-marad-a-medikus-kupa-megvedte-cimet-a-semmelweis-egyetem\/\">50. Medikus Kupa<\/a> h\u00e1zigazd\u00e1ja a nemzetk\u00f6zi jubileumot \u00fcnnepl\u0151 Semmelweis Egyetem volt. Csapataink ebben az \u00e9vben is megnyert\u00e9k a versenyt, ez\u00e9rt a nagyszab\u00e1s\u00fa sportesem\u00e9ny 2023-ban is Budapesten ker\u00fcl majd megrendez\u00e9sre. A Semmelweis Egyetem sportcsapatait magyar \u00e9s nemzetk\u00f6zi hallgat\u00f3k egyar\u00e1nt er\u0151s\u00edtett\u00e9k, ez\u00e1ltal a sportesem\u00e9ny nagy m\u00e9rt\u00e9kben hozz\u00e1j\u00e1rult multikultur\u00e1lis hallgat\u00f3i k\u00f6z\u00f6ss\u00e9g\u00fcnk er\u0151s\u00edt\u00e9s\u00e9hez, a k\u00fcl\u00f6nb\u00f6z\u0151 orsz\u00e1gokb\u00f3l \u00e9rkez\u0151 di\u00e1kok integr\u00e1ci\u00f3j\u00e1hoz is.\u00a0<\/p>\n<p><iframe loading=\"lazy\" src=\"\/\/www.youtube.com\/embed\/imFs_Z-TuOM\" width=\"560\" height=\"314\"><\/iframe><\/p>\n<hr \/>\n<h4><strong>Nemzetk\u00f6zi Online Ny\u00edlt Napok\u00a0<\/strong><\/h4>\n<p style=\"text-align: justify\">2023 tavasz\u00e1n, <a href=\"https:\/\/semmelweis.hu\/hirek\/2023\/05\/09\/eloszor-rendezett-osszegyetemi-nemzetkozi-online-nyilt-napokat-a-semmelweis-egyetem\/\">Nemzetk\u00f6zi Online Ny\u00edlt Napok<\/a> keret\u00e9ben ismerhett\u00e9k meg az \u00e9rdekl\u0151d\u0151 fiatalok az egyetem idegen nyelv\u0171 k\u00e9pz\u00e9seit. 2023. \u00e1prilis 25-26-\u00e1n az \u00c1OK, a FOK, a PAK \u00e9s a GYTK idegennyelv\u0171 k\u00e9pz\u00e9se mutatkozott be, az ETK h\u00e9t angol nyelv\u0171 k\u00e9pz\u00e9s\u00e9nek programismertet\u0151j\u00e9t pedig m\u00e1jus 5-\u00e9n rendezt\u00e9k. Az esem\u00e9nyen az \u00e9rdekl\u0151d\u0151k megtekinthett\u00e9k a karok \u00faj kisfilmjeit, majd rendhagy\u00f3 form\u00e1ban, moder\u00e1lt besz\u00e9lget\u00e9sek keret\u00e9ben ismerkedhettek meg az egyes k\u00e9pz\u00e9sekkel, \u00e9s k\u00e9rd\u00e9seiket is feltehett\u00e9k a karok oktat\u00f3inak, hallgat\u00f3inak. A ny\u00edlt napokra mintegy hetven orsz\u00e1gb\u00f3l t\u00f6bb mint 300 r\u00e9sztvev\u0151 regisztr\u00e1lt.<\/p>\n<hr \/>\n<h4><strong>NEMZETK\u00d6ZI ALUMNI TAL\u00c1LKOZ\u00d3\u00a0<\/strong><\/h4>\n<p style=\"text-align: justify\">Csaknem h\u00e1romsz\u00e1z \u00f6regdi\u00e1k gy\u0171lt \u00f6ssze a Semmelweis Egyetem <a href=\"https:\/\/semmelweis.hu\/hirek\/2023\/05\/11\/nemzetkozi-alumni-talalkozo-a-semmelweis-egyetemen\/\">Nemzetk\u00f6zi Alumni Tal\u00e1lkoz\u00f3j\u00e1n<\/a> \u00e1prilis utols\u00f3 h\u00e9tv\u00e9g\u00e9j\u00e9n. Az Egyetem Alumni Igazgat\u00f3s\u00e1ga \u00e1ltal, a nemzetk\u00f6zi k\u00e9pz\u00e9s 40. \u00e9vfordul\u00f3ja alkalm\u00e1b\u00f3l szervezett nagyszab\u00e1s\u00fa nemzetk\u00f6zi \u00f6regdi\u00e1ktal\u00e1lkoz\u00f3 programj\u00e1ban el\u0151ad\u00e1sok, kerekasztal-besz\u00e9lget\u00e9sek, szakmai tov\u00e1bbk\u00e9pz\u0151 workshopok \u00e9s egyetemi vezetett s\u00e9t\u00e1k mellett, sz\u00e1mos kultur\u00e1lis \u00e9s t\u00e1rsas\u00e1gi esem\u00e9ny is szerepelt.<\/p>\n<hr \/>\n<h4><strong>NEMZETK\u00d6ZI OKTAT\u00c1SFEJLESZT\u00c9SI KONFERENCIA\u00a0<\/strong><\/h4>\n<p style=\"text-align: justify\">A 2023. m\u00e1jus 4-5. k\u00f6z\u00f6tt megrendezett, hibrid, angol nyelv\u0171 <a href=\"https:\/\/semmelweis.hu\/oktatasmodszertan\/oktatasi-segedanyagok\/konferenciak\/semmelweis-oktatasi-konferencia\/\">Nemzetk\u00f6zi Oktat\u00e1sfejleszt\u00e9si Konferencia<\/a> f\u00f3kusz\u00e1ban az orvos- \u00e9s eg\u00e9szs\u00e9gtudom\u00e1nyi k\u00e9pz\u00e9s trendjei \u00e9s kih\u00edv\u00e1sai \u00e1lltak. A Semmelweis Egyetem Oktat\u00e1sfejleszt\u00e9si, -M\u00f3dszertani \u00e9s -Szervez\u00e9si K\u00f6zpontja (OFMSZK) \u00e1ltal szervezett rendezv\u00e9nyre t\u00f6bb, mint 200 szakember regisztr\u00e1lt. A szakmai el\u0151ad\u00e1sok mellett, t\u00f6bb, mint 30 poszteren mutattak be j\u00f3gyakorlatokat hazai \u00e9s nemzetk\u00f6zi el\u0151ad\u00f3k, a ki\u00e1ll\u00edt\u00f3i t\u00e9rben pedig oktat\u00e1stechnol\u00f3giai, oktat\u00e1sm\u00f3dszertani \u00fajdons\u00e1gokkal ismerkedhettek meg a r\u00e9sztvev\u0151k.<\/p>\n<div class=\"keretes w-100\">\n<p>Tov\u00e1bbi programok a Semmelweis International 40 folyamatosan b\u0151v\u00fcl\u0151 <a href=\"https:\/\/semmelweis.hu\/hirek\/semmelweis-international-40\/\">esem\u00e9nynapt\u00e1r\u00e1ban<\/a> olvashat\u00f3k.<\/p>\n<\/div>\n","protected":false},"excerpt":{"rendered":"<p>NEMZETK\u00d6ZI NY\u00c1RI EGYETEM\u00a0 A Semmelweis Egyetemen imm\u00e1r n\u00e9gy \u00e9ve pezsg\u0151, soksz\u00edn\u0171 nyit\u00e1nya minden tan\u00e9vnek a szakmai, kultur\u00e1lis \u00e9s sz\u00f3rakoztat\u00f3 programokat, izgalmas besz\u00e9lget\u00e9seket felvonultat\u00f3\u00a0 Ny\u00e1ri Egyetem. A 2022. szeptember 1-2. k\u00f6z\u00f6tt megval\u00f3sult rendezv\u00e9nyt a jubileumi \u00e9v tisztelet\u00e9re, els\u0151 alkalommal rendezt\u00fck meg nemzetk\u00f6zi form\u00e1ban, k\u00e9t nyelven. A <a href=\"https:\/\/semmelweis.hu\/hirek\/2022\/09\/02\/egeszseg-jollet-sport-es-kultura-nemzetkozi-nyari-egyetem-a-semmelweisen-frissul\/\">Nemzetk\u00f6zi Ny\u00e1ri Egyetemen<\/a> \u00f6sszesen 1600 hallgat\u00f3 vett r\u00e9szt, a magyar az angol nyelv\u0171 &hellip;<\/p>\n","protected":false},"author":13,"featured_media":0,"parent":0,"menu_order":4,"comment_status":"closed","ping_status":"closed","template":"","meta":{"_acf_changed":false,"footnotes":""},"categories":[],"tags":[],"class_list":["post-387","page","type-page","status-publish","hentry"],"acf":[],"_links":{"self":[{"href":"https:\/\/semmelweis.hu\/international40\/wp-json\/wp\/v2\/pages\/387","targetHints":{"allow":["GET"]}}],"collection":[{"href":"https:\/\/semmelweis.hu\/international40\/wp-json\/wp\/v2\/pages"}],"about":[{"href":"https:\/\/semmelweis.hu\/international40\/wp-json\/wp\/v2\/types\/page"}],"author":[{"embeddable":true,"href":"https:\/\/semmelweis.hu\/international40\/wp-json\/wp\/v2\/users\/13"}],"replies":[{"embeddable":true,"href":"https:\/\/semmelweis.hu\/international40\/wp-json\/wp\/v2\/comments?post=387"}],"version-history":[{"count":11,"href":"https:\/\/semmelweis.hu\/international40\/wp-json\/wp\/v2\/pages\/387\/revisions"}],"predecessor-version":[{"id":633,"href":"https:\/\/semmelweis.hu\/international40\/wp-json\/wp\/v2\/pages\/387\/revisions\/633"}],"wp:attachment":[{"href":"https:\/\/semmelweis.hu\/international40\/wp-json\/wp\/v2\/media?parent=387"}],"wp:term":[{"taxonomy":"category","embeddable":true,"href":"https:\/\/semmelweis.hu\/international40\/wp-json\/wp\/v2\/categories?post=387"},{"taxonomy":"post_tag","embeddable":true,"href":"https:\/\/semmelweis.hu\/international40\/wp-json\/wp\/v2\/tags?post=387"}],"curies":[{"name":"wp","href":"https:\/\/api.w.org\/{rel}","templated":true}]}}