{"id":363,"date":"2022-08-17T13:54:41","date_gmt":"2022-08-17T11:54:41","guid":{"rendered":"https:\/\/semmelweis.hu\/international40\/?page_id=363"},"modified":"2022-12-05T09:31:36","modified_gmt":"2022-12-05T08:31:36","slug":"tortenet","status":"publish","type":"page","link":"https:\/\/semmelweis.hu\/international40\/a-kepzesrol\/tortenet\/","title":{"rendered":"T\u00f6rt\u00e9neti visszatekint\u00e9s"},"content":{"rendered":"<h4><strong>A kezdetek: Az egyetem alap\u00edt\u00e1sa<\/strong><\/h4>\n<p>1769-ben M\u00e1ria Ter\u00e9zia orvosi karral b\u0151v\u00edtette a Nagyszombati Egyetemet, ez\u00e1ltal letette a Semmelweis Egyetem alapjait. <a href=\"https:\/\/semmelweis.hu\/az-egyetemrol\/az-egyetem-tortenete\/\" target=\"_blank\" rel=\"noopener\">Az int\u00e9zm\u00e9ny t\u00f6rt\u00e9nete \u00edgy t\u00f6bb mint negyed \u00e9vezredre tekint vissza<\/a>, ezzel pedig Magyarorsz\u00e1g legr\u00e9gebbi, napjainkban is m\u0171k\u00f6d\u0151 orvosk\u00e9pz\u0151 int\u00e9zm\u00e9nye.\u00a0<\/p>\n<div class=\"fontos_div\">\n<p>A Semmelweis Egyetem orvosk\u00e9pz\u00e9se nemzetk\u00f6zi alapokon nyugszik. A k\u00e9pz\u00e9s rendj\u00e9t az alap\u00edt\u00f3 uralkod\u00f3, M\u00e1ria Ter\u00e9zia kir\u00e1lyn\u0151 udvari orvosa, a holland sz\u00e1rmaz\u00e1s\u00fa Gerard van Swieten dolgozta ki, a leideni mint\u00e1ra megreform\u00e1lt b\u00e9csi orvosi kar m\u0171k\u00f6d\u00e9se alapj\u00e1n.<\/p>\n<\/div>\n<p>Az oktat\u00e1s nyelve az eur\u00f3pai gyakorlatnak megfelel\u0151en a latin volt a leend\u0151 orvosok \u00e9s seb\u00e9szdoktorok sz\u00e1m\u00e1ra; a seb\u00e9szmester \u00e9s sz\u00fcl\u00e9szn\u0151hallgat\u00f3k eset\u00e9ben pedig magyar, n\u00e9met, illetve szlov\u00e1k. A magyar tannyelvre val\u00f3 teljes \u00e1tt\u00e9r\u00e9sre az 1867-es kiegyez\u00e9s ut\u00e1n ker\u00fclt sor.<\/p>\n<h4><strong>Beindul a nemzetk\u00f6zi k\u00e9pz\u00e9s<\/strong><\/h4>\n<p>N\u00e9met nyelv\u0171 oktat\u00e1s ideiglenesen m\u00e1r 1959 \u00e9s 1969 k\u00f6z\u00f6tt is megval\u00f3sult az egyetemen, egy saj\u00e1tos t\u00f6rt\u00e9nelmi helyzet k\u00f6vetkezt\u00e9ben: a volt NDK egyetemi rendszere nem tudta azonnal p\u00f3tolni a nyugatra sz\u00f6k\u00f6tt n\u00e9met orvosokat, ez\u00e9rt m\u00e1s szocialista orsz\u00e1gokat is igyekeztek bevonni a k\u00e9pz\u00e9sbe. \u00cdgy 1959-ben 122 n\u00e9met orvostanhallgat\u00f3 \u00e9rkezett Budapestre egy oktat\u00f3 k\u00eds\u00e9ret\u00e9ben. A t\u00edz \u00e9v alatt \u00f6sszesen 312 keletn\u00e9met di\u00e1k fordult meg az egyetemen.<\/p>\n<div class=\"fontos_div\">\n<p>A jelenkori nemzetk\u00f6zi k\u00e9pz\u00e9s <strong>40 \u00e9vvel ezel\u0151tt, 1983-ban indult<\/strong>.<\/p>\n<\/div>\n<p>Az 1980-as \u00e9vek elej\u00e9n dr. Horv\u00e1th Attila, a McDaniel College (kor\u00e1bban: College International) eln\u00f6ke \u00e9s dr. Freny\u00f3 L\u00e1szl\u00f3, a McDaniel College d\u00e9k\u00e1nja megl\u00e1tta a k\u00edn\u00e1lkoz\u00f3 lehet\u0151s\u00e9get az NSZK-ban a sz\u0171k\u00f6s l\u00e9tsz\u00e1mkeret miatt az orvosk\u00e9pz\u00e9sre haz\u00e1jukban felv\u00e9telt nem nyert leend\u0151 orvosok magyarorsz\u00e1gi k\u00e9pz\u00e9s\u00e9re. A programra akkor 250 f\u0151 jelentkezett, k\u00f6z\u00fcl\u00fck 120 di\u00e1k nyert felv\u00e9telt, \u00e9s kezdhette meg n\u00e9met nyelven az orvosi tanulm\u00e1nyait az \u00e9v szeptember\u00e9ben. A McDaniel College \u00e9s a Semmelweis Egyetem k\u00f6z\u00f6tt mind a mai napig szoros az egy\u00fcttm\u0171k\u00f6d\u00e9s. A College minden tan\u00e9vben szervez egyetemi felv\u00e9telire el\u0151k\u00e9sz\u00edt\u0151 k\u00e9t f\u00e9l\u00e9ves kurzust angol \u00e9s n\u00e9met nyelven saj\u00e1t \u00e9s Semmelweis egyetemi oktat\u00f3kkal, \u00edgy nemzetk\u00f6zi hallgat\u00f3ink k\u00f6z\u00fcl ma is sokan a McDaniel College szakmai felk\u00e9sz\u00edt\u00e9s\u00e9nek k\u00f6sz\u00f6nhetik az egyetem megkezd\u00e9s\u00e9hez sz\u00fcks\u00e9ges term\u00e9szettudom\u00e1nyos tud\u00e1sukat.<\/p>\n<h6 style=\"text-align: center\"><a href=\"https:\/\/semmelweis.hu\/international40\/files\/2022\/07\/RS45067_10239-scr.jpg\"><img loading=\"lazy\" decoding=\"async\" class=\"aligncenter wp-image-146 size-full\" src=\"https:\/\/semmelweis.hu\/international40\/files\/2022\/07\/RS45067_10239-scr.jpg\" alt=\"\" width=\"950\" height=\"622\" srcset=\"https:\/\/semmelweis.hu\/international40\/files\/2022\/07\/RS45067_10239-scr.jpg 950w, https:\/\/semmelweis.hu\/international40\/files\/2022\/07\/RS45067_10239-scr-400x262.jpg 400w, https:\/\/semmelweis.hu\/international40\/files\/2022\/07\/RS45067_10239-scr-768x503.jpg 768w, https:\/\/semmelweis.hu\/international40\/files\/2022\/07\/RS45067_10239-scr-753x493.jpg 753w\" sizes=\"auto, (max-width: 950px) 100vw, 950px\" \/><\/a><span style=\"font-size: 12pt\">A n\u00e9met nyelv\u0171 \u00e1ltal\u00e1nosorvos-k\u00e9pz\u00e9s 1983-ban indult el.<\/span><\/h6>\n<p>A n\u00e9met nyelv\u0171 orvosk\u00e9pz\u00e9st az egyetemen dr. Fony\u00f3 Attila, az \u00c9lettani Int\u00e9zet igazgat\u00f3ja, az \u00c1ltal\u00e1nos Orvostudom\u00e1nyi Kar d\u00e9k\u00e1nja (1985-1991) ind\u00edtotta el. A n\u00e9met nyelv\u0171 k\u00e9pz\u00e9sek operat\u00edv igazgat\u00e1s\u00e1ra fel\u00e1ll\u00edtott gr\u00e9mium els\u0151 vezet\u0151je dr. Szab\u00f3 Zolt\u00e1n egyetemi tan\u00e1r volt, tagjai dr. Garz\u00f3 Tam\u00e1s egyetemi adjunktus, dr. Blah\u00f3 P\u00e1l egyetemi f\u0151titk\u00e1r, dr. G\u00e1lsz\u00e9csi Andr\u00e1s gazdas\u00e1gi f\u0151igazgat\u00f3helyettes, \u00c1cs Tam\u00e1s tudom\u00e1nyos f\u0151munkat\u00e1rs, a k\u00e9s\u0151bbiekben dr. Urbancsek J\u00e1nos egyetemi tan\u00e1r. A n\u00e9met nyelv\u0171 k\u00e9pz\u00e9sek felv\u00e9teli gr\u00e9mium\u00e1nak jelenlegi tagjai dr. R\u00f6hlich P\u00e1l, dr. K\u00e1ldi Krisztina, dr. T\u00f6lgyesi Ferenc, dr. Kardon Tam\u00e1s \u00e9s dr. Szab\u00f3 G\u00e1bor.<\/p>\n<p><strong>1987-ben tov\u00e1bb b\u0151v\u00fclt a k\u00e9pz\u00e9si k\u00edn\u00e1lat, \u00e9s imm\u00e1r a fogorvostudom\u00e1nyi tanulm\u00e1nyok n\u00e9met nyelv\u0171 oktat\u00e1sa is megval\u00f3sult.<\/strong><\/p>\n<p>A n\u00e9met nyelv\u0171 k\u00e9pz\u00e9sben r\u00e9szt vev\u0151 orvostanhallgat\u00f3k sz\u00e1m\u00e1ra el\u0151sz\u00f6r 1989-ben adtak \u00e1t diplom\u00e1kat. Azok, akik itt v\u00e9gezt\u00e9k el a k\u00e9pz\u00e9s\u00fck eg\u00e9sz\u00e9t vagy egy r\u00e9sz\u00e9t, \u201evalamennyien probl\u00e9ma n\u00e9lk\u00fcl integr\u00e1l\u00f3dtak a n\u00e9met orvost\u00e1rsadalomba, ez is bizony\u00edtja, hogy milyen sz\u00ednvonalas a budapesti orvosk\u00e9pz\u00e9s\u201d \u2013 emelte ki Frank Ulrich Montgomery, a N\u00e9met Sz\u00f6vets\u00e9gi Orvosi Kamara eln\u00f6ke a 2014-es \u00f6regdi\u00e1k-tal\u00e1lkoz\u00f3n.<\/p>\n<p>Ugyanebben az \u00e9vben, <strong>1989-ben elindult az angol nyelv\u0171 orvos-, fogorvos- \u00e9s gy\u00f3gyszer\u00e9szk\u00e9pz\u00e9s<\/strong> is az egyetemen.<\/p>\n<h4><strong>Szervezeti v\u00e1ltoz\u00e1sok<\/strong><\/h4>\n<p>Szint\u00e9n <strong>1989-ben alakult meg a K\u00fclf\u00f6ldi Hallgat\u00f3k Titk\u00e1rs\u00e1ga<\/strong>. A \u201980-as \u00e9vek v\u00e9g\u00e9re egyre nagyobb l\u00e9tsz\u00e1mban jelentkeztek nemzetk\u00f6zi hallgat\u00f3k a Semmelweis Egyetemre, ez tette sz\u00fcks\u00e9gess\u00e9 az \u00faj szervezeti egys\u00e9g l\u00e9trehoz\u00e1s\u00e1t. Vezet\u0151i voltak: dr. K\u00e1d\u00e1r Anna (1989-2005), dr. Kollai M\u00e1rk (2005-2018), dr. Ligeti Erzs\u00e9bet (2005-2014), dr. M\u00f3csai Attila (2014\u20132019).<\/p>\n<p>Az angol nyelv\u0171 k\u00e9pz\u00e9sek Operat\u00edv Bizotts\u00e1ga a kezdetekt\u0151l felv\u00e9teli \u00e9s hallgat\u00f3i \u00fcgyekkel foglalkozott, \u00e9s a 2010-es \u00e9vek v\u00e9g\u00e9ig \u00e1llt fenn. Dr. Gera Istv\u00e1n \u00e9s dr. Mandl J\u00f3zsef mint alap\u00edt\u00f3 tagok a fogorvosk\u00e9pz\u00e9st, illetve az \u00e1ltal\u00e1nosorvos-k\u00e9pz\u00e9st \u00e9rint\u0151 \u00fcgyekben t\u00f6lt\u00f6tt be kulcsfontoss\u00e1g\u00fa szerepet. Dr. K\u00e9ry \u00c1gnes a gy\u00f3gyszer\u00e9szk\u00e9pz\u00e9ssel kapcsolatos feladatokat l\u00e1tta el. Szint\u00e9n a bizotts\u00e1g tagjai voltak dr. Csillag Andr\u00e1s, dr. Kalabay L\u00e1szl\u00f3, dr. Tretter L\u00e1szl\u00f3 \u00e9s dr. Sz\u00e9kely Andrea.<\/p>\n<h6 style=\"text-align: center\"><a href=\"https:\/\/semmelweis.hu\/international40\/files\/2022\/08\/RS157410_Ku\u0308lfo\u0308ldi-hallgato\u0301k23-001-scr.jpg\"><img loading=\"lazy\" decoding=\"async\" class=\"aligncenter wp-image-150 size-full\" src=\"https:\/\/semmelweis.hu\/international40\/files\/2022\/08\/RS157410_Ku\u0308lfo\u0308ldi-hallgato\u0301k23-001-scr.jpg\" alt=\"\" width=\"1200\" height=\"867\" \/><\/a><span style=\"font-size: 12pt\">1993-ban vehettek \u00e1t el\u0151sz\u00f6r oklevelet az angol nyelv\u0171 k\u00e9pz\u00e9sben v\u00e9gzettek.<\/span><\/h6>\n<p>A nemzetk\u00f6zi k\u00e9pz\u00e9sekben r\u00e9szt vev\u0151 hallgat\u00f3k tanulm\u00e1nyi \u00fcgyeinek int\u00e9z\u00e9s\u00e9t a titk\u00e1rs\u00e1gok l\u00e1tj\u00e1k el. Szerep\u00fck sokszor t\u00falmutat a hivatalos adminisztr\u00e1ci\u00f3n: az idegen k\u00f6rnyezetbe, egy nehezen megtanulhat\u00f3 nyelv\u0171 orsz\u00e1g egyetem\u00e9re beiratkozott fiatalok sz\u00e1m\u00e1ra biztons\u00e1got, otthonoss\u00e1got is igyekeznek ny\u00fajtani. A n\u00e9met nyelv\u0171 k\u00e9pz\u00e9s hallgat\u00f3i titk\u00e1rs\u00e1g\u00e1nak vezet\u0151je volt a kezdetekt\u0151l, vagyis 1983-t\u00f3l Fony\u00f3 Magdolna, \u0151t k\u00f6veti 2016-t\u00f3l Gimpl Edit. Az angol nyelv\u0171 k\u00e9pz\u00e9s hallgat\u00f3i titk\u00e1rs\u00e1g\u00e1nak vezet\u0151je az 1989-es indul\u00e1s \u00f3ta Orb\u00e1nn\u00e9 V\u00e1nyi Olga volt. 2022 \u00f3ta ezt a feladatot Kevi Andrea l\u00e1tja el.<\/p>\n<div class=\"fontos_div\">\n<p>A nemzetk\u00f6zi k\u00e9pz\u00e9s 20. \u00e9vfordul\u00f3ja alkalm\u00e1b\u00f3l szervezett alumni tal\u00e1lkoz\u00f3n t\u00f6bb sz\u00e1zan vettek r\u00e9szt 2003-ban.<\/p>\n<\/div>\n<p>Egy \u00e9vvel k\u00e9s\u0151bb, <strong>2004-ben<\/strong> tov\u00e1bb b\u0151v\u00fclt a k\u00e9pz\u00e9sek t\u00e1ra: <strong>elindult az angol nyelv\u0171 gy\u00f3gytorn\u00e1szk\u00e9pz\u00e9s<\/strong> is az Eg\u00e9szs\u00e9gtudom\u00e1nyi Karon.<\/p>\n<p>A n\u00e9met, illetve angol nyelv\u0171 k\u00e9pz\u00e9sben r\u00e9szt vev\u0151 hallgat\u00f3k k\u00fcl\u00f6n-k\u00fcl\u00f6n \u00e9rdekk\u00e9pviseletet hoztak l\u00e9tre 2006-ban. A <strong>Deutschsprachige Studentenvertretung Semmelweis (DSVS)<\/strong> \u00e9s az <strong>International Semmelweis Student Association (ISSA)<\/strong> \u00f6sszek\u00f6t\u0151 szerepet t\u00f6lt be a hallgat\u00f3k \u00e9s az egyetem k\u00f6z\u00f6tt.<\/p>\n<h4><strong>Az Asklepios Campus Hamburg (ACH) indul\u00e1sa<\/strong><\/h4>\n<p>A Semmelweis Egyetem els\u0151 kihelyezett k\u00e9pz\u00e9se <strong>2008-ban indult. Az Asklepios Campus Hamburg (ACH)<\/strong> lehet\u0151s\u00e9get ny\u00fajt, hogy a n\u00e9met nyelven tanul\u00f3 orvostanhallgat\u00f3k a budapesti, k\u00e9t\u00e9ves elm\u00e9leti k\u00e9pz\u00e9s ut\u00e1n a magyar tanterv alapj\u00e1n N\u00e9metorsz\u00e1gban, a hamburgi kampuszon folytathass\u00e1k tanulm\u00e1nyaikat. Az els\u0151 diplom\u00e1kat 2012-ben adt\u00e1k \u00e1t. Az elm\u00falt tan\u00e9vben, 2022 j\u00falius\u00e1ban 54 v\u00e9gz\u0151s vehette diplom\u00e1j\u00e1t a berlini magyar nagyk\u00f6vets\u00e9gen.<\/p>\n<h6 style=\"text-align: center\"><a href=\"https:\/\/semmelweis.hu\/international40\/files\/2022\/08\/RS52054_Csoportkep-scr.jpg\"><img loading=\"lazy\" decoding=\"async\" class=\"aligncenter wp-image-450 size-full\" src=\"https:\/\/semmelweis.hu\/international40\/files\/2022\/08\/RS52054_Csoportkep-scr.jpg\" alt=\"\" width=\"950\" height=\"588\" srcset=\"https:\/\/semmelweis.hu\/international40\/files\/2022\/08\/RS52054_Csoportkep-scr.jpg 950w, https:\/\/semmelweis.hu\/international40\/files\/2022\/08\/RS52054_Csoportkep-scr-400x248.jpg 400w, https:\/\/semmelweis.hu\/international40\/files\/2022\/08\/RS52054_Csoportkep-scr-768x475.jpg 768w, https:\/\/semmelweis.hu\/international40\/files\/2022\/08\/RS52054_Csoportkep-scr-753x466.jpg 753w\" sizes=\"auto, (max-width: 950px) 100vw, 950px\" \/><\/a><span style=\"font-size: 12pt\">Diploma\u00e1tad\u00f3 2016-ban az ACH-n<\/span><\/h6>\n<p>Az egyetem oktat\u00e1si feladatai \u00e9s ezzel egy\u00fctt a helyig\u00e9nye is nagym\u00e9rt\u00e9kben emelkedtek 2008-ra. Abban az \u00e9vben elk\u00e9sz\u00fclt a Semmelweis Egyetem \u00faj \u00e9p\u00fclete Budapesten, a T\u0171zolt\u00f3 utc\u00e1ban. Az <strong>Elm\u00e9leti Oktat\u00e1si K\u00f6zpont (EOK)<\/strong> megfelel a modern kor elv\u00e1r\u00e1sainak; laborat\u00f3riumokkal, el\u0151ad\u00f3termekkel, irod\u00e1kkal \u00e9s korszer\u0171 \u00e1llath\u00e1zzal t\u00e1mogatja a sikeres munk\u00e1t \u00e9s a fejl\u0151d\u00e9st.<\/p>\n<p>Az ACH indul\u00e1sa ut\u00e1n egy \u00e9vvel tov\u00e1bb b\u0151v\u00fclt a Semmelweis Egyetem sz\u00e9khelyen k\u00edv\u00fcli oktat\u00e1sa. <strong>2009 \u00f3ta \u00edgy m\u00e1r Sv\u00e1jcban, Lugan\u00f3ban is el\u00e9rhet\u0151 az egyetem gy\u00f3gytorn\u00e1sz BSc-k\u00e9pz\u00e9se angol nyelven<\/strong>. A k\u00e9pz\u00e9st 2013-ban olasz nyelven is elind\u00edtott\u00e1k.<\/p>\n<p>Szint\u00e9n ebben az \u00e9vben szervezt\u00e9k meg els\u0151 \u00edzben a <strong>Semmelweis Carnival<\/strong> elnevez\u00e9s\u0171 rendezv\u00e9nyt, ennek keret\u00e9n bel\u00fcl pedig a Nemzetk\u00f6zi Kulin\u00e1ris Fesztiv\u00e1lt.<\/p>\n<p>2010-ben elindult a Semmelweis Egyetem harmadik sz\u00e9khelyen k\u00edv\u00fcli k\u00e9pz\u00e9se az Eg\u00e9szs\u00e9g\u00fcgyi K\u00f6zszolg\u00e1lati Kar r\u00e9szek\u00e9nt. A <strong>szlov\u00e1k nyelv\u0171 eg\u00e9szs\u00e9g\u00fcgyi menedzser<\/strong> <strong>szakir\u00e1ny\u00fa tov\u00e1bbk\u00e9pz\u00e9s<\/strong>en az indul\u00e1st k\u00f6vet\u0151en 2012-ben is indult \u00e9vfolyam Pozsonyban.<\/p>\n<p>A n\u00e9met nyelv\u0171 orvos- \u00e9s fogorvosk\u00e9pz\u00e9st k\u00f6vet\u0151en <strong>2011-ben n\u00e9met nyelv\u0171 gy\u00f3gyszer\u00e9szk\u00e9pz\u00e9s<\/strong>sel b\u0151v\u00fclt az egyetem oktat\u00e1si palett\u00e1ja. A hallgat\u00f3k a diplom\u00e1jukkal egy\u00fctt foglalkoz\u00e1sdoktori c\u00edmet is \u00e1tvehetnek, amely mind Ausztri\u00e1ban, mind pedig N\u00e9metorsz\u00e1gban kuri\u00f3zumnak sz\u00e1m\u00edt.<\/p>\n<h6 style=\"text-align: center\"><a href=\"https:\/\/semmelweis.hu\/international40\/files\/2022\/08\/RS18534_KA-20140614-IMG_8824-nemzetkozi-alumni-scr.jpg\"><img loading=\"lazy\" decoding=\"async\" class=\"aligncenter wp-image-444 size-full\" src=\"https:\/\/semmelweis.hu\/international40\/files\/2022\/08\/RS18534_KA-20140614-IMG_8824-nemzetkozi-alumni-scr.jpg\" alt=\"\" width=\"950\" height=\"633\" srcset=\"https:\/\/semmelweis.hu\/international40\/files\/2022\/08\/RS18534_KA-20140614-IMG_8824-nemzetkozi-alumni-scr.jpg 950w, https:\/\/semmelweis.hu\/international40\/files\/2022\/08\/RS18534_KA-20140614-IMG_8824-nemzetkozi-alumni-scr-400x267.jpg 400w, https:\/\/semmelweis.hu\/international40\/files\/2022\/08\/RS18534_KA-20140614-IMG_8824-nemzetkozi-alumni-scr-768x512.jpg 768w, https:\/\/semmelweis.hu\/international40\/files\/2022\/08\/RS18534_KA-20140614-IMG_8824-nemzetkozi-alumni-scr-753x502.jpg 753w, https:\/\/semmelweis.hu\/international40\/files\/2022\/08\/RS18534_KA-20140614-IMG_8824-nemzetkozi-alumni-scr-203x135.jpg 203w\" sizes=\"auto, (max-width: 950px) 100vw, 950px\" \/><\/a><span style=\"font-size: 12pt\">Nemzetk\u00f6zi Alumni Tal\u00e1lkoz\u00f3 2014-ben.<\/span><\/h6>\n<p>A hagyom\u00e1nyok folytat\u00e1sak\u00e9nt <strong>2014-ben \u00fajabb jubileumi alumni tal\u00e1lkoz\u00f3<\/strong>ra ker\u00fclt sor, amelyen a nemzetk\u00f6zi k\u00e9pz\u00e9s kezdet\u00e9nek 30. \u00e9vfordul\u00f3j\u00e1t \u00fcnnepelt\u00e9k.<\/p>\n<blockquote>\n<p>B\u00fcszke vagyok arra, hogy amit el\u0151deink 30 \u00e9ve meg\u00e1lmodtak, az m\u00e1ra sikert\u00f6rt\u00e9net lett\u201d<\/p>\n<\/blockquote>\n<p>\u2013 fogalmazott a megnyit\u00f3n dr. Sz\u00e9l \u00c1goston, az egyetem akkori rektora.<\/p>\n<p>A nemzetk\u00f6zi k\u00e9pz\u00e9s r\u00e9szek\u00e9nt, \u00e1m magyar nyelven folyik az oktat\u00e1s Magyarorsz\u00e1g hat\u00e1rain k\u00edv\u00fcl tov\u00e1bbi k\u00e9t orsz\u00e1gban. <strong>Ilyefalv\u00e1n (Rom\u00e1nia), valamit Szabadk\u00e1n \u00e9s Zent\u00e1n (Szerbia) kihelyezett konduktor k\u00e9pz\u00e9s<\/strong> folyik 2017 \u00f3ta a Semmelweis Egyetem \u00e9gisze alatt \u2013 a Pet\u0151 Andr\u00e1s Kar (PAK) ugyanis abban az \u00e9vben integr\u00e1l\u00f3dott az egyetembe. A kondukt\u00edv nevel\u00e9s nemzetk\u00f6zi szinten ismert centrum\u00e1nak k\u00e9pz\u00e9sein a konduktorok olyan pedag\u00f3giai szakemberekk\u00e9 v\u00e1lnak, akik elm\u00e9leti tud\u00e1ssal megalapozott ismeretek \u00e9s k\u00e9pess\u00e9gek birtok\u00e1ban alkalmasak b\u00e1rmely \u00e9letkor\u00fa saj\u00e1tos nevel\u00e9si ig\u00e9ny\u0171 mozg\u00e1ss\u00e9r\u00fclt (k\u00f6zponti idegrendszeri s\u00e9r\u00fclt) kondukt\u00edv nevel\u00e9ssel megval\u00f3s\u00edtott fejleszt\u00e9s\u00e9re. <strong>Az angol nyelv\u0171 konduktork\u00e9pz\u00e9s 2022-ben indult a PAK-on<\/strong>.<\/p>\n<p>2018-ban egy \u00faj, online felv\u00e9teli rendszert fejlesztett az egyetem a k\u00fclf\u00f6ldi jelentkez\u0151k fogad\u00e1s\u00e1ra. A <strong>Semaphor (Semmelweis Application Handling and Online Review)<\/strong> felv\u00e9teli port\u00e1l az \u00e9vente n\u00f6vekv\u0151 sz\u00e1m\u00fa, t\u00f6bb ezer jelentkez\u00e9s befogad\u00e1s\u00e1t \u00e9s feldolgoz\u00e1s\u00e1t seg\u00edti.<\/p>\n<p>2019-ben dr. Alp\u00e1r Al\u00e1n nemzetk\u00f6zi k\u00e9pz\u00e9sek\u00e9rt felel\u0151s rektorhelyettes vezet\u00e9s\u00e9vel a <strong>Nemzetk\u00f6zi Hallgat\u00f3k K\u00e9pz\u00e9seinek K\u00f6zpontja<\/strong> n\u00e9ven m\u0171k\u00f6dik tov\u00e1bb az 1989-ben alakult K\u00fclf\u00f6ldi Hallgat\u00f3k Titk\u00e1rs\u00e1ga. A szervezeti \u00e1talakul\u00e1ssal az egys\u00e9g r\u00e9szek\u00e9nt l\u00e9trej\u00f6tt a dr. Csala Mikl\u00f3s igazgat\u00f3 vezet\u00e9se al\u00e1 tartoz\u00f3 <strong>Nemzetk\u00f6zi Tanulm\u00e1nyi Igazgat\u00f3s\u00e1g<\/strong> a k\u00e9t titk\u00e1rs\u00e1ggal, melyek az Angol Nyelv\u0171 Tanulm\u00e1nyi Oszt\u00e1ly, illetve N\u00e9met Nyelv\u0171 Tanulm\u00e1nyi Oszt\u00e1ly elnevez\u00e9seket kapt\u00e1k. Az egyetem nemzetk\u00f6zi k\u00e9pz\u00e9s\u00e9nek \u00e9s hallgat\u00f3inak \u00fcgye ez\u00e1ltal rektorhelyettesi hat\u00e1sk\u00f6rbe ker\u00fclt. Az \u00e1tszervez\u00e9s egyik f\u0151 c\u00e9lja a nemzetk\u00f6zi hallgat\u00f3k integr\u00e1l\u00e1sa egyetem\u00fcnk \u00e9let\u00e9be.<\/p>\n<h6 style=\"text-align: center\"><a href=\"https:\/\/semmelweis.hu\/international40\/files\/2022\/08\/RS102363_IMG_4132-scr.jpg\"><img loading=\"lazy\" decoding=\"async\" class=\"aligncenter wp-image-452 size-full\" src=\"https:\/\/semmelweis.hu\/international40\/files\/2022\/08\/RS102363_IMG_4132-scr.jpg\" alt=\"\" width=\"950\" height=\"633\" srcset=\"https:\/\/semmelweis.hu\/international40\/files\/2022\/08\/RS102363_IMG_4132-scr.jpg 950w, https:\/\/semmelweis.hu\/international40\/files\/2022\/08\/RS102363_IMG_4132-scr-400x267.jpg 400w, https:\/\/semmelweis.hu\/international40\/files\/2022\/08\/RS102363_IMG_4132-scr-768x512.jpg 768w, https:\/\/semmelweis.hu\/international40\/files\/2022\/08\/RS102363_IMG_4132-scr-753x502.jpg 753w, https:\/\/semmelweis.hu\/international40\/files\/2022\/08\/RS102363_IMG_4132-scr-203x135.jpg 203w\" sizes=\"auto, (max-width: 950px) 100vw, 950px\" \/><\/a><span style=\"font-size: 12pt\">F\u00f3rumon mutatkozott be a Nemzetk\u00f6zi Hallgat\u00f3k K\u00e9pz\u00e9si K\u00f6zpontja 2019-ben.<\/span><\/h6>\n<p>2020 \u00f3ta imm\u00e1r a <strong>szlov\u00e1k nyelv\u0171<\/strong> eg\u00e9szs\u00e9g\u00fcgyi menedzser mesterk\u00e9pz\u00e9s is el\u00e9rhet\u0151 Pozsonyban.<\/p>\n<p>Az egyetem <strong>a hallgat\u00f3i integr\u00e1ci\u00f3 el\u0151seg\u00edt\u00e9s\u00e9re olyan programsorozatot ind\u00edtott szint\u00e9n 2020-ban, amelynek keret\u00e9ben k\u00f6z\u00f6s kurzusokon vehetnek r\u00e9szt magyar \u00e9s nemzetk\u00f6zi hallgat\u00f3k<\/strong>. Ezek a szabadon v\u00e1laszthat\u00f3 tant\u00e1rgyak angol nyelven folynak, \u00e9s kreditszerz\u00e9sre, tud\u00e1s-, valamint kapcsolatb\u0151v\u00edt\u00e9sre adnak lehet\u0151s\u00e9get mind a magyar, mind pedig a n\u00e9met vagy angol nyelven tanul\u00f3 hallgat\u00f3k sz\u00e1m\u00e1ra. K\u00e9t \u00e9vvel k\u00e9s\u0151bb m\u00e1r t\u00f6bb mint 70 integr\u00e1lt kurzus m\u0171k\u00f6dik.<\/p>\n<p>A nemzetk\u00f6zi k\u00e9pz\u00e9s nagy\u00edv\u0171 fejl\u0151d\u00e9se ok\u00e1n a Semmelweis Egyetem a 40 \u00e9ves jubileum el\u0151tt egy \u00e9vvel, 2022-ben \u00faj, EOK2 elnevez\u00e9s\u0171 \u00e9p\u00fclet tervez\u00e9s\u00e9t ind\u00edtotta el.<\/p>\n<h4><strong>Jubileum<\/strong><\/h4>\n<p>Az id\u00e9n szeptemberben indul\u00f3 \u00e9s 2023 j\u00falius\u00e1ig tart\u00f3 <strong>Semmelweis International 40 programsorozat<\/strong> \u00e1t\u00edvel az eg\u00e9sz akad\u00e9miai \u00e9ven. Az orvosk\u00e9pz\u00e9s negyvenedik jubileum\u00e1t \u00fcnnepli, de nem csak az orvosk\u00e9pz\u00e9sr\u0151l sz\u00f3l: fel\u00f6leli a Semmelweis Egyetem teljes nemzetk\u00f6zi k\u00e9pz\u00e9sk\u00edn\u00e1lat\u00e1t, bemutatja eredm\u00e9nyeit. A projekt c\u00e9lja, hogy m\u00e9lt\u00f3 eml\u00e9ket \u00e1ll\u00edtson a Semmelweis Egyetemen zajl\u00f3 nemzetk\u00f6zi k\u00e9pz\u00e9s n\u00e9gy \u00e9vtized\u00e9nek, \u00e9s bemutassa az ez id\u0151 alatt el\u00e9rt sikereket, eredm\u00e9nyeket.<\/p>\n<p>A nemzetk\u00f6zi k\u00e9pz\u00e9s 40 \u00e9ves t\u00f6rt\u00e9nelm\u00e9r\u0151l az <a href=\"https:\/\/semmelweis.hu\/international40\/idovonal\/\">illusztr\u00e1lt id\u0151vonalon<\/a>, a kapcsol\u00f3d\u00f3 rendezv\u00e9nyekr\u0151l pedig <a href=\"https:\/\/semmelweis.hu\/hirek\/semmelweis-international-40\/\">az esem\u00e9nynapt\u00e1rban<\/a> tal\u00e1lhat\u00f3k tov\u00e1bbi r\u00e9szletek.<\/p>\n","protected":false},"excerpt":{"rendered":"<p>A kezdetek: Az egyetem alap\u00edt\u00e1sa 1769-ben M\u00e1ria Ter\u00e9zia orvosi karral b\u0151v\u00edtette a Nagyszombati Egyetemet, ez\u00e1ltal letette a Semmelweis Egyetem alapjait. <a href=\"https:\/\/semmelweis.hu\/az-egyetemrol\/az-egyetem-tortenete\/\" target=\"_blank\" rel=\"noopener\">Az int\u00e9zm\u00e9ny t\u00f6rt\u00e9nete \u00edgy t\u00f6bb mint negyed \u00e9vezredre tekint vissza<\/a> , ezzel pedig Magyarorsz\u00e1g legr\u00e9gebbi, napjainkban is m\u0171k\u00f6d\u0151 orvosk\u00e9pz\u0151 int\u00e9zm\u00e9nye.\u00a0 A Semmelweis Egyetem orvosk\u00e9pz\u00e9se nemzetk\u00f6zi alapokon nyugszik. A k\u00e9pz\u00e9s rendj\u00e9t az alap\u00edt\u00f3 uralkod\u00f3, M\u00e1ria Ter\u00e9zia kir\u00e1lyn\u0151 udvari orvosa, a holland sz\u00e1rmaz\u00e1s\u00fa Gerard van Swieten dolgozta &hellip;<\/p>\n","protected":false},"author":12,"featured_media":0,"parent":353,"menu_order":1,"comment_status":"closed","ping_status":"closed","template":"","meta":{"_acf_changed":false,"footnotes":""},"categories":[],"tags":[],"class_list":["post-363","page","type-page","status-publish","hentry"],"acf":[],"_links":{"self":[{"href":"https:\/\/semmelweis.hu\/international40\/wp-json\/wp\/v2\/pages\/363","targetHints":{"allow":["GET"]}}],"collection":[{"href":"https:\/\/semmelweis.hu\/international40\/wp-json\/wp\/v2\/pages"}],"about":[{"href":"https:\/\/semmelweis.hu\/international40\/wp-json\/wp\/v2\/types\/page"}],"author":[{"embeddable":true,"href":"https:\/\/semmelweis.hu\/international40\/wp-json\/wp\/v2\/users\/12"}],"replies":[{"embeddable":true,"href":"https:\/\/semmelweis.hu\/international40\/wp-json\/wp\/v2\/comments?post=363"}],"version-history":[{"count":10,"href":"https:\/\/semmelweis.hu\/international40\/wp-json\/wp\/v2\/pages\/363\/revisions"}],"predecessor-version":[{"id":602,"href":"https:\/\/semmelweis.hu\/international40\/wp-json\/wp\/v2\/pages\/363\/revisions\/602"}],"up":[{"embeddable":true,"href":"https:\/\/semmelweis.hu\/international40\/wp-json\/wp\/v2\/pages\/353"}],"wp:attachment":[{"href":"https:\/\/semmelweis.hu\/international40\/wp-json\/wp\/v2\/media?parent=363"}],"wp:term":[{"taxonomy":"category","embeddable":true,"href":"https:\/\/semmelweis.hu\/international40\/wp-json\/wp\/v2\/categories?post=363"},{"taxonomy":"post_tag","embeddable":true,"href":"https:\/\/semmelweis.hu\/international40\/wp-json\/wp\/v2\/tags?post=363"}],"curies":[{"name":"wp","href":"https:\/\/api.w.org\/{rel}","templated":true}]}}