{"id":353,"date":"2022-08-17T13:44:56","date_gmt":"2022-08-17T11:44:56","guid":{"rendered":"https:\/\/semmelweis.hu\/international40\/?page_id=353"},"modified":"2022-08-18T11:57:40","modified_gmt":"2022-08-18T09:57:40","slug":"a-kepzesrol","status":"publish","type":"page","link":"https:\/\/semmelweis.hu\/international40\/a-kepzesrol\/","title":{"rendered":"A nemzetk\u00f6zi k\u00e9pz\u00e9sr\u0151l"},"content":{"rendered":"<p>A Semmelweis Egyetem nemcsak Magyarorsz\u00e1g legr\u00e9gebbi orvosk\u00e9pz\u0151 int\u00e9zm\u00e9nye \u00e9s egyik legnagyobb eg\u00e9szs\u00e9g\u00fcgyi szolg\u00e1ltat\u00f3ja, hanem Eur\u00f3pa egyik legjelent\u0151sebb angol \u00e9s n\u00e9met nyelv\u0171 k\u00e9pz\u00e9si int\u00e9zm\u00e9nye is. Csaknem 12 000 hallgat\u00f3j\u00e1nak t\u00f6bb mint harmada hat\u00e1rainkon t\u00falr\u00f3l, mintegy 100 orsz\u00e1gb\u00f3l \u00e9rkezett az el\u0151z\u0151, a 2021\/22-es tan\u00e9vben, igazi multikultur\u00e1lis k\u00f6z\u00f6ss\u00e9get alkotva.<\/p>\n<div class=\"fontos_div\">\n<p>A n\u00e9met nyelv\u0171 orvosk\u00e9pz\u00e9s 1983-as indul\u00e1sa \u00f3ta a Semmelweis Egyetem dinamikusan fejlesztette nemzetk\u00f6zi k\u00e9pz\u00e9si k\u00edn\u00e1lat\u00e1t. M\u00e1ra az int\u00e9zm\u00e9nyben t\u00f6bb nyelven zajlik az oktat\u00e1s, az egyetem mind a hat kara \u00e9s doktori iskol\u00e1i is k\u00edn\u00e1lnak idegen nyelv\u0171 diplom\u00e1s k\u00e9pz\u00e9st az orvos- \u00e9s eg\u00e9szs\u00e9gtudom\u00e1nyok ter\u00fclet\u00e9n.<\/p>\n<\/div>\n<p>A legt\u00f6bb nemzetk\u00f6zi hallgat\u00f3 az \u00c1ltal\u00e1nos Orvostudom\u00e1nyi Karon \u00e9s a Fogorvostudom\u00e1nyi Karon tanul napjainkban.<\/p>\n<p><img loading=\"lazy\" decoding=\"async\" class=\"alignright size-medium wp-image-437\" src=\"https:\/\/semmelweis.hu\/international40\/files\/2022\/08\/RS20807_KA-20140717-IMG_6950-hallgato-scr-1-400x267.jpg\" alt=\"\" width=\"400\" height=\"267\" srcset=\"https:\/\/semmelweis.hu\/international40\/files\/2022\/08\/RS20807_KA-20140717-IMG_6950-hallgato-scr-1-400x267.jpg 400w, https:\/\/semmelweis.hu\/international40\/files\/2022\/08\/RS20807_KA-20140717-IMG_6950-hallgato-scr-1-768x512.jpg 768w, https:\/\/semmelweis.hu\/international40\/files\/2022\/08\/RS20807_KA-20140717-IMG_6950-hallgato-scr-1-753x502.jpg 753w, https:\/\/semmelweis.hu\/international40\/files\/2022\/08\/RS20807_KA-20140717-IMG_6950-hallgato-scr-1-203x135.jpg 203w, https:\/\/semmelweis.hu\/international40\/files\/2022\/08\/RS20807_KA-20140717-IMG_6950-hallgato-scr-1.jpg 950w\" sizes=\"auto, (max-width: 400px) 100vw, 400px\" \/>A Semmelweis Egyetem nagy hangs\u00falyt helyez multikultur\u00e1lis hallgat\u00f3i k\u00f6z\u00f6ss\u00e9g\u00e9nek \u00f6sszetart\u00e1s\u00e1ra, a nemzetk\u00f6zi \u00e9s magyar hallgat\u00f3k integr\u00e1ci\u00f3j\u00e1ra, a t\u00f6bbnyelv\u0171 oktat\u00e1s \u00e9s t\u00e1j\u00e9koztat\u00e1s mellett nemzetk\u00f6zi rendezv\u00e9nyek, a nemzetek \u00e9s kult\u00far\u00e1k k\u00f6lcs\u00f6n\u00f6s megismer\u00e9s\u00e9t, k\u00f6zeled\u00e9s\u00e9t el\u0151seg\u00edt\u0151 programok r\u00e9v\u00e9n is. A nemzetk\u00f6zi hallgat\u00f3k integr\u00e1ci\u00f3j\u00e1t a Hallgat\u00f3i \u00d6nkorm\u00e1nyzat, tov\u00e1bb\u00e1 nemzetk\u00f6zi hallgat\u00f3i szervezetek is seg\u00edtik.<\/p>\n<p>Az int\u00e9zm\u00e9ny k\u00f6zponti, budapesti kampusz\u00e1n k\u00edv\u00fcl kihelyezett nemzetk\u00f6zi k\u00e9pz\u0151helyeken, \u00edgy N\u00e9metorsz\u00e1gban, Rom\u00e1ni\u00e1ban, Sv\u00e1jcban, Szerbi\u00e1ban \u00e9s Szlov\u00e1ki\u00e1ban is k\u00e9pez szakembereket.<\/p>\n<p style=\"text-align: center\"><iframe loading=\"lazy\" title=\"Semmelweis International 40 SPOT\" width=\"753\" height=\"424\" src=\"https:\/\/www.youtube.com\/embed\/B65jYrDZwL8?feature=oembed\" frameborder=\"0\" allow=\"accelerometer; autoplay; clipboard-write; encrypted-media; gyroscope; picture-in-picture\" allowfullscreen><\/iframe><\/p>\n<p>A Semmelweis Egyetem sz\u00e1mos nemzetk\u00f6zi program, \u00edgy az Erasmus, a Stipendium Hungaricum, a Diaspora \u00e9s a Students at Risk (St@R) programok keret\u00e9n bel\u00fcl is fogad k\u00fclf\u00f6ldr\u0151l hallgat\u00f3kat.<\/p>\n<div class=\"fontos_div\">\n<p>A t\u00f6bb t\u00edzezer f\u0151t sz\u00e1ml\u00e1l\u00f3 Semmelweis Alumni k\u00f6z\u00f6ss\u00e9g tagjai m\u00e1ra megtal\u00e1lhat\u00f3k a vil\u00e1g szinte minden pontj\u00e1n. A szakemberek kiemelked\u0151 teljes\u00edtm\u00e9ny\u00fckkel hozz\u00e1j\u00e1rulnak az orvos\u2013 \u00e9s eg\u00e9szs\u00e9gtudom\u00e1nyok fejl\u0151d\u00e9s\u00e9hez, a Semmelweis Egyetem \u00e9s a magyar fels\u0151oktat\u00e1s pozit\u00edv meg\u00edt\u00e9l\u00e9s\u00e9hez.<\/p>\n<\/div>\n<p>Az egyetem minden adotts\u00e1ggal \u2013 komoly hagyom\u00e1nyokkal, innovat\u00edv szeml\u00e9lettel, elk\u00f6telezett, nagy tud\u00e1s\u00fa szakemberekkel, vil\u00e1gsz\u00ednvonal\u00fa, gyakorlatorient\u00e1lt nemzetk\u00f6zi oktat\u00e1ssal, figyelemrem\u00e9lt\u00f3 tudom\u00e1nyos \u00e9s klinikai eredm\u00e9nyekkel \u2013 rendelkezik ahhoz, hogy a vil\u00e1g legjobb egyetemei k\u00f6z\u00e9 ker\u00fclj\u00f6n, \u00e9s az orvos- \u00e9s eg\u00e9szs\u00e9gtudom\u00e1nyi k\u00e9pz\u00e9sek tekintet\u00e9ben a legkeresettebb c\u00e9lpontt\u00e1 v\u00e1ljon a r\u00e9gi\u00f3ban.<\/p>\n<p style=\"text-align: center\">\u00a0<\/p>\n","protected":false},"excerpt":{"rendered":"<p>A Semmelweis Egyetem nemcsak Magyarorsz\u00e1g legr\u00e9gebbi orvosk\u00e9pz\u0151 int\u00e9zm\u00e9nye \u00e9s egyik legnagyobb eg\u00e9szs\u00e9g\u00fcgyi szolg\u00e1ltat\u00f3ja, hanem Eur\u00f3pa egyik legjelent\u0151sebb angol \u00e9s n\u00e9met nyelv\u0171 k\u00e9pz\u00e9si int\u00e9zm\u00e9nye is. Csaknem 12 000 hallgat\u00f3j\u00e1nak t\u00f6bb mint harmada hat\u00e1rainkon t\u00falr\u00f3l, mintegy 100 orsz\u00e1gb\u00f3l \u00e9rkezett az el\u0151z\u0151, a 2021\/22-es tan\u00e9vben, igazi multikultur\u00e1lis k\u00f6z\u00f6ss\u00e9get alkotva. A n\u00e9met nyelv\u0171 orvosk\u00e9pz\u00e9s 1983-as indul\u00e1sa \u00f3ta a Semmelweis &hellip;<\/p>\n","protected":false},"author":12,"featured_media":0,"parent":0,"menu_order":1,"comment_status":"closed","ping_status":"closed","template":"","meta":{"_acf_changed":false,"footnotes":""},"categories":[],"tags":[],"class_list":["post-353","page","type-page","status-publish","hentry"],"acf":[],"_links":{"self":[{"href":"https:\/\/semmelweis.hu\/international40\/wp-json\/wp\/v2\/pages\/353","targetHints":{"allow":["GET"]}}],"collection":[{"href":"https:\/\/semmelweis.hu\/international40\/wp-json\/wp\/v2\/pages"}],"about":[{"href":"https:\/\/semmelweis.hu\/international40\/wp-json\/wp\/v2\/types\/page"}],"author":[{"embeddable":true,"href":"https:\/\/semmelweis.hu\/international40\/wp-json\/wp\/v2\/users\/12"}],"replies":[{"embeddable":true,"href":"https:\/\/semmelweis.hu\/international40\/wp-json\/wp\/v2\/comments?post=353"}],"version-history":[{"count":11,"href":"https:\/\/semmelweis.hu\/international40\/wp-json\/wp\/v2\/pages\/353\/revisions"}],"predecessor-version":[{"id":468,"href":"https:\/\/semmelweis.hu\/international40\/wp-json\/wp\/v2\/pages\/353\/revisions\/468"}],"wp:attachment":[{"href":"https:\/\/semmelweis.hu\/international40\/wp-json\/wp\/v2\/media?parent=353"}],"wp:term":[{"taxonomy":"category","embeddable":true,"href":"https:\/\/semmelweis.hu\/international40\/wp-json\/wp\/v2\/categories?post=353"},{"taxonomy":"post_tag","embeddable":true,"href":"https:\/\/semmelweis.hu\/international40\/wp-json\/wp\/v2\/tags?post=353"}],"curies":[{"name":"wp","href":"https:\/\/api.w.org\/{rel}","templated":true}]}}