{"id":2,"date":"2022-07-01T06:41:58","date_gmt":"2022-07-01T04:41:58","guid":{"rendered":"https:\/\/semmelweis.hu\/international40\/?page_id=2"},"modified":"2022-07-01T10:19:26","modified_gmt":"2022-07-01T08:19:26","slug":"impresszum-2","status":"publish","type":"page","link":"https:\/\/semmelweis.hu\/international40\/impresszum-2\/","title":{"rendered":"Impresszum"},"content":{"rendered":"<p><b>Felel\u0151s kiad\u00f3:<\/b> Semmelweis Egyetem<\/p>\n<p><b>Egys\u00e9g neve: <\/b>Nemzetk\u00f6zi Tanulm\u00e1nyi Igazgat\u00f3s\u00e1g<\/p>\n<p><b>Egys\u00e9g vezet\u0151je: <\/b>Dr. Alp\u00e1r Al\u00e1n<\/p>\n<p><b>A honlap szerkeszt\u0151je:\u00a0<\/b>Somfai Bogl\u00e1rka<\/p>\n","protected":false},"excerpt":{"rendered":"<p>Felel\u0151s kiad\u00f3: Semmelweis Egyetem<br \/>\nEgys\u00e9g neve: Nemzetk\u00f6zi Tanulm\u00e1nyi Igazgat\u00f3s\u00e1g<br \/>\nEgys\u00e9g vezet\u0151je: Dr. Alp\u00e1r Al\u00e1n<br \/>\nA honlap szerkeszt\u0151je:\u00a0Somfai Bogl\u00e1rka<\/p>\n","protected":false},"author":12,"featured_media":0,"parent":0,"menu_order":9,"comment_status":"closed","ping_status":"closed","template":"","meta":{"_acf_changed":false,"footnotes":""},"categories":[],"tags":[],"class_list":["post-2","page","type-page","status-publish","hentry"],"acf":[],"_links":{"self":[{"href":"https:\/\/semmelweis.hu\/international40\/wp-json\/wp\/v2\/pages\/2","targetHints":{"allow":["GET"]}}],"collection":[{"href":"https:\/\/semmelweis.hu\/international40\/wp-json\/wp\/v2\/pages"}],"about":[{"href":"https:\/\/semmelweis.hu\/international40\/wp-json\/wp\/v2\/types\/page"}],"author":[{"embeddable":true,"href":"https:\/\/semmelweis.hu\/international40\/wp-json\/wp\/v2\/users\/12"}],"replies":[{"embeddable":true,"href":"https:\/\/semmelweis.hu\/international40\/wp-json\/wp\/v2\/comments?post=2"}],"version-history":[{"count":3,"href":"https:\/\/semmelweis.hu\/international40\/wp-json\/wp\/v2\/pages\/2\/revisions"}],"predecessor-version":[{"id":37,"href":"https:\/\/semmelweis.hu\/international40\/wp-json\/wp\/v2\/pages\/2\/revisions\/37"}],"wp:attachment":[{"href":"https:\/\/semmelweis.hu\/international40\/wp-json\/wp\/v2\/media?parent=2"}],"wp:term":[{"taxonomy":"category","embeddable":true,"href":"https:\/\/semmelweis.hu\/international40\/wp-json\/wp\/v2\/categories?post=2"},{"taxonomy":"post_tag","embeddable":true,"href":"https:\/\/semmelweis.hu\/international40\/wp-json\/wp\/v2\/tags?post=2"}],"curies":[{"name":"wp","href":"https:\/\/api.w.org\/{rel}","templated":true}]}}