{"id":14,"date":"2022-07-01T09:29:58","date_gmt":"2022-07-01T07:29:58","guid":{"rendered":"https:\/\/semmelweis.hu\/international40\/az-evfordulorol-deutsch\/"},"modified":"2022-11-11T16:00:09","modified_gmt":"2022-11-11T15:00:09","slug":"jubilaum","status":"publish","type":"page","link":"https:\/\/semmelweis.hu\/international40\/de\/jubilaum\/","title":{"rendered":"Semmelweis International 40"},"content":{"rendered":"<p>Im akademischen Jahr 2022\/2023 feiert die Semmelweis Universit\u00e4t das 40-j\u00e4hrige Jubil\u00e4um des Beginns der deutschsprachigen Medizinausbildung. Die deutschsprachige Ausbildung begann 1983, die englischsprachige folgte 1989.<\/p>\n<p>Die f\u00fchrende <a href=\"https:\/\/semmelweis.hu\/international40\/de\/internationale-ausbildung\/\">Universit\u00e4t f\u00fcr Medizin- und Gesundheitswissenschaften in Ungarn und in der Region hat sich zu einer der wichtigsten englisch- und deutschsprachigen Ausbildungsinstitute in Europa entwickelt<\/a>. Ein Drittel der gesamten Studentenschaft nimmt an der internationalen Ausbildung teil, unsere StundentInnen kommen aus 110 L\u00e4ndern der Welt. Alle unsere Fakult\u00e4ten und Doktorandenschulen bieten eine Form der Ausbildungen auf Fremdsprachen an, und wir haben ebenfalls Programme au\u00dferhalb des Campus in Deutschland, Rum\u00e4nien, der Schweiz, Serbien und der Slowakei.<\/p>\n<blockquote>\n<p>\u201eWir glauben und wissen, dass die Einf\u00fchrung unserer internationalen Ausbildung ein entscheidender Moment in der modernen Entwicklung unserer Universit\u00e4t war, die nun mehr als 250 Jahre alt ist\u201c<\/p>\n<\/blockquote>\n<p>\u2013 betont Dr. B\u00e9la Merkely, Rektor<a href=\"https:\/\/semmelweis.hu\/international40\/de\/jubilaum\/begruessungsrede-des-rektors\/\"> in seiner Begr\u00fc\u00dfungsrede anl\u00e4sslich des Jubil\u00e4ums<\/a>.<\/p>\n<p><a href=\"https:\/\/semmelweis.hu\/international40\/files\/2022\/08\/RS65397_KA-20170302-KA__9146-scr.jpg\"><img loading=\"lazy\" decoding=\"async\" class=\"alignright size-medium wp-image-434\" src=\"https:\/\/semmelweis.hu\/international40\/files\/2022\/08\/RS65397_KA-20170302-KA__9146-scr-400x267.jpg\" alt=\"\" width=\"400\" height=\"267\" srcset=\"https:\/\/semmelweis.hu\/international40\/files\/2022\/08\/RS65397_KA-20170302-KA__9146-scr-400x267.jpg 400w, https:\/\/semmelweis.hu\/international40\/files\/2022\/08\/RS65397_KA-20170302-KA__9146-scr-768x512.jpg 768w, https:\/\/semmelweis.hu\/international40\/files\/2022\/08\/RS65397_KA-20170302-KA__9146-scr-753x502.jpg 753w, https:\/\/semmelweis.hu\/international40\/files\/2022\/08\/RS65397_KA-20170302-KA__9146-scr-203x135.jpg 203w, https:\/\/semmelweis.hu\/international40\/files\/2022\/08\/RS65397_KA-20170302-KA__9146-scr.jpg 950w\" sizes=\"auto, (max-width: 400px) 100vw, 400px\" \/><\/a>Anl\u00e4sslich dieses bedeutenden Jubil\u00e4ums organisiert die Semmelweis Universit\u00e4t zahlreiche Veranstaltungen in diesem akademischen Jahr. Semmelweis International 40 umfasst das gesamte akademische Jahr und beinhaltet das gesamte internationale Studienangebot der Semmelweis Universit\u00e4t. <a href=\"https:\/\/semmelweis.hu\/deutsch\/international-40-kalender\/\" target=\"_blank\" rel=\"noopener\">Das Programm umfasst ein breites Spektrum an Bildungs- und Wissenschaftsveranstaltungen auf internationalem Niveau sowie Sport, Kultur und Unterhaltung<\/a>.<\/p>\n<p>Die Veranstaltungen sollen an die vergangenen vier Jahrzehnte der internationalen Ausbildung an der Semmelweis Universit\u00e4t erinnern und die Erfolge und Ergebnisse der letzten vier Jahrzehnte sowie die Zukunftspl\u00e4ne vorstellen.<\/p>\n","protected":false},"excerpt":{"rendered":"<p>Im akademischen Jahr 2022\/2023 feiert die Semmelweis Universit\u00e4t das 40-j\u00e4hrige Jubil\u00e4um des Beginns der deutschsprachigen Medizinausbildung. Die deutschsprachige Ausbildung begann 1983, die englischsprachige folgte 1989. Die f\u00fchrende <a href=\"https:\/\/semmelweis.hu\/international40\/de\/internationale-ausbildung\/\">Universit\u00e4t f\u00fcr Medizin- und Gesundheitswissenschaften in Ungarn und in der Region hat sich zu einer der wichtigsten englisch- und deutschsprachigen Ausbildungsinstitute in Europa entwickelt<\/a> . Ein Drittel der gesamten Studentenschaft nimmt an der internationalen Ausbildung teil, unsere StundentInnen kommen aus 110 L\u00e4ndern der Welt. Alle unsere Fakult\u00e4ten und Doktorandenschulen bieten eine Form &hellip;<\/p>\n","protected":false},"author":12,"featured_media":0,"parent":0,"menu_order":0,"comment_status":"closed","ping_status":"closed","template":"","meta":{"_acf_changed":false,"footnotes":""},"categories":[],"tags":[],"class_list":["post-14","page","type-page","status-publish","hentry"],"acf":[],"_links":{"self":[{"href":"https:\/\/semmelweis.hu\/international40\/wp-json\/wp\/v2\/pages\/14","targetHints":{"allow":["GET"]}}],"collection":[{"href":"https:\/\/semmelweis.hu\/international40\/wp-json\/wp\/v2\/pages"}],"about":[{"href":"https:\/\/semmelweis.hu\/international40\/wp-json\/wp\/v2\/types\/page"}],"author":[{"embeddable":true,"href":"https:\/\/semmelweis.hu\/international40\/wp-json\/wp\/v2\/users\/12"}],"replies":[{"embeddable":true,"href":"https:\/\/semmelweis.hu\/international40\/wp-json\/wp\/v2\/comments?post=14"}],"version-history":[{"count":7,"href":"https:\/\/semmelweis.hu\/international40\/wp-json\/wp\/v2\/pages\/14\/revisions"}],"predecessor-version":[{"id":596,"href":"https:\/\/semmelweis.hu\/international40\/wp-json\/wp\/v2\/pages\/14\/revisions\/596"}],"wp:attachment":[{"href":"https:\/\/semmelweis.hu\/international40\/wp-json\/wp\/v2\/media?parent=14"}],"wp:term":[{"taxonomy":"category","embeddable":true,"href":"https:\/\/semmelweis.hu\/international40\/wp-json\/wp\/v2\/categories?post=14"},{"taxonomy":"post_tag","embeddable":true,"href":"https:\/\/semmelweis.hu\/international40\/wp-json\/wp\/v2\/tags?post=14"}],"curies":[{"name":"wp","href":"https:\/\/api.w.org\/{rel}","templated":true}]}}