{"id":568,"date":"2014-03-19T10:38:10","date_gmt":"2014-03-19T09:38:10","guid":{"rendered":"http:\/\/semmelweis.hu\/informatika\/?page_id=568"},"modified":"2022-02-22T17:21:35","modified_gmt":"2022-02-22T16:21:35","slug":"alkalmazasfejlesztesi-osztaly","status":"publish","type":"page","link":"https:\/\/semmelweis.hu\/informatika\/rolunk\/informatikai-foigazgatosag\/informatikai-fejlesztesi-igazgatosag\/alkalmazasfejlesztesi-osztaly\/","title":{"rendered":"Alkalmaz\u00e1sfejleszt\u00e9si Oszt\u00e1ly"},"content":{"rendered":"<p>Az oszt\u00e1ly alapvet\u0151 feladatai az al\u00e1bbiak:<\/p>\n<ul>\n<li>Informatikai fejleszt\u00e9si programok ir\u00e1ny\u00edt\u00e1sa \u00e9s koordin\u00e1l\u00e1sa;<\/li>\n<li>A szervezeti egys\u00e9gek ig\u00e9nyeinek befogad\u00e1sa, feldolgoz\u00e1sa \u00e9s javaslat azok megval\u00f3s\u00edt\u00e1s\u00e1ra;<\/li>\n<li>Az informatikai fejleszt\u00e9si ig\u00e9nyek, c\u00e9lok \u00e9s javaslatok megfogalmaz\u00e1sa;<\/li>\n<li>Az informatikai fejleszt\u00e9si programok el\u0151k\u00e9sz\u00edt\u00e9se, tervez\u00e9se, v\u00e9grehajt\u00e1sa \u00e9s ut\u00f3lagos nyomon k\u00f6vet\u00e9se, a m\u00e1s szervezeti egys\u00e9gekhez tartoz\u00f3 er\u0151forr\u00e1sok sz\u00fcks\u00e9g szerinti bevon\u00e1s\u00e1val;<\/li>\n<li>Informatikai beszerz\u00e9sek eset\u00e9n az ig\u00e9nyek felm\u00e9r\u00e9se, az ig\u00e9nyek informatikai-szakmai tartalm\u00e1nak elk\u00e9sz\u00edt\u00e9se, a sz\u00fcks\u00e9ges el\u0151terjeszt\u00e9sek k\u00e9sz\u00edt\u00e9s\u00e9nek t\u00e1mogat\u00e1sa, r\u00e9szv\u00e9tel a beszerz\u00e9si elj\u00e1r\u00e1sban;<\/li>\n<li>R\u00e9szv\u00e9tel a szervezeti egys\u00e9g \u00e1ltal k\u00f6tend\u0151 fejleszt\u00e9si \u00e9s alkalmaz\u00e1s t\u00e1mogat\u00e1s t\u00e1rgy\u00fa szerz\u0151d\u00e9sek elk\u00e9sz\u00edt\u00e9s\u00e9ben;<\/li>\n<li>Az egys\u00e9ges informatikai projektmenedzsmentet t\u00e1mogat\u00f3 m\u00f3dszertani szabv\u00e1nyok \u00e9s elj\u00e1r\u00e1sok kialak\u00edt\u00e1sa;<\/li>\n<li>A projektek el\u0151rehalad\u00e1s\u00e1nak nyomon k\u00f6vet\u00e9se, t\u00e1j\u00e9koztat\u00f3k k\u00e9sz\u00edt\u00e9se.<\/li>\n<\/ul>\n","protected":false},"excerpt":{"rendered":"<p>Az oszt\u00e1ly alapvet\u0151 feladatai az al\u00e1bbiak: Informatikai fejleszt\u00e9si programok ir\u00e1ny\u00edt\u00e1sa \u00e9s koordin\u00e1l\u00e1sa; A szervezeti egys\u00e9gek ig\u00e9nyeinek befogad\u00e1sa, feldolgoz\u00e1sa \u00e9s javaslat azok megval\u00f3s\u00edt\u00e1s\u00e1ra; Az informatikai fejleszt\u00e9si ig\u00e9nyek, c\u00e9lok \u00e9s javaslatok megfogalmaz\u00e1sa; Az informatikai fejleszt\u00e9si programok el\u0151k\u00e9sz\u00edt\u00e9se, tervez\u00e9se, v\u00e9grehajt\u00e1sa \u00e9s ut\u00f3lagos nyomon k\u00f6vet\u00e9se, a m\u00e1s szervezeti egys\u00e9gekhez tartoz\u00f3 er\u0151forr\u00e1sok sz\u00fcks\u00e9g szerinti bevon\u00e1s\u00e1val; Informatikai beszerz\u00e9sek eset\u00e9n az ig\u00e9nyek &hellip;<\/p>\n","protected":false},"author":160,"featured_media":0,"parent":15480,"menu_order":10,"comment_status":"open","ping_status":"open","template":"","meta":{"_acf_changed":false,"footnotes":""},"categories":[],"tags":[],"class_list":["post-568","page","type-page","status-publish","hentry"],"acf":[],"_links":{"self":[{"href":"https:\/\/semmelweis.hu\/informatika\/wp-json\/wp\/v2\/pages\/568","targetHints":{"allow":["GET"]}}],"collection":[{"href":"https:\/\/semmelweis.hu\/informatika\/wp-json\/wp\/v2\/pages"}],"about":[{"href":"https:\/\/semmelweis.hu\/informatika\/wp-json\/wp\/v2\/types\/page"}],"author":[{"embeddable":true,"href":"https:\/\/semmelweis.hu\/informatika\/wp-json\/wp\/v2\/users\/160"}],"replies":[{"embeddable":true,"href":"https:\/\/semmelweis.hu\/informatika\/wp-json\/wp\/v2\/comments?post=568"}],"version-history":[{"count":8,"href":"https:\/\/semmelweis.hu\/informatika\/wp-json\/wp\/v2\/pages\/568\/revisions"}],"predecessor-version":[{"id":15496,"href":"https:\/\/semmelweis.hu\/informatika\/wp-json\/wp\/v2\/pages\/568\/revisions\/15496"}],"up":[{"embeddable":true,"href":"https:\/\/semmelweis.hu\/informatika\/wp-json\/wp\/v2\/pages\/15480"}],"wp:attachment":[{"href":"https:\/\/semmelweis.hu\/informatika\/wp-json\/wp\/v2\/media?parent=568"}],"wp:term":[{"taxonomy":"category","embeddable":true,"href":"https:\/\/semmelweis.hu\/informatika\/wp-json\/wp\/v2\/categories?post=568"},{"taxonomy":"post_tag","embeddable":true,"href":"https:\/\/semmelweis.hu\/informatika\/wp-json\/wp\/v2\/tags?post=568"}],"curies":[{"name":"wp","href":"https:\/\/api.w.org\/{rel}","templated":true}]}}