{"id":404,"date":"2014-03-17T09:54:58","date_gmt":"2014-03-17T08:54:58","guid":{"rendered":"http:\/\/semmelweis.hu\/informatika\/?page_id=404"},"modified":"2023-06-28T09:35:23","modified_gmt":"2023-06-28T07:35:23","slug":"bemutatkozas","status":"publish","type":"page","link":"https:\/\/semmelweis.hu\/informatika\/bemutatkozas\/","title":{"rendered":"Bemutatkoz\u00e1s"},"content":{"rendered":"<p>Az Informatikai F\u0151igazgat\u00f3s\u00e1g <b>365&#215;24<\/b> \u00f3r\u00e1ban fel\u00fcgyeli \u00e9s \u00fczemelteti az egyetem informatikai \u00e9s t\u00e1vk\u00f6zl\u00e9si gerinch\u00e1l\u00f3zat\u00e1t, az azt m\u0171k\u00f6dtet\u0151 optikai \u00e9s mikrohull\u00e1m\u00fa \u00e1tvitel-technikai \u00e9s csom\u00f3ponti vez\u00e9rl\u0151eszk\u00f6z\u00f6ket, a k\u00f6zponti szerver sz\u00e1m\u00edt\u00f3g\u00e9peket. M\u0171k\u00f6dteti \u00e9s fel\u00fcgyeli tov\u00e1bb\u00e1, az Egyetem informatikai \u00e9s t\u00e1vk\u00f6zl\u00e9si alrendszereit, biztos\u00edtja az Internet \u00e9s intranet szolg\u00e1ltat\u00e1st, az elektronikus levelez\u00e9st, bet\u00f6r\u00e9s- \u00e9s v\u00edrusv\u00e9delmet.<\/p>\n<p>\u00dczemelteti az egyetemi szint\u0171 alkalmaz\u00f3i rendszereket (SAP integr\u00e1lt gazdas\u00e1g-ir\u00e1ny\u00edt\u00e1si rendszer, MedSolution\/eMedSolution klinikai informatikai rendszer, GLIMS , MedBakter, SOTEKIR Labor labordiagnosztikai informatikai rendszerek, PACS k\u00e9pdiagnosztikai rendszer, NEPTUN Egys\u00e9ges Fels\u0151oktat\u00e1si Tanulm\u00e1nyi Rendszer), koordin\u00e1lja az ahhoz kapcsol\u00f3d\u00f3 folyamatokat.<\/p>\n<p>T\u00e1mogatja az egyetemi infrastrukt\u00far\u00e1t felhaszn\u00e1l\u00f3 munkat\u00e1rsak napi munk\u00e1j\u00e1nak elv\u00e9gz\u00e9s\u00e9t.<\/p>\n<p>R\u00f6vid- \u00e9s k\u00f6z\u00e9pt\u00e1v\u00fa terveket k\u00e9sz\u00edt az informatikai \u00e9s t\u00e1vk\u00f6zl\u00e9si jelleg\u0171 fejleszt\u00e9sekre, szakmai, szervez\u00e9si, koordin\u00e1ci\u00f3s \u00e9s finansz\u00edroz\u00e1si szempontb\u00f3l javaslatokat terjeszt fel az egyetem vezet\u00e9se fel\u00e9, \u00e9s d\u00f6nt\u00e9sre el\u0151k\u00e9sz\u00edti azokat. K\u00f6zrem\u0171k\u00f6dik az Egyetem \u00faj informatikai rendszereinek tervez\u00e9s\u00e9ben, azok p\u00e1ly\u00e1zati ki\u00edr\u00e1s\u00e1ban, bevezet\u00e9s\u00e9ben. Szakmai szempontok, \u00e9s a helyi adotts\u00e1gok alapj\u00e1n javaslatot tesz a szakmailag optim\u00e1lis k\u00f6rnyezet megteremt\u00e9s\u00e9re, \u00e9s t\u00e1mogat\u00e1st ny\u00fajt azok \u00fczemeltet\u00e9s\u00e9ben.<\/p>\n","protected":false},"excerpt":{"rendered":"<p>Az Informatikai F\u0151igazgat\u00f3s\u00e1g 365&#215;24 \u00f3r\u00e1ban fel\u00fcgyeli \u00e9s \u00fczemelteti az egyetem informatikai \u00e9s t\u00e1vk\u00f6zl\u00e9si gerinch\u00e1l\u00f3zat\u00e1t, az azt m\u0171k\u00f6dtet\u0151 optikai \u00e9s mikrohull\u00e1m\u00fa \u00e1tvitel-technikai \u00e9s csom\u00f3ponti vez\u00e9rl\u0151eszk\u00f6z\u00f6ket, a k\u00f6zponti szerver sz\u00e1m\u00edt\u00f3g\u00e9peket. M\u0171k\u00f6dteti \u00e9s fel\u00fcgyeli tov\u00e1bb\u00e1, az Egyetem informatikai \u00e9s t\u00e1vk\u00f6zl\u00e9si alrendszereit, biztos\u00edtja az Internet \u00e9s intranet szolg\u00e1ltat\u00e1st, az elektronikus levelez\u00e9st, bet\u00f6r\u00e9s- \u00e9s v\u00edrusv\u00e9delmet. \u00dczemelteti az egyetemi szint\u0171 alkalmaz\u00f3i &hellip;<\/p>\n","protected":false},"author":160,"featured_media":25,"parent":0,"menu_order":10,"comment_status":"open","ping_status":"open","template":"","meta":{"_acf_changed":false,"footnotes":""},"categories":[],"tags":[],"class_list":["post-404","page","type-page","status-publish","has-post-thumbnail","hentry"],"acf":[],"_links":{"self":[{"href":"https:\/\/semmelweis.hu\/informatika\/wp-json\/wp\/v2\/pages\/404","targetHints":{"allow":["GET"]}}],"collection":[{"href":"https:\/\/semmelweis.hu\/informatika\/wp-json\/wp\/v2\/pages"}],"about":[{"href":"https:\/\/semmelweis.hu\/informatika\/wp-json\/wp\/v2\/types\/page"}],"author":[{"embeddable":true,"href":"https:\/\/semmelweis.hu\/informatika\/wp-json\/wp\/v2\/users\/160"}],"replies":[{"embeddable":true,"href":"https:\/\/semmelweis.hu\/informatika\/wp-json\/wp\/v2\/comments?post=404"}],"version-history":[{"count":5,"href":"https:\/\/semmelweis.hu\/informatika\/wp-json\/wp\/v2\/pages\/404\/revisions"}],"predecessor-version":[{"id":15385,"href":"https:\/\/semmelweis.hu\/informatika\/wp-json\/wp\/v2\/pages\/404\/revisions\/15385"}],"wp:featuredmedia":[{"embeddable":true,"href":"https:\/\/semmelweis.hu\/informatika\/wp-json\/wp\/v2\/media\/25"}],"wp:attachment":[{"href":"https:\/\/semmelweis.hu\/informatika\/wp-json\/wp\/v2\/media?parent=404"}],"wp:term":[{"taxonomy":"category","embeddable":true,"href":"https:\/\/semmelweis.hu\/informatika\/wp-json\/wp\/v2\/categories?post=404"},{"taxonomy":"post_tag","embeddable":true,"href":"https:\/\/semmelweis.hu\/informatika\/wp-json\/wp\/v2\/tags?post=404"}],"curies":[{"name":"wp","href":"https:\/\/api.w.org\/{rel}","templated":true}]}}