{"id":19249,"date":"2024-11-20T21:18:48","date_gmt":"2024-11-20T20:18:48","guid":{"rendered":"https:\/\/semmelweis.hu\/informatika\/?page_id=19249"},"modified":"2024-11-21T10:24:49","modified_gmt":"2024-11-21T09:24:49","slug":"tajekoztato-tomeges-levelkikuldes-lehetosegeirol","status":"publish","type":"page","link":"https:\/\/semmelweis.hu\/informatika\/o365\/tajekoztatok-szabalyzatok\/tajekoztato-tomeges-levelkikuldes-lehetosegeirol\/","title":{"rendered":"T\u00e1j\u00e9koztat\u00f3 t\u00f6meges lev\u00e9lkik\u00fcld\u00e9s lehet\u0151s\u00e9geir\u0151l"},"content":{"rendered":"<p>&nbsp;<\/p>\n<p><span style=\"font-size: 18pt\"><b>T\u00f6meges lev\u00e9lkik\u00fcld\u00e9s<\/b>\u00a0<\/span><\/p>\n<p>&nbsp;<\/p>\n<p><span data-contrast=\"auto\">Napjainkban a levelez\u0151rendszerek egyre nagyobb mennyis\u00e9g\u0171 k\u00e9retlen (spam) \u00e9s k\u00e1rt\u00e9kony (pl. adathal\u00e1sz, v\u00edrusos) levelet kezelnek, ez\u00e9rt a legt\u00f6bb szolg\u00e1ltat\u00f3 \u00f3vint\u00e9zked\u00e9seket vezetett be felhaszn\u00e1l\u00f3inak v\u00e9delm\u00e9ben. Eset\u00fcnkben ez azt jelenti, hogy egy felhaszn\u00e1l\u00f3i fi\u00f3kb\u00f3l \u00f3r\u00e1nk\u00e9nt legfeljebb 900 k\u00fcls\u0151 c\u00edmzettnek, de \u00f6sszesen naponta nem t\u00f6bb mint 1500 c\u00edmzett (k\u00fcls\u0151, bels\u0151) enged\u00e9lyezett lev\u00e9l k\u00fcld\u00e9se. Amennyiben a fenti limiteket meghaladja, akkor biztons\u00e1gi okokb\u00f3l fi\u00f3kja a rendszer \u00e1ltal automatikusan z\u00e1rol\u00e1sra ker\u00fcl.\u00a0\u00a0<\/span><span data-ccp-props=\"{&quot;335551550&quot;:6,&quot;335551620&quot;:6}\">\u00a0<\/span><\/p>\n<p><span data-contrast=\"auto\">A felad\u00f3 ig\u00e9nyeinek megfelel\u0151en h\u00e1rom k\u00fcl\u00f6nb\u00f6z\u0151 m\u00f3dot javaslunk a t\u00f6meges lev\u00e9l kik\u00fcld\u00e9sre:\u00a0<\/span><span data-ccp-props=\"{&quot;335551550&quot;:6,&quot;335551620&quot;:6}\">\u00a0<\/span><\/p>\n<p>&nbsp;<\/p>\n<p><b><span data-contrast=\"none\">Nagysz\u00e1m\u00fa (1500-n\u00e1l kevesebb) bels\u0151 (<\/span><\/b><a href=\"mailto:*@semmelweis.hu\"><b><span data-contrast=\"none\">*@semmelweis.hu<\/span><\/b><\/a><b><span data-contrast=\"none\">) c\u00edmzett eset\u00e9n<\/span><\/b><span data-ccp-props=\"{&quot;335551550&quot;:6,&quot;335551620&quot;:6,&quot;335559685&quot;:0,&quot;335559739&quot;:480}\">\u00a0<\/span><\/p>\n<p><span data-ccp-props=\"{&quot;335551550&quot;:6,&quot;335551620&quot;:6,&quot;335559685&quot;:0,&quot;335559739&quot;:480}\">\u00a0<\/span><\/p>\n<p><span data-contrast=\"auto\">Amennyiben \u00d6n vagy szervezete nagy mennyis\u00e9g\u0171 levelet szeretne k\u00fcldeni egyetemen bel\u00fcl (<\/span><a href=\"mailto:*@semmelweis.hu\"><span data-contrast=\"none\">*@semmelweis.hu<\/span><\/a><span data-contrast=\"auto\">), akkor a levelez\u0151rendszer\u00fcnkb\u0151l saj\u00e1t, szem\u00e9lyes postafi\u00f3kj\u00e1b\u00f3l vagy megosztott szervezeti postafi\u00f3kj\u00e1b\u00f3l kezdem\u00e9nyezheti a levelek kik\u00fcld\u00e9s\u00e9t. (Ebben az esetben <\/span><b><span data-contrast=\"auto\">nem k\u00e9sz\u00fcl k\u00e9zbes\u00edt\u00e9si \/ olvas\u00e1si statisztika<\/span><\/b><span data-contrast=\"auto\">.)\u00a0<\/span><span data-ccp-props=\"{&quot;335551550&quot;:6,&quot;335551620&quot;:6,&quot;335559685&quot;:708}\">\u00a0<\/span><\/p>\n<p><span data-ccp-props=\"{&quot;335551550&quot;:6,&quot;335551620&quot;:6,&quot;335559685&quot;:1068}\">\u00a0<\/span><\/p>\n<p><b><span data-contrast=\"none\">Nagysz\u00e1m\u00fa (1500-n\u00e1l t\u00f6bb) bels\u0151 (<\/span><\/b><a href=\"mailto:*@semmelweis.hu\"><b><span data-contrast=\"none\">*@semmelweis.hu<\/span><\/b><\/a><b><span data-contrast=\"none\">) c\u00edmzett eset\u00e9n<\/span><\/b><span data-ccp-props=\"{&quot;335551550&quot;:6,&quot;335551620&quot;:6,&quot;335559685&quot;:0}\">\u00a0<\/span><\/p>\n<p><span data-ccp-props=\"{&quot;335551550&quot;:6,&quot;335551620&quot;:6,&quot;335559685&quot;:0}\">\u00a0<\/span><\/p>\n<p><span data-contrast=\"auto\">Amennyiben \u00d6n vagy szervezete nagy mennyis\u00e9g\u0171 levelet szeretne k\u00fcldeni egyetemen bel\u00fcl (<\/span><a href=\"mailto:*@semmelweis.hu\"><span data-contrast=\"none\">*@semmelweis.hu<\/span><\/a><span data-contrast=\"auto\">), a fent eml\u00edtett biztons\u00e1gi int\u00e9zked\u00e9s \u00e9rdek\u00e9ben az egy felad\u00f3t\u00f3l maxim\u00e1lt lev\u00e9lsz\u00e1m miatt az informatikai helpdesk (<\/span><a href=\"mailto:helpdesk@semmelweis.hu\"><span data-contrast=\"none\">helpdesk@semmelweis.hu<\/span><\/a><span data-contrast=\"auto\">) bevon\u00e1sa sz\u00fcks\u00e9ges. (Ebben az esetben a <\/span><a href=\"mailto:noreply@semmelweis.hu\"><span data-contrast=\"none\">noreply@semmelweis.hu<\/span><\/a><span data-contrast=\"auto\"> c\u00edmr\u0151l mennek ki a levelek.)\u00a0<\/span><span data-ccp-props=\"{&quot;335551550&quot;:6,&quot;335551620&quot;:6,&quot;335559685&quot;:708}\">\u00a0<\/span><\/p>\n<p>&nbsp;<\/p>\n<p><b><span data-contrast=\"auto\">A lev\u00e9l tartalm\u00e1nak el\u0151zetes enged\u00e9lyez\u00e9se sz\u00fcks\u00e9ges a Kommunik\u00e1ci\u00f3s F\u0151igazgat\u00f3s\u00e1gt\u00f3l!<\/span><\/b><span data-ccp-props=\"{&quot;335551550&quot;:6,&quot;335551620&quot;:6,&quot;335559685&quot;:708}\">\u00a0<\/span><\/p>\n<p><span data-ccp-props=\"{&quot;335551550&quot;:6,&quot;335551620&quot;:6,&quot;335559685&quot;:708}\">\u00a0<\/span><\/p>\n<p><span data-contrast=\"auto\">Az \u00fczenet kik\u00fcld\u00e9s\u00e9hez sz\u00fcks\u00e9ges inform\u00e1ci\u00f3k:<\/span><span data-ccp-props=\"{&quot;335551550&quot;:6,&quot;335551620&quot;:6,&quot;335559685&quot;:708}\">\u00a0<\/span><\/p>\n<ul>\n<li data-leveltext=\"-\" data-font=\"Aptos\" data-listid=\"2\" data-list-defn-props=\"{&quot;335552541&quot;:1,&quot;335559685&quot;:360,&quot;335559991&quot;:360,&quot;469769226&quot;:&quot;Aptos&quot;,&quot;469769242&quot;:[8226],&quot;469777803&quot;:&quot;left&quot;,&quot;469777804&quot;:&quot;-&quot;,&quot;469777815&quot;:&quot;hybridMultilevel&quot;}\" data-aria-posinset=\"1\" data-aria-level=\"1\"><span data-contrast=\"auto\">C\u00edmzettek megad\u00e1sa t\u00e1bl\u00e1zatos (Excel) form\u00e1tumban (n\u00e9v, email c\u00edm)<\/span><span data-ccp-props=\"{&quot;335551550&quot;:6,&quot;335551620&quot;:6,&quot;335559685&quot;:1068}\">\u00a0<\/span><\/li>\n<\/ul>\n<ul>\n<li data-leveltext=\"-\" data-font=\"Aptos\" data-listid=\"2\" data-list-defn-props=\"{&quot;335552541&quot;:1,&quot;335559685&quot;:360,&quot;335559991&quot;:360,&quot;469769226&quot;:&quot;Aptos&quot;,&quot;469769242&quot;:[8226],&quot;469777803&quot;:&quot;left&quot;,&quot;469777804&quot;:&quot;-&quot;,&quot;469777815&quot;:&quot;hybridMultilevel&quot;}\" data-aria-posinset=\"2\" data-aria-level=\"1\"><span data-contrast=\"auto\">T\u00e1rgy<\/span><span data-ccp-props=\"{&quot;335551550&quot;:6,&quot;335551620&quot;:6,&quot;335559685&quot;:1068}\">\u00a0<\/span><\/li>\n<\/ul>\n<ul>\n<li data-leveltext=\"-\" data-font=\"Aptos\" data-listid=\"2\" data-list-defn-props=\"{&quot;335552541&quot;:1,&quot;335559685&quot;:360,&quot;335559991&quot;:360,&quot;469769226&quot;:&quot;Aptos&quot;,&quot;469769242&quot;:[8226],&quot;469777803&quot;:&quot;left&quot;,&quot;469777804&quot;:&quot;-&quot;,&quot;469777815&quot;:&quot;hybridMultilevel&quot;}\" data-aria-posinset=\"3\" data-aria-level=\"1\"><span data-contrast=\"auto\">A form\u00e1zott lev\u00e9l, csatolm\u00e1ny<\/span><span data-ccp-props=\"{&quot;335551550&quot;:6,&quot;335551620&quot;:6,&quot;335559685&quot;:1068}\">\u00a0<\/span><\/li>\n<\/ul>\n<p><span data-ccp-props=\"{}\">\u00a0<\/span><\/p>\n<p><b><span data-contrast=\"none\">Nagysz\u00e1m\u00fa lev\u00e9lkik\u00fcld\u00e9s k\u00e9zbes\u00edt\u00e9si \/ olvas\u00e1si statisztik\u00e1val\u00a0<\/span><\/b><span data-ccp-props=\"{&quot;335551550&quot;:6,&quot;335551620&quot;:6,&quot;335559685&quot;:0}\">\u00a0<\/span><\/p>\n<p><span data-ccp-props=\"{&quot;335551550&quot;:6,&quot;335551620&quot;:6,&quot;335559685&quot;:1068}\">\u00a0<\/span><\/p>\n<p><span data-contrast=\"auto\">Amennyiben \u00d6n vagy szervezete nagy mennyis\u00e9g\u0171 levelet szeretne k\u00fcldeni egyetemen bel\u00fcli (<\/span><a href=\"mailto:*@semmelweis.hu\"><span data-contrast=\"none\">*@semmelweis.hu<\/span><\/a><span data-contrast=\"auto\">) vagy ak\u00e1r az int\u00e9zm\u00e9nyen k\u00edv\u00fcli email c\u00edmekre \u00e9s sz\u00fcks\u00e9ge van a level\u00e9nek c\u00edmzetthez t\u00f6rt\u00e9nt eljuttat\u00e1s\u00e1nak \u00e9s olvas\u00e1s\u00e1nak statisztik\u00e1ira, akkor ezt az ig\u00e9ny\u00e9t k\u00e9rj\u00fck jelezze emailben Helpdesk\u00fcnk (<\/span><a href=\"mailto:helpdesk@semmelweis.hu\"><span data-contrast=\"none\">helpdesk@semmelweis.hu<\/span><\/a><span data-contrast=\"auto\">) r\u00e9sz\u00e9re, vagy az informatikai jegykezel\u0151 rendszer (helpdesk.semmelweis.hu) megfelel\u0151 csemp\u00e9j\u00e9nek kiv\u00e1laszt\u00e1s\u00e1val.\u00a0<\/span><span data-ccp-props=\"{&quot;335551550&quot;:6,&quot;335551620&quot;:6,&quot;335559685&quot;:708}\">\u00a0<\/span><\/p>\n<p>&nbsp;<\/p>\n<p><b><span data-contrast=\"auto\">A lev\u00e9l tartalm\u00e1nak el\u0151zetes enged\u00e9lyez\u00e9se sz\u00fcks\u00e9ges a Kommunik\u00e1ci\u00f3s F\u0151igazgat\u00f3s\u00e1gt\u00f3l!<\/span><\/b><span data-ccp-props=\"{&quot;335551550&quot;:6,&quot;335551620&quot;:6,&quot;335559685&quot;:708}\">\u00a0<\/span><\/p>\n<p><span data-ccp-props=\"{&quot;335551550&quot;:6,&quot;335551620&quot;:6,&quot;335559685&quot;:708}\">\u00a0<\/span><\/p>\n<p><span data-contrast=\"auto\">Az \u00fczenet kik\u00fcld\u00e9s\u00e9hez sz\u00fcks\u00e9ges inform\u00e1ci\u00f3k:<\/span><span data-ccp-props=\"{&quot;335551550&quot;:6,&quot;335551620&quot;:6,&quot;335559685&quot;:708}\">\u00a0<\/span><\/p>\n<ul>\n<li data-leveltext=\"-\" data-font=\"Aptos\" data-listid=\"2\" data-list-defn-props=\"{&quot;335552541&quot;:1,&quot;335559685&quot;:360,&quot;335559991&quot;:360,&quot;469769226&quot;:&quot;Aptos&quot;,&quot;469769242&quot;:[8226],&quot;469777803&quot;:&quot;left&quot;,&quot;469777804&quot;:&quot;-&quot;,&quot;469777815&quot;:&quot;hybridMultilevel&quot;}\" data-aria-posinset=\"4\" data-aria-level=\"1\"><span data-contrast=\"auto\">C\u00edmzettek megad\u00e1sa t\u00e1bl\u00e1zatos (Excel) form\u00e1tumban (n\u00e9v, email c\u00edm)<\/span><span data-ccp-props=\"{&quot;335551550&quot;:6,&quot;335551620&quot;:6,&quot;335559685&quot;:1068}\">\u00a0<\/span><\/li>\n<\/ul>\n<ul>\n<li data-leveltext=\"-\" data-font=\"Aptos\" data-listid=\"2\" data-list-defn-props=\"{&quot;335552541&quot;:1,&quot;335559685&quot;:360,&quot;335559991&quot;:360,&quot;469769226&quot;:&quot;Aptos&quot;,&quot;469769242&quot;:[8226],&quot;469777803&quot;:&quot;left&quot;,&quot;469777804&quot;:&quot;-&quot;,&quot;469777815&quot;:&quot;hybridMultilevel&quot;}\" data-aria-posinset=\"5\" data-aria-level=\"1\"><span data-contrast=\"auto\">Felad\u00f3 megnevez\u00e9se<\/span><span data-ccp-props=\"{&quot;335551550&quot;:6,&quot;335551620&quot;:6,&quot;335559685&quot;:1068}\">\u00a0<\/span><\/li>\n<\/ul>\n<ul>\n<li data-leveltext=\"-\" data-font=\"Aptos\" data-listid=\"2\" data-list-defn-props=\"{&quot;335552541&quot;:1,&quot;335559685&quot;:360,&quot;335559991&quot;:360,&quot;469769226&quot;:&quot;Aptos&quot;,&quot;469769242&quot;:[8226],&quot;469777803&quot;:&quot;left&quot;,&quot;469777804&quot;:&quot;-&quot;,&quot;469777815&quot;:&quot;hybridMultilevel&quot;}\" data-aria-posinset=\"6\" data-aria-level=\"1\"><span data-contrast=\"auto\">T\u00e1rgy<\/span><span data-ccp-props=\"{&quot;335551550&quot;:6,&quot;335551620&quot;:6,&quot;335559685&quot;:1068}\">\u00a0<\/span><\/li>\n<\/ul>\n<ul>\n<li data-leveltext=\"-\" data-font=\"Aptos\" data-listid=\"2\" data-list-defn-props=\"{&quot;335552541&quot;:1,&quot;335559685&quot;:360,&quot;335559991&quot;:360,&quot;469769226&quot;:&quot;Aptos&quot;,&quot;469769242&quot;:[8226],&quot;469777803&quot;:&quot;left&quot;,&quot;469777804&quot;:&quot;-&quot;,&quot;469777815&quot;:&quot;hybridMultilevel&quot;}\" data-aria-posinset=\"7\" data-aria-level=\"1\"><span data-contrast=\"auto\">Statisztika k\u00e9sz\u00edt\u00e9s\u00e9nek id\u0151pontja (Excel t\u00e1bl\u00e1zat)\u00a0<\/span><span data-ccp-props=\"{&quot;335559685&quot;:1068}\">\u00a0<\/span><\/li>\n<\/ul>\n<ul>\n<li data-leveltext=\"-\" data-font=\"Aptos\" data-listid=\"2\" data-list-defn-props=\"{&quot;335552541&quot;:1,&quot;335559685&quot;:360,&quot;335559991&quot;:360,&quot;469769226&quot;:&quot;Aptos&quot;,&quot;469769242&quot;:[8226],&quot;469777803&quot;:&quot;left&quot;,&quot;469777804&quot;:&quot;-&quot;,&quot;469777815&quot;:&quot;hybridMultilevel&quot;}\" data-aria-posinset=\"8\" data-aria-level=\"1\"><span data-contrast=\"auto\">A form\u00e1zott lev\u00e9l, csatolm\u00e1ny<\/span><\/li>\n<\/ul>\n<p>&nbsp;<\/p>\n","protected":false},"excerpt":{"rendered":"<p>&nbsp; T\u00f6meges lev\u00e9lkik\u00fcld\u00e9s\u00a0 &nbsp; Napjainkban a levelez\u0151rendszerek egyre nagyobb mennyis\u00e9g\u0171 k\u00e9retlen (spam) \u00e9s k\u00e1rt\u00e9kony (pl. adathal\u00e1sz, v\u00edrusos) levelet kezelnek, ez\u00e9rt a legt\u00f6bb szolg\u00e1ltat\u00f3 \u00f3vint\u00e9zked\u00e9seket vezetett be felhaszn\u00e1l\u00f3inak v\u00e9delm\u00e9ben. Eset\u00fcnkben ez azt jelenti, hogy egy felhaszn\u00e1l\u00f3i fi\u00f3kb\u00f3l \u00f3r\u00e1nk\u00e9nt legfeljebb 900 k\u00fcls\u0151 c\u00edmzettnek, de \u00f6sszesen naponta nem t\u00f6bb mint 1500 c\u00edmzett (k\u00fcls\u0151, bels\u0151) enged\u00e9lyezett lev\u00e9l k\u00fcld\u00e9se. Amennyiben &hellip;<\/p>\n","protected":false},"author":102084,"featured_media":0,"parent":16370,"menu_order":0,"comment_status":"closed","ping_status":"closed","template":"","meta":{"_acf_changed":false,"footnotes":""},"categories":[],"tags":[],"class_list":["post-19249","page","type-page","status-publish","hentry"],"acf":[],"_links":{"self":[{"href":"https:\/\/semmelweis.hu\/informatika\/wp-json\/wp\/v2\/pages\/19249","targetHints":{"allow":["GET"]}}],"collection":[{"href":"https:\/\/semmelweis.hu\/informatika\/wp-json\/wp\/v2\/pages"}],"about":[{"href":"https:\/\/semmelweis.hu\/informatika\/wp-json\/wp\/v2\/types\/page"}],"author":[{"embeddable":true,"href":"https:\/\/semmelweis.hu\/informatika\/wp-json\/wp\/v2\/users\/102084"}],"replies":[{"embeddable":true,"href":"https:\/\/semmelweis.hu\/informatika\/wp-json\/wp\/v2\/comments?post=19249"}],"version-history":[{"count":2,"href":"https:\/\/semmelweis.hu\/informatika\/wp-json\/wp\/v2\/pages\/19249\/revisions"}],"predecessor-version":[{"id":19252,"href":"https:\/\/semmelweis.hu\/informatika\/wp-json\/wp\/v2\/pages\/19249\/revisions\/19252"}],"up":[{"embeddable":true,"href":"https:\/\/semmelweis.hu\/informatika\/wp-json\/wp\/v2\/pages\/16370"}],"wp:attachment":[{"href":"https:\/\/semmelweis.hu\/informatika\/wp-json\/wp\/v2\/media?parent=19249"}],"wp:term":[{"taxonomy":"category","embeddable":true,"href":"https:\/\/semmelweis.hu\/informatika\/wp-json\/wp\/v2\/categories?post=19249"},{"taxonomy":"post_tag","embeddable":true,"href":"https:\/\/semmelweis.hu\/informatika\/wp-json\/wp\/v2\/tags?post=19249"}],"curies":[{"name":"wp","href":"https:\/\/api.w.org\/{rel}","templated":true}]}}