{"id":18881,"date":"2024-07-18T11:55:57","date_gmt":"2024-07-18T09:55:57","guid":{"rendered":"https:\/\/semmelweis.hu\/informatika\/?page_id=18881"},"modified":"2024-08-07T11:48:26","modified_gmt":"2024-08-07T09:48:26","slug":"utmutato-hallgatoi-o365-fiok-aktivalasahoz","status":"publish","type":"page","link":"https:\/\/semmelweis.hu\/informatika\/o365\/tutorial-anyagok\/utmutato-hallgatoi-o365-fiok-aktivalasahoz\/","title":{"rendered":"\u00datmutat\u00f3 hallgat\u00f3i O365 fi\u00f3k aktiv\u00e1l\u00e1s\u00e1hoz"},"content":{"rendered":"<h5>Tisztelt Hallgat\u00f3nk!<\/h5>\n<p>\nPostafi\u00f3kj\u00e1t aktiv\u00e1lhatja a <a href=\"https:\/\/o365portal.semmelweis.hu\/\">https:\/\/o365portal.semmelweis.hu\/<\/a> oldalon az &#8222;Azonos\u00edt\u00f3 aktiv\u00e1l\u00e1s&#8221; gombra kattintva.<br \/>\nAz aktiv\u00e1l\u00e1shoz a kapott Neptun k\u00f3dj\u00e1ra, illetve sz\u00fclet\u00e9si d\u00e1tum\u00e1ra lesz sz\u00fcks\u00e9ge.<\/p>\n<p>Az aktiv\u00e1l\u00e1s folyamata sor\u00e1n meg kell adnia egy priv\u00e1t emailc\u00edmet. Ezt kiz\u00e1r\u00f3lag a kezdeti jelszav\u00e1nak \u00f6nkiszolg\u00e1l\u00f3 be\u00e1ll\u00edt\u00e1s\u00e1hoz, illetve a k\u00e9s\u0151bbiekben a jelsz\u00f3 alaphelyzetbe \u00e1ll\u00edt\u00e1s\u00e1hoz haszn\u00e1ljuk.<\/p>\n<p>K\u00e9rd\u00e9s, probl\u00e9ma eset\u00e9n az O365 helpdesk csapatunk seg\u00edt:\u00a0<a href=\"https:\/\/semmelweis.hu\/informatika\/o365\/o365-helpdesk\/\">https:\/\/semmelweis.hu\/informatika\/o365\/o365-helpdesk\/<\/a><\/p>\n<p>Amennyiben szem\u00e9lyes seg\u00edts\u00e9gre lenne sz\u00fcks\u00e9ge, k\u00e9rj\u00fck keresse informatikai \u00fcgyf\u00e9lszolg\u00e1latos koll\u00e9g\u00e1inkat a Baross utca 52. sz\u00e1m alatti irodah\u00e1zunk f\u00f6ldszintj\u00e9n, kedden \u00e9s cs\u00fct\u00f6rt\u00f6k\u00f6n 9:00-12:00 k\u00f6z\u00f6tt.<\/p>\n","protected":false},"excerpt":{"rendered":"<p>Tisztelt Hallgat\u00f3nk! Postafi\u00f3kj\u00e1t aktiv\u00e1lhatja a <a href=\"https:\/\/o365portal.semmelweis.hu\/\">https:\/\/o365portal.semmelweis.hu\/<\/a> oldalon az &#8222;Azonos\u00edt\u00f3 aktiv\u00e1l\u00e1s&#8221; gombra kattintva. Az aktiv\u00e1l\u00e1shoz a kapott Neptun k\u00f3dj\u00e1ra, illetve sz\u00fclet\u00e9si d\u00e1tum\u00e1ra lesz sz\u00fcks\u00e9ge. Az aktiv\u00e1l\u00e1s folyamata sor\u00e1n meg kell adnia egy priv\u00e1t emailc\u00edmet. Ezt kiz\u00e1r\u00f3lag a kezdeti jelszav\u00e1nak \u00f6nkiszolg\u00e1l\u00f3 be\u00e1ll\u00edt\u00e1s\u00e1hoz, illetve a k\u00e9s\u0151bbiekben a jelsz\u00f3 alaphelyzetbe \u00e1ll\u00edt\u00e1s\u00e1hoz haszn\u00e1ljuk. K\u00e9rd\u00e9s, probl\u00e9ma eset\u00e9n az O365 helpdesk csapatunk seg\u00edt:\u00a0 <a href=\"https:\/\/semmelweis.hu\/informatika\/o365\/o365-helpdesk\/\">https:\/\/semmelweis.hu\/informatika\/o365\/o365-helpdesk\/<\/a> &hellip;<\/p>\n","protected":false},"author":101614,"featured_media":0,"parent":16372,"menu_order":0,"comment_status":"closed","ping_status":"closed","template":"","meta":{"_acf_changed":false,"footnotes":""},"categories":[],"tags":[],"class_list":["post-18881","page","type-page","status-publish","hentry"],"acf":[],"_links":{"self":[{"href":"https:\/\/semmelweis.hu\/informatika\/wp-json\/wp\/v2\/pages\/18881","targetHints":{"allow":["GET"]}}],"collection":[{"href":"https:\/\/semmelweis.hu\/informatika\/wp-json\/wp\/v2\/pages"}],"about":[{"href":"https:\/\/semmelweis.hu\/informatika\/wp-json\/wp\/v2\/types\/page"}],"author":[{"embeddable":true,"href":"https:\/\/semmelweis.hu\/informatika\/wp-json\/wp\/v2\/users\/101614"}],"replies":[{"embeddable":true,"href":"https:\/\/semmelweis.hu\/informatika\/wp-json\/wp\/v2\/comments?post=18881"}],"version-history":[{"count":4,"href":"https:\/\/semmelweis.hu\/informatika\/wp-json\/wp\/v2\/pages\/18881\/revisions"}],"predecessor-version":[{"id":18895,"href":"https:\/\/semmelweis.hu\/informatika\/wp-json\/wp\/v2\/pages\/18881\/revisions\/18895"}],"up":[{"embeddable":true,"href":"https:\/\/semmelweis.hu\/informatika\/wp-json\/wp\/v2\/pages\/16372"}],"wp:attachment":[{"href":"https:\/\/semmelweis.hu\/informatika\/wp-json\/wp\/v2\/media?parent=18881"}],"wp:term":[{"taxonomy":"category","embeddable":true,"href":"https:\/\/semmelweis.hu\/informatika\/wp-json\/wp\/v2\/categories?post=18881"},{"taxonomy":"post_tag","embeddable":true,"href":"https:\/\/semmelweis.hu\/informatika\/wp-json\/wp\/v2\/tags?post=18881"}],"curies":[{"name":"wp","href":"https:\/\/api.w.org\/{rel}","templated":true}]}}