{"id":18329,"date":"2023-11-24T12:07:34","date_gmt":"2023-11-24T11:07:34","guid":{"rendered":"https:\/\/semmelweis.hu\/informatika\/?page_id=18329"},"modified":"2023-12-04T14:34:20","modified_gmt":"2023-12-04T13:34:20","slug":"mediaki-rendszer","status":"publish","type":"page","link":"https:\/\/semmelweis.hu\/informatika\/rolunk\/adatok-szamok\/mediaki-rendszer\/","title":{"rendered":"Medikai rendszer &#8211; MedSolution"},"content":{"rendered":"<div><strong>MedSolution &#8211; Egyetemi eg\u00e9szs\u00e9g\u00fcgyi informatikai rendszer\u00a0<\/strong><\/div>\n<div>\u00a0<\/div>\n<div>Az egyetemi eg\u00e9szs\u00e9g\u00fcgyi informatikai rendszer, azaz a MedSolution, t\u00f6bb mint 4000 felhaszn\u00e1l\u00f3val rendelkezik. A felhaszn\u00e1l\u00f3k sz\u00e1ma \u00e9vr\u0151l \u00e9vre n\u0151 az egyetemi szolg\u00e1ltat\u00e1sok b\u0151v\u00fcl\u00e9s\u00e9vel. Az egyidej\u0171 felhaszn\u00e1l\u00f3k sz\u00e1ma id\u00e9n cs\u00facsot d\u00f6nt\u00f6tt, egyes id\u0151szakokban 1000 f\u00f6l\u00e9 emelkedett. A szolg\u00e1ltat\u00e1sok r\u00e9szletes le\u00edr\u00e1s\u00e1r\u00f3l az al\u00e1bbi linken t\u00e1j\u00e9koz\u00f3dhat: <a id=\"LPNoLPOWALinkPreview\" href=\"https:\/\/semmelweis.hu\/informatika\/egyeb-szolgaltatasok\/medikai-rendszer\/\" target=\"_blank\" rel=\"noopener noreferrer\" data-auth=\"NotApplicable\" data-linkindex=\"3\">https:\/\/semmelweis.hu\/informatika\/egyeb-szolgaltatasok\/medikai-rendszer\/<\/a><\/div>\n<div>A rendszert k\u00e9t felhaszn\u00e1l\u00f3 fel\u00fcleten lehet el\u00e9rni. Az al\u00e1bbi \u00e1br\u00e1n l\u00e1tszik, hogy az \u00faj, webes e-MedSol haszn\u00e1lata\u00a0 gyakorlatilag domin\u00e1ns. Fontos kiemelni, hogy mindk\u00e9t fel\u00fclet ugyanazon az adatb\u00e1zison dolgozik, az h\u00e1tt\u00e9rben az adatok egys\u00e9gesek.<\/div>\n<div>\n<!-- iframe plugin v.4.9 wordpress.org\/plugins\/iframe\/ -->\n<iframe loading=\"lazy\" src=\"https:\/\/monitoring-ext.intra.usn.hu:3000\/d-solo\/9v50LJP4z\/semmelweis?orgId=1&#038;theme=light&#038;panelId=6\" width=\"100%\" height=\"500\" scrolling=\"yes\" class=\"iframe-class\" frameborder=\"0\"><\/iframe>\n<\/div>\n","protected":false},"excerpt":{"rendered":"<p>MedSolution &#8211; Egyetemi eg\u00e9szs\u00e9g\u00fcgyi informatikai rendszer\u00a0 \u00a0 Az egyetemi eg\u00e9szs\u00e9g\u00fcgyi informatikai rendszer, azaz a MedSolution, t\u00f6bb mint 4000 felhaszn\u00e1l\u00f3val rendelkezik. A felhaszn\u00e1l\u00f3k sz\u00e1ma \u00e9vr\u0151l \u00e9vre n\u0151 az egyetemi szolg\u00e1ltat\u00e1sok b\u0151v\u00fcl\u00e9s\u00e9vel. Az egyidej\u0171 felhaszn\u00e1l\u00f3k sz\u00e1ma id\u00e9n cs\u00facsot d\u00f6nt\u00f6tt, egyes id\u0151szakokban 1000 f\u00f6l\u00e9 emelkedett. A szolg\u00e1ltat\u00e1sok r\u00e9szletes le\u00edr\u00e1s\u00e1r\u00f3l az al\u00e1bbi linken t\u00e1j\u00e9koz\u00f3dhat: <a id=\"LPNoLPOWALinkPreview\" href=\"https:\/\/semmelweis.hu\/informatika\/egyeb-szolgaltatasok\/medikai-rendszer\/\" target=\"_blank\" rel=\"noopener noreferrer\" data-auth=\"NotApplicable\" data-linkindex=\"3\">https:\/\/semmelweis.hu\/informatika\/egyeb-szolgaltatasok\/medikai-rendszer\/<\/a> A rendszert k\u00e9t felhaszn\u00e1l\u00f3 fel\u00fcleten &hellip;<\/p>\n","protected":false},"author":101934,"featured_media":0,"parent":17886,"menu_order":5,"comment_status":"closed","ping_status":"closed","template":"","meta":{"_acf_changed":false,"footnotes":""},"categories":[],"tags":[],"class_list":["post-18329","page","type-page","status-publish","hentry"],"acf":[],"_links":{"self":[{"href":"https:\/\/semmelweis.hu\/informatika\/wp-json\/wp\/v2\/pages\/18329","targetHints":{"allow":["GET"]}}],"collection":[{"href":"https:\/\/semmelweis.hu\/informatika\/wp-json\/wp\/v2\/pages"}],"about":[{"href":"https:\/\/semmelweis.hu\/informatika\/wp-json\/wp\/v2\/types\/page"}],"author":[{"embeddable":true,"href":"https:\/\/semmelweis.hu\/informatika\/wp-json\/wp\/v2\/users\/101934"}],"replies":[{"embeddable":true,"href":"https:\/\/semmelweis.hu\/informatika\/wp-json\/wp\/v2\/comments?post=18329"}],"version-history":[{"count":9,"href":"https:\/\/semmelweis.hu\/informatika\/wp-json\/wp\/v2\/pages\/18329\/revisions"}],"predecessor-version":[{"id":18402,"href":"https:\/\/semmelweis.hu\/informatika\/wp-json\/wp\/v2\/pages\/18329\/revisions\/18402"}],"up":[{"embeddable":true,"href":"https:\/\/semmelweis.hu\/informatika\/wp-json\/wp\/v2\/pages\/17886"}],"wp:attachment":[{"href":"https:\/\/semmelweis.hu\/informatika\/wp-json\/wp\/v2\/media?parent=18329"}],"wp:term":[{"taxonomy":"category","embeddable":true,"href":"https:\/\/semmelweis.hu\/informatika\/wp-json\/wp\/v2\/categories?post=18329"},{"taxonomy":"post_tag","embeddable":true,"href":"https:\/\/semmelweis.hu\/informatika\/wp-json\/wp\/v2\/tags?post=18329"}],"curies":[{"name":"wp","href":"https:\/\/api.w.org\/{rel}","templated":true}]}}