{"id":18214,"date":"2023-11-06T09:19:12","date_gmt":"2023-11-06T08:19:12","guid":{"rendered":"https:\/\/semmelweis.hu\/informatika\/?page_id=18214"},"modified":"2023-11-06T13:32:43","modified_gmt":"2023-11-06T12:32:43","slug":"onboarding-anyagok-uj-belepok-szamara","status":"publish","type":"page","link":"https:\/\/semmelweis.hu\/informatika\/egyeb-szolgaltatasok\/egyeb-szolgaltatasok-2\/onboarding-anyagok-uj-belepok-szamara\/","title":{"rendered":"Onboarding anyagok \u00faj bel\u00e9p\u0151k sz\u00e1m\u00e1ra"},"content":{"rendered":"<p>Onboarding anyagaink seg\u00edts\u00e9get ny\u00fajtanak az \u00faj bel\u00e9p\u0151 koll\u00e9g\u00e1k sz\u00e1m\u00e1ra az informatikai rendszereinkben val\u00f3 eligazod\u00e1sban.<\/p>\n<p>T\u00e1j\u00e9koztat\u00f3 videi\u00f3nk \u00fatmutat\u00e1st adnak az e-mail c\u00edm aktiv\u00e1l\u00e1s\u00e1t\u00f3l, a t\u00e1rhelyek haszn\u00e1lat\u00e1n, valamint a k\u00fcl\u00f6nf\u00e9le szolg\u00e1ltat\u00e1sok ig\u00e9nyl\u00e9s\u00e9n \u00e1t, az inform\u00e1ci\u00f3biztons\u00e1gi fontos tudnival\u00f3kig, melyek ismerete hozz\u00e1seg\u00edti koll\u00e9g\u00e1inkat munkav\u00e9gz\u00e9s\u00fck ell\u00e1t\u00e1s\u00e1hoz.<\/p>\n<ul>\n<li>Informatikai onboarding t\u00e1j\u00e9koztat\u00f3<\/li>\n<\/ul>\n<p><iframe loading=\"lazy\" id=\"kaltura_player\" src=\"https:\/\/cdnapisec.kaltura.com\/p\/2714041\/sp\/271404100\/embedIframeJs\/uiconf_id\/45220391\/partner_id\/2714041?iframeembed=true&amp;playerId=kaltura_player&amp;entry_id=1_dryrq46x&amp;flashvars[streamerType]=auto&amp;amp;flashvars[localizationCode]=en&amp;amp;flashvars[sideBarContainer.plugin]=true&amp;amp;flashvars[sideBarContainer.position]=left&amp;amp;flashvars[sideBarContainer.clickToClose]=true&amp;amp;flashvars[chapters.plugin]=true&amp;amp;flashvars[chapters.layout]=vertical&amp;amp;flashvars[chapters.thumbnailRotator]=false&amp;amp;flashvars[streamSelector.plugin]=true&amp;amp;flashvars[EmbedPlayer.SpinnerTarget]=videoHolder&amp;amp;flashvars[dualScreen.plugin]=true&amp;amp;flashvars[hotspots.plugin]=1&amp;amp;flashvars[Kaltura.addCrossoriginToIframe]=true&amp;amp;&amp;wid=1_zkeaigu7\" width=\"608\" height=\"402\" frameborder=\"0\" sandbox=\"allow-downloads allow-forms allow-same-origin allow-scripts allow-top-navigation allow-pointer-lock allow-popups allow-modals allow-orientation-lock allow-popups-to-escape-sandbox allow-presentation allow-top-navigation-by-user-activation\" allowfullscreen=\"allowfullscreen\"><\/iframe><\/p>\n<ul>\n<li><span style=\"font-size: 1rem;\">Munkav\u00e1llal\u00f3i azonos\u00edt\u00f3 aktiv\u00e1l\u00e1sa<\/span><\/li>\n<\/ul>\n<p><iframe loading=\"lazy\" src=\"https:\/\/cdnapisec.kaltura.com\/p\/2714041\/sp\/271404100\/embedIframeJs\/uiconf_id\/45220391\/partner_id\/2714041?iframeembed=true&amp;playerId=kaltura_player&amp;entry_id=1_wdthwn85&amp;flashvars[streamerType]=auto&amp;amp;flashvars[localizationCode]=en&amp;amp;flashvars[sideBarContainer.plugin]=true&amp;amp;flashvars[sideBarContainer.position]=left&amp;amp;flashvars[sideBarContainer.clickToClose]=true&amp;amp;flashvars[chapters.plugin]=true&amp;amp;flashvars[chapters.layout]=vertical&amp;amp;flashvars[chapters.thumbnailRotator]=false&amp;amp;flashvars[streamSelector.plugin]=true&amp;amp;flashvars[EmbedPlayer.SpinnerTarget]=videoHolder&amp;amp;flashvars[dualScreen.plugin]=true&amp;amp;flashvars[hotspots.plugin]=1&amp;amp;flashvars[Kaltura.addCrossoriginToIframe]=true&amp;amp;&amp;wid=1_g8wr1gp6\" width=\"608\" height=\"402\" frameborder=\"0\" sandbox=\"allow-downloads allow-forms allow-same-origin allow-scripts allow-top-navigation allow-pointer-lock allow-popups allow-modals allow-orientation-lock allow-popups-to-escape-sandbox allow-presentation allow-top-navigation-by-user-activation\" allowfullscreen=\"allowfullscreen\"><\/iframe><\/p>\n<ul>\n<li><a href=\"https:\/\/unisemmelweis-my.sharepoint.com\/:b:\/r\/personal\/szekeres_jozsef_semmelweis_hu\/Documents\/Microsoft%20Teams-cseveg%C3%A9si%20f%C3%A1jlok\/Munkav%C3%A1llal%C3%B3i%20azonos%C3%ADt%C3%B3%20aktiv%C3%A1l%C3%A1sa.pdf?csf=1&amp;web=1&amp;e=OKgskl\" target=\"_blank\" rel=\"noopener\">\u00a0Munkav\u00e1llal\u00f3i azonos\u00edt\u00f3 aktiv\u00e1l\u00e1sa.pdf<\/a><\/li>\n<\/ul>\n","protected":false},"excerpt":{"rendered":"<p>Onboarding anyagaink seg\u00edts\u00e9get ny\u00fajtanak az \u00faj bel\u00e9p\u0151 koll\u00e9g\u00e1k sz\u00e1m\u00e1ra az informatikai rendszereinkben val\u00f3 eligazod\u00e1sban.<br \/>\nT\u00e1j\u00e9koztat\u00f3 videi\u00f3nk \u00fatmutat\u00e1st adnak az e-mail c\u00edm aktiv\u00e1l\u00e1s\u00e1t\u00f3l, a t\u00e1rhelyek haszn\u00e1lat\u00e1n, valamint a k\u00fcl\u00f6nf\u00e9le szolg\u00e1ltat\u00e1sok ig\u00e9nyl\u00e9s\u00e9n \u00e1t, az inform\u00e1ci\u00f3biztons\u00e1gi fontos tudnival\u00f3kig, melyek ismerete hozz\u00e1seg\u00edti koll\u00e9g\u00e1inkat munkav\u00e9gz\u00e9s\u00fck ell\u00e1t\u00e1s\u00e1hoz.<\/p>\n<p>Informatikai onboarding t\u00e1j\u00e9koztat\u00f3<\/p>\n<p>Munkav\u00e1llal\u00f3i azonos\u00edt\u00f3 aktiv\u00e1l\u00e1sa<\/p>\n<p><a href=\"https:\/\/unisemmelweis-my.sharepoint.com\/:b:\/r\/personal\/szekeres_jozsef_semmelweis_hu\/Documents\/Microsoft%20Teams-cseveg%C3%A9si%20f%C3%A1jlok\/Munkav%C3%A1llal%C3%B3i%20azonos%C3%ADt%C3%B3%20aktiv%C3%A1l%C3%A1sa.pdf?csf=1&amp;web=1&amp;e=OKgskl\" target=\"_blank\" rel=\"noopener\">\u00a0Munkav\u00e1llal\u00f3i azonos\u00edt\u00f3 aktiv\u00e1l\u00e1sa.pdf<\/a><\/p>\n","protected":false},"author":101934,"featured_media":0,"parent":18062,"menu_order":0,"comment_status":"closed","ping_status":"closed","template":"","meta":{"_acf_changed":false,"footnotes":""},"categories":[],"tags":[],"class_list":["post-18214","page","type-page","status-publish","hentry"],"acf":[],"_links":{"self":[{"href":"https:\/\/semmelweis.hu\/informatika\/wp-json\/wp\/v2\/pages\/18214","targetHints":{"allow":["GET"]}}],"collection":[{"href":"https:\/\/semmelweis.hu\/informatika\/wp-json\/wp\/v2\/pages"}],"about":[{"href":"https:\/\/semmelweis.hu\/informatika\/wp-json\/wp\/v2\/types\/page"}],"author":[{"embeddable":true,"href":"https:\/\/semmelweis.hu\/informatika\/wp-json\/wp\/v2\/users\/101934"}],"replies":[{"embeddable":true,"href":"https:\/\/semmelweis.hu\/informatika\/wp-json\/wp\/v2\/comments?post=18214"}],"version-history":[{"count":10,"href":"https:\/\/semmelweis.hu\/informatika\/wp-json\/wp\/v2\/pages\/18214\/revisions"}],"predecessor-version":[{"id":18216,"href":"https:\/\/semmelweis.hu\/informatika\/wp-json\/wp\/v2\/pages\/18214\/revisions\/18216"}],"up":[{"embeddable":true,"href":"https:\/\/semmelweis.hu\/informatika\/wp-json\/wp\/v2\/pages\/18062"}],"wp:attachment":[{"href":"https:\/\/semmelweis.hu\/informatika\/wp-json\/wp\/v2\/media?parent=18214"}],"wp:term":[{"taxonomy":"category","embeddable":true,"href":"https:\/\/semmelweis.hu\/informatika\/wp-json\/wp\/v2\/categories?post=18214"},{"taxonomy":"post_tag","embeddable":true,"href":"https:\/\/semmelweis.hu\/informatika\/wp-json\/wp\/v2\/tags?post=18214"}],"curies":[{"name":"wp","href":"https:\/\/api.w.org\/{rel}","templated":true}]}}