{"id":17870,"date":"2023-07-11T14:47:16","date_gmt":"2023-07-11T12:47:16","guid":{"rendered":"https:\/\/semmelweis.hu\/informatika\/?page_id=17870"},"modified":"2023-07-11T14:49:06","modified_gmt":"2023-07-11T12:49:06","slug":"outlook-megosztott-postafiokok-hasznalata","status":"publish","type":"page","link":"https:\/\/semmelweis.hu\/informatika\/o365\/tutorial-anyagok\/outlook-megosztott-postafiokok-hasznalata\/","title":{"rendered":"Outlook megosztott postafi\u00f3kok haszn\u00e1lata"},"content":{"rendered":"<h1 style=\"text-align: center;\">Megosztott postafi\u00f3kok haszn\u00e1lata<\/h1>\n<h5 style=\"text-align: center;\">Felhaszn\u00e1l\u00f3i \u00fatmutat\u00f3<\/h5>\n<p>A megosztott postafi\u00f3k l\u00e9trehoz\u00e1s\u00e1t k\u00f6vet\u0151en az al\u00e1bbi be\u00e1ll\u00edt\u00e1sokra van m\u00e9g sz\u00fcks\u00e9g, hogy haszn\u00e1latba tudja venni a l\u00e9trehozott fi\u00f3kot.<br \/>\nAz \u00fatmutat\u00f3nak k\u00e9t r\u00e9sze van. Az els\u0151 r\u00e9szben az Outlook telep\u00edtett asztali verzi\u00f3j\u00e1nak a l\u00e9p\u00e9seit mutatja be, a m\u00e1sodik r\u00e9szben pedig a webes fel\u00fcleten t\u00f6rt\u00e9n\u0151 haszn\u00e1latba v\u00e9telt.<\/p>\n<p><strong>Outlook telep\u00edtett asztali verzi\u00f3<\/strong><\/p>\n<p><em>A megosztott postafi\u00f3k megtekint\u00e9se<\/em><\/p>\n<p>A megosztott postafi\u00f3k r\u00f6vid id\u0151n bel\u00fcl automatikusan meg fog jelenni a bal oldali f\u00fcgg\u0151leges list\u00e1ban, ahol a postafi\u00f3kok tal\u00e1lhat\u00f3ak.<\/p>\n<p><img loading=\"lazy\" decoding=\"async\" class=\"size-medium wp-image-17875 aligncenter\" src=\"https:\/\/semmelweis.hu\/informatika\/files\/2023\/07\/image1-265x400.png\" alt=\"\" width=\"265\" height=\"400\" srcset=\"https:\/\/semmelweis.hu\/informatika\/files\/2023\/07\/image1-265x400.png 265w, https:\/\/semmelweis.hu\/informatika\/files\/2023\/07\/image1.png 282w\" sizes=\"auto, (max-width: 265px) 100vw, 265px\" \/><\/p>\n<p>&nbsp;<\/p>\n<p>Amennyiben csak olvasni szeretn\u00e9 a postafi\u00f3kot, akkor nincs tov\u00e1bbi teend\u0151, a kor\u00e1bbi \u00e9s az \u00faj leveleket is l\u00e1tni fogja.<\/p>\n<p><em>Lev\u00e9lk\u00fcld\u00e9s a megosztott postafi\u00f3k nev\u00e9ben<\/em><br \/>\nAmennyiben egy be\u00e9rkezett \u00fczenetre v\u00e1laszolni szeretne, vagy tov\u00e1bb\u00edtan\u00e1 azt, akkor sincs k\u00fcl\u00f6n\u00f6sebb teend\u0151, felad\u00f3k\u00e9nt automatikusan a megosztott postafi\u00f3k fog megjelenni.<br \/>\nUgyanakkor, ha \u00faj levelet szeretne \u00edrni a megosztott postafi\u00f3k nev\u00e9ben, akkor els\u0151 alkalommal az al\u00e1bbi l\u00e9p\u00e9seket sz\u00fcks\u00e9ges elv\u00e9gezni. Kattintson az \u00daj e-mail gombra az Outlook f\u0151ablak\u00e1ban.<\/p>\n<p><img loading=\"lazy\" decoding=\"async\" class=\"size-full wp-image-17876 aligncenter\" src=\"https:\/\/semmelweis.hu\/informatika\/files\/2023\/07\/image2.png\" alt=\"\" width=\"272\" height=\"167\" \/><\/p>\n<p>A lev\u00e9lk\u00fcld\u00e9si ablakban kattintson a Felad\u00f3 gombra, majd a M\u00e1s e-mail c\u00edm\u2026 lehet\u0151s\u00e9gre. (Amennyiben nem l\u00e1tja a Felad\u00f3 gombot, akkor a fenti men\u00fcsorban kattintson a Be\u00e1ll\u00edt\u00e1sok Mez\u0151k megjelen\u00edt\u00e9se Felad\u00f3 gombra.)<\/p>\n<p><img loading=\"lazy\" decoding=\"async\" class=\"size-full wp-image-17877 aligncenter\" src=\"https:\/\/semmelweis.hu\/informatika\/files\/2023\/07\/image3.png\" alt=\"\" width=\"378\" height=\"173\" \/><\/p>\n<p>A megjelen\u0151 ablakban ism\u00e9t kattintson a Felad\u00f3 gombra, majd a c\u00edmjegyz\u00e9kben a leg\u00f6rd\u00fcl\u0151 men\u00fcben v\u00e1lassza ki a Glob\u00e1lis c\u00edmlist\u00e1t. A keres\u0151 mez\u0151ben keressen r\u00e1 a megosztott postafi\u00f3k nev\u00e9re, a tal\u00e1lati list\u00e1ban jel\u00f6lje azt ki, majd nyomja meg az OK gombot.<\/p>\n<p><img loading=\"lazy\" decoding=\"async\" class=\"size-medium wp-image-17878 aligncenter\" src=\"https:\/\/semmelweis.hu\/informatika\/files\/2023\/07\/image4-400x284.png\" alt=\"\" width=\"400\" height=\"284\" srcset=\"https:\/\/semmelweis.hu\/informatika\/files\/2023\/07\/image4-400x284.png 400w, https:\/\/semmelweis.hu\/informatika\/files\/2023\/07\/image4.png 640w\" sizes=\"auto, (max-width: 400px) 100vw, 400px\" \/><\/p>\n<p>A most l\u00e1that\u00f3 ablakban m\u00e1r meg fog jelenni a megosztott postafi\u00f3k, mint felad\u00f3. Az OK gombra kattintva a lev\u00e9lk\u00fcld\u00e9si ablakban is a megosztott postafi\u00f3k nev\u00e9t fogja l\u00e1tni felad\u00f3k\u00e9nt.<\/p>\n<p><img loading=\"lazy\" decoding=\"async\" class=\"size-medium wp-image-17879 aligncenter\" src=\"https:\/\/semmelweis.hu\/informatika\/files\/2023\/07\/image5-400x115.png\" alt=\"\" width=\"400\" height=\"115\" srcset=\"https:\/\/semmelweis.hu\/informatika\/files\/2023\/07\/image5-400x115.png 400w, https:\/\/semmelweis.hu\/informatika\/files\/2023\/07\/image5.png 430w\" sizes=\"auto, (max-width: 400px) 100vw, 400px\" \/><\/p>\n<p>Ha most elk\u00fcldi az \u00fczenetet, akkor a felad\u00f3 a megosztott postafi\u00f3k lesz. A lev\u00e9l meg fog jelenni a saj\u00e1t, illetve a megosztott postafi\u00f3k kimen\u0151 levelek mapp\u00e1j\u00e1ban is.<br \/>\nHa legk\u00f6zelebb \u00faj levelet szeretne k\u00fcldeni, akkor csak annyi a teend\u0151, hogy az \u00faj \u00fczenet ablak\u00e1ban a Felad\u00f3 gombra kattint, de ekkor m\u00e1r a megjelen\u0151 list\u00e1ban ott lesz a megosztott postafi\u00f3k is, nem kell \u00fajra kikeresni a c\u00edmjegyz\u00e9kb\u0151l.<\/p>\n<h5>Outlook webes fel\u00fclet<\/h5>\n<p><em>A megosztott postafi\u00f3k megtekint\u00e9se<\/em><\/p>\n<p>Ha az Outlook webes fel\u00fclet\u00e9t haszn\u00e1lja, akkor nem fog megjelenni automatikusan a megosztott postafi\u00f3k. Ebben az esetben a jobb fels\u0151 sarokban tal\u00e1lhat\u00f3 monogramra kell kattintani, majd az \u00daj postal\u00e1da megnyit\u00e1sa lehet\u0151s\u00e9gre.<\/p>\n<p><img loading=\"lazy\" decoding=\"async\" class=\"size-medium wp-image-17880 aligncenter\" src=\"https:\/\/semmelweis.hu\/informatika\/files\/2023\/07\/image6-400x349.png\" alt=\"\" width=\"400\" height=\"349\" srcset=\"https:\/\/semmelweis.hu\/informatika\/files\/2023\/07\/image6-400x349.png 400w, https:\/\/semmelweis.hu\/informatika\/files\/2023\/07\/image6.png 481w\" sizes=\"auto, (max-width: 400px) 100vw, 400px\" \/><\/p>\n<p>A megjelen\u0151 ablakban kezdje el beg\u00e9pelni a megosztott postafi\u00f3k nev\u00e9t, aminek hat\u00e1s\u00e1ra fel fog ugrani javaslatk\u00e9nt a fi\u00f3k. A fi\u00f3kra, majd a Megnyit\u00e1s gombra kattintva egy \u00faj lap ny\u00edlik meg, ahol m\u00e1r a megosztott postafi\u00f3kot fogja l\u00e1tni.<\/p>\n<p><img loading=\"lazy\" decoding=\"async\" class=\"size-full wp-image-17881 aligncenter\" src=\"https:\/\/semmelweis.hu\/informatika\/files\/2023\/07\/image7.png\" alt=\"\" width=\"388\" height=\"191\" \/><\/p>\n<p><em>Lev\u00e9lk\u00fcld\u00e9s a megosztott postafi\u00f3k nev\u00e9ben<\/em><br \/>\nItt nincs k\u00fcl\u00f6n\u00f6sebb teend\u0151je. \u00dagy haszn\u00e1lhatja a fi\u00f3kot, mint egy hagyom\u00e1nyos postafi\u00f3k.<\/p>\n","protected":false},"excerpt":{"rendered":"<p>Megosztott postafi\u00f3kok haszn\u00e1lata Felhaszn\u00e1l\u00f3i \u00fatmutat\u00f3 A megosztott postafi\u00f3k l\u00e9trehoz\u00e1s\u00e1t k\u00f6vet\u0151en az al\u00e1bbi be\u00e1ll\u00edt\u00e1sokra van m\u00e9g sz\u00fcks\u00e9g, hogy haszn\u00e1latba tudja venni a l\u00e9trehozott fi\u00f3kot. Az \u00fatmutat\u00f3nak k\u00e9t r\u00e9sze van. Az els\u0151 r\u00e9szben az Outlook telep\u00edtett asztali verzi\u00f3j\u00e1nak a l\u00e9p\u00e9seit mutatja be, a m\u00e1sodik r\u00e9szben pedig a webes fel\u00fcleten t\u00f6rt\u00e9n\u0151 haszn\u00e1latba v\u00e9telt. Outlook telep\u00edtett asztali verzi\u00f3 A &hellip;<\/p>\n","protected":false},"author":101934,"featured_media":0,"parent":16372,"menu_order":65,"comment_status":"closed","ping_status":"closed","template":"","meta":{"_acf_changed":false,"footnotes":""},"categories":[],"tags":[],"class_list":["post-17870","page","type-page","status-publish","hentry"],"acf":[],"_links":{"self":[{"href":"https:\/\/semmelweis.hu\/informatika\/wp-json\/wp\/v2\/pages\/17870","targetHints":{"allow":["GET"]}}],"collection":[{"href":"https:\/\/semmelweis.hu\/informatika\/wp-json\/wp\/v2\/pages"}],"about":[{"href":"https:\/\/semmelweis.hu\/informatika\/wp-json\/wp\/v2\/types\/page"}],"author":[{"embeddable":true,"href":"https:\/\/semmelweis.hu\/informatika\/wp-json\/wp\/v2\/users\/101934"}],"replies":[{"embeddable":true,"href":"https:\/\/semmelweis.hu\/informatika\/wp-json\/wp\/v2\/comments?post=17870"}],"version-history":[{"count":1,"href":"https:\/\/semmelweis.hu\/informatika\/wp-json\/wp\/v2\/pages\/17870\/revisions"}],"predecessor-version":[{"id":17882,"href":"https:\/\/semmelweis.hu\/informatika\/wp-json\/wp\/v2\/pages\/17870\/revisions\/17882"}],"up":[{"embeddable":true,"href":"https:\/\/semmelweis.hu\/informatika\/wp-json\/wp\/v2\/pages\/16372"}],"wp:attachment":[{"href":"https:\/\/semmelweis.hu\/informatika\/wp-json\/wp\/v2\/media?parent=17870"}],"wp:term":[{"taxonomy":"category","embeddable":true,"href":"https:\/\/semmelweis.hu\/informatika\/wp-json\/wp\/v2\/categories?post=17870"},{"taxonomy":"post_tag","embeddable":true,"href":"https:\/\/semmelweis.hu\/informatika\/wp-json\/wp\/v2\/tags?post=17870"}],"curies":[{"name":"wp","href":"https:\/\/api.w.org\/{rel}","templated":true}]}}