{"id":17680,"date":"2023-04-20T09:47:17","date_gmt":"2023-04-20T07:47:17","guid":{"rendered":"https:\/\/semmelweis.hu\/informatika\/?page_id=17680"},"modified":"2023-11-16T16:53:11","modified_gmt":"2023-11-16T15:53:11","slug":"adatvedelem","status":"publish","type":"page","link":"https:\/\/semmelweis.hu\/informatika\/adatvedelem\/","title":{"rendered":"Adatv\u00e9delem"},"content":{"rendered":"<p><a href=\"https:\/\/semmelweis.hu\/informatika\/files\/2023\/04\/IFIG-01-Adatkezelesi-tajekoztato-202304.pdf\" target=\"_blank\" rel=\"noopener\">Adatkezel\u00e9si t\u00e1j\u00e9koztat\u00f3<\/a><\/p>\n<p><a href=\"https:\/\/semmelweis.hu\/informatika\/files\/2023\/04\/44902_IFIG_2023_IFIG-01-Adatkezelesi-tajekoztato-20230425.pdf\" target=\"_blank\" rel=\"noopener\">Adatkezel\u00e9si t\u00e1j\u00e9koztat\u00f3 (al\u00e1\u00edrt)<\/a><\/p>\n<ul>\n<li>Az adatkezel\u0151 <b>alapinfrastrukt\u00fara tev\u00e9kenys\u00e9g\u00e9vel<\/b> \u00f6sszef\u00fcgg\u0151 adatkezel\u00e9sekkel kapcsolatos inform\u00e1ci\u00f3k el\u00e9rhet\u0151s\u00e9ge: <br \/>\n<a href=\"https:\/\/semmelweis.hu\/informatika\/files\/2023\/04\/IFIG-01-AV-alapinfrastruktura-2023.pdf\" target=\"_blank\" rel=\"noopener\">Alapinfrastrukt\u00fara tev\u00e9kenys\u00e9g<\/a><\/li>\n<li>Az adatkezel\u0151 <strong>\u00fcgyf\u00e9lt\u00e1mogat\u00e1si speci\u00e1lis<\/strong> <strong>tev\u00e9kenys\u00e9g\u00e9vel<\/strong> \u00f6sszef\u00fcgg\u0151 adatkezel\u00e9sekkel kapcsolatos inform\u00e1ci\u00f3k el\u00e9rhet\u0151s\u00e9ge: <a href=\"https:\/\/semmelweis.hu\/informatika\/files\/2023\/04\/IFIG-01-AV-ugyfeltamogatas-2023.pdf\" target=\"_blank\" rel=\"noopener\">\u00dcgyf\u00e9lt\u00e1mogat\u00e1si speci\u00e1lis tev\u00e9kenys\u00e9g<\/a><\/li>\n<li>Az adatkezel\u0151 <strong>inform\u00e1ci\u00f3biztons\u00e1gi speci\u00e1lis<\/strong> <strong>tev\u00e9kenys\u00e9g\u00e9vel<\/strong> \u00f6sszef\u00fcgg\u0151 adatkezel\u00e9sekkel kapcsolatos inform\u00e1ci\u00f3k el\u00e9rhet\u0151s\u00e9ge: <a href=\"https:\/\/semmelweis.hu\/informatika\/files\/2023\/04\/IFIG-01-AV-ibf-2023.pdf\" target=\"_blank\" rel=\"noopener\">Inform\u00e1ci\u00f3biztons\u00e1gi speci\u00e1lis tev\u00e9kenys\u00e9g<\/a><\/li>\n<li>Az adatkezel\u0151 <strong>adminisztr\u00e1ci\u00f3s speci\u00e1lis<\/strong> <strong>tev\u00e9kenys\u00e9g\u00e9vel<\/strong> \u00f6sszef\u00fcgg\u0151 adatkezel\u00e9sekkel kapcsolatos inform\u00e1ci\u00f3k el\u00e9rhet\u0151s\u00e9ge: <br \/>\n<a href=\"https:\/\/semmelweis.hu\/informatika\/files\/2023\/04\/IFIG-01-AV-titkarsag-2023.pdf\" target=\"_blank\" rel=\"noopener\">Titk\u00e1rs\u00e1gi speci\u00e1lis tev\u00e9kenys\u00e9g<\/a><\/li>\n<li>Az adatkezel\u0151 <strong>m<\/strong><strong>unka\u00fcgyi <\/strong>adatkezel\u00e9sekkel kapcsolatos inform\u00e1ci\u00f3k el\u00e9rhet\u0151s\u00e9ge: <br \/>\n<a href=\"https:\/\/semmelweis.hu\/informatika\/files\/2023\/04\/IFIG-01-AV-munkaugy-2023.pdf\" target=\"_blank\" rel=\"noopener\">Munkav\u00e1llal\u00f3i adatkezel\u00e9s<\/a><\/li>\n<li>Az adatkezel\u0151 <strong>O365 fi\u00f3kok aktiv\u00e1l\u00e1s\u00e1val<\/strong> \u00f6sszef\u00fcgg\u0151 adatkezel\u00e9sekkel kapcsolatos inform\u00e1ci\u00f3k el\u00e9rhet\u0151s\u00e9ge:<br \/>\n<a href=\"https:\/\/semmelweis.hu\/informatika\/files\/2022\/05\/IFIG-Adatkezelesi_tajekoztato-2022-01.pdf\" target=\"_blank\" rel=\"noopener\">O365 fi\u00f3k aktiv\u00e1l\u00e1s\u00e1val kapcsolatos speci\u00e1lis tev\u00e9kenys\u00e9g<\/a><\/li>\n<\/ul>\n","protected":false},"excerpt":{"rendered":"<p><a href=\"https:\/\/semmelweis.hu\/informatika\/files\/2023\/04\/IFIG-01-Adatkezelesi-tajekoztato-202304.pdf\" target=\"_blank\" rel=\"noopener\">Adatkezel\u00e9si t\u00e1j\u00e9koztat\u00f3<\/a> <a href=\"https:\/\/semmelweis.hu\/informatika\/files\/2023\/04\/44902_IFIG_2023_IFIG-01-Adatkezelesi-tajekoztato-20230425.pdf\" target=\"_blank\" rel=\"noopener\">Adatkezel\u00e9si t\u00e1j\u00e9koztat\u00f3 (al\u00e1\u00edrt)<\/a> Az adatkezel\u0151 alapinfrastrukt\u00fara tev\u00e9kenys\u00e9g\u00e9vel \u00f6sszef\u00fcgg\u0151 adatkezel\u00e9sekkel kapcsolatos inform\u00e1ci\u00f3k el\u00e9rhet\u0151s\u00e9ge: <a href=\"https:\/\/semmelweis.hu\/informatika\/files\/2023\/04\/IFIG-01-AV-alapinfrastruktura-2023.pdf\" target=\"_blank\" rel=\"noopener\">Alapinfrastrukt\u00fara tev\u00e9kenys\u00e9g<\/a> Az adatkezel\u0151 \u00fcgyf\u00e9lt\u00e1mogat\u00e1si speci\u00e1lis tev\u00e9kenys\u00e9g\u00e9vel \u00f6sszef\u00fcgg\u0151 adatkezel\u00e9sekkel kapcsolatos inform\u00e1ci\u00f3k el\u00e9rhet\u0151s\u00e9ge: <a href=\"https:\/\/semmelweis.hu\/informatika\/files\/2023\/04\/IFIG-01-AV-ugyfeltamogatas-2023.pdf\" target=\"_blank\" rel=\"noopener\">\u00dcgyf\u00e9lt\u00e1mogat\u00e1si speci\u00e1lis tev\u00e9kenys\u00e9g<\/a> Az adatkezel\u0151 inform\u00e1ci\u00f3biztons\u00e1gi speci\u00e1lis tev\u00e9kenys\u00e9g\u00e9vel \u00f6sszef\u00fcgg\u0151 adatkezel\u00e9sekkel kapcsolatos inform\u00e1ci\u00f3k el\u00e9rhet\u0151s\u00e9ge: <a href=\"https:\/\/semmelweis.hu\/informatika\/files\/2023\/04\/IFIG-01-AV-ibf-2023.pdf\" target=\"_blank\" rel=\"noopener\">Inform\u00e1ci\u00f3biztons\u00e1gi speci\u00e1lis tev\u00e9kenys\u00e9g<\/a> Az adatkezel\u0151 adminisztr\u00e1ci\u00f3s speci\u00e1lis tev\u00e9kenys\u00e9g\u00e9vel \u00f6sszef\u00fcgg\u0151 adatkezel\u00e9sekkel kapcsolatos inform\u00e1ci\u00f3k el\u00e9rhet\u0151s\u00e9ge: <a href=\"https:\/\/semmelweis.hu\/informatika\/files\/2023\/04\/IFIG-01-AV-titkarsag-2023.pdf\" target=\"_blank\" rel=\"noopener\">Titk\u00e1rs\u00e1gi speci\u00e1lis tev\u00e9kenys\u00e9g<\/a> Az adatkezel\u0151 munka\u00fcgyi adatkezel\u00e9sekkel kapcsolatos inform\u00e1ci\u00f3k el\u00e9rhet\u0151s\u00e9ge: <a href=\"https:\/\/semmelweis.hu\/informatika\/files\/2023\/04\/IFIG-01-AV-munkaugy-2023.pdf\" target=\"_blank\" rel=\"noopener\">Munkav\u00e1llal\u00f3i adatkezel\u00e9s<\/a> Az adatkezel\u0151 O365 fi\u00f3kok aktiv\u00e1l\u00e1s\u00e1val \u00f6sszef\u00fcgg\u0151 adatkezel\u00e9sekkel kapcsolatos inform\u00e1ci\u00f3k &hellip;<\/p>\n","protected":false},"author":102155,"featured_media":0,"parent":0,"menu_order":4,"comment_status":"closed","ping_status":"closed","template":"","meta":{"_acf_changed":false,"footnotes":""},"categories":[],"tags":[],"class_list":["post-17680","page","type-page","status-publish","hentry"],"acf":[],"_links":{"self":[{"href":"https:\/\/semmelweis.hu\/informatika\/wp-json\/wp\/v2\/pages\/17680","targetHints":{"allow":["GET"]}}],"collection":[{"href":"https:\/\/semmelweis.hu\/informatika\/wp-json\/wp\/v2\/pages"}],"about":[{"href":"https:\/\/semmelweis.hu\/informatika\/wp-json\/wp\/v2\/types\/page"}],"author":[{"embeddable":true,"href":"https:\/\/semmelweis.hu\/informatika\/wp-json\/wp\/v2\/users\/102155"}],"replies":[{"embeddable":true,"href":"https:\/\/semmelweis.hu\/informatika\/wp-json\/wp\/v2\/comments?post=17680"}],"version-history":[{"count":10,"href":"https:\/\/semmelweis.hu\/informatika\/wp-json\/wp\/v2\/pages\/17680\/revisions"}],"predecessor-version":[{"id":17757,"href":"https:\/\/semmelweis.hu\/informatika\/wp-json\/wp\/v2\/pages\/17680\/revisions\/17757"}],"wp:attachment":[{"href":"https:\/\/semmelweis.hu\/informatika\/wp-json\/wp\/v2\/media?parent=17680"}],"wp:term":[{"taxonomy":"category","embeddable":true,"href":"https:\/\/semmelweis.hu\/informatika\/wp-json\/wp\/v2\/categories?post=17680"},{"taxonomy":"post_tag","embeddable":true,"href":"https:\/\/semmelweis.hu\/informatika\/wp-json\/wp\/v2\/tags?post=17680"}],"curies":[{"name":"wp","href":"https:\/\/api.w.org\/{rel}","templated":true}]}}