{"id":17220,"date":"2022-12-06T14:26:05","date_gmt":"2022-12-06T13:26:05","guid":{"rendered":"https:\/\/semmelweis.hu\/informatika\/?page_id=17220"},"modified":"2022-12-06T14:29:02","modified_gmt":"2022-12-06T13:29:02","slug":"gyik","status":"publish","type":"page","link":"https:\/\/semmelweis.hu\/informatika\/egyeb-szolgaltatasok\/egyeb-szolgaltatasok-2\/semmelweis-mobilapplikacio\/gyik\/","title":{"rendered":"Gyakran ism\u00e9telt k\u00e9rd\u00e9sek"},"content":{"rendered":"            <div class=\"qae-faqs-container qae-faqs-toggle-container\">\n\t\t\t\t\t\t\t<ul class=\"qe-faqs-filters-container\">\n\t\t\t\t<li class=\"active\"><a class=\"qe-faqs-filter all-faqs\" href=\"#\" data-filter=\"*\">All<\/a><\/li>\n\t\t\t\t<li><a class=\"qe-faqs-filter\" href=\"#semmelweis-mobilapplikacio\" data-filter=\".semmelweis-mobilapplikacio\">Semmelweis mobilapplik\u00e1ci\u00f3<\/a><\/li>\t\t\t<\/ul>\n\t\t\t\t\t<div id=\"qaef-17229\" class=\"qe-faq-toggle semmelweis-mobilapplikacio\">\n\t\t\t<div class=\"qe-toggle-title\">\n\t\t\t\t<h4>\n\t\t\t\t\t<i class=\"fa fa-minus-circle\"><\/i> Nem t\u00f6lt be az oldal, csak homok\u00f3r\u00e1zik.\t\t\t\t<\/h4>\n\t\t\t<\/div>\n\t\t\t<div class=\"qe-toggle-content\">\n\t\t\t\t<p>Az alkalmaz\u00e1s a b\u00f6ng\u00e9sz\u0151 viselked\u00e9s\u00e9t\u0151l f\u00fcgg. C\u00e9lszer\u0171 t\u00f6r\u00f6lni a b\u00f6ng\u00e9sz\u0151 let\u00f6lt\u00f6tt adatait \u00e9s be\u00e1ll\u00edt\u00e1sait.<\/p>\n<p>&nbsp;<\/p>\n\t\t\t<\/div>\n\t\t<\/div>\n\t\t\t\t<div id=\"qaef-17228\" class=\"qe-faq-toggle semmelweis-mobilapplikacio\">\n\t\t\t<div class=\"qe-toggle-title\">\n\t\t\t\t<h4>\n\t\t\t\t\t<i class=\"fa fa-minus-circle\"><\/i> Nem tudok bel\u00e9pni, mert nincs SeKA azonos\u00edt\u00f3m.\t\t\t\t<\/h4>\n\t\t\t<\/div>\n\t\t\t<div class=\"qe-toggle-content\">\n\t\t\t\t<p>Az O365-ba \u00e1tl\u00e9pett dolgoz\u00f3knak m\u00e1r van SeKA azonos\u00edt\u00f3ja, ami megegyezik az emailc\u00edm\u00e9vel.\u200b<\/p>\n\t\t\t<\/div>\n\t\t<\/div>\n\t\t            <\/div>\n\t\t\n","protected":false},"excerpt":{"rendered":"<p>Az O365-ba \u00e1tl\u00e9pett dolgoz\u00f3knak m\u00e1r van SeKA azonos\u00edt\u00f3ja, ami megegyezik az emailc\u00edm\u00e9vel.\u200b<\/p>\n","protected":false},"author":101614,"featured_media":0,"parent":17218,"menu_order":0,"comment_status":"closed","ping_status":"closed","template":"","meta":{"_acf_changed":false,"footnotes":""},"categories":[],"tags":[],"class_list":["post-17220","page","type-page","status-publish","hentry"],"acf":[],"_links":{"self":[{"href":"https:\/\/semmelweis.hu\/informatika\/wp-json\/wp\/v2\/pages\/17220","targetHints":{"allow":["GET"]}}],"collection":[{"href":"https:\/\/semmelweis.hu\/informatika\/wp-json\/wp\/v2\/pages"}],"about":[{"href":"https:\/\/semmelweis.hu\/informatika\/wp-json\/wp\/v2\/types\/page"}],"author":[{"embeddable":true,"href":"https:\/\/semmelweis.hu\/informatika\/wp-json\/wp\/v2\/users\/101614"}],"replies":[{"embeddable":true,"href":"https:\/\/semmelweis.hu\/informatika\/wp-json\/wp\/v2\/comments?post=17220"}],"version-history":[{"count":2,"href":"https:\/\/semmelweis.hu\/informatika\/wp-json\/wp\/v2\/pages\/17220\/revisions"}],"predecessor-version":[{"id":17222,"href":"https:\/\/semmelweis.hu\/informatika\/wp-json\/wp\/v2\/pages\/17220\/revisions\/17222"}],"up":[{"embeddable":true,"href":"https:\/\/semmelweis.hu\/informatika\/wp-json\/wp\/v2\/pages\/17218"}],"wp:attachment":[{"href":"https:\/\/semmelweis.hu\/informatika\/wp-json\/wp\/v2\/media?parent=17220"}],"wp:term":[{"taxonomy":"category","embeddable":true,"href":"https:\/\/semmelweis.hu\/informatika\/wp-json\/wp\/v2\/categories?post=17220"},{"taxonomy":"post_tag","embeddable":true,"href":"https:\/\/semmelweis.hu\/informatika\/wp-json\/wp\/v2\/tags?post=17220"}],"curies":[{"name":"wp","href":"https:\/\/api.w.org\/{rel}","templated":true}]}}