{"id":17218,"date":"2022-12-06T14:28:08","date_gmt":"2022-12-06T13:28:08","guid":{"rendered":"https:\/\/semmelweis.hu\/informatika\/?page_id=17218"},"modified":"2023-09-11T09:55:59","modified_gmt":"2023-09-11T07:55:59","slug":"semmelweis-mobilapplikacio","status":"publish","type":"page","link":"https:\/\/semmelweis.hu\/informatika\/egyeb-szolgaltatasok\/egyeb-szolgaltatasok-2\/semmelweis-mobilapplikacio\/","title":{"rendered":"Semmelweis mobilapplik\u00e1ci\u00f3"},"content":{"rendered":"<p>A Semmelweis mobilapplik\u00e1ci\u00f3 a QR k\u00f3d beolvas\u00e1s\u00e1val, vagy a <span style=\"text-decoration: underline;\"><a href=\"https:\/\/seapp.semmelweis.hu\/\">linkre<\/a><\/span> kattintva \u00e9rhet\u0151 el.<a href=\"https:\/\/seapp.semmelweis.hu\/\"><img loading=\"lazy\" decoding=\"async\" class=\"size-full wp-image-17226 alignright\" src=\"https:\/\/semmelweis.hu\/informatika\/files\/2022\/12\/QR-code-seapp_semmelwesi_hu.png\" alt=\"\" width=\"248\" height=\"248\" srcset=\"https:\/\/semmelweis.hu\/informatika\/files\/2022\/12\/QR-code-seapp_semmelwesi_hu.png 248w, https:\/\/semmelweis.hu\/informatika\/files\/2022\/12\/QR-code-seapp_semmelwesi_hu-150x150.png 150w\" sizes=\"auto, (max-width: 248px) 100vw, 248px\" \/><\/a><\/p>\n<p>Telep\u00edt\u00e9s ut\u00e1n m\u00e1r a telefonon megjelent ikonra kattintva ind\u00edthat\u00f3.<\/p>\n<p>Az applik\u00e1ci\u00f3 f\u0151bb funkci\u00f3i:<\/p>\n<ul>\n<li>egyetemi h\u00edrek b\u00f6ng\u00e9sz\u00e9se<\/li>\n<li>hallgat\u00f3k sz\u00e1m\u00e1ra Neptun tanulm\u00e1nyi inform\u00e1ci\u00f3k kijelz\u00e9se<\/li>\n<li>egyetemi esem\u00e9nynapt\u00e1r \u00e9s tan\u00e9v rendj\u00e9nek mutat\u00e1sa karok szerint<\/li>\n<li>egyetemi t\u00e9rk\u00e9p<\/li>\n<li>egyetemi telefonk\u00f6nyv<\/li>\n<li>Semmelweis kedvezm\u00e9nyk\u00e1rtya vonalk\u00f3dj\u00e1nak megjelen\u00edt\u00e9se<\/li>\n<\/ul>\n","protected":false},"excerpt":{"rendered":"<p>A Semmelweis mobilapplik\u00e1ci\u00f3 a QR k\u00f3d beolvas\u00e1s\u00e1val, vagy a <a href=\"https:\/\/seapp.semmelweis.hu\/\">linkre<\/a> kattintva \u00e9rhet\u0151 el.<a href=\"https:\/\/seapp.semmelweis.hu\/\"><\/a><br \/>\nTelep\u00edt\u00e9s ut\u00e1n m\u00e1r a telefonon megjelent ikonra kattintva ind\u00edthat\u00f3.<br \/>\nAz applik\u00e1ci\u00f3 f\u0151bb funkci\u00f3i:<\/p>\n<p>egyetemi h\u00edrek b\u00f6ng\u00e9sz\u00e9se<br \/>\nhallgat\u00f3k sz\u00e1m\u00e1ra Neptun tanulm\u00e1nyi inform\u00e1ci\u00f3k kijelz\u00e9se<br \/>\negyetemi esem\u00e9nynapt\u00e1r \u00e9s tan\u00e9v rendj\u00e9nek mutat\u00e1sa karok szerint<br \/>\negyetemi t\u00e9rk\u00e9p<br \/>\negyetemi telefonk\u00f6nyv<br \/>\nSemmelweis kedvezm\u00e9nyk\u00e1rtya vonalk\u00f3dj\u00e1nak megjelen\u00edt\u00e9se<\/p>\n","protected":false},"author":101614,"featured_media":0,"parent":18062,"menu_order":0,"comment_status":"closed","ping_status":"closed","template":"","meta":{"_acf_changed":false,"footnotes":""},"categories":[],"tags":[],"class_list":["post-17218","page","type-page","status-publish","hentry"],"acf":[],"_links":{"self":[{"href":"https:\/\/semmelweis.hu\/informatika\/wp-json\/wp\/v2\/pages\/17218","targetHints":{"allow":["GET"]}}],"collection":[{"href":"https:\/\/semmelweis.hu\/informatika\/wp-json\/wp\/v2\/pages"}],"about":[{"href":"https:\/\/semmelweis.hu\/informatika\/wp-json\/wp\/v2\/types\/page"}],"author":[{"embeddable":true,"href":"https:\/\/semmelweis.hu\/informatika\/wp-json\/wp\/v2\/users\/101614"}],"replies":[{"embeddable":true,"href":"https:\/\/semmelweis.hu\/informatika\/wp-json\/wp\/v2\/comments?post=17218"}],"version-history":[{"count":7,"href":"https:\/\/semmelweis.hu\/informatika\/wp-json\/wp\/v2\/pages\/17218\/revisions"}],"predecessor-version":[{"id":17582,"href":"https:\/\/semmelweis.hu\/informatika\/wp-json\/wp\/v2\/pages\/17218\/revisions\/17582"}],"up":[{"embeddable":true,"href":"https:\/\/semmelweis.hu\/informatika\/wp-json\/wp\/v2\/pages\/18062"}],"wp:attachment":[{"href":"https:\/\/semmelweis.hu\/informatika\/wp-json\/wp\/v2\/media?parent=17218"}],"wp:term":[{"taxonomy":"category","embeddable":true,"href":"https:\/\/semmelweis.hu\/informatika\/wp-json\/wp\/v2\/categories?post=17218"},{"taxonomy":"post_tag","embeddable":true,"href":"https:\/\/semmelweis.hu\/informatika\/wp-json\/wp\/v2\/tags?post=17218"}],"curies":[{"name":"wp","href":"https:\/\/api.w.org\/{rel}","templated":true}]}}