{"id":16887,"date":"2022-07-18T10:29:33","date_gmt":"2022-07-18T08:29:33","guid":{"rendered":"https:\/\/semmelweis.hu\/informatika\/?page_id=16887"},"modified":"2022-08-22T15:35:51","modified_gmt":"2022-08-22T13:35:51","slug":"gw-to-outlook-cimjegyzek-2-2","status":"publish","type":"page","link":"https:\/\/semmelweis.hu\/informatika\/o365\/tutorial-anyagok\/gw-to-outlook-cimjegyzek-2-2\/","title":{"rendered":"C\u00edmjegyz\u00e9k m\u00e1sol\u00e1sa GroupWise-b\u00f3l Outlook-ba"},"content":{"rendered":"<h2 style=\"text-align: center;\"><span style=\"font-size: 36pt;\">C\u00edmjegyz\u00e9k m\u00e1sol\u00e1sa<\/span><\/h2>\n<h2 style=\"text-align: center;\"><span style=\"font-size: 24pt;\">GroupWise-b\u00f3l Outlook-ba<\/span><\/h2>\n<h2><span style=\"font-size: 18pt;\">C\u00edmjegyz\u00e9k\/Kapcsolat export\u00e1l\u00e1sa GroupWise-b\u00f3l<\/span><\/h2>\n<p>Az <strong>Export\u00e1l\u00e1s funkci\u00f3<\/strong>val m\u00e1r megl\u00e9v\u0151 GroupWise-c\u00edmjegyz\u00e9keit mentheti el a helyi sz\u00e1m\u00edt\u00f3g\u00e9p\u00e9re. A k\u00e9s\u0151bbi import\u00e1l\u00e1si m\u0171velet sikeres v\u00e9grehajt\u00e1sa \u00e9rdek\u00e9ben *.csv\u00a0(vessz\u0151vel elv\u00e1lasztott \u00e9rt\u00e9kek) form\u00e1tum\u00e1t kell kiv\u00e1lasztanunk az export\u00e1l\u00e1si folyamat sor\u00e1n.<\/p>\n<h3>*.csv \u00e1llom\u00e1ny export\u00e1l\u00e1s\u00e1nak l\u00e9p\u00e9sei<\/h3>\n<ol>\n<li>A f\u0151ablak eszk\u00f6zt\u00e1r\u00e1ban kattintson a <strong>C\u00edmjegyz\u00e9k<\/strong>-re.<a href=\"https:\/\/semmelweis.hu\/informatika\/files\/2022\/07\/image001.png\"><img loading=\"lazy\" decoding=\"async\" class=\"aligncenter size-full wp-image-16891\" src=\"https:\/\/semmelweis.hu\/informatika\/files\/2022\/07\/image001.png\" alt=\"\" width=\"230\" height=\"97\" \/><\/a><\/li>\n<li>V\u00e1lassza ki a <strong>T\u00e1rolt list\u00e1<\/strong>b\u00f3l a \u201c<strong>Napi kapcsolatok\u201d<\/strong> c\u00edmjegyz\u00e9ket mapp\u00e1t.<a href=\"https:\/\/semmelweis.hu\/informatika\/files\/2022\/07\/image003.png\"><img loading=\"lazy\" decoding=\"async\" class=\"aligncenter size-full wp-image-16892\" src=\"https:\/\/semmelweis.hu\/informatika\/files\/2022\/07\/image003.png\" alt=\"\" width=\"785\" height=\"457\" srcset=\"https:\/\/semmelweis.hu\/informatika\/files\/2022\/07\/image003.png 785w, https:\/\/semmelweis.hu\/informatika\/files\/2022\/07\/image003-300x175.png 300w, https:\/\/semmelweis.hu\/informatika\/files\/2022\/07\/image003-768x447.png 768w, https:\/\/semmelweis.hu\/informatika\/files\/2022\/07\/image003-753x438.png 753w\" sizes=\"auto, (max-width: 785px) 100vw, 785px\" \/><\/a><\/li>\n<\/ol>\n<p>&nbsp;<\/p>\n<ol start=\"3\">\n<li>Kattintson a <strong>F\u00e1jl &gt; Export\u00e1l\u00e1s<\/strong><\/li>\n<\/ol>\n<p><a href=\"https:\/\/semmelweis.hu\/informatika\/files\/2022\/07\/image005.png\"><img loading=\"lazy\" decoding=\"async\" class=\"aligncenter size-full wp-image-16893\" src=\"https:\/\/semmelweis.hu\/informatika\/files\/2022\/07\/image005.png\" alt=\"\" width=\"328\" height=\"307\" srcset=\"https:\/\/semmelweis.hu\/informatika\/files\/2022\/07\/image005.png 328w, https:\/\/semmelweis.hu\/informatika\/files\/2022\/07\/image005-300x281.png 300w\" sizes=\"auto, (max-width: 328px) 100vw, 328px\" \/><\/a><\/p>\n<p>&nbsp;<\/p>\n<ol start=\"4\">\n<li>A teljes c\u00edmjegyz\u00e9k export\u00e1l\u00e1s\u00e1hoz jel\u00f6lje be a <strong>Teljes c\u00edmjegyz\u00e9k<\/strong>-hez kapcsol\u00f3d\u00f3 radiogombot, majd kattintson az <strong>OK<\/strong><\/li>\n<\/ol>\n<p><a href=\"https:\/\/semmelweis.hu\/informatika\/files\/2022\/07\/image007.png\"><img loading=\"lazy\" decoding=\"async\" class=\"aligncenter size-full wp-image-16894\" src=\"https:\/\/semmelweis.hu\/informatika\/files\/2022\/07\/image007.png\" alt=\"\" width=\"223\" height=\"138\" \/><\/a><\/p>\n<p>&nbsp;<\/p>\n<p>&nbsp;<\/p>\n<p>\u00a0 \u00a0 5. Nevezze el az export\u00e1lni k\u00edv\u00e1nt f\u00e1jl-t, majd kattintson arra a mapp\u00e1ra, ahova menteni szeretn\u00e9.<\/p>\n<p>\u00a0 \u00a0 6. A <strong>&#8222;F\u00e1jl t\u00edpusa&#8221;<\/strong> leg\u00f6rd\u00fcl\u0151 lista elemei k\u00f6z\u00fcl v\u00e1lassza ki a <strong>\u201cVessz\u0151vel elv\u00e1lasztott (*.csv)\u201d<\/strong> lehet\u0151s\u00e9get, majd kattintson a <strong>Ment\u00e9s<\/strong><\/p>\n<p><a href=\"https:\/\/semmelweis.hu\/informatika\/files\/2022\/07\/image009.png\"><img loading=\"lazy\" decoding=\"async\" class=\"aligncenter size-full wp-image-16895\" src=\"https:\/\/semmelweis.hu\/informatika\/files\/2022\/07\/image009.png\" alt=\"\" width=\"413\" height=\"134\" srcset=\"https:\/\/semmelweis.hu\/informatika\/files\/2022\/07\/image009.png 413w, https:\/\/semmelweis.hu\/informatika\/files\/2022\/07\/image009-300x97.png 300w\" sizes=\"auto, (max-width: 413px) 100vw, 413px\" \/><\/a><\/p>\n<p>\u00a0 \u00a0 7. Az export\u00e1l\u00e1si proced\u00fara feldolgoz\u00e1si ideje ak\u00e1r 10 percet is ig\u00e9nybe vehet, <strong>v\u00e1rjon t\u00fcrelmesen am\u00edg a gener\u00e1l\u00e1si folyamat \u00e1llapotjelz\u0151je be nem t\u00f6lt.<\/strong> Amint\u00a0 \u00a0 \u00a0 \u00a0 elk\u00e9sz\u00fclt a *.csv \u00e1llom\u00e1ny elkezdheti a n\u00e9vjegyek import\u00e1l\u00e1s\u00e1t Outlook-ba.<\/p>\n<p><a href=\"https:\/\/semmelweis.hu\/informatika\/files\/2022\/07\/image011.png\"><img loading=\"lazy\" decoding=\"async\" class=\"aligncenter size-full wp-image-16896\" src=\"https:\/\/semmelweis.hu\/informatika\/files\/2022\/07\/image011.png\" alt=\"\" width=\"631\" height=\"421\" srcset=\"https:\/\/semmelweis.hu\/informatika\/files\/2022\/07\/image011.png 631w, https:\/\/semmelweis.hu\/informatika\/files\/2022\/07\/image011-300x200.png 300w, https:\/\/semmelweis.hu\/informatika\/files\/2022\/07\/image011-203x135.png 203w\" sizes=\"auto, (max-width: 631px) 100vw, 631px\" \/><\/a><\/p>\n<h2>C\u00edmjegyz\u00e9k\/kapcsolat import\u00e1l\u00e1sa Outlook-ba<\/h2>\n<p>Az <strong>Import\u00e1l\u00e1s\/export\u00e1l\u00e1s var\u00e1zsl\u00f3<\/strong>val &#8211; az el\u0151z\u0151 fejezetben tal\u00e1lhat\u00f3 l\u00e9p\u00e9sek ment\u00e9n el\u0151k\u00e9sz\u00edtett &#8211; *.csv form\u00e1tum\u00fa GroupWise-c\u00edmjegyz\u00e9k\u00e9t eg\u00e9szen egyszer\u0171en \u00e1thelyezheti az Outlook szem\u00e9lyes n\u00e9vjegyz\u00e9k\u00e9be.<\/p>\n<h3>GroupWise nev\u0171 mappa l\u00e9trehoz\u00e1sa a N\u00e9vjegyek k\u00f6z\u00e9<\/h3>\n<p>Hogy elk\u00fcl\u00f6n\u00fclj\u00f6n a beimport\u00e1lt GroupWise c\u00edmjegyz\u00e9k a t\u00f6bbi c\u00edmjegyz\u00e9k k\u00f6z\u00fcl, l\u00e9tre kell hoznia egy \u00faj mapp\u00e1t a N\u00e9vjegyek alatt.<\/p>\n<ol>\n<li>A bal oldali f\u00fcgg\u0151leges mappaablak alj\u00e1n kattintson a <strong>\u2026<\/strong> gombra, majd a <strong>Mapp\u00e1k<\/strong><\/li>\n<\/ol>\n<p><a href=\"https:\/\/semmelweis.hu\/informatika\/files\/2022\/07\/image013.png\"><img loading=\"lazy\" decoding=\"async\" class=\"aligncenter size-full wp-image-16897\" src=\"https:\/\/semmelweis.hu\/informatika\/files\/2022\/07\/image013.png\" alt=\"\" width=\"404\" height=\"144\" srcset=\"https:\/\/semmelweis.hu\/informatika\/files\/2022\/07\/image013.png 404w, https:\/\/semmelweis.hu\/informatika\/files\/2022\/07\/image013-300x107.png 300w\" sizes=\"auto, (max-width: 404px) 100vw, 404px\" \/><\/a><\/p>\n<p>\u00a0 \u00a0 2. A Mapp\u00e1k n\u00e9zetben kattintson jobb eg\u00e9rrel a <strong>N\u00e9vjegyek<\/strong> lehet\u0151s\u00e9gre, majd az <strong>\u00daj mappa&#8230;<\/strong><\/p>\n<p><a href=\"https:\/\/semmelweis.hu\/informatika\/files\/2022\/07\/image015.png\"><img loading=\"lazy\" decoding=\"async\" class=\"aligncenter size-full wp-image-16898\" src=\"https:\/\/semmelweis.hu\/informatika\/files\/2022\/07\/image015.png\" alt=\"\" width=\"359\" height=\"624\" srcset=\"https:\/\/semmelweis.hu\/informatika\/files\/2022\/07\/image015.png 359w, https:\/\/semmelweis.hu\/informatika\/files\/2022\/07\/image015-173x300.png 173w\" sizes=\"auto, (max-width: 359px) 100vw, 359px\" \/><\/a><\/p>\n<p>\u00a0 \u00a03. GroupWise n\u00e9vvel hozza l\u00e9tre a mapp\u00e1t.<\/p>\n<p><a href=\"https:\/\/semmelweis.hu\/informatika\/files\/2022\/07\/image017.png\"><img loading=\"lazy\" decoding=\"async\" class=\"aligncenter size-full wp-image-16899\" src=\"https:\/\/semmelweis.hu\/informatika\/files\/2022\/07\/image017.png\" alt=\"\" width=\"317\" height=\"368\" srcset=\"https:\/\/semmelweis.hu\/informatika\/files\/2022\/07\/image017.png 317w, https:\/\/semmelweis.hu\/informatika\/files\/2022\/07\/image017-258x300.png 258w\" sizes=\"auto, (max-width: 317px) 100vw, 317px\" \/><\/a><\/p>\n<h3>*.csv \u00e1llom\u00e1ny import\u00e1l\u00e1s\u00e1nak l\u00e9p\u00e9sei<\/h3>\n<ol>\n<li>Az Outlook men\u00fcszalagj\u00e1n kattintson a <strong>F\u00e1jl<\/strong> f\u00fclre.<\/li>\n<\/ol>\n<p><a href=\"https:\/\/semmelweis.hu\/informatika\/files\/2022\/07\/image019.png\"><img loading=\"lazy\" decoding=\"async\" class=\"aligncenter size-full wp-image-16900\" src=\"https:\/\/semmelweis.hu\/informatika\/files\/2022\/07\/image019.png\" alt=\"\" width=\"332\" height=\"104\" srcset=\"https:\/\/semmelweis.hu\/informatika\/files\/2022\/07\/image019.png 332w, https:\/\/semmelweis.hu\/informatika\/files\/2022\/07\/image019-300x94.png 300w\" sizes=\"auto, (max-width: 332px) 100vw, 332px\" \/><\/a><\/p>\n<p>\u00a0 \u00a0 2. V\u00e1lassza ki a <strong>Megnyit\u00e1s \u00e9s export\u00e1l\u00e1s &gt; Import\u00e1l\u00e1s\/export\u00e1l\u00e1s<\/strong> lehet\u0151s\u00e9get.<\/p>\n<p><a href=\"https:\/\/semmelweis.hu\/informatika\/files\/2022\/07\/image021.png\"><img loading=\"lazy\" decoding=\"async\" class=\"aligncenter size-full wp-image-16901\" src=\"https:\/\/semmelweis.hu\/informatika\/files\/2022\/07\/image021.png\" alt=\"\" width=\"557\" height=\"366\" srcset=\"https:\/\/semmelweis.hu\/informatika\/files\/2022\/07\/image021.png 557w, https:\/\/semmelweis.hu\/informatika\/files\/2022\/07\/image021-300x197.png 300w\" sizes=\"auto, (max-width: 557px) 100vw, 557px\" \/><\/a><\/p>\n<p>\u00a0 \u00a03. Jel\u00f6lje ki az <strong>&#8222;Import\u00e1l\u00e1s m\u00e1s programb\u00f3l vagy f\u00e1jlb\u00f3l&#8221;<\/strong> m\u0171veletet, majd kattintson a <strong>Tov\u00e1bb<\/strong><\/p>\n<p><a href=\"https:\/\/semmelweis.hu\/informatika\/files\/2022\/07\/image023.png\"><img loading=\"lazy\" decoding=\"async\" class=\"aligncenter size-full wp-image-16902\" src=\"https:\/\/semmelweis.hu\/informatika\/files\/2022\/07\/image023.png\" alt=\"\" width=\"580\" height=\"356\" srcset=\"https:\/\/semmelweis.hu\/informatika\/files\/2022\/07\/image023.png 580w, https:\/\/semmelweis.hu\/informatika\/files\/2022\/07\/image023-300x184.png 300w\" sizes=\"auto, (max-width: 580px) 100vw, 580px\" \/><\/a><\/p>\n<ol start=\"4\">\n<li>Jel\u00f6lje ki a <strong>&#8222;Vessz\u0151vel elv\u00e1lasztott \u00e9rt\u00e9kek&#8221;<\/strong> lehet\u0151s\u00e9get, majd kattintson a <strong>Tov\u00e1bb<\/strong><\/li>\n<\/ol>\n<p><a href=\"https:\/\/semmelweis.hu\/informatika\/files\/2022\/07\/image025.png\"><img loading=\"lazy\" decoding=\"async\" class=\"aligncenter size-full wp-image-16903\" src=\"https:\/\/semmelweis.hu\/informatika\/files\/2022\/07\/image025.png\" alt=\"\" width=\"580\" height=\"356\" srcset=\"https:\/\/semmelweis.hu\/informatika\/files\/2022\/07\/image025.png 580w, https:\/\/semmelweis.hu\/informatika\/files\/2022\/07\/image025-300x184.png 300w\" sizes=\"auto, (max-width: 580px) 100vw, 580px\" \/><\/a><\/p>\n<p>\u00a0 \u00a0 5. Az <strong>&#8222;Import\u00e1land\u00f3 f\u00e1jl&#8221;<\/strong> mez\u0151ben keresse meg tall\u00f3z\u00e1ssal a n\u00e9vjegyeket tartalmaz\u00f3 f\u00e1jlt, \u00e9s dupla kattint\u00e1ssal jel\u00f6lje ki.<\/p>\n<p>\u00a0 \u00a0 6. A n\u00e9vjegyduplik\u00e1l\u00e1s elker\u00fcl\u00e9se v\u00e9gett a <strong>&#8222;Be\u00e1ll\u00edt\u00e1sok&#8221; blokk<\/strong>ban jel\u00f6lje meg az <strong>&#8222;Ism\u00e9tl\u0151d\u0151 elemek nem ker\u00fclnek import\u00e1l\u00e1sra&#8221;<\/strong> opci\u00f3t, majd kattintson a <strong>Tov\u00e1bb<\/strong><\/p>\n<p><a href=\"https:\/\/semmelweis.hu\/informatika\/files\/2022\/07\/image027.png\"><img loading=\"lazy\" decoding=\"async\" class=\"aligncenter size-full wp-image-16904\" src=\"https:\/\/semmelweis.hu\/informatika\/files\/2022\/07\/image027.png\" alt=\"\" width=\"580\" height=\"356\" srcset=\"https:\/\/semmelweis.hu\/informatika\/files\/2022\/07\/image027.png 580w, https:\/\/semmelweis.hu\/informatika\/files\/2022\/07\/image027-300x184.png 300w\" sizes=\"auto, (max-width: 580px) 100vw, 580px\" \/><\/a><\/p>\n<p>&nbsp;<\/p>\n<ol start=\"7\">\n<li>Jel\u00f6lje ki a <strong>N\u00e9vjegyek<\/strong> alatt a <strong>GroupWise<\/strong>-t c\u00e9lmappak\u00e9nt, majd kattintson a <strong>Tov\u00e1bb<\/strong><\/li>\n<\/ol>\n<p><a href=\"https:\/\/semmelweis.hu\/informatika\/files\/2022\/07\/image029.png\"><img loading=\"lazy\" decoding=\"async\" class=\"aligncenter size-full wp-image-16905\" src=\"https:\/\/semmelweis.hu\/informatika\/files\/2022\/07\/image029.png\" alt=\"\" width=\"580\" height=\"357\" srcset=\"https:\/\/semmelweis.hu\/informatika\/files\/2022\/07\/image029.png 580w, https:\/\/semmelweis.hu\/informatika\/files\/2022\/07\/image029-300x185.png 300w\" sizes=\"auto, (max-width: 580px) 100vw, 580px\" \/><\/a><\/p>\n<p>\u00a0 \u00a0 8. Kattintson a <strong>Mez\u0151k egyeztet\u00e9se&#8230;<\/strong><\/p>\n<p><a href=\"https:\/\/semmelweis.hu\/informatika\/files\/2022\/07\/image031.png\"><img loading=\"lazy\" decoding=\"async\" class=\"aligncenter size-full wp-image-16906\" src=\"https:\/\/semmelweis.hu\/informatika\/files\/2022\/07\/image031.png\" alt=\"\" width=\"580\" height=\"357\" srcset=\"https:\/\/semmelweis.hu\/informatika\/files\/2022\/07\/image031.png 580w, https:\/\/semmelweis.hu\/informatika\/files\/2022\/07\/image031-300x185.png 300w\" sizes=\"auto, (max-width: 580px) 100vw, 580px\" \/><\/a><\/p>\n<p>\u00a0 \u00a0 9. A bal oldali Forr\u00e1s ablakb\u00f3l g\u00f6rgessen le az <strong>Elektronikus lev\u00e9lc\u00edm<\/strong> \u00e9rt\u00e9kig, a jobb oldali C\u00e9l ablakban pedig g\u00f6rgessen le az <strong>E-mail<\/strong> mez\u0151ig, majd a <strong>+<\/strong> gombbal\u00a0 \u00a0 \u00a0 bontsa ki azt. Ezt k\u00f6vet\u0151en \u201cfogd \u00e9s vidd\u201d m\u00f3dszerrel h\u00fazza \u00e1t a bal oldali <strong>Elektronikus lev\u00e9lc\u00edm<\/strong> \u00e9rt\u00e9ket a jobb oldali C\u00e9l ablak <strong>E-mail c\u00edm<\/strong> mez\u0151j\u00e9re, majd az <strong>OK<\/strong> gombbal z\u00e1rja be az ablakot.<\/p>\n<p><a href=\"https:\/\/semmelweis.hu\/informatika\/files\/2022\/07\/image033.png\"><img loading=\"lazy\" decoding=\"async\" class=\"aligncenter size-full wp-image-16907\" src=\"https:\/\/semmelweis.hu\/informatika\/files\/2022\/07\/image033.png\" alt=\"\" width=\"541\" height=\"398\" srcset=\"https:\/\/semmelweis.hu\/informatika\/files\/2022\/07\/image033.png 541w, https:\/\/semmelweis.hu\/informatika\/files\/2022\/07\/image033-300x221.png 300w\" sizes=\"auto, (max-width: 541px) 100vw, 541px\" \/><\/a><\/p>\n<p>\u00a0 \u00a010. V\u00e9gezet\u00fcl kattintson a <strong>Befejez\u00e9s<\/strong> gombra, hogy az Outlook megkezdhesse a n\u00e9vjegyek import\u00e1l\u00e1s\u00e1t.<\/p>\n<p><a href=\"https:\/\/semmelweis.hu\/informatika\/files\/2022\/07\/image035.png\"><img loading=\"lazy\" decoding=\"async\" class=\"aligncenter size-full wp-image-16908\" src=\"https:\/\/semmelweis.hu\/informatika\/files\/2022\/07\/image035.png\" alt=\"\" width=\"580\" height=\"356\" srcset=\"https:\/\/semmelweis.hu\/informatika\/files\/2022\/07\/image035.png 580w, https:\/\/semmelweis.hu\/informatika\/files\/2022\/07\/image035-300x184.png 300w\" sizes=\"auto, (max-width: 580px) 100vw, 580px\" \/><\/a><\/p>\n<p>\u00a0 \u00a011. A m\u0171veletet az Import\u00e1l\u00e1s ablakban tal\u00e1lhat\u00f3 \u00e1llapotjelz\u0151n k\u00eds\u00e9rheti figyelemmel. <strong>V\u00e1rjon t\u00fcrelemmel<\/strong>, am\u00edg lefutnak a h\u00e1tt\u00e9rfolyamatok.<\/p>\n<p><a href=\"https:\/\/semmelweis.hu\/informatika\/files\/2022\/07\/image037.png\"><img loading=\"lazy\" decoding=\"async\" class=\"aligncenter size-full wp-image-16909\" src=\"https:\/\/semmelweis.hu\/informatika\/files\/2022\/07\/image037.png\" alt=\"\" width=\"362\" height=\"178\" srcset=\"https:\/\/semmelweis.hu\/informatika\/files\/2022\/07\/image037.png 362w, https:\/\/semmelweis.hu\/informatika\/files\/2022\/07\/image037-300x148.png 300w\" sizes=\"auto, (max-width: 362px) 100vw, 362px\" \/><\/a><\/p>\n<p>\u00a0 \u00a012. A n\u00e9vjegyeket az Outlook bal als\u00f3 sark\u00e1ban l\u00e9v\u0151 &lt;ikon&gt; <strong>Szem\u00e9lyek<\/strong> ikonra kattintva jelen\u00edtheti meg.<\/p>\n<p><a href=\"https:\/\/semmelweis.hu\/informatika\/files\/2022\/07\/image039.png\"><img loading=\"lazy\" decoding=\"async\" class=\"aligncenter size-full wp-image-16910\" src=\"https:\/\/semmelweis.hu\/informatika\/files\/2022\/07\/image039.png\" alt=\"\" width=\"334\" height=\"261\" srcset=\"https:\/\/semmelweis.hu\/informatika\/files\/2022\/07\/image039.png 334w, https:\/\/semmelweis.hu\/informatika\/files\/2022\/07\/image039-300x234.png 300w\" sizes=\"auto, (max-width: 334px) 100vw, 334px\" \/><\/a><\/p>\n","protected":false},"excerpt":{"rendered":"<p>C\u00edmjegyz\u00e9k m\u00e1sol\u00e1sa GroupWise-b\u00f3l Outlook-ba C\u00edmjegyz\u00e9k\/Kapcsolat export\u00e1l\u00e1sa GroupWise-b\u00f3l Az Export\u00e1l\u00e1s funkci\u00f3val m\u00e1r megl\u00e9v\u0151 GroupWise-c\u00edmjegyz\u00e9keit mentheti el a helyi sz\u00e1m\u00edt\u00f3g\u00e9p\u00e9re. A k\u00e9s\u0151bbi import\u00e1l\u00e1si m\u0171velet sikeres v\u00e9grehajt\u00e1sa \u00e9rdek\u00e9ben *.csv\u00a0(vessz\u0151vel elv\u00e1lasztott \u00e9rt\u00e9kek) form\u00e1tum\u00e1t kell kiv\u00e1lasztanunk az export\u00e1l\u00e1si folyamat sor\u00e1n. *.csv \u00e1llom\u00e1ny export\u00e1l\u00e1s\u00e1nak l\u00e9p\u00e9sei A f\u0151ablak eszk\u00f6zt\u00e1r\u00e1ban kattintson a C\u00edmjegyz\u00e9k-re. <a href=\"https:\/\/semmelweis.hu\/informatika\/files\/2022\/07\/image001.png\"><\/a> V\u00e1lassza ki a T\u00e1rolt list\u00e1b\u00f3l a \u201cNapi kapcsolatok\u201d c\u00edmjegyz\u00e9ket mapp\u00e1t. <a href=\"https:\/\/semmelweis.hu\/informatika\/files\/2022\/07\/image003.png\"><\/a> &hellip;<\/p>\n","protected":false},"author":101934,"featured_media":0,"parent":16372,"menu_order":50,"comment_status":"closed","ping_status":"closed","template":"","meta":{"_acf_changed":false,"footnotes":""},"categories":[],"tags":[],"class_list":["post-16887","page","type-page","status-publish","hentry"],"acf":[],"_links":{"self":[{"href":"https:\/\/semmelweis.hu\/informatika\/wp-json\/wp\/v2\/pages\/16887","targetHints":{"allow":["GET"]}}],"collection":[{"href":"https:\/\/semmelweis.hu\/informatika\/wp-json\/wp\/v2\/pages"}],"about":[{"href":"https:\/\/semmelweis.hu\/informatika\/wp-json\/wp\/v2\/types\/page"}],"author":[{"embeddable":true,"href":"https:\/\/semmelweis.hu\/informatika\/wp-json\/wp\/v2\/users\/101934"}],"replies":[{"embeddable":true,"href":"https:\/\/semmelweis.hu\/informatika\/wp-json\/wp\/v2\/comments?post=16887"}],"version-history":[{"count":11,"href":"https:\/\/semmelweis.hu\/informatika\/wp-json\/wp\/v2\/pages\/16887\/revisions"}],"predecessor-version":[{"id":17075,"href":"https:\/\/semmelweis.hu\/informatika\/wp-json\/wp\/v2\/pages\/16887\/revisions\/17075"}],"up":[{"embeddable":true,"href":"https:\/\/semmelweis.hu\/informatika\/wp-json\/wp\/v2\/pages\/16372"}],"wp:attachment":[{"href":"https:\/\/semmelweis.hu\/informatika\/wp-json\/wp\/v2\/media?parent=16887"}],"wp:term":[{"taxonomy":"category","embeddable":true,"href":"https:\/\/semmelweis.hu\/informatika\/wp-json\/wp\/v2\/categories?post=16887"},{"taxonomy":"post_tag","embeddable":true,"href":"https:\/\/semmelweis.hu\/informatika\/wp-json\/wp\/v2\/tags?post=16887"}],"curies":[{"name":"wp","href":"https:\/\/api.w.org\/{rel}","templated":true}]}}