{"id":1663,"date":"2018-01-05T11:35:41","date_gmt":"2018-01-05T10:35:41","guid":{"rendered":"http:\/\/semmelweis.hu\/informatika\/?page_id=1663"},"modified":"2023-09-11T09:57:11","modified_gmt":"2023-09-11T07:57:11","slug":"hozzaferes-igenylese-modositasa","status":"publish","type":"page","link":"https:\/\/semmelweis.hu\/informatika\/egyeb-szolgaltatasok\/egyeb-szolgaltatasok-2\/hozzaferes-igenylese-modositasa\/","title":{"rendered":"Hozz\u00e1f\u00e9r\u00e9s Ig\u00e9nyl\u00e9se, M\u00f3dos\u00edt\u00e1sa"},"content":{"rendered":"<div id=\"GroupWiseSection_1527666493000_galambos.kornel@semmelweis-univ.hu_77D132E001200000BFC9DA6392C32782_\" class=\"GroupWiseMessageBody active\">\n<div>Novell f\u00e1jl szerver \u00e9s Novell GroupWise rendszerrel kapcsolatos b\u00e1rmilyen jelleg\u0171 m\u00f3dos\u00edt\u00e1st, bele\u00e9rtve felhaszn\u00e1l\u00f3i fi\u00f3k t\u00f6rl\u00e9s\u00e9t is, az erre a c\u00e9lra rendszeres\u00edtett Ig\u00e9nyl\u0151lapon kereszt\u00fcl kezdem\u00e9nyezhet\u0151. \u00daj Email c\u00edmet ig\u00e9nyelni ezen az Ig\u00e9nyl\u0151lapon okafogyott, mert az egyetemre bel\u00e9p\u0151 minden \u00faj dolgoz\u00f3 sz\u00e1m\u00e1ra az Informatikai Igazgat\u00f3s\u00e1g automatikusan l\u00e9trehozza a felhaszn\u00e1l\u00f3i fi\u00f3kot\/email c\u00edmet az SAP csoportt\u00f3l heti rendszeress\u00e9ggel megkapott \u00faj lista alapj\u00e1n, az \u00edgy l\u00e9trej\u00f6tt felhaszn\u00e1l\u00f3i \u00e9rtes\u00edt\u0151 dokumentumot az Emberi-er\u0151forr\u00e1s Gazd\u00e1lkod\u00e1si F\u0151igazgat\u00f3s\u00e1gt\u00f3l kapj\u00e1k meg a ter\u00fcleti HR k\u00e9pvisel\u0151k, akikt\u0151l az \u00faj bel\u00e9p\u0151k \u00e1tvehetik ezen dokumentumokat. Fizikai form\u00e1ban postai \u00faton nem kell elk\u00fcldeni az Ig\u00e9nyl\u0151lapot, azt kit\u00f6lt\u00e9s \u00e9s szkennel\u00e9s ut\u00e1n el\u00e9g elk\u00fcldeni a <a href=\"helpdesk.informatika@semmelweis-univ.hu\">helpdesk.informatika@semmelweis-univ.hu<\/a> email c\u00edmre.<\/div>\n<\/div>\n<p><a href=\"https:\/\/semmelweis.hu\/informatika\/files\/2019\/06\/Email_cim_es_halozati_meghajto_hozzaferes_modositas_igenylo_lap.xlsx\">ig\u00e9nyl\u0151lap<\/a><\/p>\n<div dir=\"ltr\">\n<div class=\"gmail_quote\">\n<div>\n<div id=\"m_-7470541587300458062GroupWiseSection_1523609072000_maurer.peter@semmelweis-univ.hu_E45A918119D10000BEEF000000000000_\" class=\"m_-7470541587300458062GroupWiseMessageBody\">\n<div><a href=\"https:\/\/semmelweis.hu\/informatika\/files\/2018\/04\/public_ip_igenylo.xlsx\">Publikus IP c\u00edm Ig\u00e9nyl\u00e9s<\/a><\/div>\n<\/div>\n<\/div>\n<\/div>\n<\/div>\n<p>&nbsp;<\/p>\n","protected":false},"excerpt":{"rendered":"<p>Novell f\u00e1jl szerver \u00e9s Novell GroupWise rendszerrel kapcsolatos b\u00e1rmilyen jelleg\u0171 m\u00f3dos\u00edt\u00e1st, bele\u00e9rtve felhaszn\u00e1l\u00f3i fi\u00f3k t\u00f6rl\u00e9s\u00e9t is, az erre a c\u00e9lra rendszeres\u00edtett Ig\u00e9nyl\u0151lapon kereszt\u00fcl kezdem\u00e9nyezhet\u0151. \u00daj Email c\u00edmet ig\u00e9nyelni ezen az Ig\u00e9nyl\u0151lapon okafogyott, mert az egyetemre bel\u00e9p\u0151 minden \u00faj dolgoz\u00f3 sz\u00e1m\u00e1ra az Informatikai Igazgat\u00f3s\u00e1g automatikusan l\u00e9trehozza a felhaszn\u00e1l\u00f3i fi\u00f3kot\/email c\u00edmet az SAP csoportt\u00f3l heti rendszeress\u00e9ggel megkapott &hellip;<\/p>\n","protected":false},"author":101614,"featured_media":0,"parent":18062,"menu_order":50,"comment_status":"closed","ping_status":"closed","template":"","meta":{"_acf_changed":false,"footnotes":""},"categories":[],"tags":[],"class_list":["post-1663","page","type-page","status-publish","hentry"],"acf":[],"_links":{"self":[{"href":"https:\/\/semmelweis.hu\/informatika\/wp-json\/wp\/v2\/pages\/1663","targetHints":{"allow":["GET"]}}],"collection":[{"href":"https:\/\/semmelweis.hu\/informatika\/wp-json\/wp\/v2\/pages"}],"about":[{"href":"https:\/\/semmelweis.hu\/informatika\/wp-json\/wp\/v2\/types\/page"}],"author":[{"embeddable":true,"href":"https:\/\/semmelweis.hu\/informatika\/wp-json\/wp\/v2\/users\/101614"}],"replies":[{"embeddable":true,"href":"https:\/\/semmelweis.hu\/informatika\/wp-json\/wp\/v2\/comments?post=1663"}],"version-history":[{"count":10,"href":"https:\/\/semmelweis.hu\/informatika\/wp-json\/wp\/v2\/pages\/1663\/revisions"}],"predecessor-version":[{"id":15056,"href":"https:\/\/semmelweis.hu\/informatika\/wp-json\/wp\/v2\/pages\/1663\/revisions\/15056"}],"up":[{"embeddable":true,"href":"https:\/\/semmelweis.hu\/informatika\/wp-json\/wp\/v2\/pages\/18062"}],"wp:attachment":[{"href":"https:\/\/semmelweis.hu\/informatika\/wp-json\/wp\/v2\/media?parent=1663"}],"wp:term":[{"taxonomy":"category","embeddable":true,"href":"https:\/\/semmelweis.hu\/informatika\/wp-json\/wp\/v2\/categories?post=1663"},{"taxonomy":"post_tag","embeddable":true,"href":"https:\/\/semmelweis.hu\/informatika\/wp-json\/wp\/v2\/tags?post=1663"}],"curies":[{"name":"wp","href":"https:\/\/api.w.org\/{rel}","templated":true}]}}